{"id":743,"date":"2026-04-21T19:46:15","date_gmt":"2026-04-21T17:46:15","guid":{"rendered":"https:\/\/sendnow.money\/blog\/?page_id=743"},"modified":"2026-04-21T19:46:16","modified_gmt":"2026-04-21T17:46:16","slug":"il-pagamento-con-carta-viene-rifiutato-durante-un-trasferimento-cosa-fare","status":"publish","type":"page","link":"https:\/\/sendnow.money\/blog\/it\/il-pagamento-con-carta-viene-rifiutato-durante-un-trasferimento-cosa-fare\/","title":{"rendered":"Il pagamento con carta viene rifiutato durante un trasferimento. Cosa fare?"},"content":{"rendered":"\n<p><strong>\u201cPagamento con carta non riuscito\u201d, \u201cpagamento rifiutato\u201d, \u201cDeclined\u201d \u2014 questi messaggi possono comparire a volte nella fase di pagamento quando si paga un trasferimento con carta in <a href=\"https:\/\/sendnow.money\/ru?utm_source=blog_sendnow&amp;utm_campaign=blog_sendnow_post&amp;utm_content=blog_sendnow_post_decl\">SendNOW<\/a>. Di seguito spieghiamo perch\u00e9 succede e cosa si pu\u00f2 fare perch\u00e9 il pagamento vada a buon fine.<\/strong><\/p>\n\n\n\n<p><\/p>\n\n\n\n<p>Se si paga con carta (Visa\/Mastercard) in <a href=\"https:\/\/sendnow.money\/ru?utm_source=blog_sendnow&amp;utm_campaign=blog_sendnow_post&amp;utm_content=blog_sendnow_post_decl\">SendNOW<\/a> e il pagamento viene rifiutato, il problema di solito non riguarda il trasferimento in s\u00e9, ma l\u2019elaborazione del pagamento: la banca, il circuito della carta o il provider di pagamento possono rifiutare l\u2019operazione in base alle proprie regole.<\/p>\n\n\n\n<h2 class=\"wp-block-heading\">Perch\u00e9 pu\u00f2 verificarsi un rifiuto o un errore<\/h2>\n\n\n\n<p>Un pagamento con carta coinvolge pi\u00f9 soggetti. Quando un pagamento viene rifiutato, il problema di solito si verifica in uno dei passaggi di questa catena, cio\u00e8 nel punto in cui l\u2019operazione viene controllata ed elaborata. Le cause pi\u00f9 comuni sono:<\/p>\n\n\n\n<ul class=\"wp-block-list\">\n<li><strong>La banca o il circuito della carta<\/strong> \u2014 possono rifiutare un pagamento se l\u2019esercente o il tipo di operazione risultano insoliti. Quando due sistemi interagiscono, le loro regole e impostazioni non sempre coincidono: per questo lo stesso pagamento pu\u00f2 andare a buon fine con una banca o un circuito e fallire con un altro, anche se in passato funzionava. La banca pu\u00f2 anche richiedere una conferma aggiuntiva, ad esempio <strong>3D Secure<\/strong>, oppure bloccare il pagamento per limiti;<br><\/li>\n\n\n\n<li><strong>Acquirer \/ processing<\/strong> \u2014 pu\u00f2 rifiutare il pagamento a causa di controlli tecnici, impostazioni o incongruenze nei dati dell\u2019operazione;<br><\/li>\n\n\n\n<li><strong>Guardarian<\/strong> \u2014 pu\u00f2 rifiutare un pagamento in base alle proprie regole e verifiche, oppure non ricevere conferma dal lato del pagamento;<br><\/li>\n\n\n\n<li><strong>Visa \/ Mastercard<\/strong> \u2014 raramente, ma possono verificarsi ritardi o problemi tecnici nell\u2019instradamento della richiesta;<br><\/li>\n\n\n\n<li><strong>Valuta della carta o del conto<\/strong> \u2014 il pagamento pu\u00f2 essere rifiutato se la carta \u00e8 collegata a una valuta e il pagamento viene richiesto in un\u2019altra. In questi casi la banca dovrebbe eseguire la conversione automatica, ma per alcune operazioni questa pu\u00f2 non riuscire;<\/li>\n\n\n\n<li><strong>Paese della banca emittente o del circuito della carta<\/strong> \u2014 il pagamento pu\u00f2 essere rifiutato se la banca o il circuito che ha emesso la carta \u00e8 registrato in un Paese non supportato per i trasferimenti finanziati con carta. <strong>Importante:<\/strong> conta il Paese della banca emittente o del circuito della carta, non la posizione attuale dell\u2019utente n\u00e9 la sua cittadinanza.<br><\/li>\n<\/ul>\n\n\n\n<p>Dal lato di SendNOW, un pagamento con carta non viene \u201capprovato\u201d n\u00e9 \u201crifiutato\u201d dall\u2019app stessa: <a href=\"https:\/\/sendnow.money\/ru?utm_source=blog_sendnow&amp;utm_campaign=blog_sendnow_post&amp;utm_content=blog_sendnow_post_decl\">SendNOW<\/a> riceve il risultato dalla catena di pagamento. Se non c\u2019\u00e8 conferma del pagamento, il trasferimento non pu\u00f2 passare allo step successivo.<\/p>\n\n\n\n<h2 class=\"wp-block-heading\">Cosa fare se il pagamento con carta viene rifiutato<\/h2>\n\n\n\n<h3 class=\"wp-block-heading\">Inizia controllando questi due punti \u2014 ti far\u00e0 risparmiare tempo<\/h3>\n\n\n\n<p><strong>1) Paese della banca emittente o del circuito della carta.<\/strong> A volte i trasferimenti finanziati con carta non sono disponibili per carte emesse in determinati Paesi. L\u2019elenco di questi Paesi \u00e8 riportato in un articolo separato.<\/p>\n\n\n\n<p><strong>2) Valuta della carta e valuta del pagamento.<\/strong> In <a href=\"https:\/\/sendnow.money\/ru?utm_source=blog_sendnow&amp;utm_campaign=blog_sendnow_post&amp;utm_content=blog_sendnow_post_decl\">SendNOW<\/a> si sceglie la <strong>valuta del pagamento<\/strong> quando si crea il trasferimento. Il pagamento pu\u00f2 essere rifiutato se la valuta della carta o del conto \u00e8 diversa e la conversione automatica non funziona.<\/p>\n\n\n\n<blockquote class=\"wp-block-quote is-layout-flow wp-block-quote-is-layout-flow\">\n<p><strong>Importante:<\/strong> non tutte le carte sono multivaluta \u2014 a volte una carta \u00e8 collegata a una sola valuta, anche se la banca mostra saldi in pi\u00f9 valute.<\/p>\n<\/blockquote>\n\n\n\n<p>Se entrambi i punti sono a posto, passa alle opzioni seguenti.<\/p>\n\n\n\n<p><strong>3) Prova Google Pay o Apple Pay.<\/strong> Questa opzione funziona per i pagamenti tramite <strong>Guardarian<\/strong>.<\/p>\n\n\n\n<blockquote class=\"wp-block-quote is-layout-flow wp-block-quote-is-layout-flow\">\n<p><strong>Se la carta \u00e8 gi\u00e0 aggiunta a Google Pay \/ Apple Pay:<\/strong> scegli <strong>Google Pay<\/strong> o <strong>Apple Pay<\/strong> come metodo di pagamento nella pagina di pagamento di <strong>Guardarian<\/strong>.<\/p>\n\n\n\n<p><strong>Se la carta non \u00e8 ancora aggiunta:<\/strong> aggiungila prima a <strong>Google Pay<\/strong> o <strong>Apple Pay<\/strong>, poi torna alla fase di pagamento e scegli il metodo corrispondente.<\/p>\n<\/blockquote>\n\n\n\n<p><strong>Perch\u00e9 questo pu\u00f2 aiutare.<\/strong> Con Google Pay o Apple Pay, la banca riceve la richiesta in un formato diverso e con un ulteriore livello di pagamento. A volte questi pagamenti vanno a buon fine dove un pagamento diretto con carta viene rifiutato, anche con carte virtuali o nei casi in cui il provider non accetta il pagamento diretto.<\/p>\n\n\n\n<p><strong>4) Prova a pagare con un altro servizio finanziario invece della carta della tua banca abituale.<\/strong> Se la banca abituale rifiuta il pagamento, pu\u00f2 funzionare un\u2019altra carta o un altro conto. In pratica gli utenti provano spesso servizi come <strong>Revolut, Wise, ZEN.COM, Paysera o N26<\/strong>, se questi servizi sono disponibili nel loro Paese e secondo le rispettive condizioni.<\/p>\n\n\n\n<p><strong>Perch\u00e9 questo pu\u00f2 aiutare.<\/strong> Banche e servizi finanziari diversi valutano la stessa operazione in modo diverso. Un rifiuto da parte di una banca non significa automaticamente che il pagamento fallir\u00e0 anche con un altro strumento di pagamento.<\/p>\n\n\n\n<p><strong>5) Prova a pagare il trasferimento con bonifico bancario invece che con carta.<\/strong> Si tratta di un metodo di pagamento alternativo separato.<\/p>\n\n\n\n<blockquote class=\"wp-block-quote is-layout-flow wp-block-quote-is-layout-flow\">\n<p><strong>Questo metodo \u00e8 disponibile solo per conti bancari aperti nei seguenti Paesi:<\/strong> Austria, Belgio, Francia, Germania, Lituania, Paesi Bassi, Portogallo e Spagna.<\/p>\n\n\n\n<p><strong>Se il conto \u00e8 aperto in un altro Paese:<\/strong> potresti riuscire a completare la verifica, ma non potrai completare il pagamento con questo metodo.<\/p>\n\n\n\n<p><strong>Suggerimento:<\/strong> se il Paese della tua banca non \u00e8 incluso nell\u2019elenco sopra, puoi provare servizi finanziari come <strong>Revolut, Wise, Paysera o N26<\/strong>, se disponibili per il tuo Paese e secondo le condizioni del servizio.<\/p>\n<\/blockquote>\n\n\n\n<p>Come funziona il pagamento tramite bonifico bancario:<\/p>\n\n\n\n<ol class=\"wp-block-list\">\n<li>Completa la verifica, se richiesta.<\/li>\n\n\n\n<li>Crea il trasferimento in <a href=\"https:\/\/sendnow.money\/ru?utm_source=blog_sendnow&amp;utm_campaign=blog_sendnow_post&amp;utm_content=blog_sendnow_post_decl\">SendNOW<\/a>.<\/li>\n\n\n\n<li>Controlla e conferma i dati di pagamento: il tuo nome, l\u2019importo totale da pagare comprensivo della commissione del provider, la valuta e la descrizione del trasferimento.<\/li>\n\n\n\n<li>Seleziona il Paese della tua banca e la tua banca dall\u2019elenco dei Paesi supportati.<\/li>\n\n\n\n<li>Verrai reindirizzato alla pagina sicura della tua banca e dovrai completare l\u2019autenticazione bancaria.<\/li>\n\n\n\n<li>Conferma il pagamento.<\/li>\n<\/ol>\n\n\n\n<p>Per alcuni utenti questo metodo \u00e8 pi\u00f9 comodo del pagamento con carta, soprattutto quando il problema \u00e8 legato alla carta stessa, alla sua valuta, al suo tipo o alle regole della banca.<\/p>\n\n\n\n<p><\/p>\n\n\n\n<h2 class=\"wp-block-heading\">L\u2019assistenza \u00e8 qui per aiutarti<\/h2>\n\n\n\n<p>Se il pagamento continua a essere rifiutato o se qualcosa in questo articolo non \u00e8 chiaro, scrivi all\u2019assistenza di <a href=\"https:\/\/sendnow.money\/ru?utm_source=blog_sendnow&amp;utm_campaign=blog_sendnow_post&amp;utm_content=blog_sendnow_post_decl\">SendNOW<\/a> nella chat dell\u2019app. L\u2019assistenza potr\u00e0 indicarti il passo successivo migliore per la tua situazione.<\/p>\n\n\n\n<p>Per aiutare l\u2019assistenza a supportarti pi\u00f9 velocemente, includi nel messaggio:<\/p>\n\n\n\n<ul class=\"wp-block-list\">\n<li>metodo di pagamento: carta o conto bancario;<br><\/li>\n\n\n\n<li>provider di pagamento: Guardarian;<br><\/li>\n\n\n\n<li>la valuta di pagamento selezionata durante la creazione del trasferimento;<br><\/li>\n\n\n\n<li>il Paese della banca emittente o del circuito della carta.<br><\/li>\n<\/ul>\n\n\n\n<p>A volte la soluzione dipende da una banca specifica, dal tipo di carta o dalla configurazione del pagamento e non \u00e8 descritta in questo articolo. In questo caso, l\u2019assistenza potr\u00e0 consigliarti il passo successivo pi\u00f9 adatto al tuo scenario.<\/p>\n","protected":false},"excerpt":{"rendered":"<p>\u201cPagamento con carta non riuscito\u201d, \u201cpagamento rifiutato\u201d, \u201cDeclined\u201d \u2014 questi messaggi possono comparire a volte nella fase di pagamento quando si paga un trasferimento con carta in SendNOW. Di seguito spieghiamo perch\u00e9 succede e cosa si pu\u00f2 fare perch\u00e9 il pagamento vada a buon fine. Se si paga con carta (Visa\/Mastercard) in SendNOW e il [&hellip;]<\/p>\n","protected":false},"author":3,"featured_media":0,"parent":0,"menu_order":0,"comment_status":"closed","ping_status":"closed","template":"","meta":{"footnotes":""},"class_list":["post-743","page","type-page","status-publish","hentry"],"yoast_head":"<!-- This site is optimized with the Yoast SEO plugin v25.9 - https:\/\/yoast.com\/wordpress\/plugins\/seo\/ -->\n<title>Il pagamento con carta viene rifiutato durante un trasferimento. Cosa fare? - Help &amp; Guides \u2014 SendNOW<\/title>\n<meta name=\"robots\" content=\"index, follow, max-snippet:-1, max-image-preview:large, max-video-preview:-1\" \/>\n<link rel=\"canonical\" href=\"https:\/\/sendnow.money\/blog\/it\/il-pagamento-con-carta-viene-rifiutato-durante-un-trasferimento-cosa-fare\/\" \/>\n<meta property=\"og:locale\" content=\"en_US\" \/>\n<meta property=\"og:type\" content=\"article\" \/>\n<meta property=\"og:title\" content=\"Il pagamento con carta viene rifiutato durante un trasferimento. Cosa fare? - Help &amp; Guides \u2014 SendNOW\" \/>\n<meta property=\"og:description\" content=\"\u201cPagamento con carta non riuscito\u201d, \u201cpagamento rifiutato\u201d, \u201cDeclined\u201d \u2014 questi messaggi possono comparire a volte nella fase di pagamento quando si paga un trasferimento con carta in SendNOW. Di seguito spieghiamo perch\u00e9 succede e cosa si pu\u00f2 fare perch\u00e9 il pagamento vada a buon fine. Se si paga con carta (Visa\/Mastercard) in SendNOW e il [&hellip;]\" \/>\n<meta property=\"og:url\" content=\"https:\/\/sendnow.money\/blog\/it\/il-pagamento-con-carta-viene-rifiutato-durante-un-trasferimento-cosa-fare\/\" \/>\n<meta property=\"og:site_name\" content=\"Help &amp; Guides \u2014 SendNOW\" \/>\n<meta property=\"article:publisher\" content=\"https:\/\/www.facebook.com\/profile.php?id=100093676399740#\" \/>\n<meta property=\"article:modified_time\" content=\"2026-04-21T17:46:16+00:00\" \/>\n<meta name=\"twitter:card\" content=\"summary_large_image\" \/>\n<meta name=\"twitter:site\" content=\"@Send__NOW\" \/>\n<meta name=\"twitter:label1\" content=\"Est. reading time\" \/>\n\t<meta name=\"twitter:data1\" content=\"5 minutes\" \/>\n<script type=\"application\/ld+json\" class=\"yoast-schema-graph\">{\"@context\":\"https:\/\/schema.org\",\"@graph\":[{\"@type\":\"WebPage\",\"@id\":\"https:\/\/sendnow.money\/blog\/it\/il-pagamento-con-carta-viene-rifiutato-durante-un-trasferimento-cosa-fare\/\",\"url\":\"https:\/\/sendnow.money\/blog\/it\/il-pagamento-con-carta-viene-rifiutato-durante-un-trasferimento-cosa-fare\/\",\"name\":\"Il pagamento con carta viene rifiutato durante un trasferimento. Cosa fare? - Help &amp; Guides \u2014 SendNOW\",\"isPartOf\":{\"@id\":\"https:\/\/sendnow.money\/blog\/#website\"},\"datePublished\":\"2026-04-21T17:46:15+00:00\",\"dateModified\":\"2026-04-21T17:46:16+00:00\",\"breadcrumb\":{\"@id\":\"https:\/\/sendnow.money\/blog\/it\/il-pagamento-con-carta-viene-rifiutato-durante-un-trasferimento-cosa-fare\/#breadcrumb\"},\"inLanguage\":\"en-US\",\"potentialAction\":[{\"@type\":\"ReadAction\",\"target\":[\"https:\/\/sendnow.money\/blog\/it\/il-pagamento-con-carta-viene-rifiutato-durante-un-trasferimento-cosa-fare\/\"]}]},{\"@type\":\"BreadcrumbList\",\"@id\":\"https:\/\/sendnow.money\/blog\/it\/il-pagamento-con-carta-viene-rifiutato-durante-un-trasferimento-cosa-fare\/#breadcrumb\",\"itemListElement\":[{\"@type\":\"ListItem\",\"position\":1,\"name\":\"Home\",\"item\":\"https:\/\/sendnow.money\/blog\/\"},{\"@type\":\"ListItem\",\"position\":2,\"name\":\"Il pagamento con carta viene rifiutato durante un trasferimento. Cosa fare?\"}]},{\"@type\":\"WebSite\",\"@id\":\"https:\/\/sendnow.money\/blog\/#website\",\"url\":\"https:\/\/sendnow.money\/blog\/\",\"name\":\"SendNOW Blog\",\"description\":\"Guides and tips on international money transfers with SendNOW\",\"publisher\":{\"@id\":\"https:\/\/sendnow.money\/blog\/#organization\"},\"potentialAction\":[{\"@type\":\"SearchAction\",\"target\":{\"@type\":\"EntryPoint\",\"urlTemplate\":\"https:\/\/sendnow.money\/blog\/?s={search_term_string}\"},\"query-input\":{\"@type\":\"PropertyValueSpecification\",\"valueRequired\":true,\"valueName\":\"search_term_string\"}}],\"inLanguage\":\"en-US\"},{\"@type\":\"Organization\",\"@id\":\"https:\/\/sendnow.money\/blog\/#organization\",\"name\":\"SendNOW Blog\",\"url\":\"https:\/\/sendnow.money\/blog\/\",\"logo\":{\"@type\":\"ImageObject\",\"inLanguage\":\"en-US\",\"@id\":\"https:\/\/sendnow.money\/blog\/#\/schema\/logo\/image\/\",\"url\":\"https:\/\/storage.googleapis.com\/sendnow-blog-prod-statless-media\/wp-content\/uploads\/28db9941-cropped-23ef375b-logo_min-scaled-1.png\",\"contentUrl\":\"https:\/\/storage.googleapis.com\/sendnow-blog-prod-statless-media\/wp-content\/uploads\/28db9941-cropped-23ef375b-logo_min-scaled-1.png\",\"width\":512,\"height\":512,\"caption\":\"SendNOW Blog\"},\"image\":{\"@id\":\"https:\/\/sendnow.money\/blog\/#\/schema\/logo\/image\/\"},\"sameAs\":[\"https:\/\/www.facebook.com\/profile.php?id=100093676399740#\",\"https:\/\/x.com\/Send__NOW\"]}]}<\/script>\n<!-- \/ Yoast SEO plugin. -->","yoast_head_json":{"title":"Il pagamento con carta viene rifiutato durante un trasferimento. Cosa fare? - Help &amp; Guides \u2014 SendNOW","robots":{"index":"index","follow":"follow","max-snippet":"max-snippet:-1","max-image-preview":"max-image-preview:large","max-video-preview":"max-video-preview:-1"},"canonical":"https:\/\/sendnow.money\/blog\/it\/il-pagamento-con-carta-viene-rifiutato-durante-un-trasferimento-cosa-fare\/","og_locale":"en_US","og_type":"article","og_title":"Il pagamento con carta viene rifiutato durante un trasferimento. Cosa fare? - Help &amp; Guides \u2014 SendNOW","og_description":"\u201cPagamento con carta non riuscito\u201d, \u201cpagamento rifiutato\u201d, \u201cDeclined\u201d \u2014 questi messaggi possono comparire a volte nella fase di pagamento quando si paga un trasferimento con carta in SendNOW. Di seguito spieghiamo perch\u00e9 succede e cosa si pu\u00f2 fare perch\u00e9 il pagamento vada a buon fine. Se si paga con carta (Visa\/Mastercard) in SendNOW e il [&hellip;]","og_url":"https:\/\/sendnow.money\/blog\/it\/il-pagamento-con-carta-viene-rifiutato-durante-un-trasferimento-cosa-fare\/","og_site_name":"Help &amp; Guides \u2014 SendNOW","article_publisher":"https:\/\/www.facebook.com\/profile.php?id=100093676399740#","article_modified_time":"2026-04-21T17:46:16+00:00","twitter_card":"summary_large_image","twitter_site":"@Send__NOW","twitter_misc":{"Est. reading time":"5 minutes"},"schema":{"@context":"https:\/\/schema.org","@graph":[{"@type":"WebPage","@id":"https:\/\/sendnow.money\/blog\/it\/il-pagamento-con-carta-viene-rifiutato-durante-un-trasferimento-cosa-fare\/","url":"https:\/\/sendnow.money\/blog\/it\/il-pagamento-con-carta-viene-rifiutato-durante-un-trasferimento-cosa-fare\/","name":"Il pagamento con carta viene rifiutato durante un trasferimento. Cosa fare? - Help &amp; Guides \u2014 SendNOW","isPartOf":{"@id":"https:\/\/sendnow.money\/blog\/#website"},"datePublished":"2026-04-21T17:46:15+00:00","dateModified":"2026-04-21T17:46:16+00:00","breadcrumb":{"@id":"https:\/\/sendnow.money\/blog\/it\/il-pagamento-con-carta-viene-rifiutato-durante-un-trasferimento-cosa-fare\/#breadcrumb"},"inLanguage":"en-US","potentialAction":[{"@type":"ReadAction","target":["https:\/\/sendnow.money\/blog\/it\/il-pagamento-con-carta-viene-rifiutato-durante-un-trasferimento-cosa-fare\/"]}]},{"@type":"BreadcrumbList","@id":"https:\/\/sendnow.money\/blog\/it\/il-pagamento-con-carta-viene-rifiutato-durante-un-trasferimento-cosa-fare\/#breadcrumb","itemListElement":[{"@type":"ListItem","position":1,"name":"Home","item":"https:\/\/sendnow.money\/blog\/"},{"@type":"ListItem","position":2,"name":"Il pagamento con carta viene rifiutato durante un trasferimento. Cosa fare?"}]},{"@type":"WebSite","@id":"https:\/\/sendnow.money\/blog\/#website","url":"https:\/\/sendnow.money\/blog\/","name":"SendNOW Blog","description":"Guides and tips on international money transfers with SendNOW","publisher":{"@id":"https:\/\/sendnow.money\/blog\/#organization"},"potentialAction":[{"@type":"SearchAction","target":{"@type":"EntryPoint","urlTemplate":"https:\/\/sendnow.money\/blog\/?s={search_term_string}"},"query-input":{"@type":"PropertyValueSpecification","valueRequired":true,"valueName":"search_term_string"}}],"inLanguage":"en-US"},{"@type":"Organization","@id":"https:\/\/sendnow.money\/blog\/#organization","name":"SendNOW Blog","url":"https:\/\/sendnow.money\/blog\/","logo":{"@type":"ImageObject","inLanguage":"en-US","@id":"https:\/\/sendnow.money\/blog\/#\/schema\/logo\/image\/","url":"https:\/\/storage.googleapis.com\/sendnow-blog-prod-statless-media\/wp-content\/uploads\/28db9941-cropped-23ef375b-logo_min-scaled-1.png","contentUrl":"https:\/\/storage.googleapis.com\/sendnow-blog-prod-statless-media\/wp-content\/uploads\/28db9941-cropped-23ef375b-logo_min-scaled-1.png","width":512,"height":512,"caption":"SendNOW Blog"},"image":{"@id":"https:\/\/sendnow.money\/blog\/#\/schema\/logo\/image\/"},"sameAs":["https:\/\/www.facebook.com\/profile.php?id=100093676399740#","https:\/\/x.com\/Send__NOW"]}]}},"_links":{"self":[{"href":"https:\/\/sendnow.money\/blog\/wp-json\/wp\/v2\/pages\/743","targetHints":{"allow":["GET"]}}],"collection":[{"href":"https:\/\/sendnow.money\/blog\/wp-json\/wp\/v2\/pages"}],"about":[{"href":"https:\/\/sendnow.money\/blog\/wp-json\/wp\/v2\/types\/page"}],"author":[{"embeddable":true,"href":"https:\/\/sendnow.money\/blog\/wp-json\/wp\/v2\/users\/3"}],"replies":[{"embeddable":true,"href":"https:\/\/sendnow.money\/blog\/wp-json\/wp\/v2\/comments?post=743"}],"version-history":[{"count":1,"href":"https:\/\/sendnow.money\/blog\/wp-json\/wp\/v2\/pages\/743\/revisions"}],"predecessor-version":[{"id":744,"href":"https:\/\/sendnow.money\/blog\/wp-json\/wp\/v2\/pages\/743\/revisions\/744"}],"wp:attachment":[{"href":"https:\/\/sendnow.money\/blog\/wp-json\/wp\/v2\/media?parent=743"}],"curies":[{"name":"wp","href":"https:\/\/api.w.org\/{rel}","templated":true}]}}