{"id":741,"date":"2026-04-21T19:41:27","date_gmt":"2026-04-21T17:41:27","guid":{"rendered":"https:\/\/sendnow.money\/blog\/?page_id=741"},"modified":"2026-04-21T19:41:28","modified_gmt":"2026-04-21T17:41:28","slug":"le-paiement-par-carte-est-refuse-lors-dun-transfert-que-faire","status":"publish","type":"page","link":"https:\/\/sendnow.money\/blog\/fr\/le-paiement-par-carte-est-refuse-lors-dun-transfert-que-faire\/","title":{"rendered":"Le paiement par carte est refus\u00e9 lors d\u2019un transfert. Que faire ?"},"content":{"rendered":"\n<p><strong>\u00ab Paiement par carte \u00e9chou\u00e9 \u00bb, \u00ab paiement refus\u00e9 \u00bb, \u00ab Declined \u00bb \u2014 ces messages peuvent parfois appara\u00eetre \u00e0 l\u2019\u00e9tape de paiement lorsque vous r\u00e9glez un transfert par carte dans <a href=\"https:\/\/sendnow.money\/ru?utm_source=blog_sendnow&amp;utm_campaign=blog_sendnow_post&amp;utm_content=blog_sendnow_post_decl\">SendNOW<\/a>. Voici pourquoi cela arrive et ce que vous pouvez faire pour que le paiement aboutisse.<\/strong><\/p>\n\n\n\n<p><\/p>\n\n\n\n<p>Si vous payez par carte (Visa\/Mastercard) dans <a href=\"https:\/\/sendnow.money\/ru?utm_source=blog_sendnow&amp;utm_campaign=blog_sendnow_post&amp;utm_content=blog_sendnow_post_decl\">SendNOW<\/a> et que le paiement est refus\u00e9, le probl\u00e8me ne vient g\u00e9n\u00e9ralement pas du transfert lui-m\u00eame, mais du traitement du paiement : votre banque, le r\u00e9seau de cartes ou le prestataire de paiement peuvent rejeter l\u2019op\u00e9ration selon leurs propres r\u00e8gles.<\/p>\n\n\n\n<h2 class=\"wp-block-heading\">Pourquoi un refus ou une erreur peut se produire<\/h2>\n\n\n\n<p>Un paiement par carte implique plusieurs intervenants. Lorsqu\u2019un paiement est refus\u00e9, le probl\u00e8me appara\u00eet g\u00e9n\u00e9ralement \u00e0 l\u2019un des maillons de cette cha\u00eene \u2014 l\u00e0 o\u00f9 l\u2019op\u00e9ration est v\u00e9rifi\u00e9e et trait\u00e9e. Les causes les plus fr\u00e9quentes sont les suivantes :<\/p>\n\n\n\n<ul class=\"wp-block-list\">\n<li><strong>La banque \/ le r\u00e9seau de cartes de votre carte<\/strong> \u2014 peut refuser un paiement si le commer\u00e7ant ou le type d\u2019op\u00e9ration lui semble inhabituel. Lorsque deux syst\u00e8mes interagissent, leurs r\u00e8gles et param\u00e8tres ne co\u00efncident pas toujours \u2014 c\u2019est pourquoi un m\u00eame paiement peut passer avec une banque ou un r\u00e9seau et \u00e9chouer avec un autre, m\u00eame s\u2019il fonctionnait auparavant. La banque peut aussi demander une confirmation suppl\u00e9mentaire, par exemple <strong>3D Secure<\/strong>, ou bloquer le paiement \u00e0 cause d\u2019une limite ;<br><\/li>\n\n\n\n<li><strong>Acqu\u00e9reur \/ processing<\/strong> \u2014 peut rejeter le paiement en raison de contr\u00f4les techniques, de param\u00e8tres ou d\u2019incoh\u00e9rences dans les donn\u00e9es de l\u2019op\u00e9ration ;<br><\/li>\n\n\n\n<li><strong>Guardarian<\/strong> \u2014 peut refuser un paiement selon ses propres r\u00e8gles et contr\u00f4les, ou ne pas recevoir de confirmation du c\u00f4t\u00e9 du paiement ;<br><\/li>\n\n\n\n<li><strong>Visa \/ Mastercard<\/strong> \u2014 plus rarement, des retards ou des probl\u00e8mes techniques dans l\u2019acheminement de la demande peuvent se produire ;<br><\/li>\n\n\n\n<li><strong>Devise de la carte \/ du compte<\/strong> \u2014 le paiement peut \u00eatre refus\u00e9 si votre carte est li\u00e9e \u00e0 une devise alors que le paiement est demand\u00e9 dans une autre. Dans ce cas, la banque devrait effectuer la conversion automatiquement, mais pour certaines op\u00e9rations cela peut \u00e9chouer ;<\/li>\n\n\n\n<li><strong>Pays de la banque \u00e9mettrice \/ du syst\u00e8me de carte<\/strong> \u2014 le paiement peut \u00eatre refus\u00e9 si la banque ou le syst\u00e8me de carte ayant \u00e9mis la carte est enregistr\u00e9 dans un pays qui n\u2019est pas pris en charge pour les transferts financ\u00e9s par carte. <strong>Important :<\/strong> ce qui compte, c\u2019est le pays de la banque \u00e9mettrice ou du syst\u00e8me de carte, et non votre localisation actuelle ni votre nationalit\u00e9.<br><\/li>\n<\/ul>\n\n\n\n<p>Du c\u00f4t\u00e9 de SendNOW, un paiement par carte n\u2019est ni \u00ab approuv\u00e9 \u00bb ni \u00ab refus\u00e9 \u00bb par l\u2019application elle-m\u00eame : <a href=\"https:\/\/sendnow.money\/ru?utm_source=blog_sendnow&amp;utm_campaign=blog_sendnow_post&amp;utm_content=blog_sendnow_post_decl\">SendNOW<\/a> re\u00e7oit le r\u00e9sultat de la cha\u00eene de paiement. En l\u2019absence de confirmation du paiement, le transfert ne peut pas passer \u00e0 l\u2019\u00e9tape suivante.<\/p>\n\n\n\n<h2 class=\"wp-block-heading\">Que faire si votre paiement par carte est refus\u00e9<\/h2>\n\n\n\n<h3 class=\"wp-block-heading\">Commencez par v\u00e9rifier ces deux points \u2014 cela vous fera gagner du temps<\/h3>\n\n\n\n<p><strong>1) Pays de la banque \u00e9mettrice \/ du syst\u00e8me de carte.<\/strong> Parfois, les transferts financ\u00e9s par carte ne sont pas disponibles pour les cartes \u00e9mises dans certains pays. La liste de ces pays est indiqu\u00e9e dans un article s\u00e9par\u00e9.<\/p>\n\n\n\n<p><strong>2) Devise de la carte et devise du paiement.<\/strong> Dans <a href=\"https:\/\/sendnow.money\/ru?utm_source=blog_sendnow&amp;utm_campaign=blog_sendnow_post&amp;utm_content=blog_sendnow_post_decl\">SendNOW<\/a>, vous choisissez la <strong>devise du paiement<\/strong> au moment de cr\u00e9er le transfert. Le paiement peut \u00eatre refus\u00e9 si la devise de votre carte ou de votre compte est diff\u00e9rente et que la conversion automatique ne fonctionne pas.<\/p>\n\n\n\n<blockquote class=\"wp-block-quote is-layout-flow wp-block-quote-is-layout-flow\">\n<p><strong>Important :<\/strong> toutes les cartes ne sont pas multidevises \u2014 parfois, une carte n\u2019est li\u00e9e qu\u2019\u00e0 une seule devise, m\u00eame si votre banque affiche des soldes dans plusieurs devises.<\/p>\n<\/blockquote>\n\n\n\n<p>Si ces deux points sont corrects, passez aux options suivantes.<\/p>\n\n\n\n<p><strong>3) Essayez Google Pay ou Apple Pay.<\/strong> Cette option fonctionne pour les paiements via <strong>Guardarian<\/strong>.<\/p>\n\n\n\n<blockquote class=\"wp-block-quote is-layout-flow wp-block-quote-is-layout-flow\">\n<p><strong>Si votre carte est d\u00e9j\u00e0 ajout\u00e9e \u00e0 Google Pay \/ Apple Pay :<\/strong> choisissez <strong>Google Pay<\/strong> ou <strong>Apple Pay<\/strong> comme m\u00e9thode de paiement sur la page de paiement de <strong>Guardarian<\/strong>.<\/p>\n\n\n\n<p><strong>Si votre carte n\u2019est pas encore ajout\u00e9e :<\/strong> ajoutez-la d\u2019abord \u00e0 <strong>Google Pay<\/strong> ou <strong>Apple Pay<\/strong>, puis revenez \u00e0 l\u2019\u00e9tape de paiement et choisissez la m\u00e9thode correspondante.<\/p>\n<\/blockquote>\n\n\n\n<p><strong>Pourquoi cela peut aider.<\/strong> Avec Google Pay ou Apple Pay, la banque re\u00e7oit la demande dans un format diff\u00e9rent, avec une couche de paiement suppl\u00e9mentaire. Parfois, ces paiements passent l\u00e0 o\u00f9 un paiement direct par carte est refus\u00e9 \u2014 y compris avec des cartes virtuelles ou dans les cas o\u00f9 le prestataire n\u2019accepte pas le paiement direct.<\/p>\n\n\n\n<p><strong>4) Essayez de payer avec un autre service financier au lieu de votre carte bancaire habituelle.<\/strong> Si votre banque habituelle refuse le paiement, une autre carte ou un autre compte peut fonctionner. En pratique, les utilisateurs essaient souvent des services comme <strong>Revolut, Wise, ZEN.COM, Paysera ou N26<\/strong>, \u00e0 condition que ces services soient disponibles dans leur pays et selon leurs propres conditions.<\/p>\n\n\n\n<p><strong>Pourquoi cela peut aider.<\/strong> Les banques et services financiers n\u2019\u00e9valuent pas tous la m\u00eame op\u00e9ration de la m\u00eame mani\u00e8re. Un refus dans une banque ne signifie donc pas automatiquement que le paiement \u00e9chouera avec un autre moyen de paiement.<\/p>\n\n\n\n<p><strong>5) Essayez de payer le transfert par virement bancaire plut\u00f4t que par carte.<\/strong> Il s\u2019agit d\u2019une m\u00e9thode de paiement alternative distincte.<\/p>\n\n\n\n<blockquote class=\"wp-block-quote is-layout-flow wp-block-quote-is-layout-flow\">\n<p><strong>Cette m\u00e9thode est disponible uniquement pour les comptes bancaires ouverts dans les pays suivants :<\/strong> Autriche, Belgique, France, Allemagne, Lituanie, Pays-Bas, Portugal et Espagne.<\/p>\n\n\n\n<p><strong>Si votre compte a \u00e9t\u00e9 ouvert dans un autre pays :<\/strong> il est possible que vous puissiez terminer la v\u00e9rification, mais vous ne pourrez pas finaliser le paiement avec cette m\u00e9thode.<\/p>\n\n\n\n<p><strong>Conseil :<\/strong> si le pays de votre banque ne figure pas dans la liste ci-dessus, vous pouvez essayer des services financiers comme <strong>Revolut, Wise, Paysera ou N26<\/strong>, \u00e0 condition qu\u2019ils soient disponibles pour vous selon votre pays et les conditions du service.<\/p>\n<\/blockquote>\n\n\n\n<p>Voici comment fonctionne le paiement par virement bancaire :<\/p>\n\n\n\n<ol class=\"wp-block-list\">\n<li>Effectuez la v\u00e9rification si n\u00e9cessaire.<\/li>\n\n\n\n<li>Cr\u00e9ez votre transfert dans <a href=\"https:\/\/sendnow.money\/ru?utm_source=blog_sendnow&amp;utm_campaign=blog_sendnow_post&amp;utm_content=blog_sendnow_post_decl\">SendNOW<\/a>.<\/li>\n\n\n\n<li>V\u00e9rifiez et confirmez les informations de paiement : votre nom, le montant total \u00e0 payer avec les frais du prestataire, la devise et le libell\u00e9 du transfert.<\/li>\n\n\n\n<li>S\u00e9lectionnez le pays de votre banque et votre banque dans la liste des pays pris en charge.<\/li>\n\n\n\n<li>Vous serez redirig\u00e9 vers la page s\u00e9curis\u00e9e de votre banque et devrez effectuer l\u2019authentification bancaire.<\/li>\n\n\n\n<li>Confirmez le paiement.<\/li>\n<\/ol>\n\n\n\n<p>Pour certains utilisateurs, cette m\u00e9thode est plus pratique que le paiement par carte \u2014 en particulier lorsque le probl\u00e8me est li\u00e9 \u00e0 la carte elle-m\u00eame, \u00e0 sa devise, \u00e0 son type ou aux r\u00e8gles de la banque.<\/p>\n\n\n\n<p><\/p>\n\n\n\n<h2 class=\"wp-block-heading\">Le support est l\u00e0 pour vous aider<\/h2>\n\n\n\n<p>Si le paiement est toujours refus\u00e9 ou si certains points de cet article ne sont pas clairs, contactez le support de <a href=\"https:\/\/sendnow.money\/ru?utm_source=blog_sendnow&amp;utm_campaign=blog_sendnow_post&amp;utm_content=blog_sendnow_post_decl\">SendNOW<\/a> via le chat int\u00e9gr\u00e9 \u00e0 l\u2019application. Le support pourra vous indiquer la meilleure \u00e9tape suivante selon votre situation.<\/p>\n\n\n\n<p>Pour permettre au support de vous aider plus rapidement, indiquez dans votre message :<\/p>\n\n\n\n<ul class=\"wp-block-list\">\n<li>la m\u00e9thode de paiement : carte ou compte bancaire ;<br><\/li>\n\n\n\n<li>le prestataire de paiement : Guardarian ;<br><\/li>\n\n\n\n<li>la devise de paiement choisie lors de la cr\u00e9ation du transfert ;<br><\/li>\n\n\n\n<li>le pays de la banque \u00e9mettrice \/ du syst\u00e8me de carte.<br><\/li>\n<\/ul>\n\n\n\n<p>Parfois, la solution d\u00e9pend d\u2019une banque pr\u00e9cise, du type de carte ou de la configuration du paiement et n\u2019est pas d\u00e9crite dans cet article. Dans ce cas, le support pourra vous recommander l\u2019\u00e9tape suivante adapt\u00e9e \u00e0 votre situation.<\/p>\n","protected":false},"excerpt":{"rendered":"<p>\u00ab Paiement par carte \u00e9chou\u00e9 \u00bb, \u00ab paiement refus\u00e9 \u00bb, \u00ab Declined \u00bb \u2014 ces messages peuvent parfois appara\u00eetre \u00e0 l\u2019\u00e9tape de paiement lorsque vous r\u00e9glez un transfert par carte dans SendNOW. Voici pourquoi cela arrive et ce que vous pouvez faire pour que le paiement aboutisse. Si vous payez par carte (Visa\/Mastercard) dans SendNOW [&hellip;]<\/p>\n","protected":false},"author":3,"featured_media":0,"parent":0,"menu_order":0,"comment_status":"closed","ping_status":"closed","template":"","meta":{"footnotes":""},"class_list":["post-741","page","type-page","status-publish","hentry"],"yoast_head":"<!-- This site is optimized with the Yoast SEO plugin v25.9 - https:\/\/yoast.com\/wordpress\/plugins\/seo\/ -->\n<title>Le paiement par carte est refus\u00e9 lors d\u2019un transfert. Que faire ? - Help &amp; Guides \u2014 SendNOW<\/title>\n<meta name=\"robots\" content=\"index, follow, max-snippet:-1, max-image-preview:large, max-video-preview:-1\" \/>\n<link rel=\"canonical\" href=\"https:\/\/sendnow.money\/blog\/fr\/le-paiement-par-carte-est-refuse-lors-dun-transfert-que-faire\/\" \/>\n<meta property=\"og:locale\" content=\"en_US\" \/>\n<meta property=\"og:type\" content=\"article\" \/>\n<meta property=\"og:title\" content=\"Le paiement par carte est refus\u00e9 lors d\u2019un transfert. Que faire ? - Help &amp; Guides \u2014 SendNOW\" \/>\n<meta property=\"og:description\" content=\"\u00ab Paiement par carte \u00e9chou\u00e9 \u00bb, \u00ab paiement refus\u00e9 \u00bb, \u00ab Declined \u00bb \u2014 ces messages peuvent parfois appara\u00eetre \u00e0 l\u2019\u00e9tape de paiement lorsque vous r\u00e9glez un transfert par carte dans SendNOW. Voici pourquoi cela arrive et ce que vous pouvez faire pour que le paiement aboutisse. Si vous payez par carte (Visa\/Mastercard) dans SendNOW [&hellip;]\" \/>\n<meta property=\"og:url\" content=\"https:\/\/sendnow.money\/blog\/fr\/le-paiement-par-carte-est-refuse-lors-dun-transfert-que-faire\/\" \/>\n<meta property=\"og:site_name\" content=\"Help &amp; Guides \u2014 SendNOW\" \/>\n<meta property=\"article:publisher\" content=\"https:\/\/www.facebook.com\/profile.php?id=100093676399740#\" \/>\n<meta property=\"article:modified_time\" content=\"2026-04-21T17:41:28+00:00\" \/>\n<meta name=\"twitter:card\" content=\"summary_large_image\" \/>\n<meta name=\"twitter:site\" content=\"@Send__NOW\" \/>\n<meta name=\"twitter:label1\" content=\"Est. reading time\" \/>\n\t<meta name=\"twitter:data1\" content=\"5 minutes\" \/>\n<script type=\"application\/ld+json\" class=\"yoast-schema-graph\">{\"@context\":\"https:\/\/schema.org\",\"@graph\":[{\"@type\":\"WebPage\",\"@id\":\"https:\/\/sendnow.money\/blog\/fr\/le-paiement-par-carte-est-refuse-lors-dun-transfert-que-faire\/\",\"url\":\"https:\/\/sendnow.money\/blog\/fr\/le-paiement-par-carte-est-refuse-lors-dun-transfert-que-faire\/\",\"name\":\"Le paiement par carte est refus\u00e9 lors d\u2019un transfert. Que faire ? - Help &amp; Guides \u2014 SendNOW\",\"isPartOf\":{\"@id\":\"https:\/\/sendnow.money\/blog\/#website\"},\"datePublished\":\"2026-04-21T17:41:27+00:00\",\"dateModified\":\"2026-04-21T17:41:28+00:00\",\"breadcrumb\":{\"@id\":\"https:\/\/sendnow.money\/blog\/fr\/le-paiement-par-carte-est-refuse-lors-dun-transfert-que-faire\/#breadcrumb\"},\"inLanguage\":\"en-US\",\"potentialAction\":[{\"@type\":\"ReadAction\",\"target\":[\"https:\/\/sendnow.money\/blog\/fr\/le-paiement-par-carte-est-refuse-lors-dun-transfert-que-faire\/\"]}]},{\"@type\":\"BreadcrumbList\",\"@id\":\"https:\/\/sendnow.money\/blog\/fr\/le-paiement-par-carte-est-refuse-lors-dun-transfert-que-faire\/#breadcrumb\",\"itemListElement\":[{\"@type\":\"ListItem\",\"position\":1,\"name\":\"Home\",\"item\":\"https:\/\/sendnow.money\/blog\/\"},{\"@type\":\"ListItem\",\"position\":2,\"name\":\"Le paiement par carte est refus\u00e9 lors d\u2019un transfert. Que faire ?\"}]},{\"@type\":\"WebSite\",\"@id\":\"https:\/\/sendnow.money\/blog\/#website\",\"url\":\"https:\/\/sendnow.money\/blog\/\",\"name\":\"SendNOW Blog\",\"description\":\"Guides and tips on international money transfers with SendNOW\",\"publisher\":{\"@id\":\"https:\/\/sendnow.money\/blog\/#organization\"},\"potentialAction\":[{\"@type\":\"SearchAction\",\"target\":{\"@type\":\"EntryPoint\",\"urlTemplate\":\"https:\/\/sendnow.money\/blog\/?s={search_term_string}\"},\"query-input\":{\"@type\":\"PropertyValueSpecification\",\"valueRequired\":true,\"valueName\":\"search_term_string\"}}],\"inLanguage\":\"en-US\"},{\"@type\":\"Organization\",\"@id\":\"https:\/\/sendnow.money\/blog\/#organization\",\"name\":\"SendNOW Blog\",\"url\":\"https:\/\/sendnow.money\/blog\/\",\"logo\":{\"@type\":\"ImageObject\",\"inLanguage\":\"en-US\",\"@id\":\"https:\/\/sendnow.money\/blog\/#\/schema\/logo\/image\/\",\"url\":\"https:\/\/storage.googleapis.com\/sendnow-blog-prod-statless-media\/wp-content\/uploads\/28db9941-cropped-23ef375b-logo_min-scaled-1.png\",\"contentUrl\":\"https:\/\/storage.googleapis.com\/sendnow-blog-prod-statless-media\/wp-content\/uploads\/28db9941-cropped-23ef375b-logo_min-scaled-1.png\",\"width\":512,\"height\":512,\"caption\":\"SendNOW Blog\"},\"image\":{\"@id\":\"https:\/\/sendnow.money\/blog\/#\/schema\/logo\/image\/\"},\"sameAs\":[\"https:\/\/www.facebook.com\/profile.php?id=100093676399740#\",\"https:\/\/x.com\/Send__NOW\"]}]}<\/script>\n<!-- \/ Yoast SEO plugin. -->","yoast_head_json":{"title":"Le paiement par carte est refus\u00e9 lors d\u2019un transfert. Que faire ? - Help &amp; Guides \u2014 SendNOW","robots":{"index":"index","follow":"follow","max-snippet":"max-snippet:-1","max-image-preview":"max-image-preview:large","max-video-preview":"max-video-preview:-1"},"canonical":"https:\/\/sendnow.money\/blog\/fr\/le-paiement-par-carte-est-refuse-lors-dun-transfert-que-faire\/","og_locale":"en_US","og_type":"article","og_title":"Le paiement par carte est refus\u00e9 lors d\u2019un transfert. Que faire ? - Help &amp; Guides \u2014 SendNOW","og_description":"\u00ab Paiement par carte \u00e9chou\u00e9 \u00bb, \u00ab paiement refus\u00e9 \u00bb, \u00ab Declined \u00bb \u2014 ces messages peuvent parfois appara\u00eetre \u00e0 l\u2019\u00e9tape de paiement lorsque vous r\u00e9glez un transfert par carte dans SendNOW. Voici pourquoi cela arrive et ce que vous pouvez faire pour que le paiement aboutisse. Si vous payez par carte (Visa\/Mastercard) dans SendNOW [&hellip;]","og_url":"https:\/\/sendnow.money\/blog\/fr\/le-paiement-par-carte-est-refuse-lors-dun-transfert-que-faire\/","og_site_name":"Help &amp; Guides \u2014 SendNOW","article_publisher":"https:\/\/www.facebook.com\/profile.php?id=100093676399740#","article_modified_time":"2026-04-21T17:41:28+00:00","twitter_card":"summary_large_image","twitter_site":"@Send__NOW","twitter_misc":{"Est. reading time":"5 minutes"},"schema":{"@context":"https:\/\/schema.org","@graph":[{"@type":"WebPage","@id":"https:\/\/sendnow.money\/blog\/fr\/le-paiement-par-carte-est-refuse-lors-dun-transfert-que-faire\/","url":"https:\/\/sendnow.money\/blog\/fr\/le-paiement-par-carte-est-refuse-lors-dun-transfert-que-faire\/","name":"Le paiement par carte est refus\u00e9 lors d\u2019un transfert. Que faire ? - Help &amp; Guides \u2014 SendNOW","isPartOf":{"@id":"https:\/\/sendnow.money\/blog\/#website"},"datePublished":"2026-04-21T17:41:27+00:00","dateModified":"2026-04-21T17:41:28+00:00","breadcrumb":{"@id":"https:\/\/sendnow.money\/blog\/fr\/le-paiement-par-carte-est-refuse-lors-dun-transfert-que-faire\/#breadcrumb"},"inLanguage":"en-US","potentialAction":[{"@type":"ReadAction","target":["https:\/\/sendnow.money\/blog\/fr\/le-paiement-par-carte-est-refuse-lors-dun-transfert-que-faire\/"]}]},{"@type":"BreadcrumbList","@id":"https:\/\/sendnow.money\/blog\/fr\/le-paiement-par-carte-est-refuse-lors-dun-transfert-que-faire\/#breadcrumb","itemListElement":[{"@type":"ListItem","position":1,"name":"Home","item":"https:\/\/sendnow.money\/blog\/"},{"@type":"ListItem","position":2,"name":"Le paiement par carte est refus\u00e9 lors d\u2019un transfert. Que faire ?"}]},{"@type":"WebSite","@id":"https:\/\/sendnow.money\/blog\/#website","url":"https:\/\/sendnow.money\/blog\/","name":"SendNOW Blog","description":"Guides and tips on international money transfers with SendNOW","publisher":{"@id":"https:\/\/sendnow.money\/blog\/#organization"},"potentialAction":[{"@type":"SearchAction","target":{"@type":"EntryPoint","urlTemplate":"https:\/\/sendnow.money\/blog\/?s={search_term_string}"},"query-input":{"@type":"PropertyValueSpecification","valueRequired":true,"valueName":"search_term_string"}}],"inLanguage":"en-US"},{"@type":"Organization","@id":"https:\/\/sendnow.money\/blog\/#organization","name":"SendNOW Blog","url":"https:\/\/sendnow.money\/blog\/","logo":{"@type":"ImageObject","inLanguage":"en-US","@id":"https:\/\/sendnow.money\/blog\/#\/schema\/logo\/image\/","url":"https:\/\/storage.googleapis.com\/sendnow-blog-prod-statless-media\/wp-content\/uploads\/28db9941-cropped-23ef375b-logo_min-scaled-1.png","contentUrl":"https:\/\/storage.googleapis.com\/sendnow-blog-prod-statless-media\/wp-content\/uploads\/28db9941-cropped-23ef375b-logo_min-scaled-1.png","width":512,"height":512,"caption":"SendNOW Blog"},"image":{"@id":"https:\/\/sendnow.money\/blog\/#\/schema\/logo\/image\/"},"sameAs":["https:\/\/www.facebook.com\/profile.php?id=100093676399740#","https:\/\/x.com\/Send__NOW"]}]}},"_links":{"self":[{"href":"https:\/\/sendnow.money\/blog\/wp-json\/wp\/v2\/pages\/741","targetHints":{"allow":["GET"]}}],"collection":[{"href":"https:\/\/sendnow.money\/blog\/wp-json\/wp\/v2\/pages"}],"about":[{"href":"https:\/\/sendnow.money\/blog\/wp-json\/wp\/v2\/types\/page"}],"author":[{"embeddable":true,"href":"https:\/\/sendnow.money\/blog\/wp-json\/wp\/v2\/users\/3"}],"replies":[{"embeddable":true,"href":"https:\/\/sendnow.money\/blog\/wp-json\/wp\/v2\/comments?post=741"}],"version-history":[{"count":1,"href":"https:\/\/sendnow.money\/blog\/wp-json\/wp\/v2\/pages\/741\/revisions"}],"predecessor-version":[{"id":742,"href":"https:\/\/sendnow.money\/blog\/wp-json\/wp\/v2\/pages\/741\/revisions\/742"}],"wp:attachment":[{"href":"https:\/\/sendnow.money\/blog\/wp-json\/wp\/v2\/media?parent=741"}],"curies":[{"name":"wp","href":"https:\/\/api.w.org\/{rel}","templated":true}]}}