{"id":739,"date":"2026-04-21T19:37:38","date_gmt":"2026-04-21T17:37:38","guid":{"rendered":"https:\/\/sendnow.money\/blog\/?page_id=739"},"modified":"2026-04-21T19:37:39","modified_gmt":"2026-04-21T17:37:39","slug":"se-rechaza-el-pago-con-tarjeta-al-hacer-una-transferencia-que-hacer","status":"publish","type":"page","link":"https:\/\/sendnow.money\/blog\/es\/se-rechaza-el-pago-con-tarjeta-al-hacer-una-transferencia-que-hacer\/","title":{"rendered":"Se rechaza el pago con tarjeta al hacer una transferencia. \u00bfQu\u00e9 hacer?"},"content":{"rendered":"\n<p><strong>\u201cPago con tarjeta fallido\u201d, \u201cpago rechazado\u201d, \u201cDeclined\u201d \u2014 estos mensajes pueden aparecer a veces en el paso de pago al pagar una transferencia con tarjeta en <a href=\"https:\/\/sendnow.money\/ru?utm_source=blog_sendnow&amp;utm_campaign=blog_sendnow_post&amp;utm_content=blog_sendnow_post_decl\">SendNOW<\/a>. A continuaci\u00f3n explicamos por qu\u00e9 ocurre y qu\u00e9 puede hacer para que el pago se complete.<\/strong><\/p>\n\n\n\n<p><\/p>\n\n\n\n<p>Si paga con tarjeta (Visa\/Mastercard) en <a href=\"https:\/\/sendnow.money\/ru?utm_source=blog_sendnow&amp;utm_campaign=blog_sendnow_post&amp;utm_content=blog_sendnow_post_decl\">SendNOW<\/a> y el pago es rechazado, el problema normalmente no est\u00e1 en la transferencia en s\u00ed, sino en el procesamiento del pago: su banco, la red de tarjetas o el proveedor de pago pueden rechazar la operaci\u00f3n seg\u00fan sus propias reglas.<\/p>\n\n\n\n<h2 class=\"wp-block-heading\">Por qu\u00e9 puede producirse un rechazo o un error<\/h2>\n\n\n\n<p>Un pago con tarjeta implica a varias partes. Cuando un pago es rechazado, el problema normalmente aparece en uno de los eslabones de esta cadena: all\u00ed donde la operaci\u00f3n se comprueba y se procesa. Las causas m\u00e1s frecuentes son:<\/p>\n\n\n\n<ul class=\"wp-block-list\">\n<li><strong>El banco o la red de tarjetas de su tarjeta<\/strong> \u2014 pueden rechazar un pago si el comercio o el tipo de operaci\u00f3n les parece inusual. Cuando interact\u00faan dos sistemas, sus reglas y ajustes no siempre coinciden; por eso el mismo pago puede completarse con un banco o red y fallar con otro, incluso si antes funcionaba. El banco tambi\u00e9n puede solicitar una confirmaci\u00f3n adicional, como <strong>3D Secure<\/strong>, o bloquear el pago por l\u00edmites;<br><\/li>\n\n\n\n<li><strong>Adquirente \/ procesamiento<\/strong> \u2014 puede rechazar el pago debido a comprobaciones t\u00e9cnicas, ajustes o discrepancias en los datos de la operaci\u00f3n;<br><\/li>\n\n\n\n<li><strong>Guardarian<\/strong> \u2014 puede rechazar un pago seg\u00fan sus propias reglas y comprobaciones, o no recibir confirmaci\u00f3n desde el lado del pago;<br><\/li>\n\n\n\n<li><strong>Visa \/ Mastercard<\/strong> \u2014 en raras ocasiones pueden producirse retrasos o problemas t\u00e9cnicos en el enrutamiento de la solicitud;<br><\/li>\n\n\n\n<li><strong>Moneda de la tarjeta o de la cuenta<\/strong> \u2014 el pago puede ser rechazado si su tarjeta est\u00e1 vinculada a una moneda y el pago se solicita en otra. En esos casos, el banco deber\u00eda realizar la conversi\u00f3n autom\u00e1tica, pero en algunas operaciones puede fallar;<\/li>\n\n\n\n<li><strong>Pa\u00eds del banco emisor o del sistema de la tarjeta<\/strong> \u2014 el pago puede ser rechazado si el banco o el sistema de la tarjeta que emiti\u00f3 la tarjeta est\u00e1 registrado en un pa\u00eds que no est\u00e1 admitido para transferencias financiadas con tarjeta. <strong>Importante:<\/strong> lo que importa es el pa\u00eds del banco emisor o del sistema de la tarjeta, no su ubicaci\u00f3n actual ni su nacionalidad.<br><\/li>\n<\/ul>\n\n\n\n<p>Por parte de SendNOW, un pago con tarjeta no es \u201caprobado\u201d ni \u201crechazado\u201d por la propia aplicaci\u00f3n: <a href=\"https:\/\/sendnow.money\/ru?utm_source=blog_sendnow&amp;utm_campaign=blog_sendnow_post&amp;utm_content=blog_sendnow_post_decl\">SendNOW<\/a> recibe el resultado desde la cadena de pago. Si no hay confirmaci\u00f3n del pago, la transferencia no puede pasar al siguiente paso.<\/p>\n\n\n\n<h2 class=\"wp-block-heading\">Qu\u00e9 hacer si se rechaza el pago con tarjeta<\/h2>\n\n\n\n<h3 class=\"wp-block-heading\">Empiece comprobando estos dos puntos: le ahorrar\u00e1 tiempo<\/h3>\n\n\n\n<p><strong>1) Pa\u00eds del banco emisor o del sistema de la tarjeta.<\/strong> A veces, las transferencias financiadas con tarjeta no est\u00e1n disponibles para tarjetas emitidas en determinados pa\u00edses. La lista de esos pa\u00edses se indica en un art\u00edculo aparte.<\/p>\n\n\n\n<p><strong>2) Moneda de la tarjeta y moneda del pago.<\/strong> En <a href=\"https:\/\/sendnow.money\/ru?utm_source=blog_sendnow&amp;utm_campaign=blog_sendnow_post&amp;utm_content=blog_sendnow_post_decl\">SendNOW<\/a> usted elige la <strong>moneda del pago<\/strong> al crear la transferencia. El pago puede ser rechazado si la moneda de su tarjeta o cuenta es diferente y la conversi\u00f3n autom\u00e1tica no funciona.<\/p>\n\n\n\n<blockquote class=\"wp-block-quote is-layout-flow wp-block-quote-is-layout-flow\">\n<p><strong>Importante:<\/strong> no todas las tarjetas son multidivisa; a veces una tarjeta est\u00e1 vinculada a una sola moneda, aunque su banco muestre saldos en varias divisas.<\/p>\n<\/blockquote>\n\n\n\n<p>Si ambos puntos est\u00e1n correctos, pase a las opciones siguientes.<\/p>\n\n\n\n<p><strong>3) Pruebe con Google Pay o Apple Pay.<\/strong> Esta opci\u00f3n funciona al pagar a trav\u00e9s de <strong>Guardarian<\/strong>.<\/p>\n\n\n\n<blockquote class=\"wp-block-quote is-layout-flow wp-block-quote-is-layout-flow\">\n<p><strong>Si su tarjeta ya est\u00e1 a\u00f1adida a Google Pay \/ Apple Pay:<\/strong> elija <strong>Google Pay<\/strong> o <strong>Apple Pay<\/strong> como m\u00e9todo de pago en la p\u00e1gina de pago de <strong>Guardarian<\/strong>.<\/p>\n\n\n\n<p><strong>Si su tarjeta a\u00fan no est\u00e1 a\u00f1adida:<\/strong> a\u00f1\u00e1dala primero a <strong>Google Pay<\/strong> o <strong>Apple Pay<\/strong>, luego vuelva al paso de pago y elija el m\u00e9todo correspondiente.<\/p>\n<\/blockquote>\n\n\n\n<p><strong>Por qu\u00e9 esto puede ayudar.<\/strong> Con Google Pay o Apple Pay, el banco recibe la solicitud en un formato diferente y con una capa adicional de pago. A veces estos pagos se completan all\u00ed donde un pago directo con tarjeta es rechazado, incluso con tarjetas virtuales o en casos en los que el proveedor no acepta el pago directamente.<\/p>\n\n\n\n<p><strong>4) Pruebe a pagar con otro servicio financiero en lugar de su tarjeta bancaria habitual.<\/strong> Si su banco habitual rechaza el pago, otra tarjeta o cuenta puede funcionar. En la pr\u00e1ctica, los usuarios suelen probar servicios como <strong>Revolut, Wise, ZEN.COM, Paysera o N26<\/strong>, siempre que estos servicios est\u00e9n disponibles en su pa\u00eds y seg\u00fan sus propias condiciones.<\/p>\n\n\n\n<p><strong>Por qu\u00e9 esto puede ayudar.<\/strong> Distintos bancos y servicios financieros eval\u00faan la misma operaci\u00f3n de manera diferente. Un rechazo en un banco no significa autom\u00e1ticamente que el pago vaya a fallar con otro instrumento de pago.<\/p>\n\n\n\n<p><strong>5) Pruebe a pagar la transferencia mediante transferencia bancaria en lugar de tarjeta.<\/strong> Este es un m\u00e9todo de pago alternativo independiente.<\/p>\n\n\n\n<blockquote class=\"wp-block-quote is-layout-flow wp-block-quote-is-layout-flow\">\n<p><strong>Este m\u00e9todo solo est\u00e1 disponible para cuentas bancarias abiertas en los siguientes pa\u00edses:<\/strong> Austria, B\u00e9lgica, Francia, Alemania, Lituania, Pa\u00edses Bajos, Portugal y Espa\u00f1a.<\/p>\n\n\n\n<p><strong>Si su cuenta est\u00e1 abierta en otro pa\u00eds:<\/strong> es posible que pueda completar la verificaci\u00f3n, pero no podr\u00e1 finalizar el pago con este m\u00e9todo.<\/p>\n\n\n\n<p><strong>Consejo:<\/strong> si el pa\u00eds de su banco no figura en la lista anterior, puede probar servicios financieros como <strong>Revolut, Wise, Paysera o N26<\/strong>, siempre que est\u00e9n disponibles para usted seg\u00fan su pa\u00eds y las condiciones del servicio.<\/p>\n<\/blockquote>\n\n\n\n<p>As\u00ed funciona el pago por transferencia bancaria:<\/p>\n\n\n\n<ol class=\"wp-block-list\">\n<li>Complete la verificaci\u00f3n si es necesario.<\/li>\n\n\n\n<li>Cree su transferencia en <a href=\"https:\/\/sendnow.money\/ru?utm_source=blog_sendnow&amp;utm_campaign=blog_sendnow_post&amp;utm_content=blog_sendnow_post_decl\">SendNOW<\/a>.<\/li>\n\n\n\n<li>Revise y confirme los datos del pago: su nombre, el importe total a pagar incluyendo la comisi\u00f3n del proveedor, la moneda y la descripci\u00f3n de la transferencia.<\/li>\n\n\n\n<li>Seleccione el pa\u00eds de su banco y su banco de la lista de pa\u00edses admitidos.<\/li>\n\n\n\n<li>Ser\u00e1 redirigido a la p\u00e1gina segura de su banco y tendr\u00e1 que completar la autenticaci\u00f3n bancaria.<\/li>\n\n\n\n<li>Confirme el pago.<\/li>\n<\/ol>\n\n\n\n<p>Para algunos usuarios, este m\u00e9todo resulta m\u00e1s c\u00f3modo que el pago con tarjeta, especialmente cuando el problema est\u00e1 relacionado con la propia tarjeta, su moneda, su tipo o las reglas del banco.<\/p>\n\n\n\n<p><\/p>\n\n\n\n<h2 class=\"wp-block-heading\">El soporte est\u00e1 aqu\u00ed para ayudar<\/h2>\n\n\n\n<p>Si el pago sigue siendo rechazado o si algo en este art\u00edculo no queda claro, escriba al soporte de <a href=\"https:\/\/sendnow.money\/ru?utm_source=blog_sendnow&amp;utm_campaign=blog_sendnow_post&amp;utm_content=blog_sendnow_post_decl\">SendNOW<\/a> en el chat de la aplicaci\u00f3n. El soporte podr\u00e1 indicarle el mejor siguiente paso para su situaci\u00f3n.<\/p>\n\n\n\n<p>Para que el soporte pueda ayudarle m\u00e1s r\u00e1pido, incluya lo siguiente en su mensaje:<\/p>\n\n\n\n<ul class=\"wp-block-list\">\n<li>m\u00e9todo de pago: tarjeta o cuenta bancaria;<br><\/li>\n\n\n\n<li>proveedor de pago: Guardarian;<br><\/li>\n\n\n\n<li>la moneda de pago seleccionada al crear la transferencia;<br><\/li>\n\n\n\n<li>el pa\u00eds del banco emisor o del sistema de la tarjeta.<br><\/li>\n<\/ul>\n\n\n\n<p>A veces la soluci\u00f3n depende de un banco concreto, del tipo de tarjeta o de la configuraci\u00f3n del pago y no est\u00e1 descrita en este art\u00edculo. En ese caso, el soporte podr\u00e1 recomendarle el siguiente paso para su escenario concreto.<\/p>\n","protected":false},"excerpt":{"rendered":"<p>\u201cPago con tarjeta fallido\u201d, \u201cpago rechazado\u201d, \u201cDeclined\u201d \u2014 estos mensajes pueden aparecer a veces en el paso de pago al pagar una transferencia con tarjeta en SendNOW. A continuaci\u00f3n explicamos por qu\u00e9 ocurre y qu\u00e9 puede hacer para que el pago se complete. Si paga con tarjeta (Visa\/Mastercard) en SendNOW y el pago es rechazado, [&hellip;]<\/p>\n","protected":false},"author":3,"featured_media":0,"parent":0,"menu_order":0,"comment_status":"closed","ping_status":"closed","template":"","meta":{"footnotes":""},"class_list":["post-739","page","type-page","status-publish","hentry"],"yoast_head":"<!-- This site is optimized with the Yoast SEO plugin v25.9 - https:\/\/yoast.com\/wordpress\/plugins\/seo\/ -->\n<title>Se rechaza el pago con tarjeta al hacer una transferencia. \u00bfQu\u00e9 hacer? - Help &amp; Guides \u2014 SendNOW<\/title>\n<meta name=\"robots\" content=\"index, follow, max-snippet:-1, max-image-preview:large, max-video-preview:-1\" \/>\n<link rel=\"canonical\" href=\"https:\/\/sendnow.money\/blog\/es\/se-rechaza-el-pago-con-tarjeta-al-hacer-una-transferencia-que-hacer\/\" \/>\n<meta property=\"og:locale\" content=\"en_US\" \/>\n<meta property=\"og:type\" content=\"article\" \/>\n<meta property=\"og:title\" content=\"Se rechaza el pago con tarjeta al hacer una transferencia. \u00bfQu\u00e9 hacer? - Help &amp; Guides \u2014 SendNOW\" \/>\n<meta property=\"og:description\" content=\"\u201cPago con tarjeta fallido\u201d, \u201cpago rechazado\u201d, \u201cDeclined\u201d \u2014 estos mensajes pueden aparecer a veces en el paso de pago al pagar una transferencia con tarjeta en SendNOW. A continuaci\u00f3n explicamos por qu\u00e9 ocurre y qu\u00e9 puede hacer para que el pago se complete. Si paga con tarjeta (Visa\/Mastercard) en SendNOW y el pago es rechazado, [&hellip;]\" \/>\n<meta property=\"og:url\" content=\"https:\/\/sendnow.money\/blog\/es\/se-rechaza-el-pago-con-tarjeta-al-hacer-una-transferencia-que-hacer\/\" \/>\n<meta property=\"og:site_name\" content=\"Help &amp; Guides \u2014 SendNOW\" \/>\n<meta property=\"article:publisher\" content=\"https:\/\/www.facebook.com\/profile.php?id=100093676399740#\" \/>\n<meta property=\"article:modified_time\" content=\"2026-04-21T17:37:39+00:00\" \/>\n<meta name=\"twitter:card\" content=\"summary_large_image\" \/>\n<meta name=\"twitter:site\" content=\"@Send__NOW\" \/>\n<meta name=\"twitter:label1\" content=\"Est. reading time\" \/>\n\t<meta name=\"twitter:data1\" content=\"5 minutes\" \/>\n<script type=\"application\/ld+json\" class=\"yoast-schema-graph\">{\"@context\":\"https:\/\/schema.org\",\"@graph\":[{\"@type\":\"WebPage\",\"@id\":\"https:\/\/sendnow.money\/blog\/es\/se-rechaza-el-pago-con-tarjeta-al-hacer-una-transferencia-que-hacer\/\",\"url\":\"https:\/\/sendnow.money\/blog\/es\/se-rechaza-el-pago-con-tarjeta-al-hacer-una-transferencia-que-hacer\/\",\"name\":\"Se rechaza el pago con tarjeta al hacer una transferencia. \u00bfQu\u00e9 hacer? - Help &amp; Guides \u2014 SendNOW\",\"isPartOf\":{\"@id\":\"https:\/\/sendnow.money\/blog\/#website\"},\"datePublished\":\"2026-04-21T17:37:38+00:00\",\"dateModified\":\"2026-04-21T17:37:39+00:00\",\"breadcrumb\":{\"@id\":\"https:\/\/sendnow.money\/blog\/es\/se-rechaza-el-pago-con-tarjeta-al-hacer-una-transferencia-que-hacer\/#breadcrumb\"},\"inLanguage\":\"en-US\",\"potentialAction\":[{\"@type\":\"ReadAction\",\"target\":[\"https:\/\/sendnow.money\/blog\/es\/se-rechaza-el-pago-con-tarjeta-al-hacer-una-transferencia-que-hacer\/\"]}]},{\"@type\":\"BreadcrumbList\",\"@id\":\"https:\/\/sendnow.money\/blog\/es\/se-rechaza-el-pago-con-tarjeta-al-hacer-una-transferencia-que-hacer\/#breadcrumb\",\"itemListElement\":[{\"@type\":\"ListItem\",\"position\":1,\"name\":\"Home\",\"item\":\"https:\/\/sendnow.money\/blog\/\"},{\"@type\":\"ListItem\",\"position\":2,\"name\":\"Se rechaza el pago con tarjeta al hacer una transferencia. \u00bfQu\u00e9 hacer?\"}]},{\"@type\":\"WebSite\",\"@id\":\"https:\/\/sendnow.money\/blog\/#website\",\"url\":\"https:\/\/sendnow.money\/blog\/\",\"name\":\"SendNOW Blog\",\"description\":\"Guides and tips on international money transfers with SendNOW\",\"publisher\":{\"@id\":\"https:\/\/sendnow.money\/blog\/#organization\"},\"potentialAction\":[{\"@type\":\"SearchAction\",\"target\":{\"@type\":\"EntryPoint\",\"urlTemplate\":\"https:\/\/sendnow.money\/blog\/?s={search_term_string}\"},\"query-input\":{\"@type\":\"PropertyValueSpecification\",\"valueRequired\":true,\"valueName\":\"search_term_string\"}}],\"inLanguage\":\"en-US\"},{\"@type\":\"Organization\",\"@id\":\"https:\/\/sendnow.money\/blog\/#organization\",\"name\":\"SendNOW Blog\",\"url\":\"https:\/\/sendnow.money\/blog\/\",\"logo\":{\"@type\":\"ImageObject\",\"inLanguage\":\"en-US\",\"@id\":\"https:\/\/sendnow.money\/blog\/#\/schema\/logo\/image\/\",\"url\":\"https:\/\/storage.googleapis.com\/sendnow-blog-prod-statless-media\/wp-content\/uploads\/28db9941-cropped-23ef375b-logo_min-scaled-1.png\",\"contentUrl\":\"https:\/\/storage.googleapis.com\/sendnow-blog-prod-statless-media\/wp-content\/uploads\/28db9941-cropped-23ef375b-logo_min-scaled-1.png\",\"width\":512,\"height\":512,\"caption\":\"SendNOW Blog\"},\"image\":{\"@id\":\"https:\/\/sendnow.money\/blog\/#\/schema\/logo\/image\/\"},\"sameAs\":[\"https:\/\/www.facebook.com\/profile.php?id=100093676399740#\",\"https:\/\/x.com\/Send__NOW\"]}]}<\/script>\n<!-- \/ Yoast SEO plugin. -->","yoast_head_json":{"title":"Se rechaza el pago con tarjeta al hacer una transferencia. \u00bfQu\u00e9 hacer? - Help &amp; Guides \u2014 SendNOW","robots":{"index":"index","follow":"follow","max-snippet":"max-snippet:-1","max-image-preview":"max-image-preview:large","max-video-preview":"max-video-preview:-1"},"canonical":"https:\/\/sendnow.money\/blog\/es\/se-rechaza-el-pago-con-tarjeta-al-hacer-una-transferencia-que-hacer\/","og_locale":"en_US","og_type":"article","og_title":"Se rechaza el pago con tarjeta al hacer una transferencia. \u00bfQu\u00e9 hacer? - Help &amp; Guides \u2014 SendNOW","og_description":"\u201cPago con tarjeta fallido\u201d, \u201cpago rechazado\u201d, \u201cDeclined\u201d \u2014 estos mensajes pueden aparecer a veces en el paso de pago al pagar una transferencia con tarjeta en SendNOW. A continuaci\u00f3n explicamos por qu\u00e9 ocurre y qu\u00e9 puede hacer para que el pago se complete. Si paga con tarjeta (Visa\/Mastercard) en SendNOW y el pago es rechazado, [&hellip;]","og_url":"https:\/\/sendnow.money\/blog\/es\/se-rechaza-el-pago-con-tarjeta-al-hacer-una-transferencia-que-hacer\/","og_site_name":"Help &amp; Guides \u2014 SendNOW","article_publisher":"https:\/\/www.facebook.com\/profile.php?id=100093676399740#","article_modified_time":"2026-04-21T17:37:39+00:00","twitter_card":"summary_large_image","twitter_site":"@Send__NOW","twitter_misc":{"Est. reading time":"5 minutes"},"schema":{"@context":"https:\/\/schema.org","@graph":[{"@type":"WebPage","@id":"https:\/\/sendnow.money\/blog\/es\/se-rechaza-el-pago-con-tarjeta-al-hacer-una-transferencia-que-hacer\/","url":"https:\/\/sendnow.money\/blog\/es\/se-rechaza-el-pago-con-tarjeta-al-hacer-una-transferencia-que-hacer\/","name":"Se rechaza el pago con tarjeta al hacer una transferencia. \u00bfQu\u00e9 hacer? - Help &amp; Guides \u2014 SendNOW","isPartOf":{"@id":"https:\/\/sendnow.money\/blog\/#website"},"datePublished":"2026-04-21T17:37:38+00:00","dateModified":"2026-04-21T17:37:39+00:00","breadcrumb":{"@id":"https:\/\/sendnow.money\/blog\/es\/se-rechaza-el-pago-con-tarjeta-al-hacer-una-transferencia-que-hacer\/#breadcrumb"},"inLanguage":"en-US","potentialAction":[{"@type":"ReadAction","target":["https:\/\/sendnow.money\/blog\/es\/se-rechaza-el-pago-con-tarjeta-al-hacer-una-transferencia-que-hacer\/"]}]},{"@type":"BreadcrumbList","@id":"https:\/\/sendnow.money\/blog\/es\/se-rechaza-el-pago-con-tarjeta-al-hacer-una-transferencia-que-hacer\/#breadcrumb","itemListElement":[{"@type":"ListItem","position":1,"name":"Home","item":"https:\/\/sendnow.money\/blog\/"},{"@type":"ListItem","position":2,"name":"Se rechaza el pago con tarjeta al hacer una transferencia. \u00bfQu\u00e9 hacer?"}]},{"@type":"WebSite","@id":"https:\/\/sendnow.money\/blog\/#website","url":"https:\/\/sendnow.money\/blog\/","name":"SendNOW Blog","description":"Guides and tips on international money transfers with SendNOW","publisher":{"@id":"https:\/\/sendnow.money\/blog\/#organization"},"potentialAction":[{"@type":"SearchAction","target":{"@type":"EntryPoint","urlTemplate":"https:\/\/sendnow.money\/blog\/?s={search_term_string}"},"query-input":{"@type":"PropertyValueSpecification","valueRequired":true,"valueName":"search_term_string"}}],"inLanguage":"en-US"},{"@type":"Organization","@id":"https:\/\/sendnow.money\/blog\/#organization","name":"SendNOW Blog","url":"https:\/\/sendnow.money\/blog\/","logo":{"@type":"ImageObject","inLanguage":"en-US","@id":"https:\/\/sendnow.money\/blog\/#\/schema\/logo\/image\/","url":"https:\/\/storage.googleapis.com\/sendnow-blog-prod-statless-media\/wp-content\/uploads\/28db9941-cropped-23ef375b-logo_min-scaled-1.png","contentUrl":"https:\/\/storage.googleapis.com\/sendnow-blog-prod-statless-media\/wp-content\/uploads\/28db9941-cropped-23ef375b-logo_min-scaled-1.png","width":512,"height":512,"caption":"SendNOW Blog"},"image":{"@id":"https:\/\/sendnow.money\/blog\/#\/schema\/logo\/image\/"},"sameAs":["https:\/\/www.facebook.com\/profile.php?id=100093676399740#","https:\/\/x.com\/Send__NOW"]}]}},"_links":{"self":[{"href":"https:\/\/sendnow.money\/blog\/wp-json\/wp\/v2\/pages\/739","targetHints":{"allow":["GET"]}}],"collection":[{"href":"https:\/\/sendnow.money\/blog\/wp-json\/wp\/v2\/pages"}],"about":[{"href":"https:\/\/sendnow.money\/blog\/wp-json\/wp\/v2\/types\/page"}],"author":[{"embeddable":true,"href":"https:\/\/sendnow.money\/blog\/wp-json\/wp\/v2\/users\/3"}],"replies":[{"embeddable":true,"href":"https:\/\/sendnow.money\/blog\/wp-json\/wp\/v2\/comments?post=739"}],"version-history":[{"count":1,"href":"https:\/\/sendnow.money\/blog\/wp-json\/wp\/v2\/pages\/739\/revisions"}],"predecessor-version":[{"id":740,"href":"https:\/\/sendnow.money\/blog\/wp-json\/wp\/v2\/pages\/739\/revisions\/740"}],"wp:attachment":[{"href":"https:\/\/sendnow.money\/blog\/wp-json\/wp\/v2\/media?parent=739"}],"curies":[{"name":"wp","href":"https:\/\/api.w.org\/{rel}","templated":true}]}}