{"id":701,"date":"2026-02-26T18:27:23","date_gmt":"2026-02-26T17:27:23","guid":{"rendered":"https:\/\/sendnow.money\/blog\/?page_id=701"},"modified":"2026-02-26T19:00:53","modified_gmt":"2026-02-26T18:00:53","slug":"programme-de-parrainage-sendnow-comment-ca-fonctionne-et-comment-fonctionnent-les-points","status":"publish","type":"page","link":"https:\/\/sendnow.money\/blog\/fr\/programme-de-parrainage-sendnow-comment-ca-fonctionne-et-comment-fonctionnent-les-points\/","title":{"rendered":"Programme de parrainage SendNOW : comment \u00e7a fonctionne et comment fonctionnent les Points"},"content":{"rendered":"\n<p>Une nouvelle fonctionnalit\u00e9 \u2014 le programme de parrainage \u2014 est d\u00e9sormais disponible dans <a href=\"https:\/\/sendnow.money\/fr\" target=\"_blank\" rel=\"noreferrer noopener\">l\u2019application SendNOW.<\/a> Elle permet aux utilisateurs de recevoir une r\u00e9compense en invitant de nouveaux utilisateurs.<\/p>\n\n\n\n<p>Le programme de parrainage fonctionne gr\u00e2ce \u00e0 l\u2019attribution de Points : un utilisateur partage un lien \u2192 la personne invit\u00e9e s\u2019inscrit \u2192 la personne invit\u00e9e effectue un transfert \u2192 le service cr\u00e9dite des Points.<\/p>\n\n\n\n<p>Les Points fonctionnent comme une monnaie interne <a href=\"https:\/\/sendnow.money\/fr\" target=\"_blank\" rel=\"noreferrer noopener\">de SendNOW<\/a> au taux 1 point = 1 USD. Vous pouvez utiliser les Points pour payer un transfert ou les retirer en USDT vers un portefeuille crypto.<\/p>\n\n\n\n<p>Vous trouverez ci-dessous les \u00e9tapes de participation, les conditions d\u2019obtention et les fa\u00e7ons d\u2019utiliser les Points.<\/p>\n\n\n\n<h2 class=\"wp-block-heading\">Obtenir un lien de parrainage<\/h2>\n\n\n\n<p>Un lien de parrainage est g\u00e9n\u00e9r\u00e9 automatiquement pour chaque utilisateur. Vous le trouverez dans le profil de l\u2019application, dans la section \u00ab Programme de parrainage \u00bb.<\/p>\n\n\n\n<figure class=\"wp-block-image size-large\"><img loading=\"lazy\" decoding=\"async\" width=\"670\" height=\"1024\" src=\"https:\/\/storage.googleapis.com\/sendnow-blog-prod-statless-media\/wp-content\/uploads\/03ac35f4-en-refrall-programs-670x1024.png\" alt=\"\" class=\"wp-image-682\" srcset=\"https:\/\/storage.googleapis.com\/sendnow-blog-prod-statless-media\/wp-content\/uploads\/03ac35f4-en-refrall-programs-670x1024.png 670w, https:\/\/storage.googleapis.com\/sendnow-blog-prod-statless-media\/wp-content\/uploads\/03ac35f4-en-refrall-programs-196x300.png 196w, https:\/\/storage.googleapis.com\/sendnow-blog-prod-statless-media\/wp-content\/uploads\/03ac35f4-en-refrall-programs-768x1173.png 768w, https:\/\/storage.googleapis.com\/sendnow-blog-prod-statless-media\/wp-content\/uploads\/03ac35f4-en-refrall-programs-1006x1536.png 1006w, https:\/\/storage.googleapis.com\/sendnow-blog-prod-statless-media\/wp-content\/uploads\/03ac35f4-en-refrall-programs.png 1060w\" sizes=\"auto, (max-width: 670px) 100vw, 670px\" \/><\/figure>\n\n\n\n<p><\/p>\n\n\n\n<p>\u00c9tapes :<\/p>\n\n\n\n<ol class=\"wp-block-list\">\n<li>Ouvrez <a href=\"https:\/\/sendnow.money\/fr\" target=\"_blank\" rel=\"noreferrer noopener\">l\u2019application SendNOW<\/a> ou la version web.<\/li>\n\n\n\n<li>Allez dans Profil.<\/li>\n\n\n\n<li>Ouvrez Programme de parrainage.<\/li>\n<\/ol>\n\n\n\n<p>Ensuite, faites l\u2019une des actions suivantes :<\/p>\n\n\n\n<ul class=\"wp-block-list\">\n<li>Copiez le lien et collez-le dans un message ou dans un texte avec un lien hypertexte.<\/li>\n\n\n\n<li>Appuyez sur Inviter des amis et envoyez le lien via une messagerie ou par e-mail.<br><\/li>\n<\/ul>\n\n\n\n<blockquote class=\"wp-block-quote is-layout-flow wp-block-quote-is-layout-flow\">\n<p><strong>Important :<\/strong> vous ne devez pas modifier le lien. Toute modification emp\u00eachera le syst\u00e8me de suivi d\u2019associer l\u2019inscription \u00e0 l\u2019invitation.<\/p>\n<\/blockquote>\n\n\n\n<h2 class=\"wp-block-heading\">Comment les Points sont attribu\u00e9s<\/h2>\n\n\n\n<p>Les Points sont attribu\u00e9s si l\u2019utilisateur invit\u00e9 s\u2019inscrit via le lien de parrainage et, dans les <strong>30 jours<\/strong> suivant l\u2019inscription, effectue un transfert de <strong>200 USD ou plus<\/strong>. Le transfert ne doit pas forc\u00e9ment \u00eatre le premier.<\/p>\n\n\n\n<p>Les Points sont attribu\u00e9s <strong>une seule fois par utilisateur invit\u00e9<\/strong> et apparaissent sur votre solde une fois le transfert livr\u00e9 avec succ\u00e8s. Si un transfert n\u2019est pas finalis\u00e9 ou est annul\u00e9, aucun Point n\u2019est attribu\u00e9.<\/p>\n\n\n\n<h2 class=\"wp-block-heading\">Solde et historique<\/h2>\n\n\n\n<p>L\u2019\u00e9cran <strong>\u00ab Programme de parrainage \u00bb<\/strong> affiche vos statistiques :<\/p>\n\n\n\n<ul class=\"wp-block-list\">\n<li>Nombre d\u2019utilisateurs invit\u00e9s (<strong>Filleuls \/ Referrals<\/strong>).<\/li>\n\n\n\n<li>Solde actuel de Points.<\/li>\n\n\n\n<li>Historique des r\u00e9compenses.<\/li>\n\n\n\n<li>Historique des utilisations.<\/li>\n<\/ul>\n\n\n\n<h2 class=\"wp-block-heading\">Utiliser les Points pour payer un transfert ou retirer des fonds<\/h2>\n\n\n\n<p>Les r\u00e9compenses du programme de parrainage sont vers\u00e9es uniquement via la cryptomonnaie vers un portefeuille crypto. Vous pouvez utiliser vos Points pour payer un transfert crypto ou les retirer vers votre portefeuille.<\/p>\n\n\n\n<ul class=\"wp-block-list\">\n<li><strong>Montant minimum de retrait : 25 USD<\/strong> par transaction.<\/li>\n\n\n\n<li><strong>Montant maximum de retrait : 200 USD<\/strong> par transaction.<\/li>\n<\/ul>\n\n\n\n<p>Le service convertit les Points en USDT lors de l\u2019envoi : <strong>1 point = 1 USD = 1 USDT.<\/strong><\/p>\n\n\n\n<h2 class=\"wp-block-heading\">Comment retirer des Points<\/h2>\n\n\n\n<p>Les retraits sont possibles soit vers un portefeuille crypto USDT, soit vers d\u2019autres coordonn\u00e9es de paiement en USD. Pour retirer :<\/p>\n\n\n\n<ol class=\"wp-block-list\">\n<li>Cr\u00e9ez un transfert.<\/li>\n\n\n\n<li>Dans la devise d\u2019envoi, s\u00e9lectionnez <strong>Points<\/strong>.<\/li>\n\n\n\n<li>Dans la devise de r\u00e9ception, s\u00e9lectionnez <strong>USDT<\/strong> ou <strong>USD<\/strong>.<\/li>\n\n\n\n<li>Renseignez les coordonn\u00e9es du b\u00e9n\u00e9ficiaire (pour la crypto : l\u2019<strong>adresse du portefeuille USDT<\/strong>).<\/li>\n<\/ol>\n\n\n\n<p>D\u2019autres options de retrait pourront \u00eatre ajout\u00e9es ult\u00e9rieurement.<\/p>\n\n\n\n<h2 class=\"wp-block-heading\">Limitations et r\u00e8gles<\/h2>\n\n\n\n<ul class=\"wp-block-list\">\n<li>Les Points sont attribu\u00e9s <strong>une seule fois par utilisateur invit\u00e9<\/strong>.<\/li>\n\n\n\n<li>Il est interdit de cr\u00e9er des comptes suppl\u00e9mentaires pour obtenir des Points.<\/li>\n\n\n\n<li>SendNOW peut annuler les r\u00e9compenses en Points en cas de <strong>mauvaise utilisation<\/strong> ou de <strong>violation des conditions du programme<\/strong>.<\/li>\n<\/ul>\n","protected":false},"excerpt":{"rendered":"<p>Une nouvelle fonctionnalit\u00e9 \u2014 le programme de parrainage \u2014 est d\u00e9sormais disponible dans l\u2019application SendNOW. Elle permet aux utilisateurs de recevoir une r\u00e9compense en invitant de nouveaux utilisateurs. Le programme de parrainage fonctionne gr\u00e2ce \u00e0 l\u2019attribution de Points : un utilisateur partage un lien \u2192 la personne invit\u00e9e s\u2019inscrit \u2192 la personne invit\u00e9e effectue un [&hellip;]<\/p>\n","protected":false},"author":3,"featured_media":0,"parent":0,"menu_order":0,"comment_status":"closed","ping_status":"closed","template":"","meta":{"footnotes":""},"class_list":["post-701","page","type-page","status-publish","hentry"],"yoast_head":"<!-- This site is optimized with the Yoast SEO plugin v25.9 - https:\/\/yoast.com\/wordpress\/plugins\/seo\/ -->\n<title>Programme de parrainage SendNOW : comment \u00e7a fonctionne et comment fonctionnent les Points - Help &amp; Guides \u2014 SendNOW<\/title>\n<meta name=\"robots\" content=\"index, follow, max-snippet:-1, max-image-preview:large, max-video-preview:-1\" \/>\n<link rel=\"canonical\" href=\"https:\/\/sendnow.money\/blog\/fr\/programme-de-parrainage-sendnow-comment-ca-fonctionne-et-comment-fonctionnent-les-points\/\" \/>\n<meta property=\"og:locale\" content=\"en_US\" \/>\n<meta property=\"og:type\" content=\"article\" \/>\n<meta property=\"og:title\" content=\"Programme de parrainage SendNOW : comment \u00e7a fonctionne et comment fonctionnent les Points - Help &amp; Guides \u2014 SendNOW\" \/>\n<meta property=\"og:description\" content=\"Une nouvelle fonctionnalit\u00e9 \u2014 le programme de parrainage \u2014 est d\u00e9sormais disponible dans l\u2019application SendNOW. Elle permet aux utilisateurs de recevoir une r\u00e9compense en invitant de nouveaux utilisateurs. Le programme de parrainage fonctionne gr\u00e2ce \u00e0 l\u2019attribution de Points : un utilisateur partage un lien \u2192 la personne invit\u00e9e s\u2019inscrit \u2192 la personne invit\u00e9e effectue un [&hellip;]\" \/>\n<meta property=\"og:url\" content=\"https:\/\/sendnow.money\/blog\/fr\/programme-de-parrainage-sendnow-comment-ca-fonctionne-et-comment-fonctionnent-les-points\/\" \/>\n<meta property=\"og:site_name\" content=\"Help &amp; Guides \u2014 SendNOW\" \/>\n<meta property=\"article:publisher\" content=\"https:\/\/www.facebook.com\/profile.php?id=100093676399740#\" \/>\n<meta property=\"article:modified_time\" content=\"2026-02-26T18:00:53+00:00\" \/>\n<meta property=\"og:image\" content=\"https:\/\/storage.googleapis.com\/sendnow-blog-prod-statless-media\/wp-content\/uploads\/03ac35f4-en-refrall-programs.png\" \/>\n\t<meta property=\"og:image:width\" content=\"1060\" \/>\n\t<meta property=\"og:image:height\" content=\"1619\" \/>\n\t<meta property=\"og:image:type\" content=\"image\/png\" \/>\n<meta name=\"twitter:card\" content=\"summary_large_image\" \/>\n<meta name=\"twitter:site\" content=\"@Send__NOW\" \/>\n<meta name=\"twitter:label1\" content=\"Est. reading time\" \/>\n\t<meta name=\"twitter:data1\" content=\"3 minutes\" \/>\n<script type=\"application\/ld+json\" class=\"yoast-schema-graph\">{\"@context\":\"https:\/\/schema.org\",\"@graph\":[{\"@type\":\"WebPage\",\"@id\":\"https:\/\/sendnow.money\/blog\/fr\/programme-de-parrainage-sendnow-comment-ca-fonctionne-et-comment-fonctionnent-les-points\/\",\"url\":\"https:\/\/sendnow.money\/blog\/fr\/programme-de-parrainage-sendnow-comment-ca-fonctionne-et-comment-fonctionnent-les-points\/\",\"name\":\"Programme de parrainage SendNOW : comment \u00e7a fonctionne et comment fonctionnent les Points - Help &amp; Guides \u2014 SendNOW\",\"isPartOf\":{\"@id\":\"https:\/\/sendnow.money\/blog\/#website\"},\"primaryImageOfPage\":{\"@id\":\"https:\/\/sendnow.money\/blog\/fr\/programme-de-parrainage-sendnow-comment-ca-fonctionne-et-comment-fonctionnent-les-points\/#primaryimage\"},\"image\":{\"@id\":\"https:\/\/sendnow.money\/blog\/fr\/programme-de-parrainage-sendnow-comment-ca-fonctionne-et-comment-fonctionnent-les-points\/#primaryimage\"},\"thumbnailUrl\":\"https:\/\/storage.googleapis.com\/sendnow-blog-prod-statless-media\/wp-content\/uploads\/03ac35f4-en-refrall-programs-670x1024.png\",\"datePublished\":\"2026-02-26T17:27:23+00:00\",\"dateModified\":\"2026-02-26T18:00:53+00:00\",\"breadcrumb\":{\"@id\":\"https:\/\/sendnow.money\/blog\/fr\/programme-de-parrainage-sendnow-comment-ca-fonctionne-et-comment-fonctionnent-les-points\/#breadcrumb\"},\"inLanguage\":\"en-US\",\"potentialAction\":[{\"@type\":\"ReadAction\",\"target\":[\"https:\/\/sendnow.money\/blog\/fr\/programme-de-parrainage-sendnow-comment-ca-fonctionne-et-comment-fonctionnent-les-points\/\"]}]},{\"@type\":\"ImageObject\",\"inLanguage\":\"en-US\",\"@id\":\"https:\/\/sendnow.money\/blog\/fr\/programme-de-parrainage-sendnow-comment-ca-fonctionne-et-comment-fonctionnent-les-points\/#primaryimage\",\"url\":\"https:\/\/storage.googleapis.com\/sendnow-blog-prod-statless-media\/wp-content\/uploads\/03ac35f4-en-refrall-programs-670x1024.png\",\"contentUrl\":\"https:\/\/storage.googleapis.com\/sendnow-blog-prod-statless-media\/wp-content\/uploads\/03ac35f4-en-refrall-programs-670x1024.png\"},{\"@type\":\"BreadcrumbList\",\"@id\":\"https:\/\/sendnow.money\/blog\/fr\/programme-de-parrainage-sendnow-comment-ca-fonctionne-et-comment-fonctionnent-les-points\/#breadcrumb\",\"itemListElement\":[{\"@type\":\"ListItem\",\"position\":1,\"name\":\"Home\",\"item\":\"https:\/\/sendnow.money\/blog\/\"},{\"@type\":\"ListItem\",\"position\":2,\"name\":\"Programme de parrainage SendNOW : comment \u00e7a fonctionne et comment fonctionnent les Points\"}]},{\"@type\":\"WebSite\",\"@id\":\"https:\/\/sendnow.money\/blog\/#website\",\"url\":\"https:\/\/sendnow.money\/blog\/\",\"name\":\"SendNOW Blog\",\"description\":\"Guides and tips on international money transfers with SendNOW\",\"publisher\":{\"@id\":\"https:\/\/sendnow.money\/blog\/#organization\"},\"potentialAction\":[{\"@type\":\"SearchAction\",\"target\":{\"@type\":\"EntryPoint\",\"urlTemplate\":\"https:\/\/sendnow.money\/blog\/?s={search_term_string}\"},\"query-input\":{\"@type\":\"PropertyValueSpecification\",\"valueRequired\":true,\"valueName\":\"search_term_string\"}}],\"inLanguage\":\"en-US\"},{\"@type\":\"Organization\",\"@id\":\"https:\/\/sendnow.money\/blog\/#organization\",\"name\":\"SendNOW Blog\",\"url\":\"https:\/\/sendnow.money\/blog\/\",\"logo\":{\"@type\":\"ImageObject\",\"inLanguage\":\"en-US\",\"@id\":\"https:\/\/sendnow.money\/blog\/#\/schema\/logo\/image\/\",\"url\":\"https:\/\/storage.googleapis.com\/sendnow-blog-prod-statless-media\/wp-content\/uploads\/28db9941-cropped-23ef375b-logo_min-scaled-1.png\",\"contentUrl\":\"https:\/\/storage.googleapis.com\/sendnow-blog-prod-statless-media\/wp-content\/uploads\/28db9941-cropped-23ef375b-logo_min-scaled-1.png\",\"width\":512,\"height\":512,\"caption\":\"SendNOW Blog\"},\"image\":{\"@id\":\"https:\/\/sendnow.money\/blog\/#\/schema\/logo\/image\/\"},\"sameAs\":[\"https:\/\/www.facebook.com\/profile.php?id=100093676399740#\",\"https:\/\/x.com\/Send__NOW\"]}]}<\/script>\n<!-- \/ Yoast SEO plugin. -->","yoast_head_json":{"title":"Programme de parrainage SendNOW : comment \u00e7a fonctionne et comment fonctionnent les Points - Help &amp; Guides \u2014 SendNOW","robots":{"index":"index","follow":"follow","max-snippet":"max-snippet:-1","max-image-preview":"max-image-preview:large","max-video-preview":"max-video-preview:-1"},"canonical":"https:\/\/sendnow.money\/blog\/fr\/programme-de-parrainage-sendnow-comment-ca-fonctionne-et-comment-fonctionnent-les-points\/","og_locale":"en_US","og_type":"article","og_title":"Programme de parrainage SendNOW : comment \u00e7a fonctionne et comment fonctionnent les Points - Help &amp; Guides \u2014 SendNOW","og_description":"Une nouvelle fonctionnalit\u00e9 \u2014 le programme de parrainage \u2014 est d\u00e9sormais disponible dans l\u2019application SendNOW. Elle permet aux utilisateurs de recevoir une r\u00e9compense en invitant de nouveaux utilisateurs. Le programme de parrainage fonctionne gr\u00e2ce \u00e0 l\u2019attribution de Points : un utilisateur partage un lien \u2192 la personne invit\u00e9e s\u2019inscrit \u2192 la personne invit\u00e9e effectue un [&hellip;]","og_url":"https:\/\/sendnow.money\/blog\/fr\/programme-de-parrainage-sendnow-comment-ca-fonctionne-et-comment-fonctionnent-les-points\/","og_site_name":"Help &amp; Guides \u2014 SendNOW","article_publisher":"https:\/\/www.facebook.com\/profile.php?id=100093676399740#","article_modified_time":"2026-02-26T18:00:53+00:00","og_image":[{"width":1060,"height":1619,"url":"https:\/\/storage.googleapis.com\/sendnow-blog-prod-statless-media\/wp-content\/uploads\/03ac35f4-en-refrall-programs.png","type":"image\/png"}],"twitter_card":"summary_large_image","twitter_site":"@Send__NOW","twitter_misc":{"Est. reading time":"3 minutes"},"schema":{"@context":"https:\/\/schema.org","@graph":[{"@type":"WebPage","@id":"https:\/\/sendnow.money\/blog\/fr\/programme-de-parrainage-sendnow-comment-ca-fonctionne-et-comment-fonctionnent-les-points\/","url":"https:\/\/sendnow.money\/blog\/fr\/programme-de-parrainage-sendnow-comment-ca-fonctionne-et-comment-fonctionnent-les-points\/","name":"Programme de parrainage SendNOW : comment \u00e7a fonctionne et comment fonctionnent les Points - Help &amp; Guides \u2014 SendNOW","isPartOf":{"@id":"https:\/\/sendnow.money\/blog\/#website"},"primaryImageOfPage":{"@id":"https:\/\/sendnow.money\/blog\/fr\/programme-de-parrainage-sendnow-comment-ca-fonctionne-et-comment-fonctionnent-les-points\/#primaryimage"},"image":{"@id":"https:\/\/sendnow.money\/blog\/fr\/programme-de-parrainage-sendnow-comment-ca-fonctionne-et-comment-fonctionnent-les-points\/#primaryimage"},"thumbnailUrl":"https:\/\/storage.googleapis.com\/sendnow-blog-prod-statless-media\/wp-content\/uploads\/03ac35f4-en-refrall-programs-670x1024.png","datePublished":"2026-02-26T17:27:23+00:00","dateModified":"2026-02-26T18:00:53+00:00","breadcrumb":{"@id":"https:\/\/sendnow.money\/blog\/fr\/programme-de-parrainage-sendnow-comment-ca-fonctionne-et-comment-fonctionnent-les-points\/#breadcrumb"},"inLanguage":"en-US","potentialAction":[{"@type":"ReadAction","target":["https:\/\/sendnow.money\/blog\/fr\/programme-de-parrainage-sendnow-comment-ca-fonctionne-et-comment-fonctionnent-les-points\/"]}]},{"@type":"ImageObject","inLanguage":"en-US","@id":"https:\/\/sendnow.money\/blog\/fr\/programme-de-parrainage-sendnow-comment-ca-fonctionne-et-comment-fonctionnent-les-points\/#primaryimage","url":"https:\/\/storage.googleapis.com\/sendnow-blog-prod-statless-media\/wp-content\/uploads\/03ac35f4-en-refrall-programs-670x1024.png","contentUrl":"https:\/\/storage.googleapis.com\/sendnow-blog-prod-statless-media\/wp-content\/uploads\/03ac35f4-en-refrall-programs-670x1024.png"},{"@type":"BreadcrumbList","@id":"https:\/\/sendnow.money\/blog\/fr\/programme-de-parrainage-sendnow-comment-ca-fonctionne-et-comment-fonctionnent-les-points\/#breadcrumb","itemListElement":[{"@type":"ListItem","position":1,"name":"Home","item":"https:\/\/sendnow.money\/blog\/"},{"@type":"ListItem","position":2,"name":"Programme de parrainage SendNOW : comment \u00e7a fonctionne et comment fonctionnent les Points"}]},{"@type":"WebSite","@id":"https:\/\/sendnow.money\/blog\/#website","url":"https:\/\/sendnow.money\/blog\/","name":"SendNOW Blog","description":"Guides and tips on international money transfers with SendNOW","publisher":{"@id":"https:\/\/sendnow.money\/blog\/#organization"},"potentialAction":[{"@type":"SearchAction","target":{"@type":"EntryPoint","urlTemplate":"https:\/\/sendnow.money\/blog\/?s={search_term_string}"},"query-input":{"@type":"PropertyValueSpecification","valueRequired":true,"valueName":"search_term_string"}}],"inLanguage":"en-US"},{"@type":"Organization","@id":"https:\/\/sendnow.money\/blog\/#organization","name":"SendNOW Blog","url":"https:\/\/sendnow.money\/blog\/","logo":{"@type":"ImageObject","inLanguage":"en-US","@id":"https:\/\/sendnow.money\/blog\/#\/schema\/logo\/image\/","url":"https:\/\/storage.googleapis.com\/sendnow-blog-prod-statless-media\/wp-content\/uploads\/28db9941-cropped-23ef375b-logo_min-scaled-1.png","contentUrl":"https:\/\/storage.googleapis.com\/sendnow-blog-prod-statless-media\/wp-content\/uploads\/28db9941-cropped-23ef375b-logo_min-scaled-1.png","width":512,"height":512,"caption":"SendNOW Blog"},"image":{"@id":"https:\/\/sendnow.money\/blog\/#\/schema\/logo\/image\/"},"sameAs":["https:\/\/www.facebook.com\/profile.php?id=100093676399740#","https:\/\/x.com\/Send__NOW"]}]}},"_links":{"self":[{"href":"https:\/\/sendnow.money\/blog\/wp-json\/wp\/v2\/pages\/701","targetHints":{"allow":["GET"]}}],"collection":[{"href":"https:\/\/sendnow.money\/blog\/wp-json\/wp\/v2\/pages"}],"about":[{"href":"https:\/\/sendnow.money\/blog\/wp-json\/wp\/v2\/types\/page"}],"author":[{"embeddable":true,"href":"https:\/\/sendnow.money\/blog\/wp-json\/wp\/v2\/users\/3"}],"replies":[{"embeddable":true,"href":"https:\/\/sendnow.money\/blog\/wp-json\/wp\/v2\/comments?post=701"}],"version-history":[{"count":3,"href":"https:\/\/sendnow.money\/blog\/wp-json\/wp\/v2\/pages\/701\/revisions"}],"predecessor-version":[{"id":726,"href":"https:\/\/sendnow.money\/blog\/wp-json\/wp\/v2\/pages\/701\/revisions\/726"}],"wp:attachment":[{"href":"https:\/\/sendnow.money\/blog\/wp-json\/wp\/v2\/media?parent=701"}],"curies":[{"name":"wp","href":"https:\/\/api.w.org\/{rel}","templated":true}]}}