{"id":696,"date":"2026-02-26T18:15:33","date_gmt":"2026-02-26T17:15:33","guid":{"rendered":"https:\/\/sendnow.money\/blog\/?page_id=696"},"modified":"2026-02-26T18:55:18","modified_gmt":"2026-02-26T17:55:18","slug":"sendnow-empfehlungsprogramm-so-funktioniert-es-und-so-funktionieren-points","status":"publish","type":"page","link":"https:\/\/sendnow.money\/blog\/de\/sendnow-empfehlungsprogramm-so-funktioniert-es-und-so-funktionieren-points\/","title":{"rendered":"SendNOW Empfehlungsprogramm: So funktioniert es und so funktionieren Points"},"content":{"rendered":"\n<p>Eine neue Funktion \u2013 das <strong>Empfehlungsprogramm<\/strong> \u2013 ist jetzt in <a href=\"https:\/\/sendnow.money\/de\" target=\"_blank\" rel=\"noreferrer noopener\">der SendNOW-App<\/a> verf\u00fcgbar. Damit k\u00f6nnen Nutzer eine Belohnung erhalten, wenn sie neue Nutzer einladen.<\/p>\n\n\n\n<p>Das Empfehlungsprogramm funktioniert \u00fcber die Vergabe von <strong>Points<\/strong>: Ein Nutzer teilt einen Link \u2192 die eingeladene Person registriert sich \u2192 die eingeladene Person t\u00e4tigt eine \u00dcberweisung \u2192 der Service schreibt <strong>Points<\/strong> gut.<\/p>\n\n\n\n<p><strong>Points<\/strong> funktionieren als interne W\u00e4hrung von <a href=\"https:\/\/sendnow.money\/de\" target=\"_blank\" rel=\"noreferrer noopener\">SendNOW<\/a> zum Kurs <strong>1 Point = 1 USD<\/strong>. Mit Points kannst du eine \u00dcberweisung bezahlen oder sie in <strong>USDT<\/strong> auf eine Krypto-Wallet auszahlen lassen.<\/p>\n\n\n\n<p>Unten findest du die Schritte zur Teilnahme, die Bedingungen f\u00fcr die Gutschrift und die M\u00f6glichkeiten, Points zu verwenden.<\/p>\n\n\n\n<h2 class=\"wp-block-heading\">Empfehlungslink erhalten<\/h2>\n\n\n\n<p>F\u00fcr jeden Nutzer wird automatisch ein Empfehlungslink erstellt. Du findest ihn im Profil der App im Bereich <strong>\u201eEmpfehlungsprogramm\u201c<\/strong>.<\/p>\n\n\n\n<figure class=\"wp-block-image size-large\"><img loading=\"lazy\" decoding=\"async\" width=\"670\" height=\"1024\" src=\"https:\/\/storage.googleapis.com\/sendnow-blog-prod-statless-media\/wp-content\/uploads\/03ac35f4-en-refrall-programs-670x1024.png\" alt=\"\" class=\"wp-image-682\" srcset=\"https:\/\/storage.googleapis.com\/sendnow-blog-prod-statless-media\/wp-content\/uploads\/03ac35f4-en-refrall-programs-670x1024.png 670w, https:\/\/storage.googleapis.com\/sendnow-blog-prod-statless-media\/wp-content\/uploads\/03ac35f4-en-refrall-programs-196x300.png 196w, https:\/\/storage.googleapis.com\/sendnow-blog-prod-statless-media\/wp-content\/uploads\/03ac35f4-en-refrall-programs-768x1173.png 768w, https:\/\/storage.googleapis.com\/sendnow-blog-prod-statless-media\/wp-content\/uploads\/03ac35f4-en-refrall-programs-1006x1536.png 1006w, https:\/\/storage.googleapis.com\/sendnow-blog-prod-statless-media\/wp-content\/uploads\/03ac35f4-en-refrall-programs.png 1060w\" sizes=\"auto, (max-width: 670px) 100vw, 670px\" \/><\/figure>\n\n\n\n<p><\/p>\n\n\n\n<p>Schritt f\u00fcr Schritt:<\/p>\n\n\n\n<ol class=\"wp-block-list\">\n<li>\u00d6ffne <a href=\"https:\/\/sendnow.money\/de\" target=\"_blank\" rel=\"noreferrer noopener\">die SendNOW-App<\/a> oder die Web-Version.<\/li>\n\n\n\n<li>Gehe zu <strong>Profil<\/strong>.<\/li>\n\n\n\n<li>\u00d6ffne <strong>Empfehlungsprogramm<\/strong>.<\/li>\n<\/ol>\n\n\n\n<p>Danach f\u00fchrst du eine der folgenden Aktionen aus:<\/p>\n\n\n\n<ul class=\"wp-block-list\">\n<li>Kopiere den Link und f\u00fcge ihn in eine Nachricht oder in einen Text mit Hyperlink ein.<\/li>\n\n\n\n<li>Tippe auf <strong>Freunde einladen<\/strong> und sende den Link \u00fcber einen Messenger oder per E-Mail.<br><\/li>\n<\/ul>\n\n\n\n<blockquote class=\"wp-block-quote is-layout-flow wp-block-quote-is-layout-flow\">\n<p><strong>Wichtig:<\/strong> Der Link darf nicht bearbeitet werden. Jede \u00c4nderung verhindert, dass das Tracking-System die Registrierung der Einladung zuordnen kann.<\/p>\n<\/blockquote>\n\n\n\n<h2 class=\"wp-block-heading\">Wie Points gutgeschrieben werden<\/h2>\n\n\n\n<p>Points werden gutgeschrieben, wenn sich der eingeladene Nutzer \u00fcber den Empfehlungslink registriert und innerhalb von 30 Tagen nach der Registrierung eine \u00dcberweisung \u00fcber 200 USD oder mehr durchf\u00fchrt. Die \u00dcberweisung muss nicht die erste sein.<\/p>\n\n\n\n<p>Points werden einmal pro eingeladenem Nutzer gutgeschrieben und erscheinen auf deinem Konto, nachdem die \u00dcberweisung erfolgreich zugestellt wurde. Wenn eine \u00dcberweisung nicht abgeschlossen oder storniert wird, werden keine Points gutgeschrieben.<\/p>\n\n\n\n<h2 class=\"wp-block-heading\">Kontostand und Verlauf<\/h2>\n\n\n\n<p>Im Bereich \u201eEmpfehlungsprogramm\u201c siehst du deine Statistik:<\/p>\n\n\n\n<ul class=\"wp-block-list\">\n<li>Anzahl der eingeladenen Nutzer (Referrals).<\/li>\n\n\n\n<li>Aktueller Points-Kontostand.<\/li>\n\n\n\n<li>Verlauf der Gutschriften.<\/li>\n\n\n\n<li>Verlauf der Einl\u00f6sungen.<\/li>\n<\/ul>\n\n\n\n<h2 class=\"wp-block-heading\">Points zur Bezahlung einer \u00dcberweisung oder zur Auszahlung nutzen<\/h2>\n\n\n\n<p>Belohnungen aus dem Empfehlungsprogramm werden ausschlie\u00dflich \u00fcber Kryptow\u00e4hrung auf eine Krypto-Wallet ausgezahlt. Du kannst deine Points nutzen, um eine Krypto-\u00dcberweisung zu bezahlen, oder sie auf deine Wallet auszahlen lassen.&nbsp;<\/p>\n\n\n\n<ul class=\"wp-block-list\">\n<li><strong>Mindestbetrag f\u00fcr Auszahlungen:<\/strong> 25 USD pro Transaktion.<\/li>\n\n\n\n<li><strong>H\u00f6chstbetrag f\u00fcr Auszahlungen:<\/strong> 200 USD pro Transaktion.<\/li>\n<\/ul>\n\n\n\n<p>Der Service konvertiert Points beim Versand in USDT: 1 Point = 1 USD = 1 USDT&nbsp;<\/p>\n\n\n\n<h2 class=\"wp-block-heading\">So zahlst du Points aus<\/h2>\n\n\n\n<p>Auszahlungen sind entweder auf eine USDT-Krypto-Wallet oder auf andere USD-Zahlungsdaten m\u00f6glich. F\u00fcr eine Auszahlung:<\/p>\n\n\n\n<ol class=\"wp-block-list\">\n<li>Erstelle eine \u00dcberweisung.<\/li>\n\n\n\n<li>W\u00e4hle bei der Sendew\u00e4hrung Points.<\/li>\n\n\n\n<li>W\u00e4hle bei der Empfangsw\u00e4hrung USDT oder USD.<\/li>\n\n\n\n<li>Gib die Zahlungsdaten des Empf\u00e4ngers ein (bei Krypto: die USDT-Wallet-Adresse).<\/li>\n<\/ol>\n\n\n\n<p>Weitere Auszahlungsm\u00f6glichkeiten k\u00f6nnen sp\u00e4ter hinzukommen.<\/p>\n\n\n\n<h2 class=\"wp-block-heading\">Einschr\u00e4nkungen und Regeln<\/h2>\n\n\n\n<ul class=\"wp-block-list\">\n<li>Points werden einmal pro eingeladenem Nutzer gutgeschrieben.<\/li>\n\n\n\n<li>Das Erstellen zus\u00e4tzlicher Konten, um Points zu erhalten, ist nicht erlaubt.<\/li>\n\n\n\n<li>SendNOW kann die Points-Belohnung bei Missbrauch oder Verst\u00f6\u00dfen gegen die Programmbedingungen stornieren.<\/li>\n<\/ul>\n","protected":false},"excerpt":{"rendered":"<p>Eine neue Funktion \u2013 das Empfehlungsprogramm \u2013 ist jetzt in der SendNOW-App verf\u00fcgbar. Damit k\u00f6nnen Nutzer eine Belohnung erhalten, wenn sie neue Nutzer einladen. Das Empfehlungsprogramm funktioniert \u00fcber die Vergabe von Points: Ein Nutzer teilt einen Link \u2192 die eingeladene Person registriert sich \u2192 die eingeladene Person t\u00e4tigt eine \u00dcberweisung \u2192 der Service schreibt Points [&hellip;]<\/p>\n","protected":false},"author":3,"featured_media":0,"parent":0,"menu_order":0,"comment_status":"closed","ping_status":"closed","template":"","meta":{"footnotes":""},"class_list":["post-696","page","type-page","status-publish","hentry"],"yoast_head":"<!-- This site is optimized with the Yoast SEO plugin v25.9 - https:\/\/yoast.com\/wordpress\/plugins\/seo\/ -->\n<title>SendNOW Empfehlungsprogramm: So funktioniert es und so funktionieren Points - Help &amp; Guides \u2014 SendNOW<\/title>\n<meta name=\"robots\" content=\"index, follow, max-snippet:-1, max-image-preview:large, max-video-preview:-1\" \/>\n<link rel=\"canonical\" href=\"https:\/\/sendnow.money\/blog\/de\/sendnow-empfehlungsprogramm-so-funktioniert-es-und-so-funktionieren-points\/\" \/>\n<meta property=\"og:locale\" content=\"en_US\" \/>\n<meta property=\"og:type\" content=\"article\" \/>\n<meta property=\"og:title\" content=\"SendNOW Empfehlungsprogramm: So funktioniert es und so funktionieren Points - Help &amp; Guides \u2014 SendNOW\" \/>\n<meta property=\"og:description\" content=\"Eine neue Funktion \u2013 das Empfehlungsprogramm \u2013 ist jetzt in der SendNOW-App verf\u00fcgbar. Damit k\u00f6nnen Nutzer eine Belohnung erhalten, wenn sie neue Nutzer einladen. Das Empfehlungsprogramm funktioniert \u00fcber die Vergabe von Points: Ein Nutzer teilt einen Link \u2192 die eingeladene Person registriert sich \u2192 die eingeladene Person t\u00e4tigt eine \u00dcberweisung \u2192 der Service schreibt Points [&hellip;]\" \/>\n<meta property=\"og:url\" content=\"https:\/\/sendnow.money\/blog\/de\/sendnow-empfehlungsprogramm-so-funktioniert-es-und-so-funktionieren-points\/\" \/>\n<meta property=\"og:site_name\" content=\"Help &amp; Guides \u2014 SendNOW\" \/>\n<meta property=\"article:publisher\" content=\"https:\/\/www.facebook.com\/profile.php?id=100093676399740#\" \/>\n<meta property=\"article:modified_time\" content=\"2026-02-26T17:55:18+00:00\" \/>\n<meta property=\"og:image\" content=\"https:\/\/storage.googleapis.com\/sendnow-blog-prod-statless-media\/wp-content\/uploads\/03ac35f4-en-refrall-programs.png\" \/>\n\t<meta property=\"og:image:width\" content=\"1060\" \/>\n\t<meta property=\"og:image:height\" content=\"1619\" \/>\n\t<meta property=\"og:image:type\" content=\"image\/png\" \/>\n<meta name=\"twitter:card\" content=\"summary_large_image\" \/>\n<meta name=\"twitter:site\" content=\"@Send__NOW\" \/>\n<meta name=\"twitter:label1\" content=\"Est. reading time\" \/>\n\t<meta name=\"twitter:data1\" content=\"3 minutes\" \/>\n<script type=\"application\/ld+json\" class=\"yoast-schema-graph\">{\"@context\":\"https:\/\/schema.org\",\"@graph\":[{\"@type\":\"WebPage\",\"@id\":\"https:\/\/sendnow.money\/blog\/de\/sendnow-empfehlungsprogramm-so-funktioniert-es-und-so-funktionieren-points\/\",\"url\":\"https:\/\/sendnow.money\/blog\/de\/sendnow-empfehlungsprogramm-so-funktioniert-es-und-so-funktionieren-points\/\",\"name\":\"SendNOW Empfehlungsprogramm: So funktioniert es und so funktionieren Points - Help &amp; Guides \u2014 SendNOW\",\"isPartOf\":{\"@id\":\"https:\/\/sendnow.money\/blog\/#website\"},\"primaryImageOfPage\":{\"@id\":\"https:\/\/sendnow.money\/blog\/de\/sendnow-empfehlungsprogramm-so-funktioniert-es-und-so-funktionieren-points\/#primaryimage\"},\"image\":{\"@id\":\"https:\/\/sendnow.money\/blog\/de\/sendnow-empfehlungsprogramm-so-funktioniert-es-und-so-funktionieren-points\/#primaryimage\"},\"thumbnailUrl\":\"https:\/\/storage.googleapis.com\/sendnow-blog-prod-statless-media\/wp-content\/uploads\/03ac35f4-en-refrall-programs-670x1024.png\",\"datePublished\":\"2026-02-26T17:15:33+00:00\",\"dateModified\":\"2026-02-26T17:55:18+00:00\",\"breadcrumb\":{\"@id\":\"https:\/\/sendnow.money\/blog\/de\/sendnow-empfehlungsprogramm-so-funktioniert-es-und-so-funktionieren-points\/#breadcrumb\"},\"inLanguage\":\"en-US\",\"potentialAction\":[{\"@type\":\"ReadAction\",\"target\":[\"https:\/\/sendnow.money\/blog\/de\/sendnow-empfehlungsprogramm-so-funktioniert-es-und-so-funktionieren-points\/\"]}]},{\"@type\":\"ImageObject\",\"inLanguage\":\"en-US\",\"@id\":\"https:\/\/sendnow.money\/blog\/de\/sendnow-empfehlungsprogramm-so-funktioniert-es-und-so-funktionieren-points\/#primaryimage\",\"url\":\"https:\/\/storage.googleapis.com\/sendnow-blog-prod-statless-media\/wp-content\/uploads\/03ac35f4-en-refrall-programs-670x1024.png\",\"contentUrl\":\"https:\/\/storage.googleapis.com\/sendnow-blog-prod-statless-media\/wp-content\/uploads\/03ac35f4-en-refrall-programs-670x1024.png\"},{\"@type\":\"BreadcrumbList\",\"@id\":\"https:\/\/sendnow.money\/blog\/de\/sendnow-empfehlungsprogramm-so-funktioniert-es-und-so-funktionieren-points\/#breadcrumb\",\"itemListElement\":[{\"@type\":\"ListItem\",\"position\":1,\"name\":\"Home\",\"item\":\"https:\/\/sendnow.money\/blog\/\"},{\"@type\":\"ListItem\",\"position\":2,\"name\":\"SendNOW Empfehlungsprogramm: So funktioniert es und so funktionieren Points\"}]},{\"@type\":\"WebSite\",\"@id\":\"https:\/\/sendnow.money\/blog\/#website\",\"url\":\"https:\/\/sendnow.money\/blog\/\",\"name\":\"SendNOW Blog\",\"description\":\"Guides and tips on international money transfers with SendNOW\",\"publisher\":{\"@id\":\"https:\/\/sendnow.money\/blog\/#organization\"},\"potentialAction\":[{\"@type\":\"SearchAction\",\"target\":{\"@type\":\"EntryPoint\",\"urlTemplate\":\"https:\/\/sendnow.money\/blog\/?s={search_term_string}\"},\"query-input\":{\"@type\":\"PropertyValueSpecification\",\"valueRequired\":true,\"valueName\":\"search_term_string\"}}],\"inLanguage\":\"en-US\"},{\"@type\":\"Organization\",\"@id\":\"https:\/\/sendnow.money\/blog\/#organization\",\"name\":\"SendNOW Blog\",\"url\":\"https:\/\/sendnow.money\/blog\/\",\"logo\":{\"@type\":\"ImageObject\",\"inLanguage\":\"en-US\",\"@id\":\"https:\/\/sendnow.money\/blog\/#\/schema\/logo\/image\/\",\"url\":\"https:\/\/storage.googleapis.com\/sendnow-blog-prod-statless-media\/wp-content\/uploads\/28db9941-cropped-23ef375b-logo_min-scaled-1.png\",\"contentUrl\":\"https:\/\/storage.googleapis.com\/sendnow-blog-prod-statless-media\/wp-content\/uploads\/28db9941-cropped-23ef375b-logo_min-scaled-1.png\",\"width\":512,\"height\":512,\"caption\":\"SendNOW Blog\"},\"image\":{\"@id\":\"https:\/\/sendnow.money\/blog\/#\/schema\/logo\/image\/\"},\"sameAs\":[\"https:\/\/www.facebook.com\/profile.php?id=100093676399740#\",\"https:\/\/x.com\/Send__NOW\"]}]}<\/script>\n<!-- \/ Yoast SEO plugin. -->","yoast_head_json":{"title":"SendNOW Empfehlungsprogramm: So funktioniert es und so funktionieren Points - Help &amp; Guides \u2014 SendNOW","robots":{"index":"index","follow":"follow","max-snippet":"max-snippet:-1","max-image-preview":"max-image-preview:large","max-video-preview":"max-video-preview:-1"},"canonical":"https:\/\/sendnow.money\/blog\/de\/sendnow-empfehlungsprogramm-so-funktioniert-es-und-so-funktionieren-points\/","og_locale":"en_US","og_type":"article","og_title":"SendNOW Empfehlungsprogramm: So funktioniert es und so funktionieren Points - Help &amp; Guides \u2014 SendNOW","og_description":"Eine neue Funktion \u2013 das Empfehlungsprogramm \u2013 ist jetzt in der SendNOW-App verf\u00fcgbar. Damit k\u00f6nnen Nutzer eine Belohnung erhalten, wenn sie neue Nutzer einladen. Das Empfehlungsprogramm funktioniert \u00fcber die Vergabe von Points: Ein Nutzer teilt einen Link \u2192 die eingeladene Person registriert sich \u2192 die eingeladene Person t\u00e4tigt eine \u00dcberweisung \u2192 der Service schreibt Points [&hellip;]","og_url":"https:\/\/sendnow.money\/blog\/de\/sendnow-empfehlungsprogramm-so-funktioniert-es-und-so-funktionieren-points\/","og_site_name":"Help &amp; Guides \u2014 SendNOW","article_publisher":"https:\/\/www.facebook.com\/profile.php?id=100093676399740#","article_modified_time":"2026-02-26T17:55:18+00:00","og_image":[{"width":1060,"height":1619,"url":"https:\/\/storage.googleapis.com\/sendnow-blog-prod-statless-media\/wp-content\/uploads\/03ac35f4-en-refrall-programs.png","type":"image\/png"}],"twitter_card":"summary_large_image","twitter_site":"@Send__NOW","twitter_misc":{"Est. reading time":"3 minutes"},"schema":{"@context":"https:\/\/schema.org","@graph":[{"@type":"WebPage","@id":"https:\/\/sendnow.money\/blog\/de\/sendnow-empfehlungsprogramm-so-funktioniert-es-und-so-funktionieren-points\/","url":"https:\/\/sendnow.money\/blog\/de\/sendnow-empfehlungsprogramm-so-funktioniert-es-und-so-funktionieren-points\/","name":"SendNOW Empfehlungsprogramm: So funktioniert es und so funktionieren Points - Help &amp; Guides \u2014 SendNOW","isPartOf":{"@id":"https:\/\/sendnow.money\/blog\/#website"},"primaryImageOfPage":{"@id":"https:\/\/sendnow.money\/blog\/de\/sendnow-empfehlungsprogramm-so-funktioniert-es-und-so-funktionieren-points\/#primaryimage"},"image":{"@id":"https:\/\/sendnow.money\/blog\/de\/sendnow-empfehlungsprogramm-so-funktioniert-es-und-so-funktionieren-points\/#primaryimage"},"thumbnailUrl":"https:\/\/storage.googleapis.com\/sendnow-blog-prod-statless-media\/wp-content\/uploads\/03ac35f4-en-refrall-programs-670x1024.png","datePublished":"2026-02-26T17:15:33+00:00","dateModified":"2026-02-26T17:55:18+00:00","breadcrumb":{"@id":"https:\/\/sendnow.money\/blog\/de\/sendnow-empfehlungsprogramm-so-funktioniert-es-und-so-funktionieren-points\/#breadcrumb"},"inLanguage":"en-US","potentialAction":[{"@type":"ReadAction","target":["https:\/\/sendnow.money\/blog\/de\/sendnow-empfehlungsprogramm-so-funktioniert-es-und-so-funktionieren-points\/"]}]},{"@type":"ImageObject","inLanguage":"en-US","@id":"https:\/\/sendnow.money\/blog\/de\/sendnow-empfehlungsprogramm-so-funktioniert-es-und-so-funktionieren-points\/#primaryimage","url":"https:\/\/storage.googleapis.com\/sendnow-blog-prod-statless-media\/wp-content\/uploads\/03ac35f4-en-refrall-programs-670x1024.png","contentUrl":"https:\/\/storage.googleapis.com\/sendnow-blog-prod-statless-media\/wp-content\/uploads\/03ac35f4-en-refrall-programs-670x1024.png"},{"@type":"BreadcrumbList","@id":"https:\/\/sendnow.money\/blog\/de\/sendnow-empfehlungsprogramm-so-funktioniert-es-und-so-funktionieren-points\/#breadcrumb","itemListElement":[{"@type":"ListItem","position":1,"name":"Home","item":"https:\/\/sendnow.money\/blog\/"},{"@type":"ListItem","position":2,"name":"SendNOW Empfehlungsprogramm: So funktioniert es und so funktionieren Points"}]},{"@type":"WebSite","@id":"https:\/\/sendnow.money\/blog\/#website","url":"https:\/\/sendnow.money\/blog\/","name":"SendNOW Blog","description":"Guides and tips on international money transfers with SendNOW","publisher":{"@id":"https:\/\/sendnow.money\/blog\/#organization"},"potentialAction":[{"@type":"SearchAction","target":{"@type":"EntryPoint","urlTemplate":"https:\/\/sendnow.money\/blog\/?s={search_term_string}"},"query-input":{"@type":"PropertyValueSpecification","valueRequired":true,"valueName":"search_term_string"}}],"inLanguage":"en-US"},{"@type":"Organization","@id":"https:\/\/sendnow.money\/blog\/#organization","name":"SendNOW Blog","url":"https:\/\/sendnow.money\/blog\/","logo":{"@type":"ImageObject","inLanguage":"en-US","@id":"https:\/\/sendnow.money\/blog\/#\/schema\/logo\/image\/","url":"https:\/\/storage.googleapis.com\/sendnow-blog-prod-statless-media\/wp-content\/uploads\/28db9941-cropped-23ef375b-logo_min-scaled-1.png","contentUrl":"https:\/\/storage.googleapis.com\/sendnow-blog-prod-statless-media\/wp-content\/uploads\/28db9941-cropped-23ef375b-logo_min-scaled-1.png","width":512,"height":512,"caption":"SendNOW Blog"},"image":{"@id":"https:\/\/sendnow.money\/blog\/#\/schema\/logo\/image\/"},"sameAs":["https:\/\/www.facebook.com\/profile.php?id=100093676399740#","https:\/\/x.com\/Send__NOW"]}]}},"_links":{"self":[{"href":"https:\/\/sendnow.money\/blog\/wp-json\/wp\/v2\/pages\/696","targetHints":{"allow":["GET"]}}],"collection":[{"href":"https:\/\/sendnow.money\/blog\/wp-json\/wp\/v2\/pages"}],"about":[{"href":"https:\/\/sendnow.money\/blog\/wp-json\/wp\/v2\/types\/page"}],"author":[{"embeddable":true,"href":"https:\/\/sendnow.money\/blog\/wp-json\/wp\/v2\/users\/3"}],"replies":[{"embeddable":true,"href":"https:\/\/sendnow.money\/blog\/wp-json\/wp\/v2\/comments?post=696"}],"version-history":[{"count":3,"href":"https:\/\/sendnow.money\/blog\/wp-json\/wp\/v2\/pages\/696\/revisions"}],"predecessor-version":[{"id":720,"href":"https:\/\/sendnow.money\/blog\/wp-json\/wp\/v2\/pages\/696\/revisions\/720"}],"wp:attachment":[{"href":"https:\/\/sendnow.money\/blog\/wp-json\/wp\/v2\/media?parent=696"}],"curies":[{"name":"wp","href":"https:\/\/api.w.org\/{rel}","templated":true}]}}