{"id":623,"date":"2025-12-26T14:42:44","date_gmt":"2025-12-26T13:42:44","guid":{"rendered":"https:\/\/sendnow.money\/blog\/?page_id=623"},"modified":"2025-12-26T14:47:50","modified_gmt":"2025-12-26T13:47:50","slug":"comment-envoyer-un-transfert-si-vous-ne-voyez-pas-la-devise-de-votre-pays-dans-lapplication-de-transfert-dargent-sendnow","status":"publish","type":"page","link":"https:\/\/sendnow.money\/blog\/fr\/comment-envoyer-un-transfert-si-vous-ne-voyez-pas-la-devise-de-votre-pays-dans-lapplication-de-transfert-dargent-sendnow\/","title":{"rendered":"Comment envoyer un transfert si vous ne voyez pas la devise de votre pays dans l\u2019application de transfert d\u2019argent SendNOW"},"content":{"rendered":"\n<p>Dans cette publication, nous r\u00e9pondons \u00e0 une question fr\u00e9quemment pos\u00e9e au service d\u2019assistance <a href=\"https:\/\/sendnow.money\/fr\">SendNOW<\/a> :<\/p>\n\n\n\n<figure class=\"wp-block-pullquote\"><blockquote><p>Je ne vois pas la devise de mon pays dans l\u2019application. Est-ce que cela signifie que les transferts depuis ce pays ne sont pas disponibles ?<\/p><\/blockquote><\/figure>\n\n\n\n<blockquote class=\"wp-block-quote is-layout-flow wp-block-quote-is-layout-flow\">\n<p>Par exemple : dans l\u2019application SendNOW, la livre turque n\u2019est pas disponible comme devise de paiement du transfert. Cela signifie-t-il qu\u2019il est impossible d\u2019envoyer de l\u2019argent depuis la Turquie ?<\/p>\n<\/blockquote>\n\n\n\n<p><strong>La r\u00e9ponse est non.<\/strong> Cela ne signifie pas que les transferts depuis ce pays sont indisponibles. Cela signifie simplement que le transfert doit \u00eatre pay\u00e9 dans une autre devise disponible dans l\u2019application.<\/p>\n\n\n\n<p>Dans l\u2019application, vous voyez <strong>les devises avec lesquelles il est possible de payer un transfert<\/strong>, et non la liste des pays depuis lesquels il est possible d\u2019envoyer de l\u2019argent. Ce qui compte, ce n\u2019est pas la \u00ab devise du pays \u00bb, mais la <strong>devise de votre carte ou de votre compte<\/strong> utilis\u00e9e pour payer le transfert.<\/p>\n\n\n\n<p>Revenons \u00e0 l\u2019exemple de la Turquie et de la livre turque :<\/p>\n\n\n\n<ul class=\"wp-block-list\">\n<li>Vous devez envoyer un transfert via SendNOW en \u00e9tant en Turquie, mais la livre turque n\u2019est pas disponible dans l\u2019application.<\/li>\n\n\n\n<li>Si vous disposez d\u2019une carte ou d\u2019un compte dans une banque turque ou dans une autre banque en <strong>EUR ou USD<\/strong>, vous pouvez payer le transfert en s\u00e9lectionnant <strong>EUR ou USD<\/strong> comme devise de paiement.<\/li>\n<\/ul>\n\n\n\n<h2 class=\"wp-block-heading\">Si vous avez des questions, l\u2019assistance est \u00e0 votre disposition<\/h2>\n\n\n\n<p>Pour toute question li\u00e9e \u00e0 l\u2019utilisation de l\u2019application SendNOW, vous pouvez contacter le service d\u2019assistance.<\/p>\n\n\n\n<p>Pour obtenir une aide rapide, cliquez sur l\u2019ic\u00f4ne de chat en bas \u00e0 droite de l\u2019\u00e9cran de l\u2019application : nous vous guiderons et vous aiderons \u00e0 chaque \u00e9tape.<\/p>\n\n\n\n<p><\/p>\n\n\n\n<figure class=\"wp-block-embed is-type-video is-provider-youtube wp-block-embed-youtube wp-embed-aspect-16-9 wp-has-aspect-ratio\"><div class=\"wp-block-embed__wrapper\">\n<iframe loading=\"lazy\" title=\"Application de Transfert d\u2019Argent | SendNOW \u2014 Transferts d\u2019Argent Internationaux\" width=\"500\" height=\"281\" src=\"https:\/\/www.youtube.com\/embed\/ARkrgE6eotk?feature=oembed\" frameborder=\"0\" allow=\"accelerometer; autoplay; clipboard-write; encrypted-media; gyroscope; picture-in-picture; web-share\" referrerpolicy=\"strict-origin-when-cross-origin\" allowfullscreen><\/iframe>\n<\/div><\/figure>\n\n\n\n<p><\/p>\n\n\n\n<p>Autres ressources utiles susceptibles de vous int\u00e9resser :<\/p>\n\n\n\n<p>Article sur les changements de la l\u00e9gislation russe et leur impact sur les transferts vers la Russie via SendNOW : [<strong><a href=\"https:\/\/sendnow.money\/blog\/fr\/comment-envoyer-de-largent-en-russie-en-2025\/\">Comment envoyer de l\u2019argent en Russie en 2025 ?<\/a><\/strong>]<\/p>\n\n\n\n<p>Si vous devez envoyer de l\u2019argent en Russie via cryptomonnaie, consultez ce guide : [<strong><a href=\"https:\/\/sendnow.money\/blog\/fr\/comment-envoyer-de-largent-via-cryptomonnaie-dans-lapplication-sendnow-guide-etape-par-etape\/\">Comment envoyer de l\u2019argent via cryptomonnaie dans l\u2019application SendNOW : guide \u00e9tape par \u00e9tape<\/a><\/strong>]<\/p>\n\n\n\n<p><strong>Liens pour acc\u00e9der au <a href=\"https:\/\/sendnow.money\/fr\">service SendNOW<\/a> :<\/strong><\/p>\n\n\n\n<figure class=\"wp-block-image size-large\"><a href=\"https:\/\/sendnow.money\/fr\"><img loading=\"lazy\" decoding=\"async\" width=\"1024\" height=\"511\" src=\"https:\/\/storage.googleapis.com\/sendnow-blog-prod-statless-media\/wp-content\/uploads\/8e56d572-image-1024x511.png\" alt=\"\" class=\"wp-image-624\" srcset=\"https:\/\/storage.googleapis.com\/sendnow-blog-prod-statless-media\/wp-content\/uploads\/8e56d572-image-1024x511.png 1024w, https:\/\/storage.googleapis.com\/sendnow-blog-prod-statless-media\/wp-content\/uploads\/8e56d572-image-300x150.png 300w, https:\/\/storage.googleapis.com\/sendnow-blog-prod-statless-media\/wp-content\/uploads\/8e56d572-image-768x383.png 768w, https:\/\/storage.googleapis.com\/sendnow-blog-prod-statless-media\/wp-content\/uploads\/8e56d572-image.png 1536w\" sizes=\"auto, (max-width: 1024px) 100vw, 1024px\" \/><\/a><\/figure>\n","protected":false},"excerpt":{"rendered":"<p>Dans cette publication, nous r\u00e9pondons \u00e0 une question fr\u00e9quemment pos\u00e9e au service d\u2019assistance SendNOW : Je ne vois pas la devise de mon pays dans l\u2019application. Est-ce que cela signifie que les transferts depuis ce pays ne sont pas disponibles ? Par exemple : dans l\u2019application SendNOW, la livre turque n\u2019est pas disponible comme devise [&hellip;]<\/p>\n","protected":false},"author":3,"featured_media":0,"parent":0,"menu_order":0,"comment_status":"closed","ping_status":"closed","template":"","meta":{"footnotes":""},"class_list":["post-623","page","type-page","status-publish","hentry"],"yoast_head":"<!-- This site is optimized with the Yoast SEO plugin v25.9 - https:\/\/yoast.com\/wordpress\/plugins\/seo\/ -->\n<title>Comment envoyer un transfert si vous ne voyez pas la devise de votre pays dans l\u2019application de transfert d\u2019argent SendNOW - Help &amp; Guides \u2014 SendNOW<\/title>\n<meta name=\"robots\" content=\"index, follow, max-snippet:-1, max-image-preview:large, max-video-preview:-1\" \/>\n<link rel=\"canonical\" href=\"https:\/\/sendnow.money\/blog\/fr\/comment-envoyer-un-transfert-si-vous-ne-voyez-pas-la-devise-de-votre-pays-dans-lapplication-de-transfert-dargent-sendnow\/\" \/>\n<meta property=\"og:locale\" content=\"en_US\" \/>\n<meta property=\"og:type\" content=\"article\" \/>\n<meta property=\"og:title\" content=\"Comment envoyer un transfert si vous ne voyez pas la devise de votre pays dans l\u2019application de transfert d\u2019argent SendNOW - Help &amp; Guides \u2014 SendNOW\" \/>\n<meta property=\"og:description\" content=\"Dans cette publication, nous r\u00e9pondons \u00e0 une question fr\u00e9quemment pos\u00e9e au service d\u2019assistance SendNOW : Je ne vois pas la devise de mon pays dans l\u2019application. Est-ce que cela signifie que les transferts depuis ce pays ne sont pas disponibles ? Par exemple : dans l\u2019application SendNOW, la livre turque n\u2019est pas disponible comme devise [&hellip;]\" \/>\n<meta property=\"og:url\" content=\"https:\/\/sendnow.money\/blog\/fr\/comment-envoyer-un-transfert-si-vous-ne-voyez-pas-la-devise-de-votre-pays-dans-lapplication-de-transfert-dargent-sendnow\/\" \/>\n<meta property=\"og:site_name\" content=\"Help &amp; Guides \u2014 SendNOW\" \/>\n<meta property=\"article:publisher\" content=\"https:\/\/www.facebook.com\/profile.php?id=100093676399740#\" \/>\n<meta property=\"article:modified_time\" content=\"2025-12-26T13:47:50+00:00\" \/>\n<meta property=\"og:image\" content=\"https:\/\/storage.googleapis.com\/sendnow-blog-prod-statless-media\/wp-content\/uploads\/8e56d572-image.png\" \/>\n\t<meta property=\"og:image:width\" content=\"1536\" \/>\n\t<meta property=\"og:image:height\" content=\"766\" \/>\n\t<meta property=\"og:image:type\" content=\"image\/png\" \/>\n<meta name=\"twitter:card\" content=\"summary_large_image\" \/>\n<meta name=\"twitter:site\" content=\"@Send__NOW\" \/>\n<meta name=\"twitter:label1\" content=\"Est. reading time\" \/>\n\t<meta name=\"twitter:data1\" content=\"2 minutes\" \/>\n<script type=\"application\/ld+json\" class=\"yoast-schema-graph\">{\"@context\":\"https:\/\/schema.org\",\"@graph\":[{\"@type\":\"WebPage\",\"@id\":\"https:\/\/sendnow.money\/blog\/fr\/comment-envoyer-un-transfert-si-vous-ne-voyez-pas-la-devise-de-votre-pays-dans-lapplication-de-transfert-dargent-sendnow\/\",\"url\":\"https:\/\/sendnow.money\/blog\/fr\/comment-envoyer-un-transfert-si-vous-ne-voyez-pas-la-devise-de-votre-pays-dans-lapplication-de-transfert-dargent-sendnow\/\",\"name\":\"Comment envoyer un transfert si vous ne voyez pas la devise de votre pays dans l\u2019application de transfert d\u2019argent SendNOW - Help &amp; Guides \u2014 SendNOW\",\"isPartOf\":{\"@id\":\"https:\/\/sendnow.money\/blog\/#website\"},\"primaryImageOfPage\":{\"@id\":\"https:\/\/sendnow.money\/blog\/fr\/comment-envoyer-un-transfert-si-vous-ne-voyez-pas-la-devise-de-votre-pays-dans-lapplication-de-transfert-dargent-sendnow\/#primaryimage\"},\"image\":{\"@id\":\"https:\/\/sendnow.money\/blog\/fr\/comment-envoyer-un-transfert-si-vous-ne-voyez-pas-la-devise-de-votre-pays-dans-lapplication-de-transfert-dargent-sendnow\/#primaryimage\"},\"thumbnailUrl\":\"https:\/\/storage.googleapis.com\/sendnow-blog-prod-statless-media\/wp-content\/uploads\/8e56d572-image-1024x511.png\",\"datePublished\":\"2025-12-26T13:42:44+00:00\",\"dateModified\":\"2025-12-26T13:47:50+00:00\",\"breadcrumb\":{\"@id\":\"https:\/\/sendnow.money\/blog\/fr\/comment-envoyer-un-transfert-si-vous-ne-voyez-pas-la-devise-de-votre-pays-dans-lapplication-de-transfert-dargent-sendnow\/#breadcrumb\"},\"inLanguage\":\"en-US\",\"potentialAction\":[{\"@type\":\"ReadAction\",\"target\":[\"https:\/\/sendnow.money\/blog\/fr\/comment-envoyer-un-transfert-si-vous-ne-voyez-pas-la-devise-de-votre-pays-dans-lapplication-de-transfert-dargent-sendnow\/\"]}]},{\"@type\":\"ImageObject\",\"inLanguage\":\"en-US\",\"@id\":\"https:\/\/sendnow.money\/blog\/fr\/comment-envoyer-un-transfert-si-vous-ne-voyez-pas-la-devise-de-votre-pays-dans-lapplication-de-transfert-dargent-sendnow\/#primaryimage\",\"url\":\"https:\/\/storage.googleapis.com\/sendnow-blog-prod-statless-media\/wp-content\/uploads\/8e56d572-image-1024x511.png\",\"contentUrl\":\"https:\/\/storage.googleapis.com\/sendnow-blog-prod-statless-media\/wp-content\/uploads\/8e56d572-image-1024x511.png\"},{\"@type\":\"BreadcrumbList\",\"@id\":\"https:\/\/sendnow.money\/blog\/fr\/comment-envoyer-un-transfert-si-vous-ne-voyez-pas-la-devise-de-votre-pays-dans-lapplication-de-transfert-dargent-sendnow\/#breadcrumb\",\"itemListElement\":[{\"@type\":\"ListItem\",\"position\":1,\"name\":\"Home\",\"item\":\"https:\/\/sendnow.money\/blog\/\"},{\"@type\":\"ListItem\",\"position\":2,\"name\":\"Comment envoyer un transfert si vous ne voyez pas la devise de votre pays dans l\u2019application de transfert d\u2019argent SendNOW\"}]},{\"@type\":\"WebSite\",\"@id\":\"https:\/\/sendnow.money\/blog\/#website\",\"url\":\"https:\/\/sendnow.money\/blog\/\",\"name\":\"SendNOW Blog\",\"description\":\"Guides and tips on international money transfers with SendNOW\",\"publisher\":{\"@id\":\"https:\/\/sendnow.money\/blog\/#organization\"},\"potentialAction\":[{\"@type\":\"SearchAction\",\"target\":{\"@type\":\"EntryPoint\",\"urlTemplate\":\"https:\/\/sendnow.money\/blog\/?s={search_term_string}\"},\"query-input\":{\"@type\":\"PropertyValueSpecification\",\"valueRequired\":true,\"valueName\":\"search_term_string\"}}],\"inLanguage\":\"en-US\"},{\"@type\":\"Organization\",\"@id\":\"https:\/\/sendnow.money\/blog\/#organization\",\"name\":\"SendNOW Blog\",\"url\":\"https:\/\/sendnow.money\/blog\/\",\"logo\":{\"@type\":\"ImageObject\",\"inLanguage\":\"en-US\",\"@id\":\"https:\/\/sendnow.money\/blog\/#\/schema\/logo\/image\/\",\"url\":\"https:\/\/storage.googleapis.com\/sendnow-blog-prod-statless-media\/wp-content\/uploads\/28db9941-cropped-23ef375b-logo_min-scaled-1.png\",\"contentUrl\":\"https:\/\/storage.googleapis.com\/sendnow-blog-prod-statless-media\/wp-content\/uploads\/28db9941-cropped-23ef375b-logo_min-scaled-1.png\",\"width\":512,\"height\":512,\"caption\":\"SendNOW Blog\"},\"image\":{\"@id\":\"https:\/\/sendnow.money\/blog\/#\/schema\/logo\/image\/\"},\"sameAs\":[\"https:\/\/www.facebook.com\/profile.php?id=100093676399740#\",\"https:\/\/x.com\/Send__NOW\"]}]}<\/script>\n<!-- \/ Yoast SEO plugin. -->","yoast_head_json":{"title":"Comment envoyer un transfert si vous ne voyez pas la devise de votre pays dans l\u2019application de transfert d\u2019argent SendNOW - Help &amp; Guides \u2014 SendNOW","robots":{"index":"index","follow":"follow","max-snippet":"max-snippet:-1","max-image-preview":"max-image-preview:large","max-video-preview":"max-video-preview:-1"},"canonical":"https:\/\/sendnow.money\/blog\/fr\/comment-envoyer-un-transfert-si-vous-ne-voyez-pas-la-devise-de-votre-pays-dans-lapplication-de-transfert-dargent-sendnow\/","og_locale":"en_US","og_type":"article","og_title":"Comment envoyer un transfert si vous ne voyez pas la devise de votre pays dans l\u2019application de transfert d\u2019argent SendNOW - Help &amp; Guides \u2014 SendNOW","og_description":"Dans cette publication, nous r\u00e9pondons \u00e0 une question fr\u00e9quemment pos\u00e9e au service d\u2019assistance SendNOW : Je ne vois pas la devise de mon pays dans l\u2019application. Est-ce que cela signifie que les transferts depuis ce pays ne sont pas disponibles ? Par exemple : dans l\u2019application SendNOW, la livre turque n\u2019est pas disponible comme devise [&hellip;]","og_url":"https:\/\/sendnow.money\/blog\/fr\/comment-envoyer-un-transfert-si-vous-ne-voyez-pas-la-devise-de-votre-pays-dans-lapplication-de-transfert-dargent-sendnow\/","og_site_name":"Help &amp; Guides \u2014 SendNOW","article_publisher":"https:\/\/www.facebook.com\/profile.php?id=100093676399740#","article_modified_time":"2025-12-26T13:47:50+00:00","og_image":[{"width":1536,"height":766,"url":"https:\/\/storage.googleapis.com\/sendnow-blog-prod-statless-media\/wp-content\/uploads\/8e56d572-image.png","type":"image\/png"}],"twitter_card":"summary_large_image","twitter_site":"@Send__NOW","twitter_misc":{"Est. reading time":"2 minutes"},"schema":{"@context":"https:\/\/schema.org","@graph":[{"@type":"WebPage","@id":"https:\/\/sendnow.money\/blog\/fr\/comment-envoyer-un-transfert-si-vous-ne-voyez-pas-la-devise-de-votre-pays-dans-lapplication-de-transfert-dargent-sendnow\/","url":"https:\/\/sendnow.money\/blog\/fr\/comment-envoyer-un-transfert-si-vous-ne-voyez-pas-la-devise-de-votre-pays-dans-lapplication-de-transfert-dargent-sendnow\/","name":"Comment envoyer un transfert si vous ne voyez pas la devise de votre pays dans l\u2019application de transfert d\u2019argent SendNOW - Help &amp; Guides \u2014 SendNOW","isPartOf":{"@id":"https:\/\/sendnow.money\/blog\/#website"},"primaryImageOfPage":{"@id":"https:\/\/sendnow.money\/blog\/fr\/comment-envoyer-un-transfert-si-vous-ne-voyez-pas-la-devise-de-votre-pays-dans-lapplication-de-transfert-dargent-sendnow\/#primaryimage"},"image":{"@id":"https:\/\/sendnow.money\/blog\/fr\/comment-envoyer-un-transfert-si-vous-ne-voyez-pas-la-devise-de-votre-pays-dans-lapplication-de-transfert-dargent-sendnow\/#primaryimage"},"thumbnailUrl":"https:\/\/storage.googleapis.com\/sendnow-blog-prod-statless-media\/wp-content\/uploads\/8e56d572-image-1024x511.png","datePublished":"2025-12-26T13:42:44+00:00","dateModified":"2025-12-26T13:47:50+00:00","breadcrumb":{"@id":"https:\/\/sendnow.money\/blog\/fr\/comment-envoyer-un-transfert-si-vous-ne-voyez-pas-la-devise-de-votre-pays-dans-lapplication-de-transfert-dargent-sendnow\/#breadcrumb"},"inLanguage":"en-US","potentialAction":[{"@type":"ReadAction","target":["https:\/\/sendnow.money\/blog\/fr\/comment-envoyer-un-transfert-si-vous-ne-voyez-pas-la-devise-de-votre-pays-dans-lapplication-de-transfert-dargent-sendnow\/"]}]},{"@type":"ImageObject","inLanguage":"en-US","@id":"https:\/\/sendnow.money\/blog\/fr\/comment-envoyer-un-transfert-si-vous-ne-voyez-pas-la-devise-de-votre-pays-dans-lapplication-de-transfert-dargent-sendnow\/#primaryimage","url":"https:\/\/storage.googleapis.com\/sendnow-blog-prod-statless-media\/wp-content\/uploads\/8e56d572-image-1024x511.png","contentUrl":"https:\/\/storage.googleapis.com\/sendnow-blog-prod-statless-media\/wp-content\/uploads\/8e56d572-image-1024x511.png"},{"@type":"BreadcrumbList","@id":"https:\/\/sendnow.money\/blog\/fr\/comment-envoyer-un-transfert-si-vous-ne-voyez-pas-la-devise-de-votre-pays-dans-lapplication-de-transfert-dargent-sendnow\/#breadcrumb","itemListElement":[{"@type":"ListItem","position":1,"name":"Home","item":"https:\/\/sendnow.money\/blog\/"},{"@type":"ListItem","position":2,"name":"Comment envoyer un transfert si vous ne voyez pas la devise de votre pays dans l\u2019application de transfert d\u2019argent SendNOW"}]},{"@type":"WebSite","@id":"https:\/\/sendnow.money\/blog\/#website","url":"https:\/\/sendnow.money\/blog\/","name":"SendNOW Blog","description":"Guides and tips on international money transfers with SendNOW","publisher":{"@id":"https:\/\/sendnow.money\/blog\/#organization"},"potentialAction":[{"@type":"SearchAction","target":{"@type":"EntryPoint","urlTemplate":"https:\/\/sendnow.money\/blog\/?s={search_term_string}"},"query-input":{"@type":"PropertyValueSpecification","valueRequired":true,"valueName":"search_term_string"}}],"inLanguage":"en-US"},{"@type":"Organization","@id":"https:\/\/sendnow.money\/blog\/#organization","name":"SendNOW Blog","url":"https:\/\/sendnow.money\/blog\/","logo":{"@type":"ImageObject","inLanguage":"en-US","@id":"https:\/\/sendnow.money\/blog\/#\/schema\/logo\/image\/","url":"https:\/\/storage.googleapis.com\/sendnow-blog-prod-statless-media\/wp-content\/uploads\/28db9941-cropped-23ef375b-logo_min-scaled-1.png","contentUrl":"https:\/\/storage.googleapis.com\/sendnow-blog-prod-statless-media\/wp-content\/uploads\/28db9941-cropped-23ef375b-logo_min-scaled-1.png","width":512,"height":512,"caption":"SendNOW Blog"},"image":{"@id":"https:\/\/sendnow.money\/blog\/#\/schema\/logo\/image\/"},"sameAs":["https:\/\/www.facebook.com\/profile.php?id=100093676399740#","https:\/\/x.com\/Send__NOW"]}]}},"_links":{"self":[{"href":"https:\/\/sendnow.money\/blog\/wp-json\/wp\/v2\/pages\/623","targetHints":{"allow":["GET"]}}],"collection":[{"href":"https:\/\/sendnow.money\/blog\/wp-json\/wp\/v2\/pages"}],"about":[{"href":"https:\/\/sendnow.money\/blog\/wp-json\/wp\/v2\/types\/page"}],"author":[{"embeddable":true,"href":"https:\/\/sendnow.money\/blog\/wp-json\/wp\/v2\/users\/3"}],"replies":[{"embeddable":true,"href":"https:\/\/sendnow.money\/blog\/wp-json\/wp\/v2\/comments?post=623"}],"version-history":[{"count":2,"href":"https:\/\/sendnow.money\/blog\/wp-json\/wp\/v2\/pages\/623\/revisions"}],"predecessor-version":[{"id":627,"href":"https:\/\/sendnow.money\/blog\/wp-json\/wp\/v2\/pages\/623\/revisions\/627"}],"wp:attachment":[{"href":"https:\/\/sendnow.money\/blog\/wp-json\/wp\/v2\/media?parent=623"}],"curies":[{"name":"wp","href":"https:\/\/api.w.org\/{rel}","templated":true}]}}