{"id":607,"date":"2025-12-26T13:48:09","date_gmt":"2025-12-26T12:48:09","guid":{"rendered":"https:\/\/sendnow.money\/blog\/?page_id=607"},"modified":"2025-12-26T14:53:57","modified_gmt":"2025-12-26T13:53:57","slug":"como-enviar-una-transferencia-si-no-ves-la-moneda-de-tu-pais-en-la-aplicacion-de-transferencias-de-dinero-sendnow","status":"publish","type":"page","link":"https:\/\/sendnow.money\/blog\/es\/como-enviar-una-transferencia-si-no-ves-la-moneda-de-tu-pais-en-la-aplicacion-de-transferencias-de-dinero-sendnow\/","title":{"rendered":"C\u00f3mo enviar una transferencia si no ves la moneda de tu pa\u00eds en la aplicaci\u00f3n de transferencias de dinero SendNOW"},"content":{"rendered":"\n<p>En esta publicaci\u00f3n respondemos a una pregunta que el soporte de <a href=\"https:\/\/sendnow.money\/es\">SendNOW<\/a> recibe con frecuencia:<\/p>\n\n\n\n<figure class=\"wp-block-pullquote\"><blockquote><p>No veo la moneda de mi pa\u00eds en la aplicaci\u00f3n. \u00bfSignifica esto que las transferencias desde este pa\u00eds no est\u00e1n disponibles?<\/p><\/blockquote><\/figure>\n\n\n\n<blockquote class=\"wp-block-quote is-layout-flow wp-block-quote-is-layout-flow\">\n<p>Por ejemplo: en la aplicaci\u00f3n SendNOW no aparece la lira turca como moneda de pago de la transferencia.<br>\u00bfSignifica esto que no se puede enviar dinero desde Turqu\u00eda?<\/p>\n<\/blockquote>\n\n\n\n<p><strong>La respuesta es no.<\/strong> Esto no significa que las transferencias desde el pa\u00eds no est\u00e9n disponibles. Significa que la transferencia desde ese pa\u00eds debe pagarse en otra moneda que est\u00e9 disponible en la aplicaci\u00f3n.<\/p>\n\n\n\n<p>En la aplicaci\u00f3n ves <strong>las monedas en las que se puede pagar una transferencia<\/strong>, y no una lista de los pa\u00edses desde los que se puede enviar dinero. Lo importante no es la \u00abmoneda del pa\u00eds\u00bb, sino la <strong>moneda de tu tarjeta o cuenta<\/strong> con la que pagas la transferencia.<\/p>\n\n\n\n<p>Volvamos al ejemplo de Turqu\u00eda y la lira turca:<\/p>\n\n\n\n<ul class=\"wp-block-list\">\n<li>Necesitas enviar una transferencia con <a href=\"https:\/\/sendnow.money\/es\">SendNOW<\/a> estando en Turqu\u00eda, pero la lira turca no est\u00e1 disponible en la aplicaci\u00f3n.<\/li>\n\n\n\n<li>Si tienes una tarjeta o una cuenta en un banco turco u otro banco en <strong>EUR o USD<\/strong>, puedes pagar la transferencia seleccionando <strong>EUR o USD<\/strong> como moneda de pago.<\/li>\n<\/ul>\n\n\n\n<h2 class=\"wp-block-heading\">Si tienes preguntas, el soporte est\u00e1 cerca<\/h2>\n\n\n\n<p>Para cualquier consulta relacionada con el uso de la aplicaci\u00f3n <a href=\"https:\/\/sendnow.money\/es\">SendNOW<\/a>, puedes ponerte en contacto con el soporte.<\/p>\n\n\n\n<p>Para obtener ayuda r\u00e1pida, haz clic en el icono del chat en la esquina inferior derecha de la pantalla de la aplicaci\u00f3n: te orientaremos y ayudaremos en cada etapa.<\/p>\n\n\n\n<p><\/p>\n\n\n\n<figure class=\"wp-block-embed is-type-video is-provider-youtube wp-block-embed-youtube wp-embed-aspect-16-9 wp-has-aspect-ratio\"><div class=\"wp-block-embed__wrapper\">\n<iframe loading=\"lazy\" title=\"Aplicaci\u00f3n de Transferencias Internacionales de Dinero \u2014 SendNOW | Env\u00eda Dinero a Rusia\" width=\"500\" height=\"281\" src=\"https:\/\/www.youtube.com\/embed\/qpJYyZFcNhI?feature=oembed\" frameborder=\"0\" allow=\"accelerometer; autoplay; clipboard-write; encrypted-media; gyroscope; picture-in-picture; web-share\" referrerpolicy=\"strict-origin-when-cross-origin\" allowfullscreen><\/iframe>\n<\/div><\/figure>\n\n\n\n<p><\/p>\n\n\n\n<p><strong>Otros materiales \u00fatiles que pueden interesarte:<\/strong><\/p>\n\n\n\n<p>Art\u00edculo sobre c\u00f3mo los cambios en la legislaci\u00f3n rusa afectan a las transferencias a Rusia a trav\u00e9s de SendNOW: [<strong><a href=\"https:\/\/sendnow.money\/blog\/es\/como-enviar-dinero-a-rusia-en-2025\/\">\u00bfC\u00f3mo enviar dinero a Rusia en 2025?<\/a><\/strong>]<\/p>\n\n\n\n<p>Si necesitas enviar dinero a Rusia mediante criptomonedas, consulta esta gu\u00eda: [<strong><a href=\"https:\/\/sendnow.money\/blog\/es\/como-enviar-dinero-con-criptomonedas-en-la-aplicacion-sendnow-guia-paso-a-paso\/\">C\u00f3mo enviar dinero con criptomonedas en la aplicaci\u00f3n SendNOW: Gu\u00eda paso a paso<\/a><\/strong>]<\/p>\n\n\n\n<p><strong>Enlaces para acceder al <a href=\"https:\/\/sendnow.money\/es\">servicio SendNOW<\/a>:<\/strong><\/p>\n\n\n\n<figure class=\"wp-block-image size-large\"><a href=\"https:\/\/sendnow.money\/es\"><img loading=\"lazy\" decoding=\"async\" width=\"1024\" height=\"571\" src=\"https:\/\/storage.googleapis.com\/sendnow-blog-prod-statless-media\/wp-content\/uploads\/9df82503-image-1024x571.png\" alt=\"\" class=\"wp-image-608\" srcset=\"https:\/\/storage.googleapis.com\/sendnow-blog-prod-statless-media\/wp-content\/uploads\/9df82503-image-1024x571.png 1024w, https:\/\/storage.googleapis.com\/sendnow-blog-prod-statless-media\/wp-content\/uploads\/9df82503-image-300x167.png 300w, https:\/\/storage.googleapis.com\/sendnow-blog-prod-statless-media\/wp-content\/uploads\/9df82503-image-768x428.png 768w, https:\/\/storage.googleapis.com\/sendnow-blog-prod-statless-media\/wp-content\/uploads\/9df82503-image.png 1536w\" sizes=\"auto, (max-width: 1024px) 100vw, 1024px\" \/><\/a><\/figure>\n","protected":false},"excerpt":{"rendered":"<p>En esta publicaci\u00f3n respondemos a una pregunta que el soporte de SendNOW recibe con frecuencia: No veo la moneda de mi pa\u00eds en la aplicaci\u00f3n. \u00bfSignifica esto que las transferencias desde este pa\u00eds no est\u00e1n disponibles? Por ejemplo: en la aplicaci\u00f3n SendNOW no aparece la lira turca como moneda de pago de la transferencia.\u00bfSignifica esto [&hellip;]<\/p>\n","protected":false},"author":3,"featured_media":0,"parent":0,"menu_order":0,"comment_status":"closed","ping_status":"closed","template":"","meta":{"footnotes":""},"class_list":["post-607","page","type-page","status-publish","hentry"],"yoast_head":"<!-- This site is optimized with the Yoast SEO plugin v25.9 - https:\/\/yoast.com\/wordpress\/plugins\/seo\/ -->\n<title>C\u00f3mo enviar una transferencia si no ves la moneda de tu pa\u00eds en la aplicaci\u00f3n de transferencias de dinero SendNOW - Help &amp; Guides \u2014 SendNOW<\/title>\n<meta name=\"robots\" content=\"index, follow, max-snippet:-1, max-image-preview:large, max-video-preview:-1\" \/>\n<link rel=\"canonical\" href=\"https:\/\/sendnow.money\/blog\/es\/como-enviar-una-transferencia-si-no-ves-la-moneda-de-tu-pais-en-la-aplicacion-de-transferencias-de-dinero-sendnow\/\" \/>\n<meta property=\"og:locale\" content=\"en_US\" \/>\n<meta property=\"og:type\" content=\"article\" \/>\n<meta property=\"og:title\" content=\"C\u00f3mo enviar una transferencia si no ves la moneda de tu pa\u00eds en la aplicaci\u00f3n de transferencias de dinero SendNOW - Help &amp; Guides \u2014 SendNOW\" \/>\n<meta property=\"og:description\" content=\"En esta publicaci\u00f3n respondemos a una pregunta que el soporte de SendNOW recibe con frecuencia: No veo la moneda de mi pa\u00eds en la aplicaci\u00f3n. \u00bfSignifica esto que las transferencias desde este pa\u00eds no est\u00e1n disponibles? Por ejemplo: en la aplicaci\u00f3n SendNOW no aparece la lira turca como moneda de pago de la transferencia.\u00bfSignifica esto [&hellip;]\" \/>\n<meta property=\"og:url\" content=\"https:\/\/sendnow.money\/blog\/es\/como-enviar-una-transferencia-si-no-ves-la-moneda-de-tu-pais-en-la-aplicacion-de-transferencias-de-dinero-sendnow\/\" \/>\n<meta property=\"og:site_name\" content=\"Help &amp; Guides \u2014 SendNOW\" \/>\n<meta property=\"article:publisher\" content=\"https:\/\/www.facebook.com\/profile.php?id=100093676399740#\" \/>\n<meta property=\"article:modified_time\" content=\"2025-12-26T13:53:57+00:00\" \/>\n<meta property=\"og:image\" content=\"https:\/\/storage.googleapis.com\/sendnow-blog-prod-statless-media\/wp-content\/uploads\/9df82503-image.png\" \/>\n\t<meta property=\"og:image:width\" content=\"1536\" \/>\n\t<meta property=\"og:image:height\" content=\"856\" \/>\n\t<meta property=\"og:image:type\" content=\"image\/png\" \/>\n<meta name=\"twitter:card\" content=\"summary_large_image\" \/>\n<meta name=\"twitter:site\" content=\"@Send__NOW\" \/>\n<meta name=\"twitter:label1\" content=\"Est. reading time\" \/>\n\t<meta name=\"twitter:data1\" content=\"2 minutes\" \/>\n<script type=\"application\/ld+json\" class=\"yoast-schema-graph\">{\"@context\":\"https:\/\/schema.org\",\"@graph\":[{\"@type\":\"WebPage\",\"@id\":\"https:\/\/sendnow.money\/blog\/es\/como-enviar-una-transferencia-si-no-ves-la-moneda-de-tu-pais-en-la-aplicacion-de-transferencias-de-dinero-sendnow\/\",\"url\":\"https:\/\/sendnow.money\/blog\/es\/como-enviar-una-transferencia-si-no-ves-la-moneda-de-tu-pais-en-la-aplicacion-de-transferencias-de-dinero-sendnow\/\",\"name\":\"C\u00f3mo enviar una transferencia si no ves la moneda de tu pa\u00eds en la aplicaci\u00f3n de transferencias de dinero SendNOW - Help &amp; Guides \u2014 SendNOW\",\"isPartOf\":{\"@id\":\"https:\/\/sendnow.money\/blog\/#website\"},\"primaryImageOfPage\":{\"@id\":\"https:\/\/sendnow.money\/blog\/es\/como-enviar-una-transferencia-si-no-ves-la-moneda-de-tu-pais-en-la-aplicacion-de-transferencias-de-dinero-sendnow\/#primaryimage\"},\"image\":{\"@id\":\"https:\/\/sendnow.money\/blog\/es\/como-enviar-una-transferencia-si-no-ves-la-moneda-de-tu-pais-en-la-aplicacion-de-transferencias-de-dinero-sendnow\/#primaryimage\"},\"thumbnailUrl\":\"https:\/\/storage.googleapis.com\/sendnow-blog-prod-statless-media\/wp-content\/uploads\/9df82503-image-1024x571.png\",\"datePublished\":\"2025-12-26T12:48:09+00:00\",\"dateModified\":\"2025-12-26T13:53:57+00:00\",\"breadcrumb\":{\"@id\":\"https:\/\/sendnow.money\/blog\/es\/como-enviar-una-transferencia-si-no-ves-la-moneda-de-tu-pais-en-la-aplicacion-de-transferencias-de-dinero-sendnow\/#breadcrumb\"},\"inLanguage\":\"en-US\",\"potentialAction\":[{\"@type\":\"ReadAction\",\"target\":[\"https:\/\/sendnow.money\/blog\/es\/como-enviar-una-transferencia-si-no-ves-la-moneda-de-tu-pais-en-la-aplicacion-de-transferencias-de-dinero-sendnow\/\"]}]},{\"@type\":\"ImageObject\",\"inLanguage\":\"en-US\",\"@id\":\"https:\/\/sendnow.money\/blog\/es\/como-enviar-una-transferencia-si-no-ves-la-moneda-de-tu-pais-en-la-aplicacion-de-transferencias-de-dinero-sendnow\/#primaryimage\",\"url\":\"https:\/\/storage.googleapis.com\/sendnow-blog-prod-statless-media\/wp-content\/uploads\/9df82503-image-1024x571.png\",\"contentUrl\":\"https:\/\/storage.googleapis.com\/sendnow-blog-prod-statless-media\/wp-content\/uploads\/9df82503-image-1024x571.png\"},{\"@type\":\"BreadcrumbList\",\"@id\":\"https:\/\/sendnow.money\/blog\/es\/como-enviar-una-transferencia-si-no-ves-la-moneda-de-tu-pais-en-la-aplicacion-de-transferencias-de-dinero-sendnow\/#breadcrumb\",\"itemListElement\":[{\"@type\":\"ListItem\",\"position\":1,\"name\":\"Home\",\"item\":\"https:\/\/sendnow.money\/blog\/\"},{\"@type\":\"ListItem\",\"position\":2,\"name\":\"C\u00f3mo enviar una transferencia si no ves la moneda de tu pa\u00eds en la aplicaci\u00f3n de transferencias de dinero SendNOW\"}]},{\"@type\":\"WebSite\",\"@id\":\"https:\/\/sendnow.money\/blog\/#website\",\"url\":\"https:\/\/sendnow.money\/blog\/\",\"name\":\"SendNOW Blog\",\"description\":\"Guides and tips on international money transfers with SendNOW\",\"publisher\":{\"@id\":\"https:\/\/sendnow.money\/blog\/#organization\"},\"potentialAction\":[{\"@type\":\"SearchAction\",\"target\":{\"@type\":\"EntryPoint\",\"urlTemplate\":\"https:\/\/sendnow.money\/blog\/?s={search_term_string}\"},\"query-input\":{\"@type\":\"PropertyValueSpecification\",\"valueRequired\":true,\"valueName\":\"search_term_string\"}}],\"inLanguage\":\"en-US\"},{\"@type\":\"Organization\",\"@id\":\"https:\/\/sendnow.money\/blog\/#organization\",\"name\":\"SendNOW Blog\",\"url\":\"https:\/\/sendnow.money\/blog\/\",\"logo\":{\"@type\":\"ImageObject\",\"inLanguage\":\"en-US\",\"@id\":\"https:\/\/sendnow.money\/blog\/#\/schema\/logo\/image\/\",\"url\":\"https:\/\/storage.googleapis.com\/sendnow-blog-prod-statless-media\/wp-content\/uploads\/28db9941-cropped-23ef375b-logo_min-scaled-1.png\",\"contentUrl\":\"https:\/\/storage.googleapis.com\/sendnow-blog-prod-statless-media\/wp-content\/uploads\/28db9941-cropped-23ef375b-logo_min-scaled-1.png\",\"width\":512,\"height\":512,\"caption\":\"SendNOW Blog\"},\"image\":{\"@id\":\"https:\/\/sendnow.money\/blog\/#\/schema\/logo\/image\/\"},\"sameAs\":[\"https:\/\/www.facebook.com\/profile.php?id=100093676399740#\",\"https:\/\/x.com\/Send__NOW\"]}]}<\/script>\n<!-- \/ Yoast SEO plugin. -->","yoast_head_json":{"title":"C\u00f3mo enviar una transferencia si no ves la moneda de tu pa\u00eds en la aplicaci\u00f3n de transferencias de dinero SendNOW - Help &amp; Guides \u2014 SendNOW","robots":{"index":"index","follow":"follow","max-snippet":"max-snippet:-1","max-image-preview":"max-image-preview:large","max-video-preview":"max-video-preview:-1"},"canonical":"https:\/\/sendnow.money\/blog\/es\/como-enviar-una-transferencia-si-no-ves-la-moneda-de-tu-pais-en-la-aplicacion-de-transferencias-de-dinero-sendnow\/","og_locale":"en_US","og_type":"article","og_title":"C\u00f3mo enviar una transferencia si no ves la moneda de tu pa\u00eds en la aplicaci\u00f3n de transferencias de dinero SendNOW - Help &amp; Guides \u2014 SendNOW","og_description":"En esta publicaci\u00f3n respondemos a una pregunta que el soporte de SendNOW recibe con frecuencia: No veo la moneda de mi pa\u00eds en la aplicaci\u00f3n. \u00bfSignifica esto que las transferencias desde este pa\u00eds no est\u00e1n disponibles? Por ejemplo: en la aplicaci\u00f3n SendNOW no aparece la lira turca como moneda de pago de la transferencia.\u00bfSignifica esto [&hellip;]","og_url":"https:\/\/sendnow.money\/blog\/es\/como-enviar-una-transferencia-si-no-ves-la-moneda-de-tu-pais-en-la-aplicacion-de-transferencias-de-dinero-sendnow\/","og_site_name":"Help &amp; Guides \u2014 SendNOW","article_publisher":"https:\/\/www.facebook.com\/profile.php?id=100093676399740#","article_modified_time":"2025-12-26T13:53:57+00:00","og_image":[{"width":1536,"height":856,"url":"https:\/\/storage.googleapis.com\/sendnow-blog-prod-statless-media\/wp-content\/uploads\/9df82503-image.png","type":"image\/png"}],"twitter_card":"summary_large_image","twitter_site":"@Send__NOW","twitter_misc":{"Est. reading time":"2 minutes"},"schema":{"@context":"https:\/\/schema.org","@graph":[{"@type":"WebPage","@id":"https:\/\/sendnow.money\/blog\/es\/como-enviar-una-transferencia-si-no-ves-la-moneda-de-tu-pais-en-la-aplicacion-de-transferencias-de-dinero-sendnow\/","url":"https:\/\/sendnow.money\/blog\/es\/como-enviar-una-transferencia-si-no-ves-la-moneda-de-tu-pais-en-la-aplicacion-de-transferencias-de-dinero-sendnow\/","name":"C\u00f3mo enviar una transferencia si no ves la moneda de tu pa\u00eds en la aplicaci\u00f3n de transferencias de dinero SendNOW - Help &amp; Guides \u2014 SendNOW","isPartOf":{"@id":"https:\/\/sendnow.money\/blog\/#website"},"primaryImageOfPage":{"@id":"https:\/\/sendnow.money\/blog\/es\/como-enviar-una-transferencia-si-no-ves-la-moneda-de-tu-pais-en-la-aplicacion-de-transferencias-de-dinero-sendnow\/#primaryimage"},"image":{"@id":"https:\/\/sendnow.money\/blog\/es\/como-enviar-una-transferencia-si-no-ves-la-moneda-de-tu-pais-en-la-aplicacion-de-transferencias-de-dinero-sendnow\/#primaryimage"},"thumbnailUrl":"https:\/\/storage.googleapis.com\/sendnow-blog-prod-statless-media\/wp-content\/uploads\/9df82503-image-1024x571.png","datePublished":"2025-12-26T12:48:09+00:00","dateModified":"2025-12-26T13:53:57+00:00","breadcrumb":{"@id":"https:\/\/sendnow.money\/blog\/es\/como-enviar-una-transferencia-si-no-ves-la-moneda-de-tu-pais-en-la-aplicacion-de-transferencias-de-dinero-sendnow\/#breadcrumb"},"inLanguage":"en-US","potentialAction":[{"@type":"ReadAction","target":["https:\/\/sendnow.money\/blog\/es\/como-enviar-una-transferencia-si-no-ves-la-moneda-de-tu-pais-en-la-aplicacion-de-transferencias-de-dinero-sendnow\/"]}]},{"@type":"ImageObject","inLanguage":"en-US","@id":"https:\/\/sendnow.money\/blog\/es\/como-enviar-una-transferencia-si-no-ves-la-moneda-de-tu-pais-en-la-aplicacion-de-transferencias-de-dinero-sendnow\/#primaryimage","url":"https:\/\/storage.googleapis.com\/sendnow-blog-prod-statless-media\/wp-content\/uploads\/9df82503-image-1024x571.png","contentUrl":"https:\/\/storage.googleapis.com\/sendnow-blog-prod-statless-media\/wp-content\/uploads\/9df82503-image-1024x571.png"},{"@type":"BreadcrumbList","@id":"https:\/\/sendnow.money\/blog\/es\/como-enviar-una-transferencia-si-no-ves-la-moneda-de-tu-pais-en-la-aplicacion-de-transferencias-de-dinero-sendnow\/#breadcrumb","itemListElement":[{"@type":"ListItem","position":1,"name":"Home","item":"https:\/\/sendnow.money\/blog\/"},{"@type":"ListItem","position":2,"name":"C\u00f3mo enviar una transferencia si no ves la moneda de tu pa\u00eds en la aplicaci\u00f3n de transferencias de dinero SendNOW"}]},{"@type":"WebSite","@id":"https:\/\/sendnow.money\/blog\/#website","url":"https:\/\/sendnow.money\/blog\/","name":"SendNOW Blog","description":"Guides and tips on international money transfers with SendNOW","publisher":{"@id":"https:\/\/sendnow.money\/blog\/#organization"},"potentialAction":[{"@type":"SearchAction","target":{"@type":"EntryPoint","urlTemplate":"https:\/\/sendnow.money\/blog\/?s={search_term_string}"},"query-input":{"@type":"PropertyValueSpecification","valueRequired":true,"valueName":"search_term_string"}}],"inLanguage":"en-US"},{"@type":"Organization","@id":"https:\/\/sendnow.money\/blog\/#organization","name":"SendNOW Blog","url":"https:\/\/sendnow.money\/blog\/","logo":{"@type":"ImageObject","inLanguage":"en-US","@id":"https:\/\/sendnow.money\/blog\/#\/schema\/logo\/image\/","url":"https:\/\/storage.googleapis.com\/sendnow-blog-prod-statless-media\/wp-content\/uploads\/28db9941-cropped-23ef375b-logo_min-scaled-1.png","contentUrl":"https:\/\/storage.googleapis.com\/sendnow-blog-prod-statless-media\/wp-content\/uploads\/28db9941-cropped-23ef375b-logo_min-scaled-1.png","width":512,"height":512,"caption":"SendNOW Blog"},"image":{"@id":"https:\/\/sendnow.money\/blog\/#\/schema\/logo\/image\/"},"sameAs":["https:\/\/www.facebook.com\/profile.php?id=100093676399740#","https:\/\/x.com\/Send__NOW"]}]}},"_links":{"self":[{"href":"https:\/\/sendnow.money\/blog\/wp-json\/wp\/v2\/pages\/607","targetHints":{"allow":["GET"]}}],"collection":[{"href":"https:\/\/sendnow.money\/blog\/wp-json\/wp\/v2\/pages"}],"about":[{"href":"https:\/\/sendnow.money\/blog\/wp-json\/wp\/v2\/types\/page"}],"author":[{"embeddable":true,"href":"https:\/\/sendnow.money\/blog\/wp-json\/wp\/v2\/users\/3"}],"replies":[{"embeddable":true,"href":"https:\/\/sendnow.money\/blog\/wp-json\/wp\/v2\/comments?post=607"}],"version-history":[{"count":2,"href":"https:\/\/sendnow.money\/blog\/wp-json\/wp\/v2\/pages\/607\/revisions"}],"predecessor-version":[{"id":630,"href":"https:\/\/sendnow.money\/blog\/wp-json\/wp\/v2\/pages\/607\/revisions\/630"}],"wp:attachment":[{"href":"https:\/\/sendnow.money\/blog\/wp-json\/wp\/v2\/media?parent=607"}],"curies":[{"name":"wp","href":"https:\/\/api.w.org\/{rel}","templated":true}]}}