{"id":602,"date":"2025-12-25T18:37:47","date_gmt":"2025-12-25T17:37:47","guid":{"rendered":"https:\/\/sendnow.money\/blog\/?page_id=602"},"modified":"2025-12-26T14:55:29","modified_gmt":"2025-12-26T13:55:29","slug":"wie-sie-eine-uberweisung-senden-wenn-die-wahrung-ihres-landes-in-der-sendnow-app-nicht-angezeigt-wird","status":"publish","type":"page","link":"https:\/\/sendnow.money\/blog\/de\/wie-sie-eine-uberweisung-senden-wenn-die-wahrung-ihres-landes-in-der-sendnow-app-nicht-angezeigt-wird\/","title":{"rendered":"Wie Sie eine \u00dcberweisung senden, wenn die W\u00e4hrung Ihres Landes in der SendNOW-App nicht angezeigt wird"},"content":{"rendered":"\n<p>In diesem Beitrag beantworten wir eine Frage, die dem <a href=\"https:\/\/sendnow.money\/de\" target=\"_blank\" rel=\"noreferrer noopener\">SendNOW<\/a>-Support h\u00e4ufig gestellt wird:<\/p>\n\n\n\n<figure class=\"wp-block-pullquote\"><blockquote><p>&#8216;Ich sehe die W\u00e4hrung meines Landes nicht in der App. Bedeutet das, dass \u00dcberweisungen aus diesem Land nicht verf\u00fcgbar sind?<\/p><\/blockquote><\/figure>\n\n\n\n<blockquote class=\"wp-block-quote is-layout-flow wp-block-quote-is-layout-flow\">\n<p>Zum Beispiel: In der SendNOW-App ist die t\u00fcrkische Lira nicht als Zahlungsw\u00e4hrung verf\u00fcgbar. Bedeutet das, dass man aus der T\u00fcrkei kein Geld senden kann?<\/p>\n<\/blockquote>\n\n\n\n<p><strong>Die Antwort lautet: Nein.<\/strong> Das bedeutet nicht, dass \u00dcberweisungen aus diesem Land nicht m\u00f6glich sind. Es bedeutet lediglich, dass die \u00dcberweisung aus diesem Land in einer anderen, in der App verf\u00fcgbaren W\u00e4hrung bezahlt werden muss.<\/p>\n\n\n\n<p>In der App sehen Sie <strong>die W\u00e4hrungen, in denen eine \u00dcberweisung bezahlt werden kann<\/strong>, und <strong>nicht<\/strong> eine Liste der L\u00e4nder, aus denen Geld gesendet werden kann. Entscheidend ist also nicht die \u201eLandesw\u00e4hrung\u201c, sondern die <strong>W\u00e4hrung Ihrer Karte oder Ihres Kontos<\/strong>, mit der Sie die \u00dcberweisung bezahlen.<\/p>\n\n\n\n<p>Zur\u00fcck zum Beispiel mit der T\u00fcrkei und der t\u00fcrkischen Lira:<\/p>\n\n\n\n<ul class=\"wp-block-list\">\n<li>Sie m\u00f6chten eine \u00dcberweisung mit SendNOW senden und befinden sich in der T\u00fcrkei, aber die t\u00fcrkische Lira ist in der App nicht verf\u00fcgbar.<\/li>\n\n\n\n<li>Wenn Sie eine Karte oder ein Konto bei einer t\u00fcrkischen oder einer anderen Bank in <strong>EUR oder USD<\/strong> besitzen, k\u00f6nnen Sie die \u00dcberweisung problemlos bezahlen, indem Sie <strong>EUR oder USD<\/strong> als Zahlungsw\u00e4hrung ausw\u00e4hlen.<\/li>\n<\/ul>\n\n\n\n<h2 class=\"wp-block-heading\">Falls Sie Fragen haben \u2013 der Support ist f\u00fcr Sie da<\/h2>\n\n\n\n<p>Bei allen Fragen zur Nutzung der SendNOW-App k\u00f6nnen Sie sich jederzeit an den Support wenden.<br>F\u00fcr schnelle Hilfe klicken Sie einfach auf das Chat-Symbol unten rechts im App-Bildschirm \u2013 wir beraten und unterst\u00fctzen Sie in jeder Phase.<\/p>\n\n\n\n<figure class=\"wp-block-embed is-type-video is-provider-youtube wp-block-embed-youtube wp-embed-aspect-16-9 wp-has-aspect-ratio\"><div class=\"wp-block-embed__wrapper\">\n<iframe loading=\"lazy\" title=\"Internationale Geldtransfer-App \u2014 SendNOW | Geld nach Russland senden\" width=\"500\" height=\"281\" src=\"https:\/\/www.youtube.com\/embed\/sIi3aftMu8g?feature=oembed\" frameborder=\"0\" allow=\"accelerometer; autoplay; clipboard-write; encrypted-media; gyroscope; picture-in-picture; web-share\" referrerpolicy=\"strict-origin-when-cross-origin\" allowfullscreen><\/iframe>\n<\/div><\/figure>\n\n\n\n<p><\/p>\n\n\n\n<p><strong>Weitere hilfreiche Materialien, die f\u00fcr Sie interessant sein k\u00f6nnten:<\/strong><\/p>\n\n\n\n<p>Artikel \u00fcber die \u00c4nderungen im russischen Recht und deren Auswirkungen auf \u00dcberweisungen nach Russland mit SendNOW: [<strong><a href=\"https:\/\/sendnow.money\/blog\/de\/wie-kann-man-2025-geld-nach-russland-ueberweisen\/\">Wie kann man 2025 Geld nach Russland \u00fcberweisen?<\/a><\/strong>]<\/p>\n\n\n\n<p>Wenn Sie Geld nach Russland per Kryptow\u00e4hrung senden m\u00f6chten, lesen Sie diesen Leitfaden: [<strong><a href=\"http:\/\/xn--so%20senden%20sie%20geld%20per%20kryptowhrung%20in%20der%20sendnow-app-92f:%20Schritt-f%C3%BCr-Schritt-Anleitung\/\">So senden Sie Geld per Kryptow\u00e4hrung in der SendNOW-App: Schritt-f\u00fcr-Schritt-Anleitung<\/a><\/strong>]<\/p>\n\n\n\n<p><strong>Links zum sendnow-Dienst:<\/strong><\/p>\n\n\n\n<figure class=\"wp-block-image size-large\"><a href=\"https:\/\/sendnow.money\/de\"><img loading=\"lazy\" decoding=\"async\" width=\"1024\" height=\"508\" src=\"https:\/\/storage.googleapis.com\/sendnow-blog-prod-statless-media\/wp-content\/uploads\/cecf3255-to_russia_de-1024x508.png\" alt=\"\" class=\"wp-image-534\" srcset=\"https:\/\/storage.googleapis.com\/sendnow-blog-prod-statless-media\/wp-content\/uploads\/cecf3255-to_russia_de-1024x508.png 1024w, https:\/\/storage.googleapis.com\/sendnow-blog-prod-statless-media\/wp-content\/uploads\/cecf3255-to_russia_de-300x149.png 300w, https:\/\/storage.googleapis.com\/sendnow-blog-prod-statless-media\/wp-content\/uploads\/cecf3255-to_russia_de-768x381.png 768w, https:\/\/storage.googleapis.com\/sendnow-blog-prod-statless-media\/wp-content\/uploads\/cecf3255-to_russia_de-1536x762.png 1536w, https:\/\/storage.googleapis.com\/sendnow-blog-prod-statless-media\/wp-content\/uploads\/cecf3255-to_russia_de.png 1651w\" sizes=\"auto, (max-width: 1024px) 100vw, 1024px\" \/><\/a><\/figure>\n","protected":false},"excerpt":{"rendered":"<p>In diesem Beitrag beantworten wir eine Frage, die dem SendNOW-Support h\u00e4ufig gestellt wird: &#8216;Ich sehe die W\u00e4hrung meines Landes nicht in der App. Bedeutet das, dass \u00dcberweisungen aus diesem Land nicht verf\u00fcgbar sind? Zum Beispiel: In der SendNOW-App ist die t\u00fcrkische Lira nicht als Zahlungsw\u00e4hrung verf\u00fcgbar. Bedeutet das, dass man aus der T\u00fcrkei kein Geld [&hellip;]<\/p>\n","protected":false},"author":3,"featured_media":0,"parent":0,"menu_order":0,"comment_status":"closed","ping_status":"closed","template":"","meta":{"footnotes":""},"class_list":["post-602","page","type-page","status-publish","hentry"],"yoast_head":"<!-- This site is optimized with the Yoast SEO plugin v25.9 - https:\/\/yoast.com\/wordpress\/plugins\/seo\/ -->\n<title>Wie Sie eine \u00dcberweisung senden, wenn die W\u00e4hrung Ihres Landes in der SendNOW-App nicht angezeigt wird - Help &amp; Guides \u2014 SendNOW<\/title>\n<meta name=\"robots\" content=\"index, follow, max-snippet:-1, max-image-preview:large, max-video-preview:-1\" \/>\n<link rel=\"canonical\" href=\"https:\/\/sendnow.money\/blog\/de\/wie-sie-eine-uberweisung-senden-wenn-die-wahrung-ihres-landes-in-der-sendnow-app-nicht-angezeigt-wird\/\" \/>\n<meta property=\"og:locale\" content=\"en_US\" \/>\n<meta property=\"og:type\" content=\"article\" \/>\n<meta property=\"og:title\" content=\"Wie Sie eine \u00dcberweisung senden, wenn die W\u00e4hrung Ihres Landes in der SendNOW-App nicht angezeigt wird - Help &amp; Guides \u2014 SendNOW\" \/>\n<meta property=\"og:description\" content=\"In diesem Beitrag beantworten wir eine Frage, die dem SendNOW-Support h\u00e4ufig gestellt wird: &#8216;Ich sehe die W\u00e4hrung meines Landes nicht in der App. Bedeutet das, dass \u00dcberweisungen aus diesem Land nicht verf\u00fcgbar sind? Zum Beispiel: In der SendNOW-App ist die t\u00fcrkische Lira nicht als Zahlungsw\u00e4hrung verf\u00fcgbar. Bedeutet das, dass man aus der T\u00fcrkei kein Geld [&hellip;]\" \/>\n<meta property=\"og:url\" content=\"https:\/\/sendnow.money\/blog\/de\/wie-sie-eine-uberweisung-senden-wenn-die-wahrung-ihres-landes-in-der-sendnow-app-nicht-angezeigt-wird\/\" \/>\n<meta property=\"og:site_name\" content=\"Help &amp; Guides \u2014 SendNOW\" \/>\n<meta property=\"article:publisher\" content=\"https:\/\/www.facebook.com\/profile.php?id=100093676399740#\" \/>\n<meta property=\"article:modified_time\" content=\"2025-12-26T13:55:29+00:00\" \/>\n<meta property=\"og:image\" content=\"https:\/\/storage.googleapis.com\/sendnow-blog-prod-statless-media\/wp-content\/uploads\/cecf3255-to_russia_de.png\" \/>\n\t<meta property=\"og:image:width\" content=\"1651\" \/>\n\t<meta property=\"og:image:height\" content=\"819\" \/>\n\t<meta property=\"og:image:type\" content=\"image\/png\" \/>\n<meta name=\"twitter:card\" content=\"summary_large_image\" \/>\n<meta name=\"twitter:site\" content=\"@Send__NOW\" \/>\n<meta name=\"twitter:label1\" content=\"Est. reading time\" \/>\n\t<meta name=\"twitter:data1\" content=\"2 minutes\" \/>\n<script type=\"application\/ld+json\" class=\"yoast-schema-graph\">{\"@context\":\"https:\/\/schema.org\",\"@graph\":[{\"@type\":\"WebPage\",\"@id\":\"https:\/\/sendnow.money\/blog\/de\/wie-sie-eine-uberweisung-senden-wenn-die-wahrung-ihres-landes-in-der-sendnow-app-nicht-angezeigt-wird\/\",\"url\":\"https:\/\/sendnow.money\/blog\/de\/wie-sie-eine-uberweisung-senden-wenn-die-wahrung-ihres-landes-in-der-sendnow-app-nicht-angezeigt-wird\/\",\"name\":\"Wie Sie eine \u00dcberweisung senden, wenn die W\u00e4hrung Ihres Landes in der SendNOW-App nicht angezeigt wird - Help &amp; Guides \u2014 SendNOW\",\"isPartOf\":{\"@id\":\"https:\/\/sendnow.money\/blog\/#website\"},\"primaryImageOfPage\":{\"@id\":\"https:\/\/sendnow.money\/blog\/de\/wie-sie-eine-uberweisung-senden-wenn-die-wahrung-ihres-landes-in-der-sendnow-app-nicht-angezeigt-wird\/#primaryimage\"},\"image\":{\"@id\":\"https:\/\/sendnow.money\/blog\/de\/wie-sie-eine-uberweisung-senden-wenn-die-wahrung-ihres-landes-in-der-sendnow-app-nicht-angezeigt-wird\/#primaryimage\"},\"thumbnailUrl\":\"https:\/\/storage.googleapis.com\/sendnow-blog-prod-statless-media\/wp-content\/uploads\/cecf3255-to_russia_de-1024x508.png\",\"datePublished\":\"2025-12-25T17:37:47+00:00\",\"dateModified\":\"2025-12-26T13:55:29+00:00\",\"breadcrumb\":{\"@id\":\"https:\/\/sendnow.money\/blog\/de\/wie-sie-eine-uberweisung-senden-wenn-die-wahrung-ihres-landes-in-der-sendnow-app-nicht-angezeigt-wird\/#breadcrumb\"},\"inLanguage\":\"en-US\",\"potentialAction\":[{\"@type\":\"ReadAction\",\"target\":[\"https:\/\/sendnow.money\/blog\/de\/wie-sie-eine-uberweisung-senden-wenn-die-wahrung-ihres-landes-in-der-sendnow-app-nicht-angezeigt-wird\/\"]}]},{\"@type\":\"ImageObject\",\"inLanguage\":\"en-US\",\"@id\":\"https:\/\/sendnow.money\/blog\/de\/wie-sie-eine-uberweisung-senden-wenn-die-wahrung-ihres-landes-in-der-sendnow-app-nicht-angezeigt-wird\/#primaryimage\",\"url\":\"https:\/\/storage.googleapis.com\/sendnow-blog-prod-statless-media\/wp-content\/uploads\/cecf3255-to_russia_de-1024x508.png\",\"contentUrl\":\"https:\/\/storage.googleapis.com\/sendnow-blog-prod-statless-media\/wp-content\/uploads\/cecf3255-to_russia_de-1024x508.png\"},{\"@type\":\"BreadcrumbList\",\"@id\":\"https:\/\/sendnow.money\/blog\/de\/wie-sie-eine-uberweisung-senden-wenn-die-wahrung-ihres-landes-in-der-sendnow-app-nicht-angezeigt-wird\/#breadcrumb\",\"itemListElement\":[{\"@type\":\"ListItem\",\"position\":1,\"name\":\"Home\",\"item\":\"https:\/\/sendnow.money\/blog\/\"},{\"@type\":\"ListItem\",\"position\":2,\"name\":\"Wie Sie eine \u00dcberweisung senden, wenn die W\u00e4hrung Ihres Landes in der SendNOW-App nicht angezeigt wird\"}]},{\"@type\":\"WebSite\",\"@id\":\"https:\/\/sendnow.money\/blog\/#website\",\"url\":\"https:\/\/sendnow.money\/blog\/\",\"name\":\"SendNOW Blog\",\"description\":\"Guides and tips on international money transfers with SendNOW\",\"publisher\":{\"@id\":\"https:\/\/sendnow.money\/blog\/#organization\"},\"potentialAction\":[{\"@type\":\"SearchAction\",\"target\":{\"@type\":\"EntryPoint\",\"urlTemplate\":\"https:\/\/sendnow.money\/blog\/?s={search_term_string}\"},\"query-input\":{\"@type\":\"PropertyValueSpecification\",\"valueRequired\":true,\"valueName\":\"search_term_string\"}}],\"inLanguage\":\"en-US\"},{\"@type\":\"Organization\",\"@id\":\"https:\/\/sendnow.money\/blog\/#organization\",\"name\":\"SendNOW Blog\",\"url\":\"https:\/\/sendnow.money\/blog\/\",\"logo\":{\"@type\":\"ImageObject\",\"inLanguage\":\"en-US\",\"@id\":\"https:\/\/sendnow.money\/blog\/#\/schema\/logo\/image\/\",\"url\":\"https:\/\/storage.googleapis.com\/sendnow-blog-prod-statless-media\/wp-content\/uploads\/28db9941-cropped-23ef375b-logo_min-scaled-1.png\",\"contentUrl\":\"https:\/\/storage.googleapis.com\/sendnow-blog-prod-statless-media\/wp-content\/uploads\/28db9941-cropped-23ef375b-logo_min-scaled-1.png\",\"width\":512,\"height\":512,\"caption\":\"SendNOW Blog\"},\"image\":{\"@id\":\"https:\/\/sendnow.money\/blog\/#\/schema\/logo\/image\/\"},\"sameAs\":[\"https:\/\/www.facebook.com\/profile.php?id=100093676399740#\",\"https:\/\/x.com\/Send__NOW\"]}]}<\/script>\n<!-- \/ Yoast SEO plugin. -->","yoast_head_json":{"title":"Wie Sie eine \u00dcberweisung senden, wenn die W\u00e4hrung Ihres Landes in der SendNOW-App nicht angezeigt wird - Help &amp; Guides \u2014 SendNOW","robots":{"index":"index","follow":"follow","max-snippet":"max-snippet:-1","max-image-preview":"max-image-preview:large","max-video-preview":"max-video-preview:-1"},"canonical":"https:\/\/sendnow.money\/blog\/de\/wie-sie-eine-uberweisung-senden-wenn-die-wahrung-ihres-landes-in-der-sendnow-app-nicht-angezeigt-wird\/","og_locale":"en_US","og_type":"article","og_title":"Wie Sie eine \u00dcberweisung senden, wenn die W\u00e4hrung Ihres Landes in der SendNOW-App nicht angezeigt wird - Help &amp; Guides \u2014 SendNOW","og_description":"In diesem Beitrag beantworten wir eine Frage, die dem SendNOW-Support h\u00e4ufig gestellt wird: &#8216;Ich sehe die W\u00e4hrung meines Landes nicht in der App. Bedeutet das, dass \u00dcberweisungen aus diesem Land nicht verf\u00fcgbar sind? Zum Beispiel: In der SendNOW-App ist die t\u00fcrkische Lira nicht als Zahlungsw\u00e4hrung verf\u00fcgbar. Bedeutet das, dass man aus der T\u00fcrkei kein Geld [&hellip;]","og_url":"https:\/\/sendnow.money\/blog\/de\/wie-sie-eine-uberweisung-senden-wenn-die-wahrung-ihres-landes-in-der-sendnow-app-nicht-angezeigt-wird\/","og_site_name":"Help &amp; Guides \u2014 SendNOW","article_publisher":"https:\/\/www.facebook.com\/profile.php?id=100093676399740#","article_modified_time":"2025-12-26T13:55:29+00:00","og_image":[{"width":1651,"height":819,"url":"https:\/\/storage.googleapis.com\/sendnow-blog-prod-statless-media\/wp-content\/uploads\/cecf3255-to_russia_de.png","type":"image\/png"}],"twitter_card":"summary_large_image","twitter_site":"@Send__NOW","twitter_misc":{"Est. reading time":"2 minutes"},"schema":{"@context":"https:\/\/schema.org","@graph":[{"@type":"WebPage","@id":"https:\/\/sendnow.money\/blog\/de\/wie-sie-eine-uberweisung-senden-wenn-die-wahrung-ihres-landes-in-der-sendnow-app-nicht-angezeigt-wird\/","url":"https:\/\/sendnow.money\/blog\/de\/wie-sie-eine-uberweisung-senden-wenn-die-wahrung-ihres-landes-in-der-sendnow-app-nicht-angezeigt-wird\/","name":"Wie Sie eine \u00dcberweisung senden, wenn die W\u00e4hrung Ihres Landes in der SendNOW-App nicht angezeigt wird - Help &amp; Guides \u2014 SendNOW","isPartOf":{"@id":"https:\/\/sendnow.money\/blog\/#website"},"primaryImageOfPage":{"@id":"https:\/\/sendnow.money\/blog\/de\/wie-sie-eine-uberweisung-senden-wenn-die-wahrung-ihres-landes-in-der-sendnow-app-nicht-angezeigt-wird\/#primaryimage"},"image":{"@id":"https:\/\/sendnow.money\/blog\/de\/wie-sie-eine-uberweisung-senden-wenn-die-wahrung-ihres-landes-in-der-sendnow-app-nicht-angezeigt-wird\/#primaryimage"},"thumbnailUrl":"https:\/\/storage.googleapis.com\/sendnow-blog-prod-statless-media\/wp-content\/uploads\/cecf3255-to_russia_de-1024x508.png","datePublished":"2025-12-25T17:37:47+00:00","dateModified":"2025-12-26T13:55:29+00:00","breadcrumb":{"@id":"https:\/\/sendnow.money\/blog\/de\/wie-sie-eine-uberweisung-senden-wenn-die-wahrung-ihres-landes-in-der-sendnow-app-nicht-angezeigt-wird\/#breadcrumb"},"inLanguage":"en-US","potentialAction":[{"@type":"ReadAction","target":["https:\/\/sendnow.money\/blog\/de\/wie-sie-eine-uberweisung-senden-wenn-die-wahrung-ihres-landes-in-der-sendnow-app-nicht-angezeigt-wird\/"]}]},{"@type":"ImageObject","inLanguage":"en-US","@id":"https:\/\/sendnow.money\/blog\/de\/wie-sie-eine-uberweisung-senden-wenn-die-wahrung-ihres-landes-in-der-sendnow-app-nicht-angezeigt-wird\/#primaryimage","url":"https:\/\/storage.googleapis.com\/sendnow-blog-prod-statless-media\/wp-content\/uploads\/cecf3255-to_russia_de-1024x508.png","contentUrl":"https:\/\/storage.googleapis.com\/sendnow-blog-prod-statless-media\/wp-content\/uploads\/cecf3255-to_russia_de-1024x508.png"},{"@type":"BreadcrumbList","@id":"https:\/\/sendnow.money\/blog\/de\/wie-sie-eine-uberweisung-senden-wenn-die-wahrung-ihres-landes-in-der-sendnow-app-nicht-angezeigt-wird\/#breadcrumb","itemListElement":[{"@type":"ListItem","position":1,"name":"Home","item":"https:\/\/sendnow.money\/blog\/"},{"@type":"ListItem","position":2,"name":"Wie Sie eine \u00dcberweisung senden, wenn die W\u00e4hrung Ihres Landes in der SendNOW-App nicht angezeigt wird"}]},{"@type":"WebSite","@id":"https:\/\/sendnow.money\/blog\/#website","url":"https:\/\/sendnow.money\/blog\/","name":"SendNOW Blog","description":"Guides and tips on international money transfers with SendNOW","publisher":{"@id":"https:\/\/sendnow.money\/blog\/#organization"},"potentialAction":[{"@type":"SearchAction","target":{"@type":"EntryPoint","urlTemplate":"https:\/\/sendnow.money\/blog\/?s={search_term_string}"},"query-input":{"@type":"PropertyValueSpecification","valueRequired":true,"valueName":"search_term_string"}}],"inLanguage":"en-US"},{"@type":"Organization","@id":"https:\/\/sendnow.money\/blog\/#organization","name":"SendNOW Blog","url":"https:\/\/sendnow.money\/blog\/","logo":{"@type":"ImageObject","inLanguage":"en-US","@id":"https:\/\/sendnow.money\/blog\/#\/schema\/logo\/image\/","url":"https:\/\/storage.googleapis.com\/sendnow-blog-prod-statless-media\/wp-content\/uploads\/28db9941-cropped-23ef375b-logo_min-scaled-1.png","contentUrl":"https:\/\/storage.googleapis.com\/sendnow-blog-prod-statless-media\/wp-content\/uploads\/28db9941-cropped-23ef375b-logo_min-scaled-1.png","width":512,"height":512,"caption":"SendNOW Blog"},"image":{"@id":"https:\/\/sendnow.money\/blog\/#\/schema\/logo\/image\/"},"sameAs":["https:\/\/www.facebook.com\/profile.php?id=100093676399740#","https:\/\/x.com\/Send__NOW"]}]}},"_links":{"self":[{"href":"https:\/\/sendnow.money\/blog\/wp-json\/wp\/v2\/pages\/602","targetHints":{"allow":["GET"]}}],"collection":[{"href":"https:\/\/sendnow.money\/blog\/wp-json\/wp\/v2\/pages"}],"about":[{"href":"https:\/\/sendnow.money\/blog\/wp-json\/wp\/v2\/types\/page"}],"author":[{"embeddable":true,"href":"https:\/\/sendnow.money\/blog\/wp-json\/wp\/v2\/users\/3"}],"replies":[{"embeddable":true,"href":"https:\/\/sendnow.money\/blog\/wp-json\/wp\/v2\/comments?post=602"}],"version-history":[{"count":3,"href":"https:\/\/sendnow.money\/blog\/wp-json\/wp\/v2\/pages\/602\/revisions"}],"predecessor-version":[{"id":632,"href":"https:\/\/sendnow.money\/blog\/wp-json\/wp\/v2\/pages\/602\/revisions\/632"}],"wp:attachment":[{"href":"https:\/\/sendnow.money\/blog\/wp-json\/wp\/v2\/media?parent=602"}],"curies":[{"name":"wp","href":"https:\/\/api.w.org\/{rel}","templated":true}]}}