{"id":503,"date":"2025-09-24T19:34:40","date_gmt":"2025-09-24T17:34:40","guid":{"rendered":"https:\/\/sendnow.money\/blog\/?page_id=503"},"modified":"2025-09-24T19:42:18","modified_gmt":"2025-09-24T17:42:18","slug":"comment-modifier-votre-profil-dans-lapplication-sendnow-et-pouvez-vous-modifier-le-courrier-electronique-du-compte","status":"publish","type":"page","link":"https:\/\/sendnow.money\/blog\/fr\/comment-modifier-votre-profil-dans-lapplication-sendnow-et-pouvez-vous-modifier-le-courrier-electronique-du-compte\/","title":{"rendered":"Comment modifier votre profil dans l&#8217;application SendNow \u2014 et pouvez-vous modifier le courrier \u00e9lectronique du compte\u00a0?"},"content":{"rendered":"\n<p>Dans cet article, nous r\u00e9pondons \u00e0 deux questions fr\u00e9quentes :<\/p>\n\n\n\n<ul class=\"wp-block-list\">\n<li><strong>&#8216;Puis-je modifier l&#8217;e-mail de mon compte&nbsp;?&#8217;<\/strong><\/li>\n\n\n\n<li><strong>&#8216;O\u00f9 puis-je modifier les d\u00e9tails de mon profil&nbsp;?&#8217;<\/strong><\/li>\n<\/ul>\n\n\n\n<p>Vous trouverez ci-dessous des r\u00e9ponses courtes et des instructions \u00e9tape par \u00e9tape pour l&#8217;application mobile et la version Web. \u00c0 la fin, vous trouverez un lien vers un didacticiel vid\u00e9o.<\/p>\n\n\n\n<p><\/p>\n\n\n\n<h2 class=\"wp-block-heading\">1) Comment modifier les d\u00e9tails de mon profil ?<\/h2>\n\n\n\n<p>Vous pouvez modifier&nbsp;: <strong>pr\u00e9nom<\/strong>, <strong>num\u00e9ro de t\u00e9l\u00e9phone<\/strong>, <strong>Pays de r\u00e9sidence<\/strong>, et <strong>date de naissance<\/strong>.<br>Vous <strong>ne peut pas<\/strong> Modifier le <strong>email<\/strong> champ (voir la section 2).<\/p>\n\n\n\n<h3 class=\"wp-block-heading\">dans l&#8217;application mobile<\/h3>\n\n\n\n<ol class=\"wp-block-list\">\n<li>Ouvrez le <strong>Profil<\/strong> onglet dans le menu du bas.<\/li>\n\n\n\n<li>Appuyez sur votre <strong>Nom du profil<\/strong> en haut (votre nom et num\u00e9ro de t\u00e9l\u00e9phone).<\/li>\n\n\n\n<li>Sur le <strong>Renseignements personnels<\/strong> \u00c9cran, modifiez les champs dont vous avez besoin&nbsp;:\n<ul class=\"wp-block-list\">\n<li>Nom et pr\u00e9nom<\/li>\n\n\n\n<li>Num\u00e9ro de t\u00e9l\u00e9phone<\/li>\n\n\n\n<li>Pays de r\u00e9sidence<\/li>\n\n\n\n<li>Date de naissance<\/li>\n\n\n\n<li><strong>E-mail \u2014 non modifiable<\/strong><\/li>\n<\/ul>\n<\/li>\n\n\n\n<li>Robinet <strong>Sauvegarder les modifications<\/strong>.<\/li>\n<\/ol>\n\n\n\n<h3 class=\"wp-block-heading\">Dans la version Web<\/h3>\n\n\n\n<ol class=\"wp-block-list\">\n<li>Aller \u00e0 <strong>R\u00e9glages<\/strong>.<\/li>\n\n\n\n<li>Cliquez sur votre <strong>Nom du profil<\/strong> ou le <strong>Ic\u00f4ne de crayon<\/strong> \u00e0 c\u00f4t\u00e9.<\/li>\n\n\n\n<li>Modifiez les champs disponibles et enregistrez.\n<ul class=\"wp-block-list\">\n<li>Les <strong>email<\/strong> Le champ est <strong>en lecture seule<\/strong>.<\/li>\n<\/ul>\n<\/li>\n<\/ol>\n\n\n\n<p>Vous pouvez \u00e9galement visionner un court didacticiel sur YouTube&nbsp;: <strong>&#8216;Sendnow &#8211; Modification de votre profil (mobile et Web).&#8217;<\/strong><\/p>\n\n\n\n<figure class=\"wp-block-embed is-type-video is-provider-youtube wp-block-embed-youtube wp-embed-aspect-4-3 wp-has-aspect-ratio\"><div class=\"wp-block-embed__wrapper\">\n<iframe loading=\"lazy\" title=\"Comment mettre \u00e0 jour votre profil dans SendNOW : guide \u00e9tape par \u00e9tape\" width=\"500\" height=\"375\" src=\"https:\/\/www.youtube.com\/embed\/8KMz2JgO7pk?feature=oembed\" frameborder=\"0\" allow=\"accelerometer; autoplay; clipboard-write; encrypted-media; gyroscope; picture-in-picture; web-share\" referrerpolicy=\"strict-origin-when-cross-origin\" allowfullscreen><\/iframe>\n<\/div><\/figure>\n\n\n\n<h2 class=\"wp-block-heading\">2) Puis-je modifier l&#8217;e-mail de mon compte&nbsp;?<\/h2>\n\n\n\n<p><strong>R\u00e9ponse courte : Non.<\/strong><br>Votre adresse e-mail est votre identifiant. Pour des raisons de s\u00e9curit\u00e9, il <strong>ne peut pas<\/strong> \u00eatre modifi\u00e9 dans l&#8217;application ou la version Web.<\/p>\n\n\n\n<p><strong>Si vous avez besoin d&#8217;un autre e-mail :<\/strong><\/p>\n\n\n\n<ul class=\"wp-block-list\">\n<li>enregistrer un <strong>nouveau compte<\/strong> avec l&#8217;adresse souhait\u00e9e.<\/li>\n\n\n\n<li>Ajoutez \u00e0 nouveau vos destinataires et les m\u00e9thodes de paiement dans le nouveau compte.<\/li>\n\n\n\n<li>Si vous avez des transferts en attente, attendez qu&#8217;ils soient termin\u00e9s dans l&#8217;ancien compte.<\/li>\n<\/ul>\n\n\n\n<p><\/p>\n\n\n\n<p><strong><strong><strong>Autres articles et guides utiles que vous pourriez trouver utiles&nbsp;:<\/strong><\/strong><\/strong><\/p>\n\n\n\n<p>Article sur la fa\u00e7on dont les modifications de la loi russe affectent les transferts vers la Russie via SendNow&nbsp;:[<strong><a href=\"https:\/\/sendnow.money\/blog\/fr\/comment-envoyer-de-largent-en-russie-en-2025\/\">Comment envoyer de l&#8217;argent en Russie en 2025 ?<\/a><\/strong>]<\/p>\n\n\n\n<p>Si vous devez envoyer de l&#8217;argent en Russie via la crypto-monnaie, consultez ce guide&nbsp;:[<a href=\"https:\/\/sendnow.money\/blog\/fr\/comment-envoyer-de-largent-via-cryptomonnaie-dans-lapplication-sendnow-guide-etape-par-etape\/\"><strong>Comment envoyer de l&#8217;argent via la crypto-monnaie dans l&#8217;application SendNow&nbsp;: guide \u00e9tape par \u00e9tape<\/strong><\/a>]<\/p>\n\n\n\n<p><\/p>\n","protected":false},"excerpt":{"rendered":"<p>Dans cet article, nous r\u00e9pondons \u00e0 deux questions fr\u00e9quentes : Vous trouverez ci-dessous des r\u00e9ponses courtes et des instructions \u00e9tape par \u00e9tape pour l&#8217;application mobile et la version Web. \u00c0 la fin, vous trouverez un lien vers un didacticiel vid\u00e9o. 1) Comment modifier les d\u00e9tails de mon profil ? Vous pouvez modifier&nbsp;: pr\u00e9nom, num\u00e9ro de [&hellip;]<\/p>\n","protected":false},"author":3,"featured_media":0,"parent":0,"menu_order":0,"comment_status":"closed","ping_status":"closed","template":"","meta":{"footnotes":""},"class_list":["post-503","page","type-page","status-publish","hentry"],"yoast_head":"<!-- This site is optimized with the Yoast SEO plugin v25.9 - https:\/\/yoast.com\/wordpress\/plugins\/seo\/ -->\n<title>Comment modifier votre profil dans l&#039;application SendNow \u2014 et pouvez-vous modifier le courrier \u00e9lectronique du compte\u00a0? - Help &amp; Guides \u2014 SendNOW<\/title>\n<meta name=\"robots\" content=\"index, follow, max-snippet:-1, max-image-preview:large, max-video-preview:-1\" \/>\n<link rel=\"canonical\" href=\"https:\/\/sendnow.money\/blog\/fr\/comment-modifier-votre-profil-dans-lapplication-sendnow-et-pouvez-vous-modifier-le-courrier-electronique-du-compte\/\" \/>\n<meta property=\"og:locale\" content=\"en_US\" \/>\n<meta property=\"og:type\" content=\"article\" \/>\n<meta property=\"og:title\" content=\"Comment modifier votre profil dans l&#039;application SendNow \u2014 et pouvez-vous modifier le courrier \u00e9lectronique du compte\u00a0? - Help &amp; Guides \u2014 SendNOW\" \/>\n<meta property=\"og:description\" content=\"Dans cet article, nous r\u00e9pondons \u00e0 deux questions fr\u00e9quentes : Vous trouverez ci-dessous des r\u00e9ponses courtes et des instructions \u00e9tape par \u00e9tape pour l&#8217;application mobile et la version Web. \u00c0 la fin, vous trouverez un lien vers un didacticiel vid\u00e9o. 1) Comment modifier les d\u00e9tails de mon profil ? Vous pouvez modifier&nbsp;: pr\u00e9nom, num\u00e9ro de [&hellip;]\" \/>\n<meta property=\"og:url\" content=\"https:\/\/sendnow.money\/blog\/fr\/comment-modifier-votre-profil-dans-lapplication-sendnow-et-pouvez-vous-modifier-le-courrier-electronique-du-compte\/\" \/>\n<meta property=\"og:site_name\" content=\"Help &amp; Guides \u2014 SendNOW\" \/>\n<meta property=\"article:publisher\" content=\"https:\/\/www.facebook.com\/profile.php?id=100093676399740#\" \/>\n<meta property=\"article:modified_time\" content=\"2025-09-24T17:42:18+00:00\" \/>\n<meta name=\"twitter:card\" content=\"summary_large_image\" \/>\n<meta name=\"twitter:site\" content=\"@Send__NOW\" \/>\n<meta name=\"twitter:label1\" content=\"Est. reading time\" \/>\n\t<meta name=\"twitter:data1\" content=\"2 minutes\" \/>\n<script type=\"application\/ld+json\" class=\"yoast-schema-graph\">{\"@context\":\"https:\/\/schema.org\",\"@graph\":[{\"@type\":\"WebPage\",\"@id\":\"https:\/\/sendnow.money\/blog\/fr\/comment-modifier-votre-profil-dans-lapplication-sendnow-et-pouvez-vous-modifier-le-courrier-electronique-du-compte\/\",\"url\":\"https:\/\/sendnow.money\/blog\/fr\/comment-modifier-votre-profil-dans-lapplication-sendnow-et-pouvez-vous-modifier-le-courrier-electronique-du-compte\/\",\"name\":\"Comment modifier votre profil dans l'application SendNow \u2014 et pouvez-vous modifier le courrier \u00e9lectronique du compte\u00a0? - Help &amp; Guides \u2014 SendNOW\",\"isPartOf\":{\"@id\":\"https:\/\/sendnow.money\/blog\/#website\"},\"datePublished\":\"2025-09-24T17:34:40+00:00\",\"dateModified\":\"2025-09-24T17:42:18+00:00\",\"breadcrumb\":{\"@id\":\"https:\/\/sendnow.money\/blog\/fr\/comment-modifier-votre-profil-dans-lapplication-sendnow-et-pouvez-vous-modifier-le-courrier-electronique-du-compte\/#breadcrumb\"},\"inLanguage\":\"en-US\",\"potentialAction\":[{\"@type\":\"ReadAction\",\"target\":[\"https:\/\/sendnow.money\/blog\/fr\/comment-modifier-votre-profil-dans-lapplication-sendnow-et-pouvez-vous-modifier-le-courrier-electronique-du-compte\/\"]}]},{\"@type\":\"BreadcrumbList\",\"@id\":\"https:\/\/sendnow.money\/blog\/fr\/comment-modifier-votre-profil-dans-lapplication-sendnow-et-pouvez-vous-modifier-le-courrier-electronique-du-compte\/#breadcrumb\",\"itemListElement\":[{\"@type\":\"ListItem\",\"position\":1,\"name\":\"Home\",\"item\":\"https:\/\/sendnow.money\/blog\/\"},{\"@type\":\"ListItem\",\"position\":2,\"name\":\"Comment modifier votre profil dans l&#8217;application SendNow \u2014 et pouvez-vous modifier le courrier \u00e9lectronique du compte\u00a0?\"}]},{\"@type\":\"WebSite\",\"@id\":\"https:\/\/sendnow.money\/blog\/#website\",\"url\":\"https:\/\/sendnow.money\/blog\/\",\"name\":\"SendNOW Blog\",\"description\":\"Guides and tips on international money transfers with SendNOW\",\"publisher\":{\"@id\":\"https:\/\/sendnow.money\/blog\/#organization\"},\"potentialAction\":[{\"@type\":\"SearchAction\",\"target\":{\"@type\":\"EntryPoint\",\"urlTemplate\":\"https:\/\/sendnow.money\/blog\/?s={search_term_string}\"},\"query-input\":{\"@type\":\"PropertyValueSpecification\",\"valueRequired\":true,\"valueName\":\"search_term_string\"}}],\"inLanguage\":\"en-US\"},{\"@type\":\"Organization\",\"@id\":\"https:\/\/sendnow.money\/blog\/#organization\",\"name\":\"SendNOW Blog\",\"url\":\"https:\/\/sendnow.money\/blog\/\",\"logo\":{\"@type\":\"ImageObject\",\"inLanguage\":\"en-US\",\"@id\":\"https:\/\/sendnow.money\/blog\/#\/schema\/logo\/image\/\",\"url\":\"https:\/\/storage.googleapis.com\/sendnow-blog-prod-statless-media\/wp-content\/uploads\/28db9941-cropped-23ef375b-logo_min-scaled-1.png\",\"contentUrl\":\"https:\/\/storage.googleapis.com\/sendnow-blog-prod-statless-media\/wp-content\/uploads\/28db9941-cropped-23ef375b-logo_min-scaled-1.png\",\"width\":512,\"height\":512,\"caption\":\"SendNOW Blog\"},\"image\":{\"@id\":\"https:\/\/sendnow.money\/blog\/#\/schema\/logo\/image\/\"},\"sameAs\":[\"https:\/\/www.facebook.com\/profile.php?id=100093676399740#\",\"https:\/\/x.com\/Send__NOW\"]}]}<\/script>\n<!-- \/ Yoast SEO plugin. -->","yoast_head_json":{"title":"Comment modifier votre profil dans l'application SendNow \u2014 et pouvez-vous modifier le courrier \u00e9lectronique du compte\u00a0? - Help &amp; Guides \u2014 SendNOW","robots":{"index":"index","follow":"follow","max-snippet":"max-snippet:-1","max-image-preview":"max-image-preview:large","max-video-preview":"max-video-preview:-1"},"canonical":"https:\/\/sendnow.money\/blog\/fr\/comment-modifier-votre-profil-dans-lapplication-sendnow-et-pouvez-vous-modifier-le-courrier-electronique-du-compte\/","og_locale":"en_US","og_type":"article","og_title":"Comment modifier votre profil dans l'application SendNow \u2014 et pouvez-vous modifier le courrier \u00e9lectronique du compte\u00a0? - Help &amp; Guides \u2014 SendNOW","og_description":"Dans cet article, nous r\u00e9pondons \u00e0 deux questions fr\u00e9quentes : Vous trouverez ci-dessous des r\u00e9ponses courtes et des instructions \u00e9tape par \u00e9tape pour l&#8217;application mobile et la version Web. \u00c0 la fin, vous trouverez un lien vers un didacticiel vid\u00e9o. 1) Comment modifier les d\u00e9tails de mon profil ? Vous pouvez modifier&nbsp;: pr\u00e9nom, num\u00e9ro de [&hellip;]","og_url":"https:\/\/sendnow.money\/blog\/fr\/comment-modifier-votre-profil-dans-lapplication-sendnow-et-pouvez-vous-modifier-le-courrier-electronique-du-compte\/","og_site_name":"Help &amp; Guides \u2014 SendNOW","article_publisher":"https:\/\/www.facebook.com\/profile.php?id=100093676399740#","article_modified_time":"2025-09-24T17:42:18+00:00","twitter_card":"summary_large_image","twitter_site":"@Send__NOW","twitter_misc":{"Est. reading time":"2 minutes"},"schema":{"@context":"https:\/\/schema.org","@graph":[{"@type":"WebPage","@id":"https:\/\/sendnow.money\/blog\/fr\/comment-modifier-votre-profil-dans-lapplication-sendnow-et-pouvez-vous-modifier-le-courrier-electronique-du-compte\/","url":"https:\/\/sendnow.money\/blog\/fr\/comment-modifier-votre-profil-dans-lapplication-sendnow-et-pouvez-vous-modifier-le-courrier-electronique-du-compte\/","name":"Comment modifier votre profil dans l'application SendNow \u2014 et pouvez-vous modifier le courrier \u00e9lectronique du compte\u00a0? - Help &amp; Guides \u2014 SendNOW","isPartOf":{"@id":"https:\/\/sendnow.money\/blog\/#website"},"datePublished":"2025-09-24T17:34:40+00:00","dateModified":"2025-09-24T17:42:18+00:00","breadcrumb":{"@id":"https:\/\/sendnow.money\/blog\/fr\/comment-modifier-votre-profil-dans-lapplication-sendnow-et-pouvez-vous-modifier-le-courrier-electronique-du-compte\/#breadcrumb"},"inLanguage":"en-US","potentialAction":[{"@type":"ReadAction","target":["https:\/\/sendnow.money\/blog\/fr\/comment-modifier-votre-profil-dans-lapplication-sendnow-et-pouvez-vous-modifier-le-courrier-electronique-du-compte\/"]}]},{"@type":"BreadcrumbList","@id":"https:\/\/sendnow.money\/blog\/fr\/comment-modifier-votre-profil-dans-lapplication-sendnow-et-pouvez-vous-modifier-le-courrier-electronique-du-compte\/#breadcrumb","itemListElement":[{"@type":"ListItem","position":1,"name":"Home","item":"https:\/\/sendnow.money\/blog\/"},{"@type":"ListItem","position":2,"name":"Comment modifier votre profil dans l&#8217;application SendNow \u2014 et pouvez-vous modifier le courrier \u00e9lectronique du compte\u00a0?"}]},{"@type":"WebSite","@id":"https:\/\/sendnow.money\/blog\/#website","url":"https:\/\/sendnow.money\/blog\/","name":"SendNOW Blog","description":"Guides and tips on international money transfers with SendNOW","publisher":{"@id":"https:\/\/sendnow.money\/blog\/#organization"},"potentialAction":[{"@type":"SearchAction","target":{"@type":"EntryPoint","urlTemplate":"https:\/\/sendnow.money\/blog\/?s={search_term_string}"},"query-input":{"@type":"PropertyValueSpecification","valueRequired":true,"valueName":"search_term_string"}}],"inLanguage":"en-US"},{"@type":"Organization","@id":"https:\/\/sendnow.money\/blog\/#organization","name":"SendNOW Blog","url":"https:\/\/sendnow.money\/blog\/","logo":{"@type":"ImageObject","inLanguage":"en-US","@id":"https:\/\/sendnow.money\/blog\/#\/schema\/logo\/image\/","url":"https:\/\/storage.googleapis.com\/sendnow-blog-prod-statless-media\/wp-content\/uploads\/28db9941-cropped-23ef375b-logo_min-scaled-1.png","contentUrl":"https:\/\/storage.googleapis.com\/sendnow-blog-prod-statless-media\/wp-content\/uploads\/28db9941-cropped-23ef375b-logo_min-scaled-1.png","width":512,"height":512,"caption":"SendNOW Blog"},"image":{"@id":"https:\/\/sendnow.money\/blog\/#\/schema\/logo\/image\/"},"sameAs":["https:\/\/www.facebook.com\/profile.php?id=100093676399740#","https:\/\/x.com\/Send__NOW"]}]}},"_links":{"self":[{"href":"https:\/\/sendnow.money\/blog\/wp-json\/wp\/v2\/pages\/503","targetHints":{"allow":["GET"]}}],"collection":[{"href":"https:\/\/sendnow.money\/blog\/wp-json\/wp\/v2\/pages"}],"about":[{"href":"https:\/\/sendnow.money\/blog\/wp-json\/wp\/v2\/types\/page"}],"author":[{"embeddable":true,"href":"https:\/\/sendnow.money\/blog\/wp-json\/wp\/v2\/users\/3"}],"replies":[{"embeddable":true,"href":"https:\/\/sendnow.money\/blog\/wp-json\/wp\/v2\/comments?post=503"}],"version-history":[{"count":2,"href":"https:\/\/sendnow.money\/blog\/wp-json\/wp\/v2\/pages\/503\/revisions"}],"predecessor-version":[{"id":509,"href":"https:\/\/sendnow.money\/blog\/wp-json\/wp\/v2\/pages\/503\/revisions\/509"}],"wp:attachment":[{"href":"https:\/\/sendnow.money\/blog\/wp-json\/wp\/v2\/media?parent=503"}],"curies":[{"name":"wp","href":"https:\/\/api.w.org\/{rel}","templated":true}]}}