{"id":500,"date":"2025-09-24T19:32:02","date_gmt":"2025-09-24T17:32:02","guid":{"rendered":"https:\/\/sendnow.money\/blog\/?page_id=500"},"modified":"2025-09-24T19:48:17","modified_gmt":"2025-09-24T17:48:17","slug":"como-editar-su-perfil-en-la-aplicacion-sendnow-puede-cambiar-el-correo-electronico-de-la-cuenta","status":"publish","type":"page","link":"https:\/\/sendnow.money\/blog\/es\/como-editar-su-perfil-en-la-aplicacion-sendnow-puede-cambiar-el-correo-electronico-de-la-cuenta\/","title":{"rendered":"\u00bfC\u00f3mo editar su perfil en la aplicaci\u00f3n SendNow? \u00bfPuede cambiar el correo electr\u00f3nico de la cuenta?"},"content":{"rendered":"\n<p>En este post respondemos dos preguntas frecuentes:<\/p>\n\n\n\n<ul class=\"wp-block-list\">\n<li><strong>\u201c\u00bfPuedo cambiar el correo electr\u00f3nico de mi cuenta?\u201d<\/strong><\/li>\n\n\n\n<li><strong>\u201c\u00bfD\u00f3nde puedo editar los detalles de mi perfil?\u201d<\/strong><\/li>\n<\/ul>\n\n\n\n<p>A continuaci\u00f3n se presentan respuestas cortas e instrucciones paso a paso para la aplicaci\u00f3n m\u00f3vil y la versi\u00f3n web. Al final encontrar\u00e1s un enlace a un video tutorial.<\/p>\n\n\n\n<p><\/p>\n\n\n\n<h2 class=\"wp-block-heading\">1) \u00bfC\u00f3mo edito los detalles de mi perfil?<\/h2>\n\n\n\n<p>Puedes editar: <strong>nombre<\/strong>, <strong>n\u00famero telef\u00f3nico<\/strong>, <strong>Pa\u00eds de residencia<\/strong>y <strong>fecha de nacimiento<\/strong>.<br>Usted <strong>porque<\/strong> Editar el <strong>correo electr\u00f3nico<\/strong> campo (ver secci\u00f3n 2).<\/p>\n\n\n\n<h3 class=\"wp-block-heading\">en la aplicaci\u00f3n m\u00f3vil<\/h3>\n\n\n\n<ol class=\"wp-block-list\">\n<li>Abre el <strong>Perfil<\/strong> pesta\u00f1a en el men\u00fa inferior.<\/li>\n\n\n\n<li>Toca tu <strong>nombre de perfil<\/strong> en la parte superior (su nombre y n\u00famero de tel\u00e9fono).<\/li>\n\n\n\n<li>Sobre el <strong>Informaci\u00f3n personal<\/strong> pantalla, edite los campos que necesita:\n<ul class=\"wp-block-list\">\n<li>Nombre y apellido<\/li>\n\n\n\n<li>N\u00famero telef\u00f3nico<\/li>\n\n\n\n<li>Pa\u00eds de residencia<\/li>\n\n\n\n<li>Fecha de nacimiento<\/li>\n\n\n\n<li><strong>Correo electr\u00f3nico: no se puede editar<\/strong><\/li>\n<\/ul>\n<\/li>\n\n\n\n<li>Grifo <strong>Guardar cambios<\/strong>.<\/li>\n<\/ol>\n\n\n\n<h3 class=\"wp-block-heading\">En la versi\u00f3n web<\/h3>\n\n\n\n<ol class=\"wp-block-list\">\n<li>Ir <strong>trastafo<\/strong>.<\/li>\n\n\n\n<li>haga clic en su <strong>nombre de perfil<\/strong> o la <strong>Icono de l\u00e1piz<\/strong> al lado.<\/li>\n\n\n\n<li>Edite los campos disponibles y guarde.\n<ul class=\"wp-block-list\">\n<li>Los <strong>correo electr\u00f3nico<\/strong> el campo es <strong>de solo lectura<\/strong>.<\/li>\n<\/ul>\n<\/li>\n<\/ol>\n\n\n\n<p>Tambi\u00e9n puede ver un breve video tutorial de YouTube: <strong>\u201cEnviar: editar su perfil (m\u00f3vil y web)\u201d.<\/strong><\/p>\n\n\n\n<figure class=\"wp-block-embed is-type-video is-provider-youtube wp-block-embed-youtube wp-embed-aspect-16-9 wp-has-aspect-ratio\"><div class=\"wp-block-embed__wrapper\">\n<iframe loading=\"lazy\" title=\"C\u00f3mo actualizar tu perfil en SendNOW: gu\u00eda paso a paso\" width=\"500\" height=\"281\" src=\"https:\/\/www.youtube.com\/embed\/dhAp9TMyWHc?feature=oembed\" frameborder=\"0\" allow=\"accelerometer; autoplay; clipboard-write; encrypted-media; gyroscope; picture-in-picture; web-share\" referrerpolicy=\"strict-origin-when-cross-origin\" allowfullscreen><\/iframe>\n<\/div><\/figure>\n\n\n\n<h2 class=\"wp-block-heading\">2) \u00bfPuedo cambiar el correo electr\u00f3nico de mi cuenta?<\/h2>\n\n\n\n<p><strong>Respuesta corta: No.<\/strong><br>Su direcci\u00f3n de correo electr\u00f3nico es su inicio de sesi\u00f3n. Por razones de seguridad <strong>porque<\/strong> cambiarse en la aplicaci\u00f3n o en la versi\u00f3n web.<\/p>\n\n\n\n<p><strong>Si necesita utilizar un correo electr\u00f3nico diferente:<\/strong><\/p>\n\n\n\n<ul class=\"wp-block-list\">\n<li>Registrar un <strong>nueva cuenta<\/strong> con la direcci\u00f3n deseada.<\/li>\n\n\n\n<li>Vuelva a agregar sus destinatarios y m\u00e9todos de pago en la nueva cuenta.<\/li>\n\n\n\n<li>Si tiene alguna transferencia pendiente, espere a que se complete en la cuenta anterior.<\/li>\n<\/ul>\n\n\n\n<p><\/p>\n\n\n\n<p><strong><strong><strong>Otras publicaciones y gu\u00edas \u00fatiles que puede encontrar \u00fatiles:<\/strong><\/strong><\/strong><\/p>\n\n\n\n<p>Art\u00edculo sobre c\u00f3mo los cambios en la ley rusa afectan las transferencias a Rusia a trav\u00e9s de SendNow:[<strong><a href=\"https:\/\/sendnow.money\/blog\/es\/como-enviar-dinero-a-rusia-en-2025\/\">\u00bfC\u00f3mo enviar dinero a Rusia en 2025?<\/a><\/strong>]<\/p>\n\n\n\n<p>Si necesita enviar dinero a Rusia a trav\u00e9s de criptomonedas, consulte esta gu\u00eda:[<a href=\"https:\/\/sendnow.money\/blog\/es\/como-enviar-dinero-con-criptomonedas-en-la-aplicacion-sendnow-guia-paso-a-paso\/\"><strong>C\u00f3mo enviar dinero a trav\u00e9s de criptomonedas en la aplicaci\u00f3n SendNow: Gu\u00eda paso a paso<\/strong><\/a>]<\/p>\n\n\n\n<p><\/p>\n","protected":false},"excerpt":{"rendered":"<p>En este post respondemos dos preguntas frecuentes: A continuaci\u00f3n se presentan respuestas cortas e instrucciones paso a paso para la aplicaci\u00f3n m\u00f3vil y la versi\u00f3n web. Al final encontrar\u00e1s un enlace a un video tutorial. 1) \u00bfC\u00f3mo edito los detalles de mi perfil? Puedes editar: nombre, n\u00famero telef\u00f3nico, Pa\u00eds de residenciay fecha de nacimiento.Usted porque [&hellip;]<\/p>\n","protected":false},"author":3,"featured_media":0,"parent":0,"menu_order":0,"comment_status":"closed","ping_status":"closed","template":"","meta":{"footnotes":""},"class_list":["post-500","page","type-page","status-publish","hentry"],"yoast_head":"<!-- This site is optimized with the Yoast SEO plugin v25.9 - https:\/\/yoast.com\/wordpress\/plugins\/seo\/ -->\n<title>\u00bfC\u00f3mo editar su perfil en la aplicaci\u00f3n SendNow? \u00bfPuede cambiar el correo electr\u00f3nico de la cuenta? - Help &amp; Guides \u2014 SendNOW<\/title>\n<meta name=\"robots\" content=\"index, follow, max-snippet:-1, max-image-preview:large, max-video-preview:-1\" \/>\n<link rel=\"canonical\" href=\"https:\/\/sendnow.money\/blog\/es\/como-editar-su-perfil-en-la-aplicacion-sendnow-puede-cambiar-el-correo-electronico-de-la-cuenta\/\" \/>\n<meta property=\"og:locale\" content=\"en_US\" \/>\n<meta property=\"og:type\" content=\"article\" \/>\n<meta property=\"og:title\" content=\"\u00bfC\u00f3mo editar su perfil en la aplicaci\u00f3n SendNow? \u00bfPuede cambiar el correo electr\u00f3nico de la cuenta? - Help &amp; Guides \u2014 SendNOW\" \/>\n<meta property=\"og:description\" content=\"En este post respondemos dos preguntas frecuentes: A continuaci\u00f3n se presentan respuestas cortas e instrucciones paso a paso para la aplicaci\u00f3n m\u00f3vil y la versi\u00f3n web. Al final encontrar\u00e1s un enlace a un video tutorial. 1) \u00bfC\u00f3mo edito los detalles de mi perfil? Puedes editar: nombre, n\u00famero telef\u00f3nico, Pa\u00eds de residenciay fecha de nacimiento.Usted porque [&hellip;]\" \/>\n<meta property=\"og:url\" content=\"https:\/\/sendnow.money\/blog\/es\/como-editar-su-perfil-en-la-aplicacion-sendnow-puede-cambiar-el-correo-electronico-de-la-cuenta\/\" \/>\n<meta property=\"og:site_name\" content=\"Help &amp; Guides \u2014 SendNOW\" \/>\n<meta property=\"article:publisher\" content=\"https:\/\/www.facebook.com\/profile.php?id=100093676399740#\" \/>\n<meta property=\"article:modified_time\" content=\"2025-09-24T17:48:17+00:00\" \/>\n<meta name=\"twitter:card\" content=\"summary_large_image\" \/>\n<meta name=\"twitter:site\" content=\"@Send__NOW\" \/>\n<meta name=\"twitter:label1\" content=\"Est. reading time\" \/>\n\t<meta name=\"twitter:data1\" content=\"2 minutes\" \/>\n<script type=\"application\/ld+json\" class=\"yoast-schema-graph\">{\"@context\":\"https:\/\/schema.org\",\"@graph\":[{\"@type\":\"WebPage\",\"@id\":\"https:\/\/sendnow.money\/blog\/es\/como-editar-su-perfil-en-la-aplicacion-sendnow-puede-cambiar-el-correo-electronico-de-la-cuenta\/\",\"url\":\"https:\/\/sendnow.money\/blog\/es\/como-editar-su-perfil-en-la-aplicacion-sendnow-puede-cambiar-el-correo-electronico-de-la-cuenta\/\",\"name\":\"\u00bfC\u00f3mo editar su perfil en la aplicaci\u00f3n SendNow? \u00bfPuede cambiar el correo electr\u00f3nico de la cuenta? - Help &amp; Guides \u2014 SendNOW\",\"isPartOf\":{\"@id\":\"https:\/\/sendnow.money\/blog\/#website\"},\"datePublished\":\"2025-09-24T17:32:02+00:00\",\"dateModified\":\"2025-09-24T17:48:17+00:00\",\"breadcrumb\":{\"@id\":\"https:\/\/sendnow.money\/blog\/es\/como-editar-su-perfil-en-la-aplicacion-sendnow-puede-cambiar-el-correo-electronico-de-la-cuenta\/#breadcrumb\"},\"inLanguage\":\"en-US\",\"potentialAction\":[{\"@type\":\"ReadAction\",\"target\":[\"https:\/\/sendnow.money\/blog\/es\/como-editar-su-perfil-en-la-aplicacion-sendnow-puede-cambiar-el-correo-electronico-de-la-cuenta\/\"]}]},{\"@type\":\"BreadcrumbList\",\"@id\":\"https:\/\/sendnow.money\/blog\/es\/como-editar-su-perfil-en-la-aplicacion-sendnow-puede-cambiar-el-correo-electronico-de-la-cuenta\/#breadcrumb\",\"itemListElement\":[{\"@type\":\"ListItem\",\"position\":1,\"name\":\"Home\",\"item\":\"https:\/\/sendnow.money\/blog\/\"},{\"@type\":\"ListItem\",\"position\":2,\"name\":\"\u00bfC\u00f3mo editar su perfil en la aplicaci\u00f3n SendNow? \u00bfPuede cambiar el correo electr\u00f3nico de la cuenta?\"}]},{\"@type\":\"WebSite\",\"@id\":\"https:\/\/sendnow.money\/blog\/#website\",\"url\":\"https:\/\/sendnow.money\/blog\/\",\"name\":\"SendNOW Blog\",\"description\":\"Guides and tips on international money transfers with SendNOW\",\"publisher\":{\"@id\":\"https:\/\/sendnow.money\/blog\/#organization\"},\"potentialAction\":[{\"@type\":\"SearchAction\",\"target\":{\"@type\":\"EntryPoint\",\"urlTemplate\":\"https:\/\/sendnow.money\/blog\/?s={search_term_string}\"},\"query-input\":{\"@type\":\"PropertyValueSpecification\",\"valueRequired\":true,\"valueName\":\"search_term_string\"}}],\"inLanguage\":\"en-US\"},{\"@type\":\"Organization\",\"@id\":\"https:\/\/sendnow.money\/blog\/#organization\",\"name\":\"SendNOW Blog\",\"url\":\"https:\/\/sendnow.money\/blog\/\",\"logo\":{\"@type\":\"ImageObject\",\"inLanguage\":\"en-US\",\"@id\":\"https:\/\/sendnow.money\/blog\/#\/schema\/logo\/image\/\",\"url\":\"https:\/\/storage.googleapis.com\/sendnow-blog-prod-statless-media\/wp-content\/uploads\/28db9941-cropped-23ef375b-logo_min-scaled-1.png\",\"contentUrl\":\"https:\/\/storage.googleapis.com\/sendnow-blog-prod-statless-media\/wp-content\/uploads\/28db9941-cropped-23ef375b-logo_min-scaled-1.png\",\"width\":512,\"height\":512,\"caption\":\"SendNOW Blog\"},\"image\":{\"@id\":\"https:\/\/sendnow.money\/blog\/#\/schema\/logo\/image\/\"},\"sameAs\":[\"https:\/\/www.facebook.com\/profile.php?id=100093676399740#\",\"https:\/\/x.com\/Send__NOW\"]}]}<\/script>\n<!-- \/ Yoast SEO plugin. -->","yoast_head_json":{"title":"\u00bfC\u00f3mo editar su perfil en la aplicaci\u00f3n SendNow? \u00bfPuede cambiar el correo electr\u00f3nico de la cuenta? - Help &amp; Guides \u2014 SendNOW","robots":{"index":"index","follow":"follow","max-snippet":"max-snippet:-1","max-image-preview":"max-image-preview:large","max-video-preview":"max-video-preview:-1"},"canonical":"https:\/\/sendnow.money\/blog\/es\/como-editar-su-perfil-en-la-aplicacion-sendnow-puede-cambiar-el-correo-electronico-de-la-cuenta\/","og_locale":"en_US","og_type":"article","og_title":"\u00bfC\u00f3mo editar su perfil en la aplicaci\u00f3n SendNow? \u00bfPuede cambiar el correo electr\u00f3nico de la cuenta? - Help &amp; Guides \u2014 SendNOW","og_description":"En este post respondemos dos preguntas frecuentes: A continuaci\u00f3n se presentan respuestas cortas e instrucciones paso a paso para la aplicaci\u00f3n m\u00f3vil y la versi\u00f3n web. Al final encontrar\u00e1s un enlace a un video tutorial. 1) \u00bfC\u00f3mo edito los detalles de mi perfil? Puedes editar: nombre, n\u00famero telef\u00f3nico, Pa\u00eds de residenciay fecha de nacimiento.Usted porque [&hellip;]","og_url":"https:\/\/sendnow.money\/blog\/es\/como-editar-su-perfil-en-la-aplicacion-sendnow-puede-cambiar-el-correo-electronico-de-la-cuenta\/","og_site_name":"Help &amp; Guides \u2014 SendNOW","article_publisher":"https:\/\/www.facebook.com\/profile.php?id=100093676399740#","article_modified_time":"2025-09-24T17:48:17+00:00","twitter_card":"summary_large_image","twitter_site":"@Send__NOW","twitter_misc":{"Est. reading time":"2 minutes"},"schema":{"@context":"https:\/\/schema.org","@graph":[{"@type":"WebPage","@id":"https:\/\/sendnow.money\/blog\/es\/como-editar-su-perfil-en-la-aplicacion-sendnow-puede-cambiar-el-correo-electronico-de-la-cuenta\/","url":"https:\/\/sendnow.money\/blog\/es\/como-editar-su-perfil-en-la-aplicacion-sendnow-puede-cambiar-el-correo-electronico-de-la-cuenta\/","name":"\u00bfC\u00f3mo editar su perfil en la aplicaci\u00f3n SendNow? \u00bfPuede cambiar el correo electr\u00f3nico de la cuenta? - Help &amp; Guides \u2014 SendNOW","isPartOf":{"@id":"https:\/\/sendnow.money\/blog\/#website"},"datePublished":"2025-09-24T17:32:02+00:00","dateModified":"2025-09-24T17:48:17+00:00","breadcrumb":{"@id":"https:\/\/sendnow.money\/blog\/es\/como-editar-su-perfil-en-la-aplicacion-sendnow-puede-cambiar-el-correo-electronico-de-la-cuenta\/#breadcrumb"},"inLanguage":"en-US","potentialAction":[{"@type":"ReadAction","target":["https:\/\/sendnow.money\/blog\/es\/como-editar-su-perfil-en-la-aplicacion-sendnow-puede-cambiar-el-correo-electronico-de-la-cuenta\/"]}]},{"@type":"BreadcrumbList","@id":"https:\/\/sendnow.money\/blog\/es\/como-editar-su-perfil-en-la-aplicacion-sendnow-puede-cambiar-el-correo-electronico-de-la-cuenta\/#breadcrumb","itemListElement":[{"@type":"ListItem","position":1,"name":"Home","item":"https:\/\/sendnow.money\/blog\/"},{"@type":"ListItem","position":2,"name":"\u00bfC\u00f3mo editar su perfil en la aplicaci\u00f3n SendNow? \u00bfPuede cambiar el correo electr\u00f3nico de la cuenta?"}]},{"@type":"WebSite","@id":"https:\/\/sendnow.money\/blog\/#website","url":"https:\/\/sendnow.money\/blog\/","name":"SendNOW Blog","description":"Guides and tips on international money transfers with SendNOW","publisher":{"@id":"https:\/\/sendnow.money\/blog\/#organization"},"potentialAction":[{"@type":"SearchAction","target":{"@type":"EntryPoint","urlTemplate":"https:\/\/sendnow.money\/blog\/?s={search_term_string}"},"query-input":{"@type":"PropertyValueSpecification","valueRequired":true,"valueName":"search_term_string"}}],"inLanguage":"en-US"},{"@type":"Organization","@id":"https:\/\/sendnow.money\/blog\/#organization","name":"SendNOW Blog","url":"https:\/\/sendnow.money\/blog\/","logo":{"@type":"ImageObject","inLanguage":"en-US","@id":"https:\/\/sendnow.money\/blog\/#\/schema\/logo\/image\/","url":"https:\/\/storage.googleapis.com\/sendnow-blog-prod-statless-media\/wp-content\/uploads\/28db9941-cropped-23ef375b-logo_min-scaled-1.png","contentUrl":"https:\/\/storage.googleapis.com\/sendnow-blog-prod-statless-media\/wp-content\/uploads\/28db9941-cropped-23ef375b-logo_min-scaled-1.png","width":512,"height":512,"caption":"SendNOW Blog"},"image":{"@id":"https:\/\/sendnow.money\/blog\/#\/schema\/logo\/image\/"},"sameAs":["https:\/\/www.facebook.com\/profile.php?id=100093676399740#","https:\/\/x.com\/Send__NOW"]}]}},"_links":{"self":[{"href":"https:\/\/sendnow.money\/blog\/wp-json\/wp\/v2\/pages\/500","targetHints":{"allow":["GET"]}}],"collection":[{"href":"https:\/\/sendnow.money\/blog\/wp-json\/wp\/v2\/pages"}],"about":[{"href":"https:\/\/sendnow.money\/blog\/wp-json\/wp\/v2\/types\/page"}],"author":[{"embeddable":true,"href":"https:\/\/sendnow.money\/blog\/wp-json\/wp\/v2\/users\/3"}],"replies":[{"embeddable":true,"href":"https:\/\/sendnow.money\/blog\/wp-json\/wp\/v2\/comments?post=500"}],"version-history":[{"count":2,"href":"https:\/\/sendnow.money\/blog\/wp-json\/wp\/v2\/pages\/500\/revisions"}],"predecessor-version":[{"id":510,"href":"https:\/\/sendnow.money\/blog\/wp-json\/wp\/v2\/pages\/500\/revisions\/510"}],"wp:attachment":[{"href":"https:\/\/sendnow.money\/blog\/wp-json\/wp\/v2\/media?parent=500"}],"curies":[{"name":"wp","href":"https:\/\/api.w.org\/{rel}","templated":true}]}}