{"id":497,"date":"2025-09-23T20:37:51","date_gmt":"2025-09-23T18:37:51","guid":{"rendered":"https:\/\/sendnow.money\/blog\/?page_id=497"},"modified":"2025-09-23T20:37:51","modified_gmt":"2025-09-23T18:37:51","slug":"so-bearbeiten-sie-ihr-profil-in-der-sendnow-app-und-konnen-sie-die-konto-e-mail-andern","status":"publish","type":"page","link":"https:\/\/sendnow.money\/blog\/de\/so-bearbeiten-sie-ihr-profil-in-der-sendnow-app-und-konnen-sie-die-konto-e-mail-andern\/","title":{"rendered":"So bearbeiten Sie Ihr Profil in der SendNow-App &#8211; und k\u00f6nnen Sie die Konto-E-Mail \u00e4ndern?"},"content":{"rendered":"\n<p>In diesem Beitrag beantworten wir zwei h\u00e4ufige Fragen:<\/p>\n\n\n\n<ul class=\"wp-block-list\">\n<li><strong>&#8216;Kann ich die E-Mail f\u00fcr mein Konto \u00e4ndern?&#8217;<\/strong><\/li>\n\n\n\n<li><strong>&#8216;Wo kann ich meine Profildetails bearbeiten?&#8217;<\/strong><\/li>\n<\/ul>\n\n\n\n<p>Nachfolgend finden Sie kurze Antworten und Schritt-f\u00fcr-Schritt-Anleitungen f\u00fcr die mobile App und die Webversion. Am Ende finden Sie einen Link zu einem Video-Tutorial.<\/p>\n\n\n\n<p><\/p>\n\n\n\n<h2 class=\"wp-block-heading\">1) Wie bearbeite ich meine Profildetails?<\/h2>\n\n\n\n<p>Sie k\u00f6nnen bearbeiten: <strong>Name<\/strong>, <strong>Telefonnummer<\/strong>, <strong>Land des Wohnsitzes<\/strong>und <strong>Geburtstag<\/strong>ein<br>Sie <strong>kann nicht<\/strong> Bearbeiten Sie die <strong>E-Mail<\/strong> Feld (siehe Abschnitt 2).<\/p>\n\n\n\n<h3 class=\"wp-block-heading\">In der mobilen App<\/h3>\n\n\n\n<ol class=\"wp-block-list\">\n<li>\u00d6ffne das <strong>Profil<\/strong> Registerkarte im unteren Men\u00fc.<\/li>\n\n\n\n<li>Tippen Sie auf Ihre <strong>Profilname<\/strong> oben (Ihr Name und Telefonnummer).<\/li>\n\n\n\n<li>Auf die <strong>Pers\u00f6nliche Informationen<\/strong> Bildschirm, bearbeiten Sie die ben\u00f6tigten Felder:\n<ul class=\"wp-block-list\">\n<li>Vor- und Nachname<\/li>\n\n\n\n<li>Telefonnummer<\/li>\n\n\n\n<li>Land des Wohnsitzes<\/li>\n\n\n\n<li>Geburtstag<\/li>\n\n\n\n<li><strong>E-Mail \u2013 nicht bearbeitbar<\/strong><\/li>\n<\/ul>\n<\/li>\n\n\n\n<li>Tippen <strong>\u00c4nderungen speichern<\/strong>ein<\/li>\n<\/ol>\n\n\n\n<h3 class=\"wp-block-heading\">In der Webversion<\/h3>\n\n\n\n<ol class=\"wp-block-list\">\n<li>Gehe zu <strong>Einstellungen<\/strong>ein<\/li>\n\n\n\n<li>Klicken Sie auf Ihre <strong>Profilname<\/strong> oder die <strong>Bleistift-Symbol<\/strong> daneben.<\/li>\n\n\n\n<li>Bearbeiten Sie die verf\u00fcgbaren Felder und speichern Sie.\n<ul class=\"wp-block-list\">\n<li>Die <strong>E-Mail<\/strong> Feld ist <strong>schreibgesch\u00fctzt<\/strong>ein<\/li>\n<\/ul>\n<\/li>\n<\/ol>\n\n\n\n<p>Sie k\u00f6nnen sich auch ein kurzes YouTube-Video-Tutorial ansehen: <strong>&#8216;Sendnow &#8211; Bearbeiten Sie Ihr Profil (Mobil und Web).&#8217;<\/strong><\/p>\n\n\n\n<figure class=\"wp-block-embed is-type-video is-provider-youtube wp-block-embed-youtube wp-embed-aspect-16-9 wp-has-aspect-ratio\"><div class=\"wp-block-embed__wrapper\">\n<iframe loading=\"lazy\" title=\"Internationale Geldtransfer-App \u2014 SendNOW | Geld nach Russland senden\" width=\"500\" height=\"281\" src=\"https:\/\/www.youtube.com\/embed\/sIi3aftMu8g?feature=oembed\" frameborder=\"0\" allow=\"accelerometer; autoplay; clipboard-write; encrypted-media; gyroscope; picture-in-picture; web-share\" referrerpolicy=\"strict-origin-when-cross-origin\" allowfullscreen><\/iframe>\n<\/div><\/figure>\n\n\n\n<h2 class=\"wp-block-heading\">2) Kann ich die E-Mail f\u00fcr mein Konto \u00e4ndern?<\/h2>\n\n\n\n<p><strong>Kurze Antwort: Nein.<\/strong><br>Ihre E-Mail-Adresse ist Ihr Login. Aus Sicherheitsgr\u00fcnden ist es <strong>kann nicht<\/strong> in der App oder in der Webversion ge\u00e4ndert werden.<\/p>\n\n\n\n<p><strong>Wenn Sie eine andere E-Mail verwenden m\u00fcssen:<\/strong><\/p>\n\n\n\n<ul class=\"wp-block-list\">\n<li>Registrieren Sie eine <strong>neues Konto<\/strong> mit der gew\u00fcnschten Adresse.<\/li>\n\n\n\n<li>F\u00fcgen Sie Ihre Empf\u00e4nger und Zahlungsmethoden erneut in das neue Konto ein.<\/li>\n\n\n\n<li>Wenn Sie ausstehende \u00dcberweisungen haben, warten Sie, bis sie auf dem alten Konto abgeschlossen sind.<\/li>\n<\/ul>\n\n\n\n<p><\/p>\n\n\n\n<p><strong><strong><strong>Weitere n\u00fctzliche Beitr\u00e4ge und Anleitungen k\u00f6nnen Sie hilfreich finden:<\/strong><\/strong><\/strong><\/p>\n\n\n\n<p>Artikel dar\u00fcber, wie sich \u00c4nderungen im russischen Recht auf \u00dcbertragungen nach Russland \u00fcber Sendnow auswirken:[<strong><a href=\"https:\/\/sendnow.money\/blog\/de\/wie-kann-man-2025-geld-nach-russland-ueberweisen\/\">Wie schicke ich 2025 Geld nach Russland?<\/a><\/strong>]<\/p>\n\n\n\n<p>Wenn Sie Geld \u00fcber Kryptow\u00e4hrung nach Russland senden m\u00fcssen, lesen Sie diesen Leitfaden:[<a href=\"https:\/\/sendnow.money\/blog\/de\/so-senden-sie-geld-per-kryptowaehrung-in-der-sendnow-app-schritt-fuer-schritt-anleitung\/\"><strong>So senden Sie Geld \u00fcber Kryptow\u00e4hrung in der SendNow-App: Schritt-f\u00fcr-Schritt-Anleitung<\/strong><\/a>]<\/p>\n\n\n\n<p><\/p>\n","protected":false},"excerpt":{"rendered":"<p>In diesem Beitrag beantworten wir zwei h\u00e4ufige Fragen: Nachfolgend finden Sie kurze Antworten und Schritt-f\u00fcr-Schritt-Anleitungen f\u00fcr die mobile App und die Webversion. Am Ende finden Sie einen Link zu einem Video-Tutorial. 1) Wie bearbeite ich meine Profildetails? Sie k\u00f6nnen bearbeiten: Name, Telefonnummer, Land des Wohnsitzesund GeburtstageinSie kann nicht Bearbeiten Sie die E-Mail Feld (siehe Abschnitt [&hellip;]<\/p>\n","protected":false},"author":3,"featured_media":0,"parent":0,"menu_order":0,"comment_status":"closed","ping_status":"closed","template":"","meta":{"footnotes":""},"class_list":["post-497","page","type-page","status-publish","hentry"],"yoast_head":"<!-- This site is optimized with the Yoast SEO plugin v25.9 - https:\/\/yoast.com\/wordpress\/plugins\/seo\/ -->\n<title>So bearbeiten Sie Ihr Profil in der SendNow-App - und k\u00f6nnen Sie die Konto-E-Mail \u00e4ndern? - Help &amp; Guides \u2014 SendNOW<\/title>\n<meta name=\"robots\" content=\"index, follow, max-snippet:-1, max-image-preview:large, max-video-preview:-1\" \/>\n<link rel=\"canonical\" href=\"https:\/\/sendnow.money\/blog\/de\/so-bearbeiten-sie-ihr-profil-in-der-sendnow-app-und-konnen-sie-die-konto-e-mail-andern\/\" \/>\n<meta property=\"og:locale\" content=\"en_US\" \/>\n<meta property=\"og:type\" content=\"article\" \/>\n<meta property=\"og:title\" content=\"So bearbeiten Sie Ihr Profil in der SendNow-App - und k\u00f6nnen Sie die Konto-E-Mail \u00e4ndern? - Help &amp; Guides \u2014 SendNOW\" \/>\n<meta property=\"og:description\" content=\"In diesem Beitrag beantworten wir zwei h\u00e4ufige Fragen: Nachfolgend finden Sie kurze Antworten und Schritt-f\u00fcr-Schritt-Anleitungen f\u00fcr die mobile App und die Webversion. Am Ende finden Sie einen Link zu einem Video-Tutorial. 1) Wie bearbeite ich meine Profildetails? Sie k\u00f6nnen bearbeiten: Name, Telefonnummer, Land des Wohnsitzesund GeburtstageinSie kann nicht Bearbeiten Sie die E-Mail Feld (siehe Abschnitt [&hellip;]\" \/>\n<meta property=\"og:url\" content=\"https:\/\/sendnow.money\/blog\/de\/so-bearbeiten-sie-ihr-profil-in-der-sendnow-app-und-konnen-sie-die-konto-e-mail-andern\/\" \/>\n<meta property=\"og:site_name\" content=\"Help &amp; Guides \u2014 SendNOW\" \/>\n<meta property=\"article:publisher\" content=\"https:\/\/www.facebook.com\/profile.php?id=100093676399740#\" \/>\n<meta name=\"twitter:card\" content=\"summary_large_image\" \/>\n<meta name=\"twitter:site\" content=\"@Send__NOW\" \/>\n<meta name=\"twitter:label1\" content=\"Est. reading time\" \/>\n\t<meta name=\"twitter:data1\" content=\"2 minutes\" \/>\n<script type=\"application\/ld+json\" class=\"yoast-schema-graph\">{\"@context\":\"https:\/\/schema.org\",\"@graph\":[{\"@type\":\"WebPage\",\"@id\":\"https:\/\/sendnow.money\/blog\/de\/so-bearbeiten-sie-ihr-profil-in-der-sendnow-app-und-konnen-sie-die-konto-e-mail-andern\/\",\"url\":\"https:\/\/sendnow.money\/blog\/de\/so-bearbeiten-sie-ihr-profil-in-der-sendnow-app-und-konnen-sie-die-konto-e-mail-andern\/\",\"name\":\"So bearbeiten Sie Ihr Profil in der SendNow-App - und k\u00f6nnen Sie die Konto-E-Mail \u00e4ndern? - Help &amp; Guides \u2014 SendNOW\",\"isPartOf\":{\"@id\":\"https:\/\/sendnow.money\/blog\/#website\"},\"datePublished\":\"2025-09-23T18:37:51+00:00\",\"breadcrumb\":{\"@id\":\"https:\/\/sendnow.money\/blog\/de\/so-bearbeiten-sie-ihr-profil-in-der-sendnow-app-und-konnen-sie-die-konto-e-mail-andern\/#breadcrumb\"},\"inLanguage\":\"en-US\",\"potentialAction\":[{\"@type\":\"ReadAction\",\"target\":[\"https:\/\/sendnow.money\/blog\/de\/so-bearbeiten-sie-ihr-profil-in-der-sendnow-app-und-konnen-sie-die-konto-e-mail-andern\/\"]}]},{\"@type\":\"BreadcrumbList\",\"@id\":\"https:\/\/sendnow.money\/blog\/de\/so-bearbeiten-sie-ihr-profil-in-der-sendnow-app-und-konnen-sie-die-konto-e-mail-andern\/#breadcrumb\",\"itemListElement\":[{\"@type\":\"ListItem\",\"position\":1,\"name\":\"Home\",\"item\":\"https:\/\/sendnow.money\/blog\/\"},{\"@type\":\"ListItem\",\"position\":2,\"name\":\"So bearbeiten Sie Ihr Profil in der SendNow-App &#8211; und k\u00f6nnen Sie die Konto-E-Mail \u00e4ndern?\"}]},{\"@type\":\"WebSite\",\"@id\":\"https:\/\/sendnow.money\/blog\/#website\",\"url\":\"https:\/\/sendnow.money\/blog\/\",\"name\":\"SendNOW Blog\",\"description\":\"Guides and tips on international money transfers with SendNOW\",\"publisher\":{\"@id\":\"https:\/\/sendnow.money\/blog\/#organization\"},\"potentialAction\":[{\"@type\":\"SearchAction\",\"target\":{\"@type\":\"EntryPoint\",\"urlTemplate\":\"https:\/\/sendnow.money\/blog\/?s={search_term_string}\"},\"query-input\":{\"@type\":\"PropertyValueSpecification\",\"valueRequired\":true,\"valueName\":\"search_term_string\"}}],\"inLanguage\":\"en-US\"},{\"@type\":\"Organization\",\"@id\":\"https:\/\/sendnow.money\/blog\/#organization\",\"name\":\"SendNOW Blog\",\"url\":\"https:\/\/sendnow.money\/blog\/\",\"logo\":{\"@type\":\"ImageObject\",\"inLanguage\":\"en-US\",\"@id\":\"https:\/\/sendnow.money\/blog\/#\/schema\/logo\/image\/\",\"url\":\"https:\/\/storage.googleapis.com\/sendnow-blog-prod-statless-media\/wp-content\/uploads\/28db9941-cropped-23ef375b-logo_min-scaled-1.png\",\"contentUrl\":\"https:\/\/storage.googleapis.com\/sendnow-blog-prod-statless-media\/wp-content\/uploads\/28db9941-cropped-23ef375b-logo_min-scaled-1.png\",\"width\":512,\"height\":512,\"caption\":\"SendNOW Blog\"},\"image\":{\"@id\":\"https:\/\/sendnow.money\/blog\/#\/schema\/logo\/image\/\"},\"sameAs\":[\"https:\/\/www.facebook.com\/profile.php?id=100093676399740#\",\"https:\/\/x.com\/Send__NOW\"]}]}<\/script>\n<!-- \/ Yoast SEO plugin. -->","yoast_head_json":{"title":"So bearbeiten Sie Ihr Profil in der SendNow-App - und k\u00f6nnen Sie die Konto-E-Mail \u00e4ndern? - Help &amp; Guides \u2014 SendNOW","robots":{"index":"index","follow":"follow","max-snippet":"max-snippet:-1","max-image-preview":"max-image-preview:large","max-video-preview":"max-video-preview:-1"},"canonical":"https:\/\/sendnow.money\/blog\/de\/so-bearbeiten-sie-ihr-profil-in-der-sendnow-app-und-konnen-sie-die-konto-e-mail-andern\/","og_locale":"en_US","og_type":"article","og_title":"So bearbeiten Sie Ihr Profil in der SendNow-App - und k\u00f6nnen Sie die Konto-E-Mail \u00e4ndern? - Help &amp; Guides \u2014 SendNOW","og_description":"In diesem Beitrag beantworten wir zwei h\u00e4ufige Fragen: Nachfolgend finden Sie kurze Antworten und Schritt-f\u00fcr-Schritt-Anleitungen f\u00fcr die mobile App und die Webversion. Am Ende finden Sie einen Link zu einem Video-Tutorial. 1) Wie bearbeite ich meine Profildetails? Sie k\u00f6nnen bearbeiten: Name, Telefonnummer, Land des Wohnsitzesund GeburtstageinSie kann nicht Bearbeiten Sie die E-Mail Feld (siehe Abschnitt [&hellip;]","og_url":"https:\/\/sendnow.money\/blog\/de\/so-bearbeiten-sie-ihr-profil-in-der-sendnow-app-und-konnen-sie-die-konto-e-mail-andern\/","og_site_name":"Help &amp; Guides \u2014 SendNOW","article_publisher":"https:\/\/www.facebook.com\/profile.php?id=100093676399740#","twitter_card":"summary_large_image","twitter_site":"@Send__NOW","twitter_misc":{"Est. reading time":"2 minutes"},"schema":{"@context":"https:\/\/schema.org","@graph":[{"@type":"WebPage","@id":"https:\/\/sendnow.money\/blog\/de\/so-bearbeiten-sie-ihr-profil-in-der-sendnow-app-und-konnen-sie-die-konto-e-mail-andern\/","url":"https:\/\/sendnow.money\/blog\/de\/so-bearbeiten-sie-ihr-profil-in-der-sendnow-app-und-konnen-sie-die-konto-e-mail-andern\/","name":"So bearbeiten Sie Ihr Profil in der SendNow-App - und k\u00f6nnen Sie die Konto-E-Mail \u00e4ndern? - Help &amp; Guides \u2014 SendNOW","isPartOf":{"@id":"https:\/\/sendnow.money\/blog\/#website"},"datePublished":"2025-09-23T18:37:51+00:00","breadcrumb":{"@id":"https:\/\/sendnow.money\/blog\/de\/so-bearbeiten-sie-ihr-profil-in-der-sendnow-app-und-konnen-sie-die-konto-e-mail-andern\/#breadcrumb"},"inLanguage":"en-US","potentialAction":[{"@type":"ReadAction","target":["https:\/\/sendnow.money\/blog\/de\/so-bearbeiten-sie-ihr-profil-in-der-sendnow-app-und-konnen-sie-die-konto-e-mail-andern\/"]}]},{"@type":"BreadcrumbList","@id":"https:\/\/sendnow.money\/blog\/de\/so-bearbeiten-sie-ihr-profil-in-der-sendnow-app-und-konnen-sie-die-konto-e-mail-andern\/#breadcrumb","itemListElement":[{"@type":"ListItem","position":1,"name":"Home","item":"https:\/\/sendnow.money\/blog\/"},{"@type":"ListItem","position":2,"name":"So bearbeiten Sie Ihr Profil in der SendNow-App &#8211; und k\u00f6nnen Sie die Konto-E-Mail \u00e4ndern?"}]},{"@type":"WebSite","@id":"https:\/\/sendnow.money\/blog\/#website","url":"https:\/\/sendnow.money\/blog\/","name":"SendNOW Blog","description":"Guides and tips on international money transfers with SendNOW","publisher":{"@id":"https:\/\/sendnow.money\/blog\/#organization"},"potentialAction":[{"@type":"SearchAction","target":{"@type":"EntryPoint","urlTemplate":"https:\/\/sendnow.money\/blog\/?s={search_term_string}"},"query-input":{"@type":"PropertyValueSpecification","valueRequired":true,"valueName":"search_term_string"}}],"inLanguage":"en-US"},{"@type":"Organization","@id":"https:\/\/sendnow.money\/blog\/#organization","name":"SendNOW Blog","url":"https:\/\/sendnow.money\/blog\/","logo":{"@type":"ImageObject","inLanguage":"en-US","@id":"https:\/\/sendnow.money\/blog\/#\/schema\/logo\/image\/","url":"https:\/\/storage.googleapis.com\/sendnow-blog-prod-statless-media\/wp-content\/uploads\/28db9941-cropped-23ef375b-logo_min-scaled-1.png","contentUrl":"https:\/\/storage.googleapis.com\/sendnow-blog-prod-statless-media\/wp-content\/uploads\/28db9941-cropped-23ef375b-logo_min-scaled-1.png","width":512,"height":512,"caption":"SendNOW Blog"},"image":{"@id":"https:\/\/sendnow.money\/blog\/#\/schema\/logo\/image\/"},"sameAs":["https:\/\/www.facebook.com\/profile.php?id=100093676399740#","https:\/\/x.com\/Send__NOW"]}]}},"_links":{"self":[{"href":"https:\/\/sendnow.money\/blog\/wp-json\/wp\/v2\/pages\/497","targetHints":{"allow":["GET"]}}],"collection":[{"href":"https:\/\/sendnow.money\/blog\/wp-json\/wp\/v2\/pages"}],"about":[{"href":"https:\/\/sendnow.money\/blog\/wp-json\/wp\/v2\/types\/page"}],"author":[{"embeddable":true,"href":"https:\/\/sendnow.money\/blog\/wp-json\/wp\/v2\/users\/3"}],"replies":[{"embeddable":true,"href":"https:\/\/sendnow.money\/blog\/wp-json\/wp\/v2\/comments?post=497"}],"version-history":[{"count":1,"href":"https:\/\/sendnow.money\/blog\/wp-json\/wp\/v2\/pages\/497\/revisions"}],"predecessor-version":[{"id":498,"href":"https:\/\/sendnow.money\/blog\/wp-json\/wp\/v2\/pages\/497\/revisions\/498"}],"wp:attachment":[{"href":"https:\/\/sendnow.money\/blog\/wp-json\/wp\/v2\/media?parent=497"}],"curies":[{"name":"wp","href":"https:\/\/api.w.org\/{rel}","templated":true}]}}