{"id":378,"date":"2025-09-09T12:59:31","date_gmt":"2025-09-09T10:59:31","guid":{"rendered":"https:\/\/sendnow.money\/blog\/?page_id=378"},"modified":"2025-09-09T13:16:59","modified_gmt":"2025-09-09T11:16:59","slug":"consejos-y-recomendaciones-utiles","status":"publish","type":"page","link":"https:\/\/sendnow.money\/blog\/es\/consejos-y-recomendaciones-utiles\/","title":{"rendered":"Consejos y recomendaciones \u00fatiles"},"content":{"rendered":"\n<div class=\"wp-block-media-text is-stacked-on-mobile\"><figure class=\"wp-block-media-text__media\"><a href=\"https:\/\/sendnow.money\/blog\/es\/como-enviar-dinero-a-rusia-en-2025\/\"><img loading=\"lazy\" decoding=\"async\" width=\"1024\" height=\"769\" src=\"https:\/\/storage.googleapis.com\/sendnow-blog-prod-statless-media\/wp-content\/uploads\/18928185-iphone-15-pro-1024x769.png\" alt=\"\" class=\"wp-image-55 size-full\" srcset=\"https:\/\/storage.googleapis.com\/sendnow-blog-prod-statless-media\/wp-content\/uploads\/18928185-iphone-15-pro-1024x769.png 1024w, https:\/\/storage.googleapis.com\/sendnow-blog-prod-statless-media\/wp-content\/uploads\/18928185-iphone-15-pro-300x225.png 300w, https:\/\/storage.googleapis.com\/sendnow-blog-prod-statless-media\/wp-content\/uploads\/18928185-iphone-15-pro-768x577.png 768w, https:\/\/storage.googleapis.com\/sendnow-blog-prod-statless-media\/wp-content\/uploads\/18928185-iphone-15-pro-1536x1153.png 1536w, https:\/\/storage.googleapis.com\/sendnow-blog-prod-statless-media\/wp-content\/uploads\/18928185-iphone-15-pro-2048x1538.png 2048w\" sizes=\"auto, (max-width: 1024px) 100vw, 1024px\" \/><\/a><\/figure><div class=\"wp-block-media-text__content\">\n<p><strong><a href=\"https:\/\/sendnow.money\/blog\/es\/como-enviar-dinero-a-rusia-en-2025\/\">\u00bfC\u00f3mo enviar dinero a Rusia en 2025?<\/a><\/strong><\/p>\n\n\n\n<p><a href=\"https:\/\/sendnow.money\/blog\/es\/como-enviar-dinero-a-rusia-en-2025\/\"><strong>Por qu\u00e9 las restricciones de 2025 no afectan a las transferencias con SendNOW \u2014 y c\u00f3mo funcionan los pagos a destinatarios en Rusia<\/strong>&#8230;<\/a><\/p>\n<\/div><\/div>\n\n\n\n<div class=\"wp-block-media-text is-stacked-on-mobile\"><figure class=\"wp-block-media-text__media\"><a href=\"https:\/\/sendnow.money\/blog\/es\/como-enviar-dinero-de-forma-segura-desde-una-tarjeta-con-la-aplicacion-sendnow\/\"><img loading=\"lazy\" decoding=\"async\" width=\"633\" height=\"1024\" src=\"https:\/\/storage.googleapis.com\/sendnow-blog-prod-statless-media\/wp-content\/uploads\/f3cfdfc8-scratch2-633x1024.png\" alt=\"\" class=\"wp-image-187 size-full\" srcset=\"https:\/\/storage.googleapis.com\/sendnow-blog-prod-statless-media\/wp-content\/uploads\/f3cfdfc8-scratch2-633x1024.png 633w, https:\/\/storage.googleapis.com\/sendnow-blog-prod-statless-media\/wp-content\/uploads\/f3cfdfc8-scratch2-185x300.png 185w, https:\/\/storage.googleapis.com\/sendnow-blog-prod-statless-media\/wp-content\/uploads\/f3cfdfc8-scratch2-768x1242.png 768w, https:\/\/storage.googleapis.com\/sendnow-blog-prod-statless-media\/wp-content\/uploads\/f3cfdfc8-scratch2-950x1536.png 950w, https:\/\/storage.googleapis.com\/sendnow-blog-prod-statless-media\/wp-content\/uploads\/f3cfdfc8-scratch2.png 1020w\" sizes=\"auto, (max-width: 633px) 100vw, 633px\" \/><\/a><\/figure><div class=\"wp-block-media-text__content\">\n<p><a href=\"https:\/\/sendnow.money\/blog\/es\/como-enviar-dinero-de-forma-segura-desde-una-tarjeta-con-la-aplicacion-sendnow\/\"><strong>C\u00f3mo enviar dinero de forma segura desde una tarjeta con la aplicaci\u00f3n SendNOW<\/strong><\/a><\/p>\n\n\n\n<p><a href=\"https:\/\/sendnow.money\/blog\/es\/como-enviar-dinero-de-forma-segura-desde-una-tarjeta-con-la-aplicacion-sendnow\/\"><strong>Evita bloqueos de transferencias causados por datos no coincidentes entre la cuenta y el titular de la tarjeta<\/strong>&#8230;..<\/a><\/p>\n<\/div><\/div>\n","protected":false},"excerpt":{"rendered":"<p>\u00bfC\u00f3mo enviar dinero a Rusia en 2025? Por qu\u00e9 las restricciones de 2025 no afectan a las transferencias con SendNOW \u2014 y c\u00f3mo funcionan los pagos a destinatarios en Rusia&#8230; C\u00f3mo enviar dinero de forma segura desde una tarjeta con la aplicaci\u00f3n SendNOW Evita bloqueos de transferencias causados por datos no coincidentes entre la cuenta [&hellip;]<\/p>\n","protected":false},"author":3,"featured_media":0,"parent":0,"menu_order":0,"comment_status":"closed","ping_status":"closed","template":"","meta":{"footnotes":""},"class_list":["post-378","page","type-page","status-publish","hentry"],"yoast_head":"<!-- This site is optimized with the Yoast SEO plugin v25.9 - https:\/\/yoast.com\/wordpress\/plugins\/seo\/ -->\n<title>Consejos y recomendaciones \u00fatiles - Help &amp; Guides \u2014 SendNOW<\/title>\n<meta name=\"robots\" content=\"index, follow, max-snippet:-1, max-image-preview:large, max-video-preview:-1\" \/>\n<link rel=\"canonical\" href=\"https:\/\/sendnow.money\/blog\/es\/consejos-y-recomendaciones-utiles\/\" \/>\n<meta property=\"og:locale\" content=\"en_US\" \/>\n<meta property=\"og:type\" content=\"article\" \/>\n<meta property=\"og:title\" content=\"Consejos y recomendaciones \u00fatiles - Help &amp; Guides \u2014 SendNOW\" \/>\n<meta property=\"og:description\" content=\"\u00bfC\u00f3mo enviar dinero a Rusia en 2025? Por qu\u00e9 las restricciones de 2025 no afectan a las transferencias con SendNOW \u2014 y c\u00f3mo funcionan los pagos a destinatarios en Rusia&#8230; C\u00f3mo enviar dinero de forma segura desde una tarjeta con la aplicaci\u00f3n SendNOW Evita bloqueos de transferencias causados por datos no coincidentes entre la cuenta [&hellip;]\" \/>\n<meta property=\"og:url\" content=\"https:\/\/sendnow.money\/blog\/es\/consejos-y-recomendaciones-utiles\/\" \/>\n<meta property=\"og:site_name\" content=\"Help &amp; Guides \u2014 SendNOW\" \/>\n<meta property=\"article:publisher\" content=\"https:\/\/www.facebook.com\/profile.php?id=100093676399740#\" \/>\n<meta property=\"article:modified_time\" content=\"2025-09-09T11:16:59+00:00\" \/>\n<meta property=\"og:image\" content=\"https:\/\/storage.googleapis.com\/sendnow-blog-prod-statless-media\/wp-content\/uploads\/18928185-iphone-15-pro.png\" \/>\n\t<meta property=\"og:image:width\" content=\"2312\" \/>\n\t<meta property=\"og:image:height\" content=\"1736\" \/>\n\t<meta property=\"og:image:type\" content=\"image\/png\" \/>\n<meta name=\"twitter:card\" content=\"summary_large_image\" \/>\n<meta name=\"twitter:site\" content=\"@Send__NOW\" \/>\n<meta name=\"twitter:label1\" content=\"Est. reading time\" \/>\n\t<meta name=\"twitter:data1\" content=\"1 minute\" \/>\n<script type=\"application\/ld+json\" class=\"yoast-schema-graph\">{\"@context\":\"https:\/\/schema.org\",\"@graph\":[{\"@type\":\"WebPage\",\"@id\":\"https:\/\/sendnow.money\/blog\/es\/consejos-y-recomendaciones-utiles\/\",\"url\":\"https:\/\/sendnow.money\/blog\/es\/consejos-y-recomendaciones-utiles\/\",\"name\":\"Consejos y recomendaciones \u00fatiles - Help &amp; Guides \u2014 SendNOW\",\"isPartOf\":{\"@id\":\"https:\/\/sendnow.money\/blog\/#website\"},\"primaryImageOfPage\":{\"@id\":\"https:\/\/sendnow.money\/blog\/es\/consejos-y-recomendaciones-utiles\/#primaryimage\"},\"image\":{\"@id\":\"https:\/\/sendnow.money\/blog\/es\/consejos-y-recomendaciones-utiles\/#primaryimage\"},\"thumbnailUrl\":\"https:\/\/storage.googleapis.com\/sendnow-blog-prod-statless-media\/wp-content\/uploads\/18928185-iphone-15-pro-1024x769.png\",\"datePublished\":\"2025-09-09T10:59:31+00:00\",\"dateModified\":\"2025-09-09T11:16:59+00:00\",\"breadcrumb\":{\"@id\":\"https:\/\/sendnow.money\/blog\/es\/consejos-y-recomendaciones-utiles\/#breadcrumb\"},\"inLanguage\":\"en-US\",\"potentialAction\":[{\"@type\":\"ReadAction\",\"target\":[\"https:\/\/sendnow.money\/blog\/es\/consejos-y-recomendaciones-utiles\/\"]}]},{\"@type\":\"ImageObject\",\"inLanguage\":\"en-US\",\"@id\":\"https:\/\/sendnow.money\/blog\/es\/consejos-y-recomendaciones-utiles\/#primaryimage\",\"url\":\"https:\/\/storage.googleapis.com\/sendnow-blog-prod-statless-media\/wp-content\/uploads\/18928185-iphone-15-pro-1024x769.png\",\"contentUrl\":\"https:\/\/storage.googleapis.com\/sendnow-blog-prod-statless-media\/wp-content\/uploads\/18928185-iphone-15-pro-1024x769.png\"},{\"@type\":\"BreadcrumbList\",\"@id\":\"https:\/\/sendnow.money\/blog\/es\/consejos-y-recomendaciones-utiles\/#breadcrumb\",\"itemListElement\":[{\"@type\":\"ListItem\",\"position\":1,\"name\":\"Home\",\"item\":\"https:\/\/sendnow.money\/blog\/\"},{\"@type\":\"ListItem\",\"position\":2,\"name\":\"Consejos y recomendaciones \u00fatiles\"}]},{\"@type\":\"WebSite\",\"@id\":\"https:\/\/sendnow.money\/blog\/#website\",\"url\":\"https:\/\/sendnow.money\/blog\/\",\"name\":\"SendNOW Blog\",\"description\":\"Guides and tips on international money transfers with SendNOW\",\"publisher\":{\"@id\":\"https:\/\/sendnow.money\/blog\/#organization\"},\"potentialAction\":[{\"@type\":\"SearchAction\",\"target\":{\"@type\":\"EntryPoint\",\"urlTemplate\":\"https:\/\/sendnow.money\/blog\/?s={search_term_string}\"},\"query-input\":{\"@type\":\"PropertyValueSpecification\",\"valueRequired\":true,\"valueName\":\"search_term_string\"}}],\"inLanguage\":\"en-US\"},{\"@type\":\"Organization\",\"@id\":\"https:\/\/sendnow.money\/blog\/#organization\",\"name\":\"SendNOW Blog\",\"url\":\"https:\/\/sendnow.money\/blog\/\",\"logo\":{\"@type\":\"ImageObject\",\"inLanguage\":\"en-US\",\"@id\":\"https:\/\/sendnow.money\/blog\/#\/schema\/logo\/image\/\",\"url\":\"https:\/\/storage.googleapis.com\/sendnow-blog-prod-statless-media\/wp-content\/uploads\/28db9941-cropped-23ef375b-logo_min-scaled-1.png\",\"contentUrl\":\"https:\/\/storage.googleapis.com\/sendnow-blog-prod-statless-media\/wp-content\/uploads\/28db9941-cropped-23ef375b-logo_min-scaled-1.png\",\"width\":512,\"height\":512,\"caption\":\"SendNOW Blog\"},\"image\":{\"@id\":\"https:\/\/sendnow.money\/blog\/#\/schema\/logo\/image\/\"},\"sameAs\":[\"https:\/\/www.facebook.com\/profile.php?id=100093676399740#\",\"https:\/\/x.com\/Send__NOW\"]}]}<\/script>\n<!-- \/ Yoast SEO plugin. -->","yoast_head_json":{"title":"Consejos y recomendaciones \u00fatiles - Help &amp; Guides \u2014 SendNOW","robots":{"index":"index","follow":"follow","max-snippet":"max-snippet:-1","max-image-preview":"max-image-preview:large","max-video-preview":"max-video-preview:-1"},"canonical":"https:\/\/sendnow.money\/blog\/es\/consejos-y-recomendaciones-utiles\/","og_locale":"en_US","og_type":"article","og_title":"Consejos y recomendaciones \u00fatiles - Help &amp; Guides \u2014 SendNOW","og_description":"\u00bfC\u00f3mo enviar dinero a Rusia en 2025? Por qu\u00e9 las restricciones de 2025 no afectan a las transferencias con SendNOW \u2014 y c\u00f3mo funcionan los pagos a destinatarios en Rusia&#8230; C\u00f3mo enviar dinero de forma segura desde una tarjeta con la aplicaci\u00f3n SendNOW Evita bloqueos de transferencias causados por datos no coincidentes entre la cuenta [&hellip;]","og_url":"https:\/\/sendnow.money\/blog\/es\/consejos-y-recomendaciones-utiles\/","og_site_name":"Help &amp; Guides \u2014 SendNOW","article_publisher":"https:\/\/www.facebook.com\/profile.php?id=100093676399740#","article_modified_time":"2025-09-09T11:16:59+00:00","og_image":[{"width":2312,"height":1736,"url":"https:\/\/storage.googleapis.com\/sendnow-blog-prod-statless-media\/wp-content\/uploads\/18928185-iphone-15-pro.png","type":"image\/png"}],"twitter_card":"summary_large_image","twitter_site":"@Send__NOW","twitter_misc":{"Est. reading time":"1 minute"},"schema":{"@context":"https:\/\/schema.org","@graph":[{"@type":"WebPage","@id":"https:\/\/sendnow.money\/blog\/es\/consejos-y-recomendaciones-utiles\/","url":"https:\/\/sendnow.money\/blog\/es\/consejos-y-recomendaciones-utiles\/","name":"Consejos y recomendaciones \u00fatiles - Help &amp; Guides \u2014 SendNOW","isPartOf":{"@id":"https:\/\/sendnow.money\/blog\/#website"},"primaryImageOfPage":{"@id":"https:\/\/sendnow.money\/blog\/es\/consejos-y-recomendaciones-utiles\/#primaryimage"},"image":{"@id":"https:\/\/sendnow.money\/blog\/es\/consejos-y-recomendaciones-utiles\/#primaryimage"},"thumbnailUrl":"https:\/\/storage.googleapis.com\/sendnow-blog-prod-statless-media\/wp-content\/uploads\/18928185-iphone-15-pro-1024x769.png","datePublished":"2025-09-09T10:59:31+00:00","dateModified":"2025-09-09T11:16:59+00:00","breadcrumb":{"@id":"https:\/\/sendnow.money\/blog\/es\/consejos-y-recomendaciones-utiles\/#breadcrumb"},"inLanguage":"en-US","potentialAction":[{"@type":"ReadAction","target":["https:\/\/sendnow.money\/blog\/es\/consejos-y-recomendaciones-utiles\/"]}]},{"@type":"ImageObject","inLanguage":"en-US","@id":"https:\/\/sendnow.money\/blog\/es\/consejos-y-recomendaciones-utiles\/#primaryimage","url":"https:\/\/storage.googleapis.com\/sendnow-blog-prod-statless-media\/wp-content\/uploads\/18928185-iphone-15-pro-1024x769.png","contentUrl":"https:\/\/storage.googleapis.com\/sendnow-blog-prod-statless-media\/wp-content\/uploads\/18928185-iphone-15-pro-1024x769.png"},{"@type":"BreadcrumbList","@id":"https:\/\/sendnow.money\/blog\/es\/consejos-y-recomendaciones-utiles\/#breadcrumb","itemListElement":[{"@type":"ListItem","position":1,"name":"Home","item":"https:\/\/sendnow.money\/blog\/"},{"@type":"ListItem","position":2,"name":"Consejos y recomendaciones \u00fatiles"}]},{"@type":"WebSite","@id":"https:\/\/sendnow.money\/blog\/#website","url":"https:\/\/sendnow.money\/blog\/","name":"SendNOW Blog","description":"Guides and tips on international money transfers with SendNOW","publisher":{"@id":"https:\/\/sendnow.money\/blog\/#organization"},"potentialAction":[{"@type":"SearchAction","target":{"@type":"EntryPoint","urlTemplate":"https:\/\/sendnow.money\/blog\/?s={search_term_string}"},"query-input":{"@type":"PropertyValueSpecification","valueRequired":true,"valueName":"search_term_string"}}],"inLanguage":"en-US"},{"@type":"Organization","@id":"https:\/\/sendnow.money\/blog\/#organization","name":"SendNOW Blog","url":"https:\/\/sendnow.money\/blog\/","logo":{"@type":"ImageObject","inLanguage":"en-US","@id":"https:\/\/sendnow.money\/blog\/#\/schema\/logo\/image\/","url":"https:\/\/storage.googleapis.com\/sendnow-blog-prod-statless-media\/wp-content\/uploads\/28db9941-cropped-23ef375b-logo_min-scaled-1.png","contentUrl":"https:\/\/storage.googleapis.com\/sendnow-blog-prod-statless-media\/wp-content\/uploads\/28db9941-cropped-23ef375b-logo_min-scaled-1.png","width":512,"height":512,"caption":"SendNOW Blog"},"image":{"@id":"https:\/\/sendnow.money\/blog\/#\/schema\/logo\/image\/"},"sameAs":["https:\/\/www.facebook.com\/profile.php?id=100093676399740#","https:\/\/x.com\/Send__NOW"]}]}},"_links":{"self":[{"href":"https:\/\/sendnow.money\/blog\/wp-json\/wp\/v2\/pages\/378","targetHints":{"allow":["GET"]}}],"collection":[{"href":"https:\/\/sendnow.money\/blog\/wp-json\/wp\/v2\/pages"}],"about":[{"href":"https:\/\/sendnow.money\/blog\/wp-json\/wp\/v2\/types\/page"}],"author":[{"embeddable":true,"href":"https:\/\/sendnow.money\/blog\/wp-json\/wp\/v2\/users\/3"}],"replies":[{"embeddable":true,"href":"https:\/\/sendnow.money\/blog\/wp-json\/wp\/v2\/comments?post=378"}],"version-history":[{"count":4,"href":"https:\/\/sendnow.money\/blog\/wp-json\/wp\/v2\/pages\/378\/revisions"}],"predecessor-version":[{"id":392,"href":"https:\/\/sendnow.money\/blog\/wp-json\/wp\/v2\/pages\/378\/revisions\/392"}],"wp:attachment":[{"href":"https:\/\/sendnow.money\/blog\/wp-json\/wp\/v2\/media?parent=378"}],"curies":[{"name":"wp","href":"https:\/\/api.w.org\/{rel}","templated":true}]}}