{"id":365,"date":"2025-09-08T19:12:37","date_gmt":"2025-09-08T17:12:37","guid":{"rendered":"https:\/\/sendnow.money\/blog\/?page_id=365"},"modified":"2025-09-09T13:30:03","modified_gmt":"2025-09-09T11:30:03","slug":"como-enviar-dinero-con-criptomonedas-en-la-aplicacion-sendnow-guia-paso-a-paso","status":"publish","type":"page","link":"https:\/\/sendnow.money\/blog\/es\/como-enviar-dinero-con-criptomonedas-en-la-aplicacion-sendnow-guia-paso-a-paso\/","title":{"rendered":"C\u00f3mo enviar dinero con criptomonedas en la aplicaci\u00f3n SendNOW: Gu\u00eda paso a paso"},"content":{"rendered":"\n<p>Las transferencias internacionales de dinero pueden ser r\u00e1pidas y de bajo costo si utilizas criptomonedas. En este art\u00edculo aprender\u00e1s c\u00f3mo enviar dinero con criptomonedas en <strong><a href=\"https:\/\/sendnow.money\/es?utm_source=blog_sendnow&amp;utm_campaign=blog_sendnow_promo&amp;utm_content=blog_sendnow_promo_through_crypto_es\" target=\"_blank\" rel=\"noreferrer noopener\">la aplicaci\u00f3n SendNOW<\/a> <\/strong>\u2014 paso a paso, desde la preparaci\u00f3n de tu billetera hasta la confirmaci\u00f3n del pago.<\/p>\n\n\n\n<p><\/p>\n\n\n\n<h2 class=\"wp-block-heading\">Por <a href=\"https:\/\/sendnow.money\/es?utm_source=blog_sendnow&amp;utm_campaign=blog_sendnow_promo&amp;utm_content=blog_sendnow_promo_through_crypto_es\" target=\"_blank\" rel=\"noreferrer noopener\">qu\u00e9 enviar dinero con criptomonedas a trav\u00e9s de SendNOW<\/a><\/h2>\n\n\n\n<ul class=\"wp-block-list\">\n<li><strong>Rapidez<\/strong> \u2014 los fondos suelen llegar en un plazo de 24 horas.<\/li>\n\n\n\n<li><strong>Bajas comisiones<\/strong> \u2014 desde un 0% al pagar directamente a trav\u00e9s de SendNOW.<\/li>\n\n\n\n<li><strong>Flexibilidad<\/strong> \u2014 paga en USDT o USDC desde cualquier billetera o exchange de criptomonedas.<\/li>\n<\/ul>\n\n\n\n<p>Si eres nuevo en el mundo de las criptomonedas, consulta nuestra gu\u00eda <em>\u201cC\u00f3mo empezar a usar criptomonedas para transferencias\u201d<\/em>, donde explicamos c\u00f3mo crear, recargar y utilizar tu billetera.<\/p>\n\n\n\n<figure class=\"wp-block-embed is-type-video is-provider-youtube wp-block-embed-youtube wp-embed-aspect-16-9 wp-has-aspect-ratio\"><div class=\"wp-block-embed__wrapper\">\n<iframe loading=\"lazy\" title=\"C\u00f3mo Enviar Dinero Desde Criptomonedas a Dinero Fiat | App Para Enviar Dinero SendNOW\" width=\"500\" height=\"281\" src=\"https:\/\/www.youtube.com\/embed\/6SYrl0Kexk8?feature=oembed\" frameborder=\"0\" allow=\"accelerometer; autoplay; clipboard-write; encrypted-media; gyroscope; picture-in-picture; web-share\" referrerpolicy=\"strict-origin-when-cross-origin\" allowfullscreen><\/iframe>\n<\/div><\/figure>\n\n\n\n<p><\/p>\n\n\n\n<h2 class=\"wp-block-heading\">1. Prep\u00e1rate antes de transferir<\/h2>\n\n\n\n<p>Paso 1. Verifica tu billetera o exchange:<\/p>\n\n\n\n<ul class=\"wp-block-list\">\n<li>Aseg\u00farate de tener USDT o USDC \u2014 las \u00fanicas monedas admitidas en SendNOW.<\/li>\n\n\n\n<li>Comprueba que tu saldo cubra tanto el monto de la transferencia como las comisiones de retiro.<\/li>\n\n\n\n<li>Mant\u00e9n abierta tu billetera o la interfaz del exchange para acceder r\u00e1pidamente durante el proceso.<\/li>\n<\/ul>\n\n\n\n<p>Paso 2. Verifica los datos del destinatario:<\/p>\n\n\n\n<ul class=\"wp-block-list\">\n<li>En SendNOW, crea un borrador de transferencia para ver los datos exactos de pago para su pa\u00eds.<\/li>\n\n\n\n<li>Aseg\u00farate de que no existan restricciones en su cuenta.<\/li>\n\n\n\n<li>Confirma el n\u00famero de tel\u00e9fono u otros datos requeridos.<\/li>\n<\/ul>\n\n\n\n<p><\/p>\n\n\n\n<h2 class=\"wp-block-heading\">2. <a href=\"https:\/\/sendnow.money\/es?utm_source=blog_sendnow&amp;utm_campaign=blog_sendnow_promo&amp;utm_content=blog_sendnow_promo_through_crypto_es\" target=\"_blank\" rel=\"noreferrer noopener\">C\u00f3mo enviar dinero con criptomonedas en la aplicaci\u00f3n SendNOW<\/a><\/h2>\n\n\n\n<ol class=\"wp-block-list\">\n<li>Abre la aplicaci\u00f3n m\u00f3vil de SendNOW o la versi\u00f3n web.<\/li>\n\n\n\n<li>Selecciona:\n<ul class=\"wp-block-list\">\n<li><strong>M\u00e9todo de pago<\/strong> \u2014 \u201cTransferencia cripto\u201d. USDT estar\u00e1 seleccionado por defecto. C\u00e1mbialo a USDC si es necesario.<\/li>\n\n\n\n<li><strong>La moneda receptora y el monto.<\/strong> El tipo de cambio se calcular\u00e1 autom\u00e1ticamente.<\/li>\n<\/ul>\n<\/li>\n\n\n\n<li>Toca <strong>\u201cContinuar con el pago\u201d<\/strong>.<\/li>\n\n\n\n<li>Ingresa los datos del destinatario.<\/li>\n\n\n\n<li>Toca nuevamente <strong>\u201cContinuar con el pago\u201d<\/strong> para elegir el m\u00e9todo de pago.<\/li>\n<\/ol>\n\n\n\n<p><\/p>\n\n\n\n<h2 class=\"wp-block-heading\">3. Elegir un m\u00e9todo de pago con criptomonedas<\/h2>\n\n\n\n<p>Actualmente, SendNOW ofrece dos opciones:<\/p>\n\n\n\n<ul class=\"wp-block-list\">\n<li><strong>Transferencia cripto v\u00eda SendNOW<\/strong> \u2014 sin comisiones, pero con menos opciones de red.<\/li>\n\n\n\n<li><strong>Transferencia cripto v\u00eda Volet<\/strong> \u2014 comisi\u00f3n del 0,5%, pero con m\u00e1s opciones de red.<\/li>\n<\/ul>\n\n\n\n<blockquote class=\"wp-block-quote is-layout-flow wp-block-quote-is-layout-flow\">\n<p>Puedes consultar las redes disponibles \u00fanicamente en la interfaz de tu billetera o exchange.<\/p>\n<\/blockquote>\n\n\n\n<p>Despu\u00e9s de seleccionar tu m\u00e9todo de pago, ver\u00e1s:<\/p>\n\n\n\n<ul class=\"wp-block-list\">\n<li>La direcci\u00f3n de la billetera a la que enviar tu pago.<\/li>\n\n\n\n<li>El tipo de red blockchain.<\/li>\n\n\n\n<li>El monto exacto a enviar (incluyendo la comisi\u00f3n de retiro de tu plataforma).<\/li>\n<\/ul>\n\n\n\n<p><\/p>\n\n\n\n<h2 class=\"wp-block-heading\">4. Realizar el pago desde tu billetera o exchange<\/h2>\n\n\n\n<p>Para enviar dinero mediante criptomonedas:<\/p>\n\n\n\n<p>To send money via cryptocurrency:<\/p>\n\n\n\n<ol class=\"wp-block-list\">\n<li>Abre tu billetera o cuenta en el exchange.<\/li>\n\n\n\n<li>Selecciona la misma moneda (USDT o USDC) y la misma red que aparecen en los datos de pago de SendNOW.<\/li>\n\n\n\n<li>Ingresa el monto exacto que figura en la p\u00e1gina de pago.<\/li>\n\n\n\n<li>Env\u00eda el pago.<\/li>\n\n\n\n<li>Busca el hash de la transacci\u00f3n (TXID) en tu historial de retiros y c\u00f3pialo.<\/li>\n<\/ol>\n\n\n\n<p><\/p>\n\n\n\n<h2 class=\"wp-block-heading\">5. Confirmar tu pago en SendNOW<\/h2>\n\n\n\n<p>Si elegiste <strong>transferencia cripto v\u00eda SendNOW<\/strong>:<\/p>\n\n\n\n<ol class=\"wp-block-list\">\n<li>Regresa a la aplicaci\u00f3n SendNOW.<\/li>\n\n\n\n<li>Toca <strong>\u201cConfirmar\u201d<\/strong>.<\/li>\n\n\n\n<li>Pega el hash de tu transacci\u00f3n (TXID) y confirma nuevamente.<\/li>\n<\/ol>\n\n\n\n<p><\/p>\n\n\n\n<h2 class=\"wp-block-heading\">6. Seguimiento de tu transferencia<\/h2>\n\n\n\n<ul class=\"wp-block-list\">\n<li>Puedes consultar el estado de tu transferencia en el historial de transferencias de la aplicaci\u00f3n.<\/li>\n\n\n\n<li>Una vez entregada, el estado cambiar\u00e1 a <strong>\u201cEntregada\u201d<\/strong>, y recibir\u00e1s una notificaci\u00f3n en la aplicaci\u00f3n y por correo electr\u00f3nico.<\/li>\n<\/ul>\n\n\n\n<p><\/p>\n\n\n\n<h2 class=\"wp-block-heading\">Reflexiones finales<\/h2>\n\n\n\n<p>Ahora ya sabes c\u00f3mo enviar dinero con criptomonedas en la aplicaci\u00f3n SendNOW \u2014 de forma r\u00e1pida, segura y con comisiones m\u00ednimas.<br>Pru\u00e9balo hoy mismo: <strong><a href=\"https:\/\/sendnow.money\/es?utm_source=blog_sendnow&amp;utm_campaign=blog_sendnow_promo&amp;utm_content=blog_sendnow_promo_through_crypto_es\" target=\"_blank\" rel=\"noreferrer noopener\">abre SendNOW y crea tu primera transferencia<\/a><\/strong>.<\/p>\n\n\n\n<p><\/p>\n\n\n\n<h4 class=\"wp-block-heading\"><strong><strong>Otros art\u00edculos y gu\u00edas \u00fatiles que pueden interesarte:<\/strong><\/strong><\/h4>\n\n\n\n<p>Art\u00edculo sobre c\u00f3mo los cambios en la legislaci\u00f3n rusa afectan a las transferencias a Rusia a trav\u00e9s de SendNOW: [<strong><a href=\"https:\/\/sendnow.money\/blog\/es\/como-enviar-dinero-a-rusia-en-2025\/\">\u00bfC\u00f3mo enviar dinero a Rusia en 2025?<\/a><\/strong>]<\/p>\n\n\n\n<p>Conoce m\u00e1s sobre el servicio de transferencias de dinero SendNOW: [<strong><a href=\"https:\/\/sendnow.money\/blog\/es\/acerca-del-servicio-de-transferencias-de-dinero-sendnow\/\">Acerca del servicio de transferencias de dinero SendNOW<\/a><\/strong>]<\/p>\n\n\n\n<p><\/p>\n","protected":false},"excerpt":{"rendered":"<p>Las transferencias internacionales de dinero pueden ser r\u00e1pidas y de bajo costo si utilizas criptomonedas. En este art\u00edculo aprender\u00e1s c\u00f3mo enviar dinero con criptomonedas en la aplicaci\u00f3n SendNOW \u2014 paso a paso, desde la preparaci\u00f3n de tu billetera hasta la confirmaci\u00f3n del pago. Por qu\u00e9 enviar dinero con criptomonedas a trav\u00e9s de SendNOW Si eres [&hellip;]<\/p>\n","protected":false},"author":3,"featured_media":0,"parent":0,"menu_order":0,"comment_status":"closed","ping_status":"closed","template":"","meta":{"footnotes":""},"class_list":["post-365","page","type-page","status-publish","hentry"],"yoast_head":"<!-- This site is optimized with the Yoast SEO plugin v25.9 - https:\/\/yoast.com\/wordpress\/plugins\/seo\/ -->\n<title>C\u00f3mo enviar dinero con criptomonedas en la aplicaci\u00f3n SendNOW: Gu\u00eda paso a paso - Help &amp; Guides \u2014 SendNOW<\/title>\n<meta name=\"robots\" content=\"index, follow, max-snippet:-1, max-image-preview:large, max-video-preview:-1\" \/>\n<link rel=\"canonical\" href=\"https:\/\/sendnow.money\/blog\/es\/como-enviar-dinero-con-criptomonedas-en-la-aplicacion-sendnow-guia-paso-a-paso\/\" \/>\n<meta property=\"og:locale\" content=\"en_US\" \/>\n<meta property=\"og:type\" content=\"article\" \/>\n<meta property=\"og:title\" content=\"C\u00f3mo enviar dinero con criptomonedas en la aplicaci\u00f3n SendNOW: Gu\u00eda paso a paso - Help &amp; Guides \u2014 SendNOW\" \/>\n<meta property=\"og:description\" content=\"Las transferencias internacionales de dinero pueden ser r\u00e1pidas y de bajo costo si utilizas criptomonedas. En este art\u00edculo aprender\u00e1s c\u00f3mo enviar dinero con criptomonedas en la aplicaci\u00f3n SendNOW \u2014 paso a paso, desde la preparaci\u00f3n de tu billetera hasta la confirmaci\u00f3n del pago. Por qu\u00e9 enviar dinero con criptomonedas a trav\u00e9s de SendNOW Si eres [&hellip;]\" \/>\n<meta property=\"og:url\" content=\"https:\/\/sendnow.money\/blog\/es\/como-enviar-dinero-con-criptomonedas-en-la-aplicacion-sendnow-guia-paso-a-paso\/\" \/>\n<meta property=\"og:site_name\" content=\"Help &amp; Guides \u2014 SendNOW\" \/>\n<meta property=\"article:publisher\" content=\"https:\/\/www.facebook.com\/profile.php?id=100093676399740#\" \/>\n<meta property=\"article:modified_time\" content=\"2025-09-09T11:30:03+00:00\" \/>\n<meta name=\"twitter:card\" content=\"summary_large_image\" \/>\n<meta name=\"twitter:site\" content=\"@Send__NOW\" \/>\n<meta name=\"twitter:label1\" content=\"Est. reading time\" \/>\n\t<meta name=\"twitter:data1\" content=\"3 minutes\" \/>\n<script type=\"application\/ld+json\" class=\"yoast-schema-graph\">{\"@context\":\"https:\/\/schema.org\",\"@graph\":[{\"@type\":\"WebPage\",\"@id\":\"https:\/\/sendnow.money\/blog\/es\/como-enviar-dinero-con-criptomonedas-en-la-aplicacion-sendnow-guia-paso-a-paso\/\",\"url\":\"https:\/\/sendnow.money\/blog\/es\/como-enviar-dinero-con-criptomonedas-en-la-aplicacion-sendnow-guia-paso-a-paso\/\",\"name\":\"C\u00f3mo enviar dinero con criptomonedas en la aplicaci\u00f3n SendNOW: Gu\u00eda paso a paso - Help &amp; Guides \u2014 SendNOW\",\"isPartOf\":{\"@id\":\"https:\/\/sendnow.money\/blog\/#website\"},\"datePublished\":\"2025-09-08T17:12:37+00:00\",\"dateModified\":\"2025-09-09T11:30:03+00:00\",\"breadcrumb\":{\"@id\":\"https:\/\/sendnow.money\/blog\/es\/como-enviar-dinero-con-criptomonedas-en-la-aplicacion-sendnow-guia-paso-a-paso\/#breadcrumb\"},\"inLanguage\":\"en-US\",\"potentialAction\":[{\"@type\":\"ReadAction\",\"target\":[\"https:\/\/sendnow.money\/blog\/es\/como-enviar-dinero-con-criptomonedas-en-la-aplicacion-sendnow-guia-paso-a-paso\/\"]}]},{\"@type\":\"BreadcrumbList\",\"@id\":\"https:\/\/sendnow.money\/blog\/es\/como-enviar-dinero-con-criptomonedas-en-la-aplicacion-sendnow-guia-paso-a-paso\/#breadcrumb\",\"itemListElement\":[{\"@type\":\"ListItem\",\"position\":1,\"name\":\"Home\",\"item\":\"https:\/\/sendnow.money\/blog\/\"},{\"@type\":\"ListItem\",\"position\":2,\"name\":\"C\u00f3mo enviar dinero con criptomonedas en la aplicaci\u00f3n SendNOW: Gu\u00eda paso a paso\"}]},{\"@type\":\"WebSite\",\"@id\":\"https:\/\/sendnow.money\/blog\/#website\",\"url\":\"https:\/\/sendnow.money\/blog\/\",\"name\":\"SendNOW Blog\",\"description\":\"Guides and tips on international money transfers with SendNOW\",\"publisher\":{\"@id\":\"https:\/\/sendnow.money\/blog\/#organization\"},\"potentialAction\":[{\"@type\":\"SearchAction\",\"target\":{\"@type\":\"EntryPoint\",\"urlTemplate\":\"https:\/\/sendnow.money\/blog\/?s={search_term_string}\"},\"query-input\":{\"@type\":\"PropertyValueSpecification\",\"valueRequired\":true,\"valueName\":\"search_term_string\"}}],\"inLanguage\":\"en-US\"},{\"@type\":\"Organization\",\"@id\":\"https:\/\/sendnow.money\/blog\/#organization\",\"name\":\"SendNOW Blog\",\"url\":\"https:\/\/sendnow.money\/blog\/\",\"logo\":{\"@type\":\"ImageObject\",\"inLanguage\":\"en-US\",\"@id\":\"https:\/\/sendnow.money\/blog\/#\/schema\/logo\/image\/\",\"url\":\"https:\/\/storage.googleapis.com\/sendnow-blog-prod-statless-media\/wp-content\/uploads\/28db9941-cropped-23ef375b-logo_min-scaled-1.png\",\"contentUrl\":\"https:\/\/storage.googleapis.com\/sendnow-blog-prod-statless-media\/wp-content\/uploads\/28db9941-cropped-23ef375b-logo_min-scaled-1.png\",\"width\":512,\"height\":512,\"caption\":\"SendNOW Blog\"},\"image\":{\"@id\":\"https:\/\/sendnow.money\/blog\/#\/schema\/logo\/image\/\"},\"sameAs\":[\"https:\/\/www.facebook.com\/profile.php?id=100093676399740#\",\"https:\/\/x.com\/Send__NOW\"]}]}<\/script>\n<!-- \/ Yoast SEO plugin. -->","yoast_head_json":{"title":"C\u00f3mo enviar dinero con criptomonedas en la aplicaci\u00f3n SendNOW: Gu\u00eda paso a paso - Help &amp; Guides \u2014 SendNOW","robots":{"index":"index","follow":"follow","max-snippet":"max-snippet:-1","max-image-preview":"max-image-preview:large","max-video-preview":"max-video-preview:-1"},"canonical":"https:\/\/sendnow.money\/blog\/es\/como-enviar-dinero-con-criptomonedas-en-la-aplicacion-sendnow-guia-paso-a-paso\/","og_locale":"en_US","og_type":"article","og_title":"C\u00f3mo enviar dinero con criptomonedas en la aplicaci\u00f3n SendNOW: Gu\u00eda paso a paso - Help &amp; Guides \u2014 SendNOW","og_description":"Las transferencias internacionales de dinero pueden ser r\u00e1pidas y de bajo costo si utilizas criptomonedas. En este art\u00edculo aprender\u00e1s c\u00f3mo enviar dinero con criptomonedas en la aplicaci\u00f3n SendNOW \u2014 paso a paso, desde la preparaci\u00f3n de tu billetera hasta la confirmaci\u00f3n del pago. Por qu\u00e9 enviar dinero con criptomonedas a trav\u00e9s de SendNOW Si eres [&hellip;]","og_url":"https:\/\/sendnow.money\/blog\/es\/como-enviar-dinero-con-criptomonedas-en-la-aplicacion-sendnow-guia-paso-a-paso\/","og_site_name":"Help &amp; Guides \u2014 SendNOW","article_publisher":"https:\/\/www.facebook.com\/profile.php?id=100093676399740#","article_modified_time":"2025-09-09T11:30:03+00:00","twitter_card":"summary_large_image","twitter_site":"@Send__NOW","twitter_misc":{"Est. reading time":"3 minutes"},"schema":{"@context":"https:\/\/schema.org","@graph":[{"@type":"WebPage","@id":"https:\/\/sendnow.money\/blog\/es\/como-enviar-dinero-con-criptomonedas-en-la-aplicacion-sendnow-guia-paso-a-paso\/","url":"https:\/\/sendnow.money\/blog\/es\/como-enviar-dinero-con-criptomonedas-en-la-aplicacion-sendnow-guia-paso-a-paso\/","name":"C\u00f3mo enviar dinero con criptomonedas en la aplicaci\u00f3n SendNOW: Gu\u00eda paso a paso - Help &amp; Guides \u2014 SendNOW","isPartOf":{"@id":"https:\/\/sendnow.money\/blog\/#website"},"datePublished":"2025-09-08T17:12:37+00:00","dateModified":"2025-09-09T11:30:03+00:00","breadcrumb":{"@id":"https:\/\/sendnow.money\/blog\/es\/como-enviar-dinero-con-criptomonedas-en-la-aplicacion-sendnow-guia-paso-a-paso\/#breadcrumb"},"inLanguage":"en-US","potentialAction":[{"@type":"ReadAction","target":["https:\/\/sendnow.money\/blog\/es\/como-enviar-dinero-con-criptomonedas-en-la-aplicacion-sendnow-guia-paso-a-paso\/"]}]},{"@type":"BreadcrumbList","@id":"https:\/\/sendnow.money\/blog\/es\/como-enviar-dinero-con-criptomonedas-en-la-aplicacion-sendnow-guia-paso-a-paso\/#breadcrumb","itemListElement":[{"@type":"ListItem","position":1,"name":"Home","item":"https:\/\/sendnow.money\/blog\/"},{"@type":"ListItem","position":2,"name":"C\u00f3mo enviar dinero con criptomonedas en la aplicaci\u00f3n SendNOW: Gu\u00eda paso a paso"}]},{"@type":"WebSite","@id":"https:\/\/sendnow.money\/blog\/#website","url":"https:\/\/sendnow.money\/blog\/","name":"SendNOW Blog","description":"Guides and tips on international money transfers with SendNOW","publisher":{"@id":"https:\/\/sendnow.money\/blog\/#organization"},"potentialAction":[{"@type":"SearchAction","target":{"@type":"EntryPoint","urlTemplate":"https:\/\/sendnow.money\/blog\/?s={search_term_string}"},"query-input":{"@type":"PropertyValueSpecification","valueRequired":true,"valueName":"search_term_string"}}],"inLanguage":"en-US"},{"@type":"Organization","@id":"https:\/\/sendnow.money\/blog\/#organization","name":"SendNOW Blog","url":"https:\/\/sendnow.money\/blog\/","logo":{"@type":"ImageObject","inLanguage":"en-US","@id":"https:\/\/sendnow.money\/blog\/#\/schema\/logo\/image\/","url":"https:\/\/storage.googleapis.com\/sendnow-blog-prod-statless-media\/wp-content\/uploads\/28db9941-cropped-23ef375b-logo_min-scaled-1.png","contentUrl":"https:\/\/storage.googleapis.com\/sendnow-blog-prod-statless-media\/wp-content\/uploads\/28db9941-cropped-23ef375b-logo_min-scaled-1.png","width":512,"height":512,"caption":"SendNOW Blog"},"image":{"@id":"https:\/\/sendnow.money\/blog\/#\/schema\/logo\/image\/"},"sameAs":["https:\/\/www.facebook.com\/profile.php?id=100093676399740#","https:\/\/x.com\/Send__NOW"]}]}},"_links":{"self":[{"href":"https:\/\/sendnow.money\/blog\/wp-json\/wp\/v2\/pages\/365","targetHints":{"allow":["GET"]}}],"collection":[{"href":"https:\/\/sendnow.money\/blog\/wp-json\/wp\/v2\/pages"}],"about":[{"href":"https:\/\/sendnow.money\/blog\/wp-json\/wp\/v2\/types\/page"}],"author":[{"embeddable":true,"href":"https:\/\/sendnow.money\/blog\/wp-json\/wp\/v2\/users\/3"}],"replies":[{"embeddable":true,"href":"https:\/\/sendnow.money\/blog\/wp-json\/wp\/v2\/comments?post=365"}],"version-history":[{"count":3,"href":"https:\/\/sendnow.money\/blog\/wp-json\/wp\/v2\/pages\/365\/revisions"}],"predecessor-version":[{"id":398,"href":"https:\/\/sendnow.money\/blog\/wp-json\/wp\/v2\/pages\/365\/revisions\/398"}],"wp:attachment":[{"href":"https:\/\/sendnow.money\/blog\/wp-json\/wp\/v2\/media?parent=365"}],"curies":[{"name":"wp","href":"https:\/\/api.w.org\/{rel}","templated":true}]}}