{"id":354,"date":"2025-09-08T18:33:44","date_gmt":"2025-09-08T16:33:44","guid":{"rendered":"https:\/\/sendnow.money\/blog\/?page_id=354"},"modified":"2025-09-09T13:25:41","modified_gmt":"2025-09-09T11:25:41","slug":"acerca-del-servicio-de-transferencias-de-dinero-sendnow","status":"publish","type":"page","link":"https:\/\/sendnow.money\/blog\/es\/acerca-del-servicio-de-transferencias-de-dinero-sendnow\/","title":{"rendered":"Acerca del servicio de transferencias de dinero SendNOW"},"content":{"rendered":"\n<p><strong><a href=\"https:\/\/sendnow.money\/es\/send-money\/to-Russia?utm_source=blog_sendnow&amp;utm_campaign=blog_sendnow_post&amp;utm_content=blog_sendnow_post_22082_es\" target=\"_blank\" rel=\"noreferrer noopener\">SendNOW es un servicio de transferencias de dinero<\/a><\/strong> disponible como aplicaci\u00f3n web y como aplicaciones m\u00f3viles para Android e iOS. Con SendNOW puedes enviar dinero a cualquiera de los 193 pa\u00edses utilizando m\u00e9todos de pago habituales como tarjetas bancarias, cuentas bancarias o criptomonedas.<\/p>\n\n\n\n<p><\/p>\n\n\n\n<p class=\"has-x-large-font-size\">Para qu\u00e9 se utiliza SendNOW<\/p>\n\n\n\n<p class=\"has-large-font-size\">Las personas utilizan <a href=\"https:\/\/sendnow.money\/es\/send-money\/to-Russia?utm_source=blog_sendnow&amp;utm_campaign=blog_sendnow_post&amp;utm_content=blog_sendnow_post_22082_es\" target=\"_blank\" rel=\"noreferrer noopener\"><strong>SendNOW para enviar dinero<\/strong><\/a> a familiares, amigos, tutores, profesionales en l\u00ednea, freelancers y empleados remotos. El servicio tambi\u00e9n puede usarse para recibir pagos comerciales o pagar servicios.<\/p>\n\n\n\n<p class=\"has-large-font-size\"><\/p>\n\n\n\n<p class=\"has-x-large-font-size\">C\u00f3mo funciona SendNOW<\/p>\n\n\n\n<p><strong><a href=\"https:\/\/sendnow.money\/es\/send-money\/to-Russia?utm_source=blog_sendnow&amp;utm_campaign=blog_sendnow_post&amp;utm_content=blog_sendnow_post_22082_es\" target=\"_blank\" rel=\"noreferrer noopener\">SendNOW transfiere dinero<\/a><\/strong> desde el m\u00e9todo de pago especificado por el remitente a los datos del destinatario. El servicio no retiene fondos de los usuarios, sino que realiza operaciones de tr\u00e1nsito entre las cuentas y tarjetas indicadas. Puedes enviar dinero desde una tarjeta bancaria, una cuenta bancaria o una billetera de criptomonedas, y recibir transferencias de las mismas maneras.<\/p>\n\n\n\n<figure class=\"wp-block-embed is-type-video is-provider-youtube wp-block-embed-youtube wp-embed-aspect-16-9 wp-has-aspect-ratio\"><div class=\"wp-block-embed__wrapper\">\n<iframe loading=\"lazy\" title=\"Aplicaci\u00f3n de Transferencias Internacionales de Dinero \u2014 SendNOW | Env\u00eda Dinero a Rusia\" width=\"500\" height=\"281\" src=\"https:\/\/www.youtube.com\/embed\/qpJYyZFcNhI?feature=oembed\" frameborder=\"0\" allow=\"accelerometer; autoplay; clipboard-write; encrypted-media; gyroscope; picture-in-picture; web-share\" referrerpolicy=\"strict-origin-when-cross-origin\" allowfullscreen><\/iframe>\n<\/div><\/figure>\n\n\n\n<p class=\"has-x-large-font-size\">Seguridad y control de transacciones<\/p>\n\n\n\n<p>Cada transferencia es revisada por un operador. Si hay un error o una inexactitud en los datos de pago, el operador notificar\u00e1 al remitente. El remitente tendr\u00e1 entonces la oportunidad de corregir la informaci\u00f3n para asegurarse de que los fondos lleguen a la persona o empresa correcta. Esto reduce el riesgo de devoluciones de pagos por datos incorrectos y protege a los usuarios de perder dinero.<\/p>\n\n\n\n<p><\/p>\n\n\n\n<p class=\"has-x-large-font-size\"><strong><a href=\"https:\/\/sendnow.money\/es\/send-money\/to-Russia?utm_source=blog_sendnow&amp;utm_campaign=blog_sendnow_post&amp;utm_content=blog_sendnow_post_22082_es\" target=\"_blank\" rel=\"noreferrer noopener\">C\u00f3mo enviar dinero con SendNOW<\/a><\/strong><\/p>\n\n\n\n<p>En los siguientes art\u00edculos explicaremos c\u00f3mo enviar dinero desde una tarjeta, c\u00f3mo realizar una transferencia desde una cuenta bancaria, c\u00f3mo usar criptomonedas para transferencias y c\u00f3mo recibir pagos comerciales a trav\u00e9s de SendNOW.<\/p>\n\n\n\n<p><\/p>\n\n\n\n<h4 class=\"wp-block-heading\"><strong>Otros art\u00edculos y gu\u00edas \u00fatiles que pueden interesarte:<\/strong><\/h4>\n\n\n\n<p>Art\u00edculo sobre c\u00f3mo los cambios en la legislaci\u00f3n rusa afectan a las transferencias a Rusia a trav\u00e9s de SendNOW: [<strong><a href=\"https:\/\/sendnow.money\/blog\/es\/como-enviar-dinero-a-rusia-en-2025\/\">\u00bfC\u00f3mo enviar dinero a Rusia en 2025?<\/a><\/strong>]<\/p>\n\n\n\n<p>Si necesitas enviar dinero a Rusia mediante criptomonedas, consulta esta gu\u00eda: [<strong><a href=\"https:\/\/sendnow.money\/blog\/es\/como-enviar-dinero-con-criptomonedas-en-la-aplicacion-sendnow-guia-paso-a-paso\/\">C\u00f3mo enviar dinero con criptomonedas en la aplicaci\u00f3n SendNOW: Gu\u00eda paso a paso<\/a><\/strong>]<\/p>\n","protected":false},"excerpt":{"rendered":"<p>SendNOW es un servicio de transferencias de dinero disponible como aplicaci\u00f3n web y como aplicaciones m\u00f3viles para Android e iOS. Con SendNOW puedes enviar dinero a cualquiera de los 193 pa\u00edses utilizando m\u00e9todos de pago habituales como tarjetas bancarias, cuentas bancarias o criptomonedas. Para qu\u00e9 se utiliza SendNOW Las personas utilizan SendNOW para enviar dinero [&hellip;]<\/p>\n","protected":false},"author":3,"featured_media":0,"parent":0,"menu_order":0,"comment_status":"closed","ping_status":"closed","template":"","meta":{"footnotes":""},"class_list":["post-354","page","type-page","status-publish","hentry"],"yoast_head":"<!-- This site is optimized with the Yoast SEO plugin v25.9 - https:\/\/yoast.com\/wordpress\/plugins\/seo\/ -->\n<title>Acerca del servicio de transferencias de dinero SendNOW - Help &amp; Guides \u2014 SendNOW<\/title>\n<meta name=\"robots\" content=\"index, follow, max-snippet:-1, max-image-preview:large, max-video-preview:-1\" \/>\n<link rel=\"canonical\" href=\"https:\/\/sendnow.money\/blog\/es\/acerca-del-servicio-de-transferencias-de-dinero-sendnow\/\" \/>\n<meta property=\"og:locale\" content=\"en_US\" \/>\n<meta property=\"og:type\" content=\"article\" \/>\n<meta property=\"og:title\" content=\"Acerca del servicio de transferencias de dinero SendNOW - Help &amp; Guides \u2014 SendNOW\" \/>\n<meta property=\"og:description\" content=\"SendNOW es un servicio de transferencias de dinero disponible como aplicaci\u00f3n web y como aplicaciones m\u00f3viles para Android e iOS. Con SendNOW puedes enviar dinero a cualquiera de los 193 pa\u00edses utilizando m\u00e9todos de pago habituales como tarjetas bancarias, cuentas bancarias o criptomonedas. Para qu\u00e9 se utiliza SendNOW Las personas utilizan SendNOW para enviar dinero [&hellip;]\" \/>\n<meta property=\"og:url\" content=\"https:\/\/sendnow.money\/blog\/es\/acerca-del-servicio-de-transferencias-de-dinero-sendnow\/\" \/>\n<meta property=\"og:site_name\" content=\"Help &amp; Guides \u2014 SendNOW\" \/>\n<meta property=\"article:publisher\" content=\"https:\/\/www.facebook.com\/profile.php?id=100093676399740#\" \/>\n<meta property=\"article:modified_time\" content=\"2025-09-09T11:25:41+00:00\" \/>\n<meta name=\"twitter:card\" content=\"summary_large_image\" \/>\n<meta name=\"twitter:site\" content=\"@Send__NOW\" \/>\n<meta name=\"twitter:label1\" content=\"Est. reading time\" \/>\n\t<meta name=\"twitter:data1\" content=\"2 minutes\" \/>\n<script type=\"application\/ld+json\" class=\"yoast-schema-graph\">{\"@context\":\"https:\/\/schema.org\",\"@graph\":[{\"@type\":\"WebPage\",\"@id\":\"https:\/\/sendnow.money\/blog\/es\/acerca-del-servicio-de-transferencias-de-dinero-sendnow\/\",\"url\":\"https:\/\/sendnow.money\/blog\/es\/acerca-del-servicio-de-transferencias-de-dinero-sendnow\/\",\"name\":\"Acerca del servicio de transferencias de dinero SendNOW - Help &amp; Guides \u2014 SendNOW\",\"isPartOf\":{\"@id\":\"https:\/\/sendnow.money\/blog\/#website\"},\"datePublished\":\"2025-09-08T16:33:44+00:00\",\"dateModified\":\"2025-09-09T11:25:41+00:00\",\"breadcrumb\":{\"@id\":\"https:\/\/sendnow.money\/blog\/es\/acerca-del-servicio-de-transferencias-de-dinero-sendnow\/#breadcrumb\"},\"inLanguage\":\"en-US\",\"potentialAction\":[{\"@type\":\"ReadAction\",\"target\":[\"https:\/\/sendnow.money\/blog\/es\/acerca-del-servicio-de-transferencias-de-dinero-sendnow\/\"]}]},{\"@type\":\"BreadcrumbList\",\"@id\":\"https:\/\/sendnow.money\/blog\/es\/acerca-del-servicio-de-transferencias-de-dinero-sendnow\/#breadcrumb\",\"itemListElement\":[{\"@type\":\"ListItem\",\"position\":1,\"name\":\"Home\",\"item\":\"https:\/\/sendnow.money\/blog\/\"},{\"@type\":\"ListItem\",\"position\":2,\"name\":\"Acerca del servicio de transferencias de dinero SendNOW\"}]},{\"@type\":\"WebSite\",\"@id\":\"https:\/\/sendnow.money\/blog\/#website\",\"url\":\"https:\/\/sendnow.money\/blog\/\",\"name\":\"SendNOW Blog\",\"description\":\"Guides and tips on international money transfers with SendNOW\",\"publisher\":{\"@id\":\"https:\/\/sendnow.money\/blog\/#organization\"},\"potentialAction\":[{\"@type\":\"SearchAction\",\"target\":{\"@type\":\"EntryPoint\",\"urlTemplate\":\"https:\/\/sendnow.money\/blog\/?s={search_term_string}\"},\"query-input\":{\"@type\":\"PropertyValueSpecification\",\"valueRequired\":true,\"valueName\":\"search_term_string\"}}],\"inLanguage\":\"en-US\"},{\"@type\":\"Organization\",\"@id\":\"https:\/\/sendnow.money\/blog\/#organization\",\"name\":\"SendNOW Blog\",\"url\":\"https:\/\/sendnow.money\/blog\/\",\"logo\":{\"@type\":\"ImageObject\",\"inLanguage\":\"en-US\",\"@id\":\"https:\/\/sendnow.money\/blog\/#\/schema\/logo\/image\/\",\"url\":\"https:\/\/storage.googleapis.com\/sendnow-blog-prod-statless-media\/wp-content\/uploads\/28db9941-cropped-23ef375b-logo_min-scaled-1.png\",\"contentUrl\":\"https:\/\/storage.googleapis.com\/sendnow-blog-prod-statless-media\/wp-content\/uploads\/28db9941-cropped-23ef375b-logo_min-scaled-1.png\",\"width\":512,\"height\":512,\"caption\":\"SendNOW Blog\"},\"image\":{\"@id\":\"https:\/\/sendnow.money\/blog\/#\/schema\/logo\/image\/\"},\"sameAs\":[\"https:\/\/www.facebook.com\/profile.php?id=100093676399740#\",\"https:\/\/x.com\/Send__NOW\"]}]}<\/script>\n<!-- \/ Yoast SEO plugin. -->","yoast_head_json":{"title":"Acerca del servicio de transferencias de dinero SendNOW - Help &amp; Guides \u2014 SendNOW","robots":{"index":"index","follow":"follow","max-snippet":"max-snippet:-1","max-image-preview":"max-image-preview:large","max-video-preview":"max-video-preview:-1"},"canonical":"https:\/\/sendnow.money\/blog\/es\/acerca-del-servicio-de-transferencias-de-dinero-sendnow\/","og_locale":"en_US","og_type":"article","og_title":"Acerca del servicio de transferencias de dinero SendNOW - Help &amp; Guides \u2014 SendNOW","og_description":"SendNOW es un servicio de transferencias de dinero disponible como aplicaci\u00f3n web y como aplicaciones m\u00f3viles para Android e iOS. Con SendNOW puedes enviar dinero a cualquiera de los 193 pa\u00edses utilizando m\u00e9todos de pago habituales como tarjetas bancarias, cuentas bancarias o criptomonedas. Para qu\u00e9 se utiliza SendNOW Las personas utilizan SendNOW para enviar dinero [&hellip;]","og_url":"https:\/\/sendnow.money\/blog\/es\/acerca-del-servicio-de-transferencias-de-dinero-sendnow\/","og_site_name":"Help &amp; Guides \u2014 SendNOW","article_publisher":"https:\/\/www.facebook.com\/profile.php?id=100093676399740#","article_modified_time":"2025-09-09T11:25:41+00:00","twitter_card":"summary_large_image","twitter_site":"@Send__NOW","twitter_misc":{"Est. reading time":"2 minutes"},"schema":{"@context":"https:\/\/schema.org","@graph":[{"@type":"WebPage","@id":"https:\/\/sendnow.money\/blog\/es\/acerca-del-servicio-de-transferencias-de-dinero-sendnow\/","url":"https:\/\/sendnow.money\/blog\/es\/acerca-del-servicio-de-transferencias-de-dinero-sendnow\/","name":"Acerca del servicio de transferencias de dinero SendNOW - Help &amp; Guides \u2014 SendNOW","isPartOf":{"@id":"https:\/\/sendnow.money\/blog\/#website"},"datePublished":"2025-09-08T16:33:44+00:00","dateModified":"2025-09-09T11:25:41+00:00","breadcrumb":{"@id":"https:\/\/sendnow.money\/blog\/es\/acerca-del-servicio-de-transferencias-de-dinero-sendnow\/#breadcrumb"},"inLanguage":"en-US","potentialAction":[{"@type":"ReadAction","target":["https:\/\/sendnow.money\/blog\/es\/acerca-del-servicio-de-transferencias-de-dinero-sendnow\/"]}]},{"@type":"BreadcrumbList","@id":"https:\/\/sendnow.money\/blog\/es\/acerca-del-servicio-de-transferencias-de-dinero-sendnow\/#breadcrumb","itemListElement":[{"@type":"ListItem","position":1,"name":"Home","item":"https:\/\/sendnow.money\/blog\/"},{"@type":"ListItem","position":2,"name":"Acerca del servicio de transferencias de dinero SendNOW"}]},{"@type":"WebSite","@id":"https:\/\/sendnow.money\/blog\/#website","url":"https:\/\/sendnow.money\/blog\/","name":"SendNOW Blog","description":"Guides and tips on international money transfers with SendNOW","publisher":{"@id":"https:\/\/sendnow.money\/blog\/#organization"},"potentialAction":[{"@type":"SearchAction","target":{"@type":"EntryPoint","urlTemplate":"https:\/\/sendnow.money\/blog\/?s={search_term_string}"},"query-input":{"@type":"PropertyValueSpecification","valueRequired":true,"valueName":"search_term_string"}}],"inLanguage":"en-US"},{"@type":"Organization","@id":"https:\/\/sendnow.money\/blog\/#organization","name":"SendNOW Blog","url":"https:\/\/sendnow.money\/blog\/","logo":{"@type":"ImageObject","inLanguage":"en-US","@id":"https:\/\/sendnow.money\/blog\/#\/schema\/logo\/image\/","url":"https:\/\/storage.googleapis.com\/sendnow-blog-prod-statless-media\/wp-content\/uploads\/28db9941-cropped-23ef375b-logo_min-scaled-1.png","contentUrl":"https:\/\/storage.googleapis.com\/sendnow-blog-prod-statless-media\/wp-content\/uploads\/28db9941-cropped-23ef375b-logo_min-scaled-1.png","width":512,"height":512,"caption":"SendNOW Blog"},"image":{"@id":"https:\/\/sendnow.money\/blog\/#\/schema\/logo\/image\/"},"sameAs":["https:\/\/www.facebook.com\/profile.php?id=100093676399740#","https:\/\/x.com\/Send__NOW"]}]}},"_links":{"self":[{"href":"https:\/\/sendnow.money\/blog\/wp-json\/wp\/v2\/pages\/354","targetHints":{"allow":["GET"]}}],"collection":[{"href":"https:\/\/sendnow.money\/blog\/wp-json\/wp\/v2\/pages"}],"about":[{"href":"https:\/\/sendnow.money\/blog\/wp-json\/wp\/v2\/types\/page"}],"author":[{"embeddable":true,"href":"https:\/\/sendnow.money\/blog\/wp-json\/wp\/v2\/users\/3"}],"replies":[{"embeddable":true,"href":"https:\/\/sendnow.money\/blog\/wp-json\/wp\/v2\/comments?post=354"}],"version-history":[{"count":5,"href":"https:\/\/sendnow.money\/blog\/wp-json\/wp\/v2\/pages\/354\/revisions"}],"predecessor-version":[{"id":396,"href":"https:\/\/sendnow.money\/blog\/wp-json\/wp\/v2\/pages\/354\/revisions\/396"}],"wp:attachment":[{"href":"https:\/\/sendnow.money\/blog\/wp-json\/wp\/v2\/media?parent=354"}],"curies":[{"name":"wp","href":"https:\/\/api.w.org\/{rel}","templated":true}]}}