{"id":350,"date":"2025-09-08T18:23:18","date_gmt":"2025-09-08T16:23:18","guid":{"rendered":"https:\/\/sendnow.money\/blog\/?page_id=350"},"modified":"2025-10-07T08:27:28","modified_gmt":"2025-10-07T06:27:28","slug":"articulos-y-guias-del-servicio-de-transferencias-de-dinero-sendnow","status":"publish","type":"page","link":"https:\/\/sendnow.money\/blog\/es\/articulos-y-guias-del-servicio-de-transferencias-de-dinero-sendnow\/","title":{"rendered":"Art\u00edculos y gu\u00edas del servicio de transferencias de dinero SendNOW"},"content":{"rendered":"\n<div class=\"wp-block-group alignfull has-global-padding is-layout-constrained wp-container-core-group-is-layout-0c9c989a wp-block-group-is-layout-constrained\" style=\"min-height:0vh;margin-top:0;margin-bottom:0;padding-top:var(--wp--preset--spacing--70);padding-right:var(--wp--preset--spacing--40);padding-bottom:var(--wp--preset--spacing--70);padding-left:var(--wp--preset--spacing--40)\">\n<div class=\"wp-block-group has-global-padding is-layout-constrained wp-container-core-group-is-layout-346627ba wp-block-group-is-layout-constrained\">\n<h2 class=\"wp-block-heading has-text-align-center is-style-default has-xx-large-font-size\" style=\"margin-right:0;margin-left:0;padding-right:0;padding-left:0\">Acerca de SendNOW<\/h2>\n\n\n\n<p class=\"has-text-align-center\"><a href=\"https:\/\/sendnow.money\/es?utm_source=blog_sendnow&amp;utm_campaign=blog_sendnow_promo&amp;utm_content=blog_sendnow_promo_about_es\" target=\"_blank\" rel=\"noreferrer noopener\"><strong>SendNOW es un servicio de transferencias de dinero<\/strong><\/a> disponible como aplicaci\u00f3n web y aplicaciones m\u00f3viles para Android e iOS. Con SendNOW, puedes enviar dinero a cualquiera de los 193 pa\u00edses utilizando m\u00e9todos de pago habituales como tarjetas bancarias, cuentas bancarias o criptomonedas\u2026<\/p>\n\n\n\n<div class=\"wp-block-buttons is-content-justification-center is-layout-flex wp-container-core-buttons-is-layout-a89b3969 wp-block-buttons-is-layout-flex\">\n<div class=\"wp-block-button is-style-outline is-style-outline--1\"><a class=\"wp-block-button__link wp-element-button\" href=\"https:\/\/sendnow.money\/blog\/es\/acerca-del-servicio-de-transferencias-de-dinero-sendnow\/\">M\u00e1s informaci\u00f3n<\/a><\/div>\n<\/div>\n<\/div>\n<\/div>\n\n\n\n<div class=\"wp-block-group alignfull has-global-padding is-layout-constrained wp-container-core-group-is-layout-ebee8dc1 wp-block-group-is-layout-constrained\" style=\"margin-top:0;margin-bottom:0;padding-top:var(--wp--preset--spacing--50);padding-bottom:var(--wp--preset--spacing--50)\">\n<h2 class=\"wp-block-heading alignwide\">Secciones del blog para clientes <a href=\"https:\/\/sendnow.money\/es?utm_source=blog_sendnow&amp;utm_campaign=blog_sendnow_promo&amp;utm_content=blog_sendnow_promo_about_es\" target=\"_blank\" rel=\"noreferrer noopener\">de transferencias de dinero con SendNOW<\/a><\/h2>\n\n\n\n<div class=\"wp-block-columns alignwide is-layout-flex wp-container-core-columns-is-layout-28f84493 wp-block-columns-is-layout-flex\">\n<div class=\"wp-block-column is-layout-flow wp-block-column-is-layout-flow\">\n<figure class=\"wp-block-image size-full\" style=\"margin-bottom:24px\"><a href=\"https:\/\/sendnow.money\/blog\/es\/instrucciones-para-clientes-de-sendnow\/\"><img loading=\"lazy\" decoding=\"async\" width=\"1080\" height=\"720\" src=\"https:\/\/storage.googleapis.com\/sendnow-blog-prod-statless-media\/wp-content\/uploads\/775f9dfb-instrukczii-dlya-klientov-sendnow-vol.1.png\" alt=\"\" class=\"wp-image-205\" style=\"aspect-ratio:4\/3;object-fit:cover\" srcset=\"https:\/\/storage.googleapis.com\/sendnow-blog-prod-statless-media\/wp-content\/uploads\/775f9dfb-instrukczii-dlya-klientov-sendnow-vol.1.png 1080w, https:\/\/storage.googleapis.com\/sendnow-blog-prod-statless-media\/wp-content\/uploads\/775f9dfb-instrukczii-dlya-klientov-sendnow-vol.1-300x200.png 300w, https:\/\/storage.googleapis.com\/sendnow-blog-prod-statless-media\/wp-content\/uploads\/775f9dfb-instrukczii-dlya-klientov-sendnow-vol.1-1024x683.png 1024w, https:\/\/storage.googleapis.com\/sendnow-blog-prod-statless-media\/wp-content\/uploads\/775f9dfb-instrukczii-dlya-klientov-sendnow-vol.1-768x512.png 768w\" sizes=\"auto, (max-width: 1080px) 100vw, 1080px\" \/><\/a><\/figure>\n\n\n\n<h3 class=\"wp-block-heading\"><a href=\"https:\/\/sendnow.money\/blog\/es\/instrucciones-para-clientes-de-sendnow\/\">Instrucciones para clientes de SendNOW<\/a><\/h3>\n\n\n\n<p class=\"has-medium-font-size\"><a href=\"https:\/\/sendnow.money\/blog\/es\/instrucciones-para-clientes-de-sendnow\/\">En esta p\u00e1gina encontrar\u00e1s ayuda pr\u00e1ctica e instrucciones paso a paso.<\/a><\/p>\n<\/div>\n\n\n\n<div class=\"wp-block-column is-layout-flow wp-block-column-is-layout-flow\">\n<figure class=\"wp-block-image size-full\" style=\"margin-bottom:24px\"><a href=\"https:\/\/sendnow.money\/blog\/es\/respuestas-a-las-preguntas-de-los-clientes\/\"><img loading=\"lazy\" decoding=\"async\" width=\"1080\" height=\"720\" src=\"https:\/\/storage.googleapis.com\/sendnow-blog-prod-statless-media\/wp-content\/uploads\/4ffcd6a8-otvety-na-voprosy-zapolnitel.png\" alt=\"\" class=\"wp-image-206\" style=\"aspect-ratio:4\/3;object-fit:cover\" srcset=\"https:\/\/storage.googleapis.com\/sendnow-blog-prod-statless-media\/wp-content\/uploads\/4ffcd6a8-otvety-na-voprosy-zapolnitel.png 1080w, https:\/\/storage.googleapis.com\/sendnow-blog-prod-statless-media\/wp-content\/uploads\/4ffcd6a8-otvety-na-voprosy-zapolnitel-300x200.png 300w, https:\/\/storage.googleapis.com\/sendnow-blog-prod-statless-media\/wp-content\/uploads\/4ffcd6a8-otvety-na-voprosy-zapolnitel-1024x683.png 1024w, https:\/\/storage.googleapis.com\/sendnow-blog-prod-statless-media\/wp-content\/uploads\/4ffcd6a8-otvety-na-voprosy-zapolnitel-768x512.png 768w\" sizes=\"auto, (max-width: 1080px) 100vw, 1080px\" \/><\/a><\/figure>\n\n\n\n<h3 class=\"wp-block-heading\"><a href=\"https:\/\/sendnow.money\/blog\/es\/respuestas-a-las-preguntas-de-los-clientes\/\">Respuestas a las preguntas de los clientes<\/a><\/h3>\n\n\n\n<p class=\"has-medium-font-size\"><a href=\"https:\/\/sendnow.money\/blog\/es\/respuestas-a-las-preguntas-de-los-clientes\/\">En esta secci\u00f3n encontrar\u00e1s respuestas detalladas a las preguntas m\u00e1s frecuentes de los clientes.<\/a><\/p>\n<\/div>\n\n\n\n<div class=\"wp-block-column is-layout-flow wp-block-column-is-layout-flow\">\n<figure class=\"wp-block-image size-full\" style=\"margin-bottom:24px\"><a href=\"https:\/\/sendnow.money\/blog\/es\/consejos-y-recomendaciones-utiles\/\"><img loading=\"lazy\" decoding=\"async\" width=\"1080\" height=\"720\" src=\"https:\/\/storage.googleapis.com\/sendnow-blog-prod-statless-media\/wp-content\/uploads\/4c5dad1e-poleznye_sovety_i_rekomendaczii_vol_1.png\" alt=\"\" class=\"wp-image-208\" style=\"aspect-ratio:4\/3;object-fit:cover\" srcset=\"https:\/\/storage.googleapis.com\/sendnow-blog-prod-statless-media\/wp-content\/uploads\/4c5dad1e-poleznye_sovety_i_rekomendaczii_vol_1.png 1080w, https:\/\/storage.googleapis.com\/sendnow-blog-prod-statless-media\/wp-content\/uploads\/4c5dad1e-poleznye_sovety_i_rekomendaczii_vol_1-300x200.png 300w, https:\/\/storage.googleapis.com\/sendnow-blog-prod-statless-media\/wp-content\/uploads\/4c5dad1e-poleznye_sovety_i_rekomendaczii_vol_1-1024x683.png 1024w, https:\/\/storage.googleapis.com\/sendnow-blog-prod-statless-media\/wp-content\/uploads\/4c5dad1e-poleznye_sovety_i_rekomendaczii_vol_1-768x512.png 768w\" sizes=\"auto, (max-width: 1080px) 100vw, 1080px\" \/><\/a><\/figure>\n\n\n\n<h3 class=\"wp-block-heading\"><a href=\"https:\/\/sendnow.money\/blog\/es\/consejos-y-recomendaciones-utiles\/\">Consejos y recomendaciones \u00fatiles<\/a><\/h3>\n\n\n\n<p class=\"has-medium-font-size\"><a href=\"https:\/\/sendnow.money\/blog\/es\/consejos-y-recomendaciones-utiles\/\">En esta secci\u00f3n encontrar\u00e1s consejos y trucos.<\/a><\/p>\n<\/div>\n<\/div>\n<\/div>\n\n\n\n<div class=\"wp-block-group alignfull has-global-padding is-layout-constrained wp-block-group-is-layout-constrained\" style=\"margin-top:0;margin-bottom:0;padding-top:var(--wp--preset--spacing--60);padding-bottom:var(--wp--preset--spacing--60)\">\n<div class=\"wp-block-columns alignwide is-layout-flex wp-container-core-columns-is-layout-74b2cda3 wp-block-columns-is-layout-flex\">\n<div class=\"wp-block-column is-layout-flow wp-block-column-is-layout-flow\">\n<div class=\"wp-block-group is-vertical is-content-justification-left is-layout-flex wp-container-core-group-is-layout-7ce391b6 wp-block-group-is-layout-flex\" style=\"min-height:100%\">\n<h2 class=\"wp-block-heading is-style-text-annotation has-x-small-font-size is-style-text-annotation--2\">Lo que dice la gente<\/h2>\n\n\n\n<blockquote class=\"wp-block-quote is-style-plain has-x-large-font-size is-layout-flow wp-container-core-quote-is-layout-5dafc681 wp-block-quote-is-layout-flow is-style-plain--3\" style=\"font-style:normal;font-weight:400\">\n<div class=\"wp-block-group has-global-padding is-content-justification-left is-layout-constrained wp-container-core-group-is-layout-085bd3d9 wp-block-group-is-layout-constrained\" style=\"margin-top:0;margin-bottom:0;padding-top:0;padding-right:0;padding-bottom:0;padding-left:0\">\n<p class=\"has-xx-large-font-size\">\u201cEstoy contento con la aplicaci\u00f3n. Si surge alg\u00fan problema con la transferencia, lo solucionan r\u00e1pidamente\u201d<\/p>\n<\/div>\n<cite>Viktor B<br><sub>24.07.2025<\/sub><\/cite><\/blockquote>\n<\/div>\n<\/div>\n\n\n\n<div class=\"wp-block-column is-layout-flow wp-block-column-is-layout-flow\" style=\"padding-top:0;padding-right:0;padding-bottom:0;padding-left:0\">\n<figure class=\"wp-block-image size-large\"><img loading=\"lazy\" decoding=\"async\" width=\"1024\" height=\"1024\" src=\"https:\/\/storage.googleapis.com\/sendnow-blog-prod-statless-media\/wp-content\/uploads\/63b451b8-01.21_1x1_2-1024x1024.png\" alt=\"\" class=\"wp-image-36\" style=\"aspect-ratio:1;object-fit:cover\" srcset=\"https:\/\/storage.googleapis.com\/sendnow-blog-prod-statless-media\/wp-content\/uploads\/63b451b8-01.21_1x1_2-1024x1024.png 1024w, https:\/\/storage.googleapis.com\/sendnow-blog-prod-statless-media\/wp-content\/uploads\/63b451b8-01.21_1x1_2-300x300.png 300w, https:\/\/storage.googleapis.com\/sendnow-blog-prod-statless-media\/wp-content\/uploads\/63b451b8-01.21_1x1_2-150x150.png 150w, https:\/\/storage.googleapis.com\/sendnow-blog-prod-statless-media\/wp-content\/uploads\/63b451b8-01.21_1x1_2-768x768.png 768w, https:\/\/storage.googleapis.com\/sendnow-blog-prod-statless-media\/wp-content\/uploads\/63b451b8-01.21_1x1_2.png 1095w\" sizes=\"auto, (max-width: 1024px) 100vw, 1024px\" \/><\/figure>\n<\/div>\n<\/div>\n<\/div>\n\n\n\n<p><\/p>\n","protected":false},"excerpt":{"rendered":"<p>Acerca de SendNOW SendNOW es un servicio de transferencias de dinero disponible como aplicaci\u00f3n web y aplicaciones m\u00f3viles para Android e iOS. Con SendNOW, puedes enviar dinero a cualquiera de los 193 pa\u00edses utilizando m\u00e9todos de pago habituales como tarjetas bancarias, cuentas bancarias o criptomonedas\u2026 Secciones del blog para clientes de transferencias de dinero con [&hellip;]<\/p>\n","protected":false},"author":3,"featured_media":0,"parent":0,"menu_order":0,"comment_status":"closed","ping_status":"closed","template":"","meta":{"footnotes":""},"class_list":["post-350","page","type-page","status-publish","hentry"],"yoast_head":"<!-- This site is optimized with the Yoast SEO plugin v25.9 - https:\/\/yoast.com\/wordpress\/plugins\/seo\/ -->\n<title>Art\u00edculos y gu\u00edas del servicio de transferencias de dinero SendNOW - Help &amp; Guides \u2014 SendNOW<\/title>\n<meta name=\"robots\" content=\"index, follow, max-snippet:-1, max-image-preview:large, max-video-preview:-1\" \/>\n<link rel=\"canonical\" href=\"https:\/\/sendnow.money\/blog\/es\/articulos-y-guias-del-servicio-de-transferencias-de-dinero-sendnow\/\" \/>\n<meta property=\"og:locale\" content=\"en_US\" \/>\n<meta property=\"og:type\" content=\"article\" \/>\n<meta property=\"og:title\" content=\"Art\u00edculos y gu\u00edas del servicio de transferencias de dinero SendNOW - Help &amp; Guides \u2014 SendNOW\" \/>\n<meta property=\"og:description\" content=\"Acerca de SendNOW SendNOW es un servicio de transferencias de dinero disponible como aplicaci\u00f3n web y aplicaciones m\u00f3viles para Android e iOS. Con SendNOW, puedes enviar dinero a cualquiera de los 193 pa\u00edses utilizando m\u00e9todos de pago habituales como tarjetas bancarias, cuentas bancarias o criptomonedas\u2026 Secciones del blog para clientes de transferencias de dinero con [&hellip;]\" \/>\n<meta property=\"og:url\" content=\"https:\/\/sendnow.money\/blog\/es\/articulos-y-guias-del-servicio-de-transferencias-de-dinero-sendnow\/\" \/>\n<meta property=\"og:site_name\" content=\"Help &amp; Guides \u2014 SendNOW\" \/>\n<meta property=\"article:publisher\" content=\"https:\/\/www.facebook.com\/profile.php?id=100093676399740#\" \/>\n<meta property=\"article:modified_time\" content=\"2025-10-07T06:27:28+00:00\" \/>\n<meta property=\"og:image\" content=\"https:\/\/storage.googleapis.com\/sendnow-blog-prod-statless-media\/wp-content\/uploads\/775f9dfb-instrukczii-dlya-klientov-sendnow-vol.1.png\" \/>\n\t<meta property=\"og:image:width\" content=\"1080\" \/>\n\t<meta property=\"og:image:height\" content=\"720\" \/>\n\t<meta property=\"og:image:type\" content=\"image\/png\" \/>\n<meta name=\"twitter:card\" content=\"summary_large_image\" \/>\n<meta name=\"twitter:site\" content=\"@Send__NOW\" \/>\n<meta name=\"twitter:label1\" content=\"Est. reading time\" \/>\n\t<meta name=\"twitter:data1\" content=\"2 minutes\" \/>\n<script type=\"application\/ld+json\" class=\"yoast-schema-graph\">{\"@context\":\"https:\/\/schema.org\",\"@graph\":[{\"@type\":\"WebPage\",\"@id\":\"https:\/\/sendnow.money\/blog\/es\/articulos-y-guias-del-servicio-de-transferencias-de-dinero-sendnow\/\",\"url\":\"https:\/\/sendnow.money\/blog\/es\/articulos-y-guias-del-servicio-de-transferencias-de-dinero-sendnow\/\",\"name\":\"Art\u00edculos y gu\u00edas del servicio de transferencias de dinero SendNOW - Help &amp; Guides \u2014 SendNOW\",\"isPartOf\":{\"@id\":\"https:\/\/sendnow.money\/blog\/#website\"},\"primaryImageOfPage\":{\"@id\":\"https:\/\/sendnow.money\/blog\/es\/articulos-y-guias-del-servicio-de-transferencias-de-dinero-sendnow\/#primaryimage\"},\"image\":{\"@id\":\"https:\/\/sendnow.money\/blog\/es\/articulos-y-guias-del-servicio-de-transferencias-de-dinero-sendnow\/#primaryimage\"},\"thumbnailUrl\":\"https:\/\/storage.googleapis.com\/sendnow-blog-prod-statless-media\/wp-content\/uploads\/775f9dfb-instrukczii-dlya-klientov-sendnow-vol.1.png\",\"datePublished\":\"2025-09-08T16:23:18+00:00\",\"dateModified\":\"2025-10-07T06:27:28+00:00\",\"breadcrumb\":{\"@id\":\"https:\/\/sendnow.money\/blog\/es\/articulos-y-guias-del-servicio-de-transferencias-de-dinero-sendnow\/#breadcrumb\"},\"inLanguage\":\"en-US\",\"potentialAction\":[{\"@type\":\"ReadAction\",\"target\":[\"https:\/\/sendnow.money\/blog\/es\/articulos-y-guias-del-servicio-de-transferencias-de-dinero-sendnow\/\"]}]},{\"@type\":\"ImageObject\",\"inLanguage\":\"en-US\",\"@id\":\"https:\/\/sendnow.money\/blog\/es\/articulos-y-guias-del-servicio-de-transferencias-de-dinero-sendnow\/#primaryimage\",\"url\":\"https:\/\/storage.googleapis.com\/sendnow-blog-prod-statless-media\/wp-content\/uploads\/775f9dfb-instrukczii-dlya-klientov-sendnow-vol.1.png\",\"contentUrl\":\"https:\/\/storage.googleapis.com\/sendnow-blog-prod-statless-media\/wp-content\/uploads\/775f9dfb-instrukczii-dlya-klientov-sendnow-vol.1.png\"},{\"@type\":\"BreadcrumbList\",\"@id\":\"https:\/\/sendnow.money\/blog\/es\/articulos-y-guias-del-servicio-de-transferencias-de-dinero-sendnow\/#breadcrumb\",\"itemListElement\":[{\"@type\":\"ListItem\",\"position\":1,\"name\":\"Home\",\"item\":\"https:\/\/sendnow.money\/blog\/\"},{\"@type\":\"ListItem\",\"position\":2,\"name\":\"Art\u00edculos y gu\u00edas del servicio de transferencias de dinero SendNOW\"}]},{\"@type\":\"WebSite\",\"@id\":\"https:\/\/sendnow.money\/blog\/#website\",\"url\":\"https:\/\/sendnow.money\/blog\/\",\"name\":\"SendNOW Blog\",\"description\":\"Guides and tips on international money transfers with SendNOW\",\"publisher\":{\"@id\":\"https:\/\/sendnow.money\/blog\/#organization\"},\"potentialAction\":[{\"@type\":\"SearchAction\",\"target\":{\"@type\":\"EntryPoint\",\"urlTemplate\":\"https:\/\/sendnow.money\/blog\/?s={search_term_string}\"},\"query-input\":{\"@type\":\"PropertyValueSpecification\",\"valueRequired\":true,\"valueName\":\"search_term_string\"}}],\"inLanguage\":\"en-US\"},{\"@type\":\"Organization\",\"@id\":\"https:\/\/sendnow.money\/blog\/#organization\",\"name\":\"SendNOW Blog\",\"url\":\"https:\/\/sendnow.money\/blog\/\",\"logo\":{\"@type\":\"ImageObject\",\"inLanguage\":\"en-US\",\"@id\":\"https:\/\/sendnow.money\/blog\/#\/schema\/logo\/image\/\",\"url\":\"https:\/\/storage.googleapis.com\/sendnow-blog-prod-statless-media\/wp-content\/uploads\/28db9941-cropped-23ef375b-logo_min-scaled-1.png\",\"contentUrl\":\"https:\/\/storage.googleapis.com\/sendnow-blog-prod-statless-media\/wp-content\/uploads\/28db9941-cropped-23ef375b-logo_min-scaled-1.png\",\"width\":512,\"height\":512,\"caption\":\"SendNOW Blog\"},\"image\":{\"@id\":\"https:\/\/sendnow.money\/blog\/#\/schema\/logo\/image\/\"},\"sameAs\":[\"https:\/\/www.facebook.com\/profile.php?id=100093676399740#\",\"https:\/\/x.com\/Send__NOW\"]}]}<\/script>\n<!-- \/ Yoast SEO plugin. -->","yoast_head_json":{"title":"Art\u00edculos y gu\u00edas del servicio de transferencias de dinero SendNOW - Help &amp; Guides \u2014 SendNOW","robots":{"index":"index","follow":"follow","max-snippet":"max-snippet:-1","max-image-preview":"max-image-preview:large","max-video-preview":"max-video-preview:-1"},"canonical":"https:\/\/sendnow.money\/blog\/es\/articulos-y-guias-del-servicio-de-transferencias-de-dinero-sendnow\/","og_locale":"en_US","og_type":"article","og_title":"Art\u00edculos y gu\u00edas del servicio de transferencias de dinero SendNOW - Help &amp; Guides \u2014 SendNOW","og_description":"Acerca de SendNOW SendNOW es un servicio de transferencias de dinero disponible como aplicaci\u00f3n web y aplicaciones m\u00f3viles para Android e iOS. Con SendNOW, puedes enviar dinero a cualquiera de los 193 pa\u00edses utilizando m\u00e9todos de pago habituales como tarjetas bancarias, cuentas bancarias o criptomonedas\u2026 Secciones del blog para clientes de transferencias de dinero con [&hellip;]","og_url":"https:\/\/sendnow.money\/blog\/es\/articulos-y-guias-del-servicio-de-transferencias-de-dinero-sendnow\/","og_site_name":"Help &amp; Guides \u2014 SendNOW","article_publisher":"https:\/\/www.facebook.com\/profile.php?id=100093676399740#","article_modified_time":"2025-10-07T06:27:28+00:00","og_image":[{"width":1080,"height":720,"url":"https:\/\/storage.googleapis.com\/sendnow-blog-prod-statless-media\/wp-content\/uploads\/775f9dfb-instrukczii-dlya-klientov-sendnow-vol.1.png","type":"image\/png"}],"twitter_card":"summary_large_image","twitter_site":"@Send__NOW","twitter_misc":{"Est. reading time":"2 minutes"},"schema":{"@context":"https:\/\/schema.org","@graph":[{"@type":"WebPage","@id":"https:\/\/sendnow.money\/blog\/es\/articulos-y-guias-del-servicio-de-transferencias-de-dinero-sendnow\/","url":"https:\/\/sendnow.money\/blog\/es\/articulos-y-guias-del-servicio-de-transferencias-de-dinero-sendnow\/","name":"Art\u00edculos y gu\u00edas del servicio de transferencias de dinero SendNOW - Help &amp; Guides \u2014 SendNOW","isPartOf":{"@id":"https:\/\/sendnow.money\/blog\/#website"},"primaryImageOfPage":{"@id":"https:\/\/sendnow.money\/blog\/es\/articulos-y-guias-del-servicio-de-transferencias-de-dinero-sendnow\/#primaryimage"},"image":{"@id":"https:\/\/sendnow.money\/blog\/es\/articulos-y-guias-del-servicio-de-transferencias-de-dinero-sendnow\/#primaryimage"},"thumbnailUrl":"https:\/\/storage.googleapis.com\/sendnow-blog-prod-statless-media\/wp-content\/uploads\/775f9dfb-instrukczii-dlya-klientov-sendnow-vol.1.png","datePublished":"2025-09-08T16:23:18+00:00","dateModified":"2025-10-07T06:27:28+00:00","breadcrumb":{"@id":"https:\/\/sendnow.money\/blog\/es\/articulos-y-guias-del-servicio-de-transferencias-de-dinero-sendnow\/#breadcrumb"},"inLanguage":"en-US","potentialAction":[{"@type":"ReadAction","target":["https:\/\/sendnow.money\/blog\/es\/articulos-y-guias-del-servicio-de-transferencias-de-dinero-sendnow\/"]}]},{"@type":"ImageObject","inLanguage":"en-US","@id":"https:\/\/sendnow.money\/blog\/es\/articulos-y-guias-del-servicio-de-transferencias-de-dinero-sendnow\/#primaryimage","url":"https:\/\/storage.googleapis.com\/sendnow-blog-prod-statless-media\/wp-content\/uploads\/775f9dfb-instrukczii-dlya-klientov-sendnow-vol.1.png","contentUrl":"https:\/\/storage.googleapis.com\/sendnow-blog-prod-statless-media\/wp-content\/uploads\/775f9dfb-instrukczii-dlya-klientov-sendnow-vol.1.png"},{"@type":"BreadcrumbList","@id":"https:\/\/sendnow.money\/blog\/es\/articulos-y-guias-del-servicio-de-transferencias-de-dinero-sendnow\/#breadcrumb","itemListElement":[{"@type":"ListItem","position":1,"name":"Home","item":"https:\/\/sendnow.money\/blog\/"},{"@type":"ListItem","position":2,"name":"Art\u00edculos y gu\u00edas del servicio de transferencias de dinero SendNOW"}]},{"@type":"WebSite","@id":"https:\/\/sendnow.money\/blog\/#website","url":"https:\/\/sendnow.money\/blog\/","name":"SendNOW Blog","description":"Guides and tips on international money transfers with SendNOW","publisher":{"@id":"https:\/\/sendnow.money\/blog\/#organization"},"potentialAction":[{"@type":"SearchAction","target":{"@type":"EntryPoint","urlTemplate":"https:\/\/sendnow.money\/blog\/?s={search_term_string}"},"query-input":{"@type":"PropertyValueSpecification","valueRequired":true,"valueName":"search_term_string"}}],"inLanguage":"en-US"},{"@type":"Organization","@id":"https:\/\/sendnow.money\/blog\/#organization","name":"SendNOW Blog","url":"https:\/\/sendnow.money\/blog\/","logo":{"@type":"ImageObject","inLanguage":"en-US","@id":"https:\/\/sendnow.money\/blog\/#\/schema\/logo\/image\/","url":"https:\/\/storage.googleapis.com\/sendnow-blog-prod-statless-media\/wp-content\/uploads\/28db9941-cropped-23ef375b-logo_min-scaled-1.png","contentUrl":"https:\/\/storage.googleapis.com\/sendnow-blog-prod-statless-media\/wp-content\/uploads\/28db9941-cropped-23ef375b-logo_min-scaled-1.png","width":512,"height":512,"caption":"SendNOW Blog"},"image":{"@id":"https:\/\/sendnow.money\/blog\/#\/schema\/logo\/image\/"},"sameAs":["https:\/\/www.facebook.com\/profile.php?id=100093676399740#","https:\/\/x.com\/Send__NOW"]}]}},"_links":{"self":[{"href":"https:\/\/sendnow.money\/blog\/wp-json\/wp\/v2\/pages\/350","targetHints":{"allow":["GET"]}}],"collection":[{"href":"https:\/\/sendnow.money\/blog\/wp-json\/wp\/v2\/pages"}],"about":[{"href":"https:\/\/sendnow.money\/blog\/wp-json\/wp\/v2\/types\/page"}],"author":[{"embeddable":true,"href":"https:\/\/sendnow.money\/blog\/wp-json\/wp\/v2\/users\/3"}],"replies":[{"embeddable":true,"href":"https:\/\/sendnow.money\/blog\/wp-json\/wp\/v2\/comments?post=350"}],"version-history":[{"count":8,"href":"https:\/\/sendnow.money\/blog\/wp-json\/wp\/v2\/pages\/350\/revisions"}],"predecessor-version":[{"id":541,"href":"https:\/\/sendnow.money\/blog\/wp-json\/wp\/v2\/pages\/350\/revisions\/541"}],"wp:attachment":[{"href":"https:\/\/sendnow.money\/blog\/wp-json\/wp\/v2\/media?parent=350"}],"curies":[{"name":"wp","href":"https:\/\/api.w.org\/{rel}","templated":true}]}}