{"id":312,"date":"2025-09-05T14:23:39","date_gmt":"2025-09-05T12:23:39","guid":{"rendered":"https:\/\/sendnow.money\/blog\/?page_id=312"},"modified":"2025-09-05T17:09:20","modified_gmt":"2025-09-05T15:09:20","slug":"comment-envoyer-de-largent-en-russie-en-2025","status":"publish","type":"page","link":"https:\/\/sendnow.money\/blog\/fr\/comment-envoyer-de-largent-en-russie-en-2025\/","title":{"rendered":"Comment envoyer de l\u2019argent en Russie en 2025 ?"},"content":{"rendered":"\n<h3 class=\"wp-block-heading has-text-align-left\"><strong>Pourquoi les restrictions de 2025 n\u2019affectent pas les transferts avec SendNOW \u2014 et comment fonctionnent les paiements aux b\u00e9n\u00e9ficiaires en Russie<\/strong><\/h3>\n\n\n\n<p><\/p>\n\n\n\n<p>Ceci est un article du blog SendNOW. Nous expliquons les changements apport\u00e9s en 2025 aux r\u00e8gles concernant les <a href=\"https:\/\/sendnow.money\/fr\/send-money\/to-Russia?utm_source=blog_sendnow&amp;utm_campaign=blog_sendnow_post&amp;utm_content=blog_sendnow_post_22082_fr\" target=\"_blank\" rel=\"noreferrer noopener\"><strong>transferts d\u2019argent vers la Russie<\/strong><\/a>. Nous montrons pourquoi <strong><a href=\"https:\/\/sendnow.money\/fr\/send-money\/to-Russia?utm_source=blog_sendnow&amp;utm_campaign=blog_sendnow_post&amp;utm_content=blog_sendnow_post_22082_fr\">SendNOW<\/a><\/strong> fonctionne de mani\u00e8re l\u00e9gale et fiable \u2014 et pourquoi nos clients sont prot\u00e9g\u00e9s contre les \u00ab surprises \u00bb juridiques.<br><\/p>\n\n\n\n<h3 class=\"wp-block-heading\"><strong>Quels changements ont eu lieu en 2025 dans les r\u00e8gles de <a href=\"https:\/\/sendnow.money\/fr\/send-money\/to-Russia?utm_source=blog_sendnow&amp;utm_campaign=blog_sendnow_post&amp;utm_content=blog_sendnow_post_22082_fr\" target=\"_blank\" rel=\"noreferrer noopener\">transferts d\u2019argent vers la Russie<\/a> ?<\/strong><\/h3>\n\n\n\n<p>En 2025, les exigences se sont durcies pour les transferts entre particuliers et pour les circuits informels :<\/p>\n\n\n\n<ul class=\"wp-block-list\">\n<li>Plafond de 100 000 roubles par transfert sans ouverture de compte sous identification simplifi\u00e9e. \u00c0 partir du 30 mai 2025, l\u2019envoi de plus de 100 000 roubles sans ouverture de compte n\u2019est autoris\u00e9 qu\u2019apr\u00e8s une identification compl\u00e8te \u2014 <a href=\"https:\/\/cbr.ru\/press\/event\/?id=24659\" target=\"_blank\" rel=\"noreferrer noopener nofollow\">conform\u00e9ment aux directives de la Banque de Russie<\/a> ;<\/li>\n\n\n\n<li>Jusqu\u2019\u00e0 2 jours de blocage pour les transferts signal\u00e9s comme \u00e9tant effectu\u00e9s \u00ab sans le consentement du client \u00bb.<\/li>\n\n\n\n<li>Base l\u00e9gale : Loi f\u00e9d\u00e9rale n\u00b0 161-FZ sur le syst\u00e8me national de paiement, article 9, et ordonnance de la Banque de Russie n\u00b0 OD-1027 du 27.06.2024 (entr\u00e9e en vigueur le 25.07.2024), qui d\u00e9finit six indicateurs \u2014 <a href=\"https:\/\/cbr.ru\/Reception\/TopicalMessage\/Page\/9626\" target=\"_blank\" rel=\"noreferrer noopener nofollow\">conform\u00e9ment aux directives de la Banque de Russie<\/a> ;<\/li>\n\n\n\n<li>Le pouvoir de Rosfinmonitoring de suspendre les transactions jusqu\u2019\u00e0 10 jours.<\/li>\n\n\n\n<li>Amendements \u00e0 la loi n\u00b0 115-FZ, en vigueur depuis le 1er juin 2025 \u2014 <a href=\"https:\/\/www.fedsfm.ru\/news\/8870\" target=\"_blank\" rel=\"noreferrer noopener nofollow\">conform\u00e9ment \u00e0 l\u2019avis de l\u2019agence<\/a>. \u2014<a href=\"https:\/\/www.fedsfm.ru\/news\/8870\" target=\"_blank\" rel=\"noreferrer noopener nofollow\"> per the agency\u2019s notice<\/a>.<\/li>\n<\/ul>\n\n\n\n<h3 class=\"wp-block-heading\">Ce que cela signifie en pratique :<\/h3>\n\n\n\n<ul class=\"wp-block-list\">\n<li>Les transferts sans compte sup\u00e9rieurs \u00e0 100 000 roubles n\u00e9cessitent d\u00e9sormais une identification compl\u00e8te. Les canaux de transfert informels ou priv\u00e9s ne passent g\u00e9n\u00e9ralement pas la conformit\u00e9.<\/li>\n\n\n\n<li>Les banques doivent v\u00e9rifier les transactions selon les six indicateurs et peuvent appliquer un blocage allant jusqu\u2019\u00e0 deux jours pour examen. Par cons\u00e9quent, les demandes de documents et les retards sur les transferts ponctuels entre particuliers augmentent.<\/li>\n\n\n\n<li>Rosfinmonitoring peut en outre suspendre les transactions jusqu\u2019\u00e0 10 jours. Le risque d\u2019un blocage impr\u00e9visible est plus \u00e9lev\u00e9 pour les transferts sans cha\u00eene l\u00e9gale transparente.<\/li>\n<\/ul>\n\n\n\n<h3 class=\"wp-block-heading\"><strong><a href=\"https:\/\/sendnow.money\/fr\/send-money\/to-Russia?utm_source=blog_sendnow&amp;utm_campaign=blog_sendnow_post&amp;utm_content=blog_sendnow_post_22082_fr\" target=\"_blank\" rel=\"noreferrer noopener\">Envoyer de l\u2019argent en Russie selon les r\u00e8gles de 2025<\/a> : comment fonctionne SendNOW<\/strong><\/h3>\n\n\n\n<p>Les nouvelles exigences adopt\u00e9es en 2025 n\u2019affectent pas les clients de SendNOW. Nous traitons les transferts via une cha\u00eene l\u00e9gale d\u2019entit\u00e9s agr\u00e9\u00e9es avec des contr\u00f4les complets KYC\/AML. \u00c0 l\u2019\u00e9tape finale en Russie, une entit\u00e9 financi\u00e8re agr\u00e9\u00e9e effectue le paiement. Ainsi, les transferts vers la Russie avec SendNOW restent stables et pleinement conformes aux exigences r\u00e9glementaires.<\/p>\n\n\n\n<h3 class=\"wp-block-heading\">Comment fonctionne SendNOW pour les <a href=\"https:\/\/sendnow.money\/fr\/send-money\/to-Russia?utm_source=blog_sendnow&amp;utm_campaign=blog_sendnow_post&amp;utm_content=blog_sendnow_post_22082_fr\" target=\"_blank\" rel=\"noreferrer noopener\">transferts d\u2019argent vers la Russie<\/a> :<\/h3>\n\n\n\n<ol class=\"wp-block-list\">\n<li><strong>Pr\u00e9paration.<\/strong> Choisissez une m\u00e9thode de paiement : carte bancaire, compte bancaire ou cryptomonnaie (USDT\/USDC \u2014 lorsque c\u2019est autoris\u00e9). V\u00e9rifiez votre solde en incluant les frais ; pour la crypto, gardez votre portefeuille ou plateforme d\u2019\u00e9change ouvert. Dans l\u2019application SendNOW, cr\u00e9ez un brouillon de transfert : s\u00e9lectionnez le pays et la devise du destinataire \u2014 le syst\u00e8me indiquera les champs requis. Assurez-vous que le b\u00e9n\u00e9ficiaire dispose de toutes les informations n\u00e9cessaires.<\/li>\n\n\n\n<li><strong>Mise en place.<\/strong> Dans l\u2019application ou la version web, choisissez votre m\u00e9thode de paiement, la devise de versement et le montant. Nous affichons imm\u00e9diatement le taux de change, les frais et le montant final \u00e0 cr\u00e9diter. Entrez les coordonn\u00e9es du b\u00e9n\u00e9ficiaire et confirmez.<\/li>\n\n\n\n<li><strong>Paiement.<\/strong> Payez par carte, compte bancaire ou cryptomonnaie. Pour votre premier paiement, compl\u00e9tez la v\u00e9rification KYC\/AML.<\/li>\n\n\n\n<li><strong>Traitement et versement.<\/strong> Le paiement entre en traitement et est dirig\u00e9 vers le cr\u00e9dit du destinataire. En Russie, une entit\u00e9 l\u00e9gale agr\u00e9\u00e9e cr\u00e9dite les fonds sur la carte bancaire ou le compte du b\u00e9n\u00e9ficiaire. Le d\u00e9lai moyen de transfert est de 2 \u00e0 3 heures, avec un minimum de 5 minutes. Le d\u00e9lai maximum d\u00e9pend de l\u2019exactitude des informations du b\u00e9n\u00e9ficiaire et de la rapidit\u00e9 de traitement de sa banque.<\/li>\n\n\n\n<li><strong>Suivi.<\/strong> Les statuts sont visibles dans l\u2019application ; des notifications sont envoy\u00e9es dans l\u2019application et par e-mail.<\/li>\n<\/ol>\n\n\n\n<p>Pourquoi les transferts vers la Russie via SendNOW sont l\u00e9gaux : chaque participant est agr\u00e9\u00e9 avec un champ de responsabilit\u00e9 d\u00e9fini, et nous respectons les exigences r\u00e9glementaires ainsi que les conditions de nos partenaires de paiement.<\/p>\n\n\n\n<figure class=\"wp-block-embed is-type-video is-provider-youtube wp-block-embed-youtube wp-embed-aspect-16-9 wp-has-aspect-ratio\"><div class=\"wp-block-embed__wrapper\">\n<iframe loading=\"lazy\" title=\"Application de Transfert d\u2019Argent International \u2014 SendNOW | Envoyez de l\u2019Argent en Russie\" width=\"500\" height=\"281\" src=\"https:\/\/www.youtube.com\/embed\/QtKqXXCxS1s?feature=oembed\" frameborder=\"0\" allow=\"accelerometer; autoplay; clipboard-write; encrypted-media; gyroscope; picture-in-picture; web-share\" referrerpolicy=\"strict-origin-when-cross-origin\" allowfullscreen><\/iframe>\n<\/div><\/figure>\n\n\n\n<h3 class=\"wp-block-heading\"><strong>Taux de change et frais<\/strong><\/h3>\n\n\n\n<p>Avant le paiement, l\u2019\u00e9cran affiche le taux de change, les frais et le montant exact \u00e0 cr\u00e9diter.<\/p>\n\n\n\n<p>Pourquoi ces chiffres peuvent diff\u00e9rer du taux officiel de la Banque de Russie :<\/p>\n\n\n\n<ul class=\"wp-block-list\">\n<li><strong>Participants agr\u00e9\u00e9s.<\/strong> La cha\u00eene implique des institutions de paiement et une banque partenaire en Russie. Leur travail et leur responsabilit\u00e9 sont inclus dans le co\u00fbt de la transaction.<\/li>\n\n\n\n<li><strong>Conformit\u00e9 et contr\u00f4le des risques.<\/strong> Selon les r\u00e8gles des syst\u00e8mes de paiement et des banques, chaque transaction est v\u00e9rifi\u00e9e \u2014 objectif, contreparties et limites. Ces proc\u00e9dures sont obligatoires pour traiter un transfert.<\/li>\n\n\n\n<li><strong>R\u00e8glements interbancaires.<\/strong> Les op\u00e9rations de change et les transferts via les banques correspondantes entra\u00eenent des frais et un spread interbancaire.<\/li>\n\n\n\n<li><strong>Volatilit\u00e9.<\/strong> Pour garantir le montant cr\u00e9dit\u00e9 indiqu\u00e9, nous int\u00e9grons une marge de s\u00e9curit\u00e9 face aux fluctuations du march\u00e9.<\/li>\n<\/ul>\n\n\n\n<p><strong>En r\u00e9sum\u00e9.<\/strong> Le taux de change, les frais de service et le montant cr\u00e9dit\u00e9 sont affich\u00e9s avant la mise en place du transfert. Les frais suppl\u00e9mentaires li\u00e9s \u00e0 la m\u00e9thode de paiement choisie \u2014 de 0 % (pour la crypto) \u00e0 4 % \u2014 sont affich\u00e9s \u00e0 l\u2019\u00e9tape de paiement avant confirmation ; vous pouvez annuler le paiement.<\/p>\n\n\n\n<h3 class=\"wp-block-heading\"><strong>Payez dans n\u2019importe quelle devise \u2014 versement en roubles<\/strong><\/h3>\n\n\n\n<p>Payez de la mani\u00e8re habituelle : par carte bancaire, depuis votre compte bancaire ou avec une monnaie num\u00e9rique prise en charge (USDT\/USDC \u2014 lorsque c\u2019est autoris\u00e9). La conversion s\u2019effectue au sein d\u2019une cha\u00eene de partenaires agr\u00e9\u00e9s, conform\u00e9ment aux r\u00e8gles de conformit\u00e9.<\/p>\n\n\n\n<p>Le b\u00e9n\u00e9ficiaire en Russie re\u00e7oit des roubles sur sa carte bancaire ou son compte. Il n\u2019a pas besoin d\u2019\u00e9changer la devise lui-m\u00eame ni d\u2019effectuer de d\u00e9marches suppl\u00e9mentaires.<\/p>\n\n\n\n<blockquote class=\"wp-block-quote is-layout-flow wp-block-quote-is-layout-flow\">\n<p><strong><a href=\"https:\/\/sendnow.money\/fr\/send-money\/to-Russia?utm_source=blog_sendnow&amp;utm_campaign=blog_sendnow_post&amp;utm_content=blog_sendnow_post_22082_fr\" target=\"_blank\" rel=\"noreferrer noopener\">SendNOW effectue des versements sur les cartes bancaires et comptes \u00e0 travers toute la Russie.<\/a><\/strong><\/p>\n<\/blockquote>\n\n\n\n<p>Dans les documents de paiement du b\u00e9n\u00e9ficiaire, le cr\u00e9dit appara\u00eet comme un versement d\u2019un op\u00e9rateur agr\u00e9\u00e9. Le b\u00e9n\u00e9ficiaire n\u2019a pas besoin de la devise d\u2019origine ou de la m\u00e9thode de paiement de l\u2019exp\u00e9diteur. Cela r\u00e9duit le risque de barri\u00e8res suppl\u00e9mentaires qui peuvent survenir lors de transferts directs dans certaines devises. Toutes les op\u00e9rations respectent la l\u00e9gislation en vigueur et les r\u00e8gles de nos partenaires de paiement.<\/p>\n\n\n\n<h3 class=\"wp-block-heading\"><strong>Ce qu\u2019il faut savoir<\/strong><\/h3>\n\n\n\n<ul class=\"wp-block-list\">\n<li>Le d\u00e9lai moyen de transfert est de 2 \u00e0 3 heures ; le minimum est de 5 minutes. Le d\u00e9lai maximum d\u00e9pend de l\u2019exactitude des informations du b\u00e9n\u00e9ficiaire.<\/li>\n\n\n\n<li>Conform\u00e9ment \u00e0 la loi, il peut vous \u00eatre demand\u00e9 de fournir des documents : le motif du transfert, votre relation avec le b\u00e9n\u00e9ficiaire et la provenance des fonds.<\/li>\n<\/ul>\n\n\n\n<h3 class=\"wp-block-heading\"><strong>Questions &amp; R\u00e9ponses<\/strong><\/h3>\n\n\n\n<p><strong>Est-ce l\u00e9gal ?<\/strong><br>Oui. Nous op\u00e9rons conform\u00e9ment \u00e0 la loi f\u00e9d\u00e9rale n\u00b0 161-FZ (Syst\u00e8me national de paiement) et \u00e0 la loi n\u00b0 115-FZ (Lutte contre le blanchiment d\u2019argent et le financement du terrorisme). Le versement final est effectu\u00e9 par une entit\u00e9 l\u00e9gale agr\u00e9\u00e9e en Russie.<\/p>\n\n\n\n<p><br><strong>Pourquoi est-ce plus fiable que les canaux informels ?<\/strong><br>Parce que la cha\u00eene est transparente : participants agr\u00e9\u00e9s, contr\u00f4les KYC\/AML et banques autoris\u00e9es. Il y a donc moins de raisons pour des blocages soudains.<\/p>\n\n\n\n<p><br><strong>Puis-je envoyer plus de 100 000 roubles sans compte ?<\/strong><br>Oui \u2014 mais uniquement apr\u00e8s une identification compl\u00e8te, comme l\u2019exige la loi depuis le 30 mai 2025.<\/p>\n\n\n\n<h3 class=\"wp-block-heading\"><strong>En r\u00e9sum\u00e9<\/strong><\/h3>\n\n\n\n<p>Les restrictions de 2025 n\u2019entravent pas<a href=\"https:\/\/sendnow.money\/fr\/send-money\/to-Russia?utm_source=blog_sendnow&amp;utm_campaign=blog_sendnow_post&amp;utm_content=blog_sendnow_post_22082_fr\" target=\"_blank\" rel=\"noreferrer noopener\"> les transferts avec SendNOW<\/a>. D\u00e8s le d\u00e9part, nous avons con\u00e7u le processus comme un syst\u00e8me l\u00e9gal avec des participants agr\u00e9\u00e9s \u00e0 chaque \u00e9tape. En cons\u00e9quence, les paiements sont trait\u00e9s dans le respect des r\u00e8gles, et les clients b\u00e9n\u00e9ficient de transferts rapides (en moyenne 2 \u00e0 3 heures, d\u00e8s 5 minutes) et d\u2019une tarification transparente.<\/p>\n\n\n\n<h4 class=\"wp-block-heading has-text-align-center\"><strong>Ce contenu est fourni uniquement \u00e0 titre informatif et ne constitue pas un conseil juridique.<\/strong><\/h4>\n\n\n\n<p>Dans cet article, nous avons expliqu\u00e9 comment envoyer de l\u2019argent en Russie en 2025.<\/p>\n\n\n\n<h4 class=\"wp-block-heading\"><strong>Autres articles et guides utiles que vous pourriez consulter :<\/strong><\/h4>\n\n\n\n<p>Si vous devez envoyer de l\u2019argent en Russie via cryptomonnaie, consultez ce guide : [<strong><a href=\"https:\/\/sendnow.money\/blog\/fr\/comment-envoyer-de-largent-via-cryptomonnaie-dans-lapplication-sendnow-guide-etape-par-etape\/\">Comment envoyer de l\u2019argent via cryptomonnaie dans l\u2019application SendNOW : guide \u00e9tape par \u00e9tape<\/a><\/strong>]<\/p>\n\n\n\n<p>En savoir plus sur le service de transfert d\u2019argent SendNOW : [<strong><a href=\"https:\/\/sendnow.money\/blog\/fr\/a-propos-du-service-de-transfert-dargent-sendnow\/\">\u00c0 propos du service de transfert d\u2019argent SendNOW<\/a><\/strong>]<\/p>\n\n\n\n<p><\/p>\n","protected":false},"excerpt":{"rendered":"<p>Pourquoi les restrictions de 2025 n\u2019affectent pas les transferts avec SendNOW \u2014 et comment fonctionnent les paiements aux b\u00e9n\u00e9ficiaires en Russie Ceci est un article du blog SendNOW. Nous expliquons les changements apport\u00e9s en 2025 aux r\u00e8gles concernant les transferts d\u2019argent vers la Russie. Nous montrons pourquoi SendNOW fonctionne de mani\u00e8re l\u00e9gale et fiable \u2014 [&hellip;]<\/p>\n","protected":false},"author":3,"featured_media":0,"parent":0,"menu_order":0,"comment_status":"closed","ping_status":"closed","template":"","meta":{"footnotes":""},"class_list":["post-312","page","type-page","status-publish","hentry"],"yoast_head":"<!-- This site is optimized with the Yoast SEO plugin v25.9 - https:\/\/yoast.com\/wordpress\/plugins\/seo\/ -->\n<title>Comment envoyer de l\u2019argent en Russie en 2025 ? - Help &amp; Guides \u2014 SendNOW<\/title>\n<meta name=\"robots\" content=\"index, follow, max-snippet:-1, max-image-preview:large, max-video-preview:-1\" \/>\n<link rel=\"canonical\" href=\"https:\/\/sendnow.money\/blog\/fr\/comment-envoyer-de-largent-en-russie-en-2025\/\" \/>\n<meta property=\"og:locale\" content=\"en_US\" \/>\n<meta property=\"og:type\" content=\"article\" \/>\n<meta property=\"og:title\" content=\"Comment envoyer de l\u2019argent en Russie en 2025 ? - Help &amp; Guides \u2014 SendNOW\" \/>\n<meta property=\"og:description\" content=\"Pourquoi les restrictions de 2025 n\u2019affectent pas les transferts avec SendNOW \u2014 et comment fonctionnent les paiements aux b\u00e9n\u00e9ficiaires en Russie Ceci est un article du blog SendNOW. Nous expliquons les changements apport\u00e9s en 2025 aux r\u00e8gles concernant les transferts d\u2019argent vers la Russie. Nous montrons pourquoi SendNOW fonctionne de mani\u00e8re l\u00e9gale et fiable \u2014 [&hellip;]\" \/>\n<meta property=\"og:url\" content=\"https:\/\/sendnow.money\/blog\/fr\/comment-envoyer-de-largent-en-russie-en-2025\/\" \/>\n<meta property=\"og:site_name\" content=\"Help &amp; Guides \u2014 SendNOW\" \/>\n<meta property=\"article:publisher\" content=\"https:\/\/www.facebook.com\/profile.php?id=100093676399740#\" \/>\n<meta property=\"article:modified_time\" content=\"2025-09-05T15:09:20+00:00\" \/>\n<meta name=\"twitter:card\" content=\"summary_large_image\" \/>\n<meta name=\"twitter:site\" content=\"@Send__NOW\" \/>\n<meta name=\"twitter:label1\" content=\"Est. reading time\" \/>\n\t<meta name=\"twitter:data1\" content=\"6 minutes\" \/>\n<script type=\"application\/ld+json\" class=\"yoast-schema-graph\">{\"@context\":\"https:\/\/schema.org\",\"@graph\":[{\"@type\":\"WebPage\",\"@id\":\"https:\/\/sendnow.money\/blog\/fr\/comment-envoyer-de-largent-en-russie-en-2025\/\",\"url\":\"https:\/\/sendnow.money\/blog\/fr\/comment-envoyer-de-largent-en-russie-en-2025\/\",\"name\":\"Comment envoyer de l\u2019argent en Russie en 2025 ? - Help &amp; Guides \u2014 SendNOW\",\"isPartOf\":{\"@id\":\"https:\/\/sendnow.money\/blog\/#website\"},\"datePublished\":\"2025-09-05T12:23:39+00:00\",\"dateModified\":\"2025-09-05T15:09:20+00:00\",\"breadcrumb\":{\"@id\":\"https:\/\/sendnow.money\/blog\/fr\/comment-envoyer-de-largent-en-russie-en-2025\/#breadcrumb\"},\"inLanguage\":\"en-US\",\"potentialAction\":[{\"@type\":\"ReadAction\",\"target\":[\"https:\/\/sendnow.money\/blog\/fr\/comment-envoyer-de-largent-en-russie-en-2025\/\"]}]},{\"@type\":\"BreadcrumbList\",\"@id\":\"https:\/\/sendnow.money\/blog\/fr\/comment-envoyer-de-largent-en-russie-en-2025\/#breadcrumb\",\"itemListElement\":[{\"@type\":\"ListItem\",\"position\":1,\"name\":\"Home\",\"item\":\"https:\/\/sendnow.money\/blog\/\"},{\"@type\":\"ListItem\",\"position\":2,\"name\":\"Comment envoyer de l\u2019argent en Russie en 2025 ?\"}]},{\"@type\":\"WebSite\",\"@id\":\"https:\/\/sendnow.money\/blog\/#website\",\"url\":\"https:\/\/sendnow.money\/blog\/\",\"name\":\"SendNOW Blog\",\"description\":\"Guides and tips on international money transfers with SendNOW\",\"publisher\":{\"@id\":\"https:\/\/sendnow.money\/blog\/#organization\"},\"potentialAction\":[{\"@type\":\"SearchAction\",\"target\":{\"@type\":\"EntryPoint\",\"urlTemplate\":\"https:\/\/sendnow.money\/blog\/?s={search_term_string}\"},\"query-input\":{\"@type\":\"PropertyValueSpecification\",\"valueRequired\":true,\"valueName\":\"search_term_string\"}}],\"inLanguage\":\"en-US\"},{\"@type\":\"Organization\",\"@id\":\"https:\/\/sendnow.money\/blog\/#organization\",\"name\":\"SendNOW Blog\",\"url\":\"https:\/\/sendnow.money\/blog\/\",\"logo\":{\"@type\":\"ImageObject\",\"inLanguage\":\"en-US\",\"@id\":\"https:\/\/sendnow.money\/blog\/#\/schema\/logo\/image\/\",\"url\":\"https:\/\/storage.googleapis.com\/sendnow-blog-prod-statless-media\/wp-content\/uploads\/28db9941-cropped-23ef375b-logo_min-scaled-1.png\",\"contentUrl\":\"https:\/\/storage.googleapis.com\/sendnow-blog-prod-statless-media\/wp-content\/uploads\/28db9941-cropped-23ef375b-logo_min-scaled-1.png\",\"width\":512,\"height\":512,\"caption\":\"SendNOW Blog\"},\"image\":{\"@id\":\"https:\/\/sendnow.money\/blog\/#\/schema\/logo\/image\/\"},\"sameAs\":[\"https:\/\/www.facebook.com\/profile.php?id=100093676399740#\",\"https:\/\/x.com\/Send__NOW\"]}]}<\/script>\n<!-- \/ Yoast SEO plugin. -->","yoast_head_json":{"title":"Comment envoyer de l\u2019argent en Russie en 2025 ? - Help &amp; Guides \u2014 SendNOW","robots":{"index":"index","follow":"follow","max-snippet":"max-snippet:-1","max-image-preview":"max-image-preview:large","max-video-preview":"max-video-preview:-1"},"canonical":"https:\/\/sendnow.money\/blog\/fr\/comment-envoyer-de-largent-en-russie-en-2025\/","og_locale":"en_US","og_type":"article","og_title":"Comment envoyer de l\u2019argent en Russie en 2025 ? - Help &amp; Guides \u2014 SendNOW","og_description":"Pourquoi les restrictions de 2025 n\u2019affectent pas les transferts avec SendNOW \u2014 et comment fonctionnent les paiements aux b\u00e9n\u00e9ficiaires en Russie Ceci est un article du blog SendNOW. Nous expliquons les changements apport\u00e9s en 2025 aux r\u00e8gles concernant les transferts d\u2019argent vers la Russie. Nous montrons pourquoi SendNOW fonctionne de mani\u00e8re l\u00e9gale et fiable \u2014 [&hellip;]","og_url":"https:\/\/sendnow.money\/blog\/fr\/comment-envoyer-de-largent-en-russie-en-2025\/","og_site_name":"Help &amp; Guides \u2014 SendNOW","article_publisher":"https:\/\/www.facebook.com\/profile.php?id=100093676399740#","article_modified_time":"2025-09-05T15:09:20+00:00","twitter_card":"summary_large_image","twitter_site":"@Send__NOW","twitter_misc":{"Est. reading time":"6 minutes"},"schema":{"@context":"https:\/\/schema.org","@graph":[{"@type":"WebPage","@id":"https:\/\/sendnow.money\/blog\/fr\/comment-envoyer-de-largent-en-russie-en-2025\/","url":"https:\/\/sendnow.money\/blog\/fr\/comment-envoyer-de-largent-en-russie-en-2025\/","name":"Comment envoyer de l\u2019argent en Russie en 2025 ? - Help &amp; Guides \u2014 SendNOW","isPartOf":{"@id":"https:\/\/sendnow.money\/blog\/#website"},"datePublished":"2025-09-05T12:23:39+00:00","dateModified":"2025-09-05T15:09:20+00:00","breadcrumb":{"@id":"https:\/\/sendnow.money\/blog\/fr\/comment-envoyer-de-largent-en-russie-en-2025\/#breadcrumb"},"inLanguage":"en-US","potentialAction":[{"@type":"ReadAction","target":["https:\/\/sendnow.money\/blog\/fr\/comment-envoyer-de-largent-en-russie-en-2025\/"]}]},{"@type":"BreadcrumbList","@id":"https:\/\/sendnow.money\/blog\/fr\/comment-envoyer-de-largent-en-russie-en-2025\/#breadcrumb","itemListElement":[{"@type":"ListItem","position":1,"name":"Home","item":"https:\/\/sendnow.money\/blog\/"},{"@type":"ListItem","position":2,"name":"Comment envoyer de l\u2019argent en Russie en 2025 ?"}]},{"@type":"WebSite","@id":"https:\/\/sendnow.money\/blog\/#website","url":"https:\/\/sendnow.money\/blog\/","name":"SendNOW Blog","description":"Guides and tips on international money transfers with SendNOW","publisher":{"@id":"https:\/\/sendnow.money\/blog\/#organization"},"potentialAction":[{"@type":"SearchAction","target":{"@type":"EntryPoint","urlTemplate":"https:\/\/sendnow.money\/blog\/?s={search_term_string}"},"query-input":{"@type":"PropertyValueSpecification","valueRequired":true,"valueName":"search_term_string"}}],"inLanguage":"en-US"},{"@type":"Organization","@id":"https:\/\/sendnow.money\/blog\/#organization","name":"SendNOW Blog","url":"https:\/\/sendnow.money\/blog\/","logo":{"@type":"ImageObject","inLanguage":"en-US","@id":"https:\/\/sendnow.money\/blog\/#\/schema\/logo\/image\/","url":"https:\/\/storage.googleapis.com\/sendnow-blog-prod-statless-media\/wp-content\/uploads\/28db9941-cropped-23ef375b-logo_min-scaled-1.png","contentUrl":"https:\/\/storage.googleapis.com\/sendnow-blog-prod-statless-media\/wp-content\/uploads\/28db9941-cropped-23ef375b-logo_min-scaled-1.png","width":512,"height":512,"caption":"SendNOW Blog"},"image":{"@id":"https:\/\/sendnow.money\/blog\/#\/schema\/logo\/image\/"},"sameAs":["https:\/\/www.facebook.com\/profile.php?id=100093676399740#","https:\/\/x.com\/Send__NOW"]}]}},"_links":{"self":[{"href":"https:\/\/sendnow.money\/blog\/wp-json\/wp\/v2\/pages\/312","targetHints":{"allow":["GET"]}}],"collection":[{"href":"https:\/\/sendnow.money\/blog\/wp-json\/wp\/v2\/pages"}],"about":[{"href":"https:\/\/sendnow.money\/blog\/wp-json\/wp\/v2\/types\/page"}],"author":[{"embeddable":true,"href":"https:\/\/sendnow.money\/blog\/wp-json\/wp\/v2\/users\/3"}],"replies":[{"embeddable":true,"href":"https:\/\/sendnow.money\/blog\/wp-json\/wp\/v2\/comments?post=312"}],"version-history":[{"count":6,"href":"https:\/\/sendnow.money\/blog\/wp-json\/wp\/v2\/pages\/312\/revisions"}],"predecessor-version":[{"id":347,"href":"https:\/\/sendnow.money\/blog\/wp-json\/wp\/v2\/pages\/312\/revisions\/347"}],"wp:attachment":[{"href":"https:\/\/sendnow.money\/blog\/wp-json\/wp\/v2\/media?parent=312"}],"curies":[{"name":"wp","href":"https:\/\/api.w.org\/{rel}","templated":true}]}}