{"id":296,"date":"2025-09-05T13:52:25","date_gmt":"2025-09-05T11:52:25","guid":{"rendered":"https:\/\/sendnow.money\/blog\/?page_id=296"},"modified":"2025-09-05T17:01:50","modified_gmt":"2025-09-05T15:01:50","slug":"comment-envoyer-de-largent-via-cryptomonnaie-dans-lapplication-sendnow-guide-etape-par-etape","status":"publish","type":"page","link":"https:\/\/sendnow.money\/blog\/fr\/comment-envoyer-de-largent-via-cryptomonnaie-dans-lapplication-sendnow-guide-etape-par-etape\/","title":{"rendered":"Comment envoyer de l\u2019argent via cryptomonnaie dans l\u2019application SendNOW : guide \u00e9tape par \u00e9tape"},"content":{"rendered":"\n<p>Les transferts d\u2019argent internationaux peuvent \u00eatre rapides et peu co\u00fbteux si vous utilisez la cryptomonnaie. Dans cet article, vous apprendrez \u00e0 envoyer de l\u2019argent via cryptomonnaie dans <a href=\"https:\/\/sendnow.money\/fr?utm_source=blog_sendnow&amp;utm_campaign=blog_sendnow_promo&amp;utm_content=blog_sendnow_promo_crypto_fr\">l\u2019application SendNOW<\/a> \u2014 \u00e9tape par \u00e9tape, depuis la pr\u00e9paration de votre portefeuille jusqu\u2019\u00e0 la confirmation du paiement.<\/p>\n\n\n\n<p>Pourquoi <a href=\"https:\/\/sendnow.money\/fr?utm_source=blog_sendnow&amp;utm_campaign=blog_sendnow_promo&amp;utm_content=blog_sendnow_promo_crypto_fr\" target=\"_blank\" rel=\"noreferrer noopener\">envoyer de l\u2019argent via cryptomonnaie avec SendNOW<\/a> :<\/p>\n\n\n\n<ul class=\"wp-block-list\">\n<li>Rapidit\u00e9 \u2014 les fonds arrivent g\u00e9n\u00e9ralement sous 24 heures.<\/li>\n\n\n\n<li>Frais r\u00e9duits \u2014 \u00e0 partir de 0 % lorsque vous payez directement via SendNOW.<\/li>\n\n\n\n<li>Flexibilit\u00e9 \u2014 payez en USDT ou USDC depuis n\u2019importe quel portefeuille ou plateforme d\u2019\u00e9change de cryptomonnaies.<\/li>\n<\/ul>\n\n\n\n<p>Si vous d\u00e9butez avec la cryptomonnaie, consultez notre guide \u00ab Comment commencer \u00e0 utiliser la cryptomonnaie pour les transferts \u00bb, o\u00f9 nous expliquons comment cr\u00e9er, approvisionner et utiliser votre portefeuille.<\/p>\n\n\n\n<figure class=\"wp-block-embed is-type-video is-provider-youtube wp-block-embed-youtube wp-embed-aspect-16-9 wp-has-aspect-ratio\"><div class=\"wp-block-embed__wrapper\">\n<iframe loading=\"lazy\" title=\"Comment envoyer de l\u2019argent de la crypto vers du fiat | SendNOW \u2013 transferts d&#039;argent internationaux\" width=\"500\" height=\"281\" src=\"https:\/\/www.youtube.com\/embed\/PbUDr7gFqdY?feature=oembed\" frameborder=\"0\" allow=\"accelerometer; autoplay; clipboard-write; encrypted-media; gyroscope; picture-in-picture; web-share\" referrerpolicy=\"strict-origin-when-cross-origin\" allowfullscreen><\/iframe>\n<\/div><\/figure>\n\n\n\n<p><\/p>\n\n\n\n<h2 class=\"wp-block-heading\">1. Pr\u00e9parez-vous avant de transf\u00e9rer<\/h2>\n\n\n\n<p>\u00c9tape 1. V\u00e9rifiez votre portefeuille ou plateforme d\u2019\u00e9change :<\/p>\n\n\n\n<ul class=\"wp-block-list\">\n<li>Assurez-vous de disposer de USDT ou USDC \u2014 les seules cryptomonnaies prises en charge dans SendNOW.<\/li>\n\n\n\n<li>V\u00e9rifiez que votre solde couvre \u00e0 la fois le montant du transfert et les \u00e9ventuels frais de retrait.<\/li>\n\n\n\n<li>Gardez l\u2019interface de votre portefeuille ou plateforme d\u2019\u00e9change ouverte pour un acc\u00e8s rapide pendant le processus.<\/li>\n<\/ul>\n\n\n\n<p>\u00c9tape 2. V\u00e9rifiez les coordonn\u00e9es du destinataire :<\/p>\n\n\n\n<ul class=\"wp-block-list\">\n<li>Dans SendNOW, cr\u00e9ez un brouillon de transfert pour voir les d\u00e9tails exacts de paiement pour son pays.<\/li>\n\n\n\n<li>Assurez-vous qu\u2019il n\u2019y a aucune restriction sur son compte.<\/li>\n\n\n\n<li>Confirmez le num\u00e9ro de t\u00e9l\u00e9phone ou les autres informations requises.<\/li>\n<\/ul>\n\n\n\n<p><\/p>\n\n\n\n<h2 class=\"wp-block-heading\">2. Comment envoyer de l\u2019argent via cryptomonnaie dans l\u2019application SendNOW<\/h2>\n\n\n\n<ol class=\"wp-block-list\">\n<li>Ouvrez l\u2019application mobile SendNOW ou la version web.<\/li>\n\n\n\n<li>S\u00e9lectionnez :\n<ul class=\"wp-block-list\">\n<li><strong>M\u00e9thode de paiement<\/strong> \u2014 \u00ab Transfert en cryptomonnaie \u00bb. L\u2019USDT sera s\u00e9lectionn\u00e9 par d\u00e9faut. Modifiez pour USDC si n\u00e9cessaire.<\/li>\n\n\n\n<li><strong>La devise de r\u00e9ception et le montant<\/strong>. Le taux de change sera calcul\u00e9 automatiquement.<\/li>\n<\/ul>\n<\/li>\n\n\n\n<li>Appuyez sur \u00ab Proc\u00e9der au paiement \u00bb.<\/li>\n\n\n\n<li>Saisissez les coordonn\u00e9es du destinataire.<\/li>\n\n\n\n<li>Appuyez de nouveau sur \u00ab Proc\u00e9der au paiement \u00bb pour choisir la m\u00e9thode de paiement.<\/li>\n<\/ol>\n\n\n\n<p><\/p>\n\n\n\n<h2 class=\"wp-block-heading\">3. Choisir une m\u00e9thode de paiement en cryptomonnaie<\/h2>\n\n\n\n<p>SendNOW propose actuellement deux options :<\/p>\n\n\n\n<ul class=\"wp-block-list\">\n<li><strong>Transfert crypto via SendNOW<\/strong> \u2014 sans frais, mais avec moins d\u2019options de r\u00e9seau.<\/li>\n\n\n\n<li><strong>Transfert crypto via Volet<\/strong> \u2014 0,5 % de frais, mais avec davantage de choix de r\u00e9seaux.<\/li>\n<\/ul>\n\n\n\n<blockquote class=\"wp-block-quote is-layout-flow wp-block-quote-is-layout-flow\">\n<p>Vous pouvez consulter les r\u00e9seaux disponibles uniquement dans l\u2019interface de votre portefeuille ou de votre plateforme d\u2019\u00e9change.<\/p>\n<\/blockquote>\n\n\n\n<p>Apr\u00e8s avoir s\u00e9lectionn\u00e9 votre m\u00e9thode de paiement, vous verrez :<\/p>\n\n\n\n<ul class=\"wp-block-list\">\n<li>L\u2019adresse du portefeuille \u00e0 laquelle envoyer votre paiement<\/li>\n\n\n\n<li>Le type de r\u00e9seau blockchain<\/li>\n\n\n\n<li>Le montant exact \u00e0 envoyer (y compris les frais de retrait de votre plateforme)<\/li>\n<\/ul>\n\n\n\n<p><\/p>\n\n\n\n<h2 class=\"wp-block-heading\">4. Effectuer le paiement depuis votre portefeuille ou plateforme d\u2019\u00e9change<\/h2>\n\n\n\n<p>Pour envoyer de l\u2019argent via cryptomonnaie :<\/p>\n\n\n\n<ol class=\"wp-block-list\">\n<li>Ouvrez votre portefeuille ou compte sur la plateforme d\u2019\u00e9change.<\/li>\n\n\n\n<li>S\u00e9lectionnez la m\u00eame cryptomonnaie (USDT ou USDC) et le m\u00eame r\u00e9seau indiqu\u00e9s dans vos d\u00e9tails de paiement SendNOW.<\/li>\n\n\n\n<li>Entrez le montant exact figurant sur la page de paiement.<\/li>\n\n\n\n<li>Envoyez le paiement.<\/li>\n\n\n\n<li>Trouvez le hash de la transaction (TXID) dans votre historique de retraits et copiez-le.<\/li>\n<\/ol>\n\n\n\n<p><\/p>\n\n\n\n<h2 class=\"wp-block-heading\">5. Confirmer votre paiement dans SendNOW<\/h2>\n\n\n\n<p>Si vous avez choisi le transfert crypto via SendNOW :<\/p>\n\n\n\n<ol class=\"wp-block-list\">\n<li>Retournez dans l\u2019application SendNOW.<\/li>\n\n\n\n<li>Appuyez sur \u00ab Confirmer \u00bb.<\/li>\n\n\n\n<li>Collez le hash de la transaction (TXID) et confirmez de nouveau.<\/li>\n<\/ol>\n\n\n\n<p><\/p>\n\n\n\n<h2 class=\"wp-block-heading\">6. Suivi de votre transfert<\/h2>\n\n\n\n<ul class=\"wp-block-list\">\n<li>Vous pouvez v\u00e9rifier l\u2019\u00e9tat de votre transfert dans l\u2019historique des transferts de l\u2019application.<\/li>\n\n\n\n<li>Une fois livr\u00e9, le statut passera \u00e0 \u00ab Livr\u00e9 \u00bb et vous recevrez une notification dans l\u2019application ainsi que par e-mail.<\/li>\n<\/ul>\n\n\n\n<p><\/p>\n\n\n\n<h2 class=\"wp-block-heading\">Conclusion<\/h2>\n\n\n\n<p>Vous savez maintenant comment envoyer de l\u2019argent via cryptomonnaie dans l\u2019application SendNOW \u2014 rapidement, en toute s\u00e9curit\u00e9 et avec des frais minimaux. Essayez d\u00e8s aujourd\u2019hui :<a href=\"https:\/\/sendnow.money\/fr?utm_source=blog_sendnow&amp;utm_campaign=blog_sendnow_promo&amp;utm_content=blog_sendnow_promo_crypto_fr\"> ouvrez SendNOW et cr\u00e9ez votre premier transfert.<\/a><\/p>\n\n\n\n<p><\/p>\n\n\n\n<h4 class=\"wp-block-heading\"><strong>Autres articles et guides utiles que vous pourriez consulter :<\/strong><\/h4>\n\n\n\n<p>Article sur les changements de la l\u00e9gislation russe et leur impact sur les transferts vers la Russie via SendNOW : [<strong><a href=\"https:\/\/sendnow.money\/blog\/fr\/comment-envoyer-de-largent-en-russie-en-2025\/\">Comment envoyer de l\u2019argent en Russie en 2025 ?<\/a><\/strong>]<\/p>\n\n\n\n<p>En savoir plus sur le service de transfert d\u2019argent SendNOW : [<strong><a href=\"https:\/\/sendnow.money\/blog\/fr\/a-propos-du-service-de-transfert-dargent-sendnow\/\">\u00c0 propos du service de transfert d\u2019argent SendNOW<\/a><\/strong>]<\/p>\n\n\n\n<p><\/p>\n","protected":false},"excerpt":{"rendered":"<p>Les transferts d\u2019argent internationaux peuvent \u00eatre rapides et peu co\u00fbteux si vous utilisez la cryptomonnaie. Dans cet article, vous apprendrez \u00e0 envoyer de l\u2019argent via cryptomonnaie dans l\u2019application SendNOW \u2014 \u00e9tape par \u00e9tape, depuis la pr\u00e9paration de votre portefeuille jusqu\u2019\u00e0 la confirmation du paiement. Pourquoi envoyer de l\u2019argent via cryptomonnaie avec SendNOW : Si vous [&hellip;]<\/p>\n","protected":false},"author":3,"featured_media":0,"parent":0,"menu_order":0,"comment_status":"closed","ping_status":"closed","template":"","meta":{"footnotes":""},"class_list":["post-296","page","type-page","status-publish","hentry"],"yoast_head":"<!-- This site is optimized with the Yoast SEO plugin v25.9 - https:\/\/yoast.com\/wordpress\/plugins\/seo\/ -->\n<title>Comment envoyer de l\u2019argent via cryptomonnaie dans l\u2019application SendNOW : guide \u00e9tape par \u00e9tape - Help &amp; Guides \u2014 SendNOW<\/title>\n<meta name=\"robots\" content=\"index, follow, max-snippet:-1, max-image-preview:large, max-video-preview:-1\" \/>\n<link rel=\"canonical\" href=\"https:\/\/sendnow.money\/blog\/fr\/comment-envoyer-de-largent-via-cryptomonnaie-dans-lapplication-sendnow-guide-etape-par-etape\/\" \/>\n<meta property=\"og:locale\" content=\"en_US\" \/>\n<meta property=\"og:type\" content=\"article\" \/>\n<meta property=\"og:title\" content=\"Comment envoyer de l\u2019argent via cryptomonnaie dans l\u2019application SendNOW : guide \u00e9tape par \u00e9tape - Help &amp; Guides \u2014 SendNOW\" \/>\n<meta property=\"og:description\" content=\"Les transferts d\u2019argent internationaux peuvent \u00eatre rapides et peu co\u00fbteux si vous utilisez la cryptomonnaie. Dans cet article, vous apprendrez \u00e0 envoyer de l\u2019argent via cryptomonnaie dans l\u2019application SendNOW \u2014 \u00e9tape par \u00e9tape, depuis la pr\u00e9paration de votre portefeuille jusqu\u2019\u00e0 la confirmation du paiement. Pourquoi envoyer de l\u2019argent via cryptomonnaie avec SendNOW : Si vous [&hellip;]\" \/>\n<meta property=\"og:url\" content=\"https:\/\/sendnow.money\/blog\/fr\/comment-envoyer-de-largent-via-cryptomonnaie-dans-lapplication-sendnow-guide-etape-par-etape\/\" \/>\n<meta property=\"og:site_name\" content=\"Help &amp; Guides \u2014 SendNOW\" \/>\n<meta property=\"article:publisher\" content=\"https:\/\/www.facebook.com\/profile.php?id=100093676399740#\" \/>\n<meta property=\"article:modified_time\" content=\"2025-09-05T15:01:50+00:00\" \/>\n<meta name=\"twitter:card\" content=\"summary_large_image\" \/>\n<meta name=\"twitter:site\" content=\"@Send__NOW\" \/>\n<meta name=\"twitter:label1\" content=\"Est. reading time\" \/>\n\t<meta name=\"twitter:data1\" content=\"3 minutes\" \/>\n<script type=\"application\/ld+json\" class=\"yoast-schema-graph\">{\"@context\":\"https:\/\/schema.org\",\"@graph\":[{\"@type\":\"WebPage\",\"@id\":\"https:\/\/sendnow.money\/blog\/fr\/comment-envoyer-de-largent-via-cryptomonnaie-dans-lapplication-sendnow-guide-etape-par-etape\/\",\"url\":\"https:\/\/sendnow.money\/blog\/fr\/comment-envoyer-de-largent-via-cryptomonnaie-dans-lapplication-sendnow-guide-etape-par-etape\/\",\"name\":\"Comment envoyer de l\u2019argent via cryptomonnaie dans l\u2019application SendNOW : guide \u00e9tape par \u00e9tape - Help &amp; Guides \u2014 SendNOW\",\"isPartOf\":{\"@id\":\"https:\/\/sendnow.money\/blog\/#website\"},\"datePublished\":\"2025-09-05T11:52:25+00:00\",\"dateModified\":\"2025-09-05T15:01:50+00:00\",\"breadcrumb\":{\"@id\":\"https:\/\/sendnow.money\/blog\/fr\/comment-envoyer-de-largent-via-cryptomonnaie-dans-lapplication-sendnow-guide-etape-par-etape\/#breadcrumb\"},\"inLanguage\":\"en-US\",\"potentialAction\":[{\"@type\":\"ReadAction\",\"target\":[\"https:\/\/sendnow.money\/blog\/fr\/comment-envoyer-de-largent-via-cryptomonnaie-dans-lapplication-sendnow-guide-etape-par-etape\/\"]}]},{\"@type\":\"BreadcrumbList\",\"@id\":\"https:\/\/sendnow.money\/blog\/fr\/comment-envoyer-de-largent-via-cryptomonnaie-dans-lapplication-sendnow-guide-etape-par-etape\/#breadcrumb\",\"itemListElement\":[{\"@type\":\"ListItem\",\"position\":1,\"name\":\"Home\",\"item\":\"https:\/\/sendnow.money\/blog\/\"},{\"@type\":\"ListItem\",\"position\":2,\"name\":\"Comment envoyer de l\u2019argent via cryptomonnaie dans l\u2019application SendNOW : guide \u00e9tape par \u00e9tape\"}]},{\"@type\":\"WebSite\",\"@id\":\"https:\/\/sendnow.money\/blog\/#website\",\"url\":\"https:\/\/sendnow.money\/blog\/\",\"name\":\"SendNOW Blog\",\"description\":\"Guides and tips on international money transfers with SendNOW\",\"publisher\":{\"@id\":\"https:\/\/sendnow.money\/blog\/#organization\"},\"potentialAction\":[{\"@type\":\"SearchAction\",\"target\":{\"@type\":\"EntryPoint\",\"urlTemplate\":\"https:\/\/sendnow.money\/blog\/?s={search_term_string}\"},\"query-input\":{\"@type\":\"PropertyValueSpecification\",\"valueRequired\":true,\"valueName\":\"search_term_string\"}}],\"inLanguage\":\"en-US\"},{\"@type\":\"Organization\",\"@id\":\"https:\/\/sendnow.money\/blog\/#organization\",\"name\":\"SendNOW Blog\",\"url\":\"https:\/\/sendnow.money\/blog\/\",\"logo\":{\"@type\":\"ImageObject\",\"inLanguage\":\"en-US\",\"@id\":\"https:\/\/sendnow.money\/blog\/#\/schema\/logo\/image\/\",\"url\":\"https:\/\/storage.googleapis.com\/sendnow-blog-prod-statless-media\/wp-content\/uploads\/28db9941-cropped-23ef375b-logo_min-scaled-1.png\",\"contentUrl\":\"https:\/\/storage.googleapis.com\/sendnow-blog-prod-statless-media\/wp-content\/uploads\/28db9941-cropped-23ef375b-logo_min-scaled-1.png\",\"width\":512,\"height\":512,\"caption\":\"SendNOW Blog\"},\"image\":{\"@id\":\"https:\/\/sendnow.money\/blog\/#\/schema\/logo\/image\/\"},\"sameAs\":[\"https:\/\/www.facebook.com\/profile.php?id=100093676399740#\",\"https:\/\/x.com\/Send__NOW\"]}]}<\/script>\n<!-- \/ Yoast SEO plugin. -->","yoast_head_json":{"title":"Comment envoyer de l\u2019argent via cryptomonnaie dans l\u2019application SendNOW : guide \u00e9tape par \u00e9tape - Help &amp; Guides \u2014 SendNOW","robots":{"index":"index","follow":"follow","max-snippet":"max-snippet:-1","max-image-preview":"max-image-preview:large","max-video-preview":"max-video-preview:-1"},"canonical":"https:\/\/sendnow.money\/blog\/fr\/comment-envoyer-de-largent-via-cryptomonnaie-dans-lapplication-sendnow-guide-etape-par-etape\/","og_locale":"en_US","og_type":"article","og_title":"Comment envoyer de l\u2019argent via cryptomonnaie dans l\u2019application SendNOW : guide \u00e9tape par \u00e9tape - Help &amp; Guides \u2014 SendNOW","og_description":"Les transferts d\u2019argent internationaux peuvent \u00eatre rapides et peu co\u00fbteux si vous utilisez la cryptomonnaie. Dans cet article, vous apprendrez \u00e0 envoyer de l\u2019argent via cryptomonnaie dans l\u2019application SendNOW \u2014 \u00e9tape par \u00e9tape, depuis la pr\u00e9paration de votre portefeuille jusqu\u2019\u00e0 la confirmation du paiement. Pourquoi envoyer de l\u2019argent via cryptomonnaie avec SendNOW : Si vous [&hellip;]","og_url":"https:\/\/sendnow.money\/blog\/fr\/comment-envoyer-de-largent-via-cryptomonnaie-dans-lapplication-sendnow-guide-etape-par-etape\/","og_site_name":"Help &amp; Guides \u2014 SendNOW","article_publisher":"https:\/\/www.facebook.com\/profile.php?id=100093676399740#","article_modified_time":"2025-09-05T15:01:50+00:00","twitter_card":"summary_large_image","twitter_site":"@Send__NOW","twitter_misc":{"Est. reading time":"3 minutes"},"schema":{"@context":"https:\/\/schema.org","@graph":[{"@type":"WebPage","@id":"https:\/\/sendnow.money\/blog\/fr\/comment-envoyer-de-largent-via-cryptomonnaie-dans-lapplication-sendnow-guide-etape-par-etape\/","url":"https:\/\/sendnow.money\/blog\/fr\/comment-envoyer-de-largent-via-cryptomonnaie-dans-lapplication-sendnow-guide-etape-par-etape\/","name":"Comment envoyer de l\u2019argent via cryptomonnaie dans l\u2019application SendNOW : guide \u00e9tape par \u00e9tape - Help &amp; Guides \u2014 SendNOW","isPartOf":{"@id":"https:\/\/sendnow.money\/blog\/#website"},"datePublished":"2025-09-05T11:52:25+00:00","dateModified":"2025-09-05T15:01:50+00:00","breadcrumb":{"@id":"https:\/\/sendnow.money\/blog\/fr\/comment-envoyer-de-largent-via-cryptomonnaie-dans-lapplication-sendnow-guide-etape-par-etape\/#breadcrumb"},"inLanguage":"en-US","potentialAction":[{"@type":"ReadAction","target":["https:\/\/sendnow.money\/blog\/fr\/comment-envoyer-de-largent-via-cryptomonnaie-dans-lapplication-sendnow-guide-etape-par-etape\/"]}]},{"@type":"BreadcrumbList","@id":"https:\/\/sendnow.money\/blog\/fr\/comment-envoyer-de-largent-via-cryptomonnaie-dans-lapplication-sendnow-guide-etape-par-etape\/#breadcrumb","itemListElement":[{"@type":"ListItem","position":1,"name":"Home","item":"https:\/\/sendnow.money\/blog\/"},{"@type":"ListItem","position":2,"name":"Comment envoyer de l\u2019argent via cryptomonnaie dans l\u2019application SendNOW : guide \u00e9tape par \u00e9tape"}]},{"@type":"WebSite","@id":"https:\/\/sendnow.money\/blog\/#website","url":"https:\/\/sendnow.money\/blog\/","name":"SendNOW Blog","description":"Guides and tips on international money transfers with SendNOW","publisher":{"@id":"https:\/\/sendnow.money\/blog\/#organization"},"potentialAction":[{"@type":"SearchAction","target":{"@type":"EntryPoint","urlTemplate":"https:\/\/sendnow.money\/blog\/?s={search_term_string}"},"query-input":{"@type":"PropertyValueSpecification","valueRequired":true,"valueName":"search_term_string"}}],"inLanguage":"en-US"},{"@type":"Organization","@id":"https:\/\/sendnow.money\/blog\/#organization","name":"SendNOW Blog","url":"https:\/\/sendnow.money\/blog\/","logo":{"@type":"ImageObject","inLanguage":"en-US","@id":"https:\/\/sendnow.money\/blog\/#\/schema\/logo\/image\/","url":"https:\/\/storage.googleapis.com\/sendnow-blog-prod-statless-media\/wp-content\/uploads\/28db9941-cropped-23ef375b-logo_min-scaled-1.png","contentUrl":"https:\/\/storage.googleapis.com\/sendnow-blog-prod-statless-media\/wp-content\/uploads\/28db9941-cropped-23ef375b-logo_min-scaled-1.png","width":512,"height":512,"caption":"SendNOW Blog"},"image":{"@id":"https:\/\/sendnow.money\/blog\/#\/schema\/logo\/image\/"},"sameAs":["https:\/\/www.facebook.com\/profile.php?id=100093676399740#","https:\/\/x.com\/Send__NOW"]}]}},"_links":{"self":[{"href":"https:\/\/sendnow.money\/blog\/wp-json\/wp\/v2\/pages\/296","targetHints":{"allow":["GET"]}}],"collection":[{"href":"https:\/\/sendnow.money\/blog\/wp-json\/wp\/v2\/pages"}],"about":[{"href":"https:\/\/sendnow.money\/blog\/wp-json\/wp\/v2\/types\/page"}],"author":[{"embeddable":true,"href":"https:\/\/sendnow.money\/blog\/wp-json\/wp\/v2\/users\/3"}],"replies":[{"embeddable":true,"href":"https:\/\/sendnow.money\/blog\/wp-json\/wp\/v2\/comments?post=296"}],"version-history":[{"count":4,"href":"https:\/\/sendnow.money\/blog\/wp-json\/wp\/v2\/pages\/296\/revisions"}],"predecessor-version":[{"id":344,"href":"https:\/\/sendnow.money\/blog\/wp-json\/wp\/v2\/pages\/296\/revisions\/344"}],"wp:attachment":[{"href":"https:\/\/sendnow.money\/blog\/wp-json\/wp\/v2\/media?parent=296"}],"curies":[{"name":"wp","href":"https:\/\/api.w.org\/{rel}","templated":true}]}}