{"id":287,"date":"2025-09-05T13:29:36","date_gmt":"2025-09-05T11:29:36","guid":{"rendered":"https:\/\/sendnow.money\/blog\/?page_id=287"},"modified":"2025-09-05T14:55:11","modified_gmt":"2025-09-05T12:55:11","slug":"a-propos-du-service-de-transfert-dargent-sendnow","status":"publish","type":"page","link":"https:\/\/sendnow.money\/blog\/fr\/a-propos-du-service-de-transfert-dargent-sendnow\/","title":{"rendered":"\u00c0 propos du service de transfert d\u2019argent SendNOW"},"content":{"rendered":"\n<p>SendNOW est un service de transfert d\u2019argent disponible sous forme d\u2019application web et d\u2019applications mobiles pour Android et iOS. Avec SendNOW, vous pouvez envoyer de l\u2019argent vers l\u2019un des 193 pays en utilisant des moyens de paiement familiers tels que les cartes bancaires, les comptes bancaires ou les cryptomonnaies.<\/p>\n\n\n\n<p><\/p>\n\n\n\n<p class=\"has-x-large-font-size\">\u00c0 quoi sert SendNOW<\/p>\n\n\n\n<p class=\"has-large-font-size\">Les utilisateurs se servent de SendNOW pour envoyer de l\u2019argent \u00e0 leurs proches, amis, professeurs particuliers, professionnels en ligne, freelances et employ\u00e9s \u00e0 distance. Le service peut \u00e9galement \u00eatre utilis\u00e9 pour recevoir des paiements professionnels ou r\u00e9gler des services.<\/p>\n\n\n\n<p class=\"has-large-font-size\"><\/p>\n\n\n\n<p class=\"has-x-large-font-size\">Comment fonctionne SendNOW<\/p>\n\n\n\n<p>SendNOW transf\u00e8re l\u2019argent du moyen de paiement choisi par l\u2019exp\u00e9diteur vers les coordonn\u00e9es du destinataire. Le service ne conserve pas les fonds des utilisateurs mais effectue des op\u00e9rations de transit entre les comptes et cartes indiqu\u00e9s. Vous pouvez envoyer de l\u2019argent depuis une carte bancaire, un compte bancaire ou un portefeuille de cryptomonnaie, et recevoir des transferts de la m\u00eame mani\u00e8re.<\/p>\n\n\n\n<figure class=\"wp-block-embed is-type-video is-provider-youtube wp-block-embed-youtube wp-embed-aspect-16-9 wp-has-aspect-ratio\"><div class=\"wp-block-embed__wrapper\">\n<iframe loading=\"lazy\" title=\"Comment envoyer de l&#039;argent en Russie | Transferts d&#039;argent internationaux avec SendNOW\" width=\"500\" height=\"281\" src=\"https:\/\/www.youtube.com\/embed\/sXEG4mFszbU?feature=oembed\" frameborder=\"0\" allow=\"accelerometer; autoplay; clipboard-write; encrypted-media; gyroscope; picture-in-picture; web-share\" referrerpolicy=\"strict-origin-when-cross-origin\" allowfullscreen><\/iframe>\n<\/div><\/figure>\n\n\n\n<p><\/p>\n\n\n\n<p class=\"has-x-large-font-size\">S\u00e9curit\u00e9 et contr\u00f4le des transactions<\/p>\n\n\n\n<p>Chaque transfert est v\u00e9rifi\u00e9 par un op\u00e9rateur. En cas d\u2019erreur ou d\u2019inexactitude dans les informations de paiement, l\u2019op\u00e9rateur en informe l\u2019exp\u00e9diteur. Celui-ci a alors la possibilit\u00e9 de corriger les donn\u00e9es afin que les fonds parviennent \u00e0 la bonne personne ou \u00e0 la bonne entreprise. Cela r\u00e9duit le risque de retours de paiement dus \u00e0 des informations incorrectes et prot\u00e8ge les utilisateurs contre les pertes d\u2019argent.<\/p>\n\n\n\n<p><\/p>\n\n\n\n<p class=\"has-x-large-font-size\">Comment envoyer de l\u2019argent avec SendNOW<\/p>\n\n\n\n<p>Dans les articles suivants, nous expliquerons comment envoyer de l\u2019argent depuis une carte, comment effectuer un transfert depuis un compte bancaire, comment utiliser les cryptomonnaies pour les transferts et comment recevoir des paiements professionnels via SendNOW.<br><\/p>\n\n\n\n<p><\/p>\n\n\n\n<h4 class=\"wp-block-heading\"><strong>Autres articles et guides utiles que vous pourriez consulter :<\/strong><\/h4>\n\n\n\n<p>Article sur les changements de la l\u00e9gislation russe et leur impact sur les transferts vers la Russie via SendNOW : [<strong><a href=\"http:\/\/Comment envoyer de l\u2019argent en Russie en 2025 ?\">Comment envoyer de l\u2019argent en Russie en 2025 ?<\/a><\/strong>]<\/p>\n\n\n\n<p>Si vous devez envoyer de l\u2019argent en Russie via cryptomonnaie, consultez ce guide : [<strong><a href=\"https:\/\/sendnow.money\/blog\/fr\/comment-envoyer-de-largent-via-cryptomonnaie-dans-lapplication-sendnow-guide-etape-par-etape\/\">Comment envoyer de l\u2019argent via cryptomonnaie dans l\u2019application SendNOW : guide \u00e9tape par \u00e9tape<\/a><\/strong>]<\/p>\n","protected":false},"excerpt":{"rendered":"<p>SendNOW est un service de transfert d\u2019argent disponible sous forme d\u2019application web et d\u2019applications mobiles pour Android et iOS. Avec SendNOW, vous pouvez envoyer de l\u2019argent vers l\u2019un des 193 pays en utilisant des moyens de paiement familiers tels que les cartes bancaires, les comptes bancaires ou les cryptomonnaies. \u00c0 quoi sert SendNOW Les utilisateurs [&hellip;]<\/p>\n","protected":false},"author":3,"featured_media":0,"parent":0,"menu_order":0,"comment_status":"closed","ping_status":"closed","template":"","meta":{"footnotes":""},"class_list":["post-287","page","type-page","status-publish","hentry"],"yoast_head":"<!-- This site is optimized with the Yoast SEO plugin v25.9 - https:\/\/yoast.com\/wordpress\/plugins\/seo\/ -->\n<title>\u00c0 propos du service de transfert d\u2019argent SendNOW - Help &amp; Guides \u2014 SendNOW<\/title>\n<meta name=\"robots\" content=\"index, follow, max-snippet:-1, max-image-preview:large, max-video-preview:-1\" \/>\n<link rel=\"canonical\" href=\"https:\/\/sendnow.money\/blog\/fr\/a-propos-du-service-de-transfert-dargent-sendnow\/\" \/>\n<meta property=\"og:locale\" content=\"en_US\" \/>\n<meta property=\"og:type\" content=\"article\" \/>\n<meta property=\"og:title\" content=\"\u00c0 propos du service de transfert d\u2019argent SendNOW - Help &amp; Guides \u2014 SendNOW\" \/>\n<meta property=\"og:description\" content=\"SendNOW est un service de transfert d\u2019argent disponible sous forme d\u2019application web et d\u2019applications mobiles pour Android et iOS. Avec SendNOW, vous pouvez envoyer de l\u2019argent vers l\u2019un des 193 pays en utilisant des moyens de paiement familiers tels que les cartes bancaires, les comptes bancaires ou les cryptomonnaies. \u00c0 quoi sert SendNOW Les utilisateurs [&hellip;]\" \/>\n<meta property=\"og:url\" content=\"https:\/\/sendnow.money\/blog\/fr\/a-propos-du-service-de-transfert-dargent-sendnow\/\" \/>\n<meta property=\"og:site_name\" content=\"Help &amp; Guides \u2014 SendNOW\" \/>\n<meta property=\"article:publisher\" content=\"https:\/\/www.facebook.com\/profile.php?id=100093676399740#\" \/>\n<meta property=\"article:modified_time\" content=\"2025-09-05T12:55:11+00:00\" \/>\n<meta name=\"twitter:card\" content=\"summary_large_image\" \/>\n<meta name=\"twitter:site\" content=\"@Send__NOW\" \/>\n<meta name=\"twitter:label1\" content=\"Est. reading time\" \/>\n\t<meta name=\"twitter:data1\" content=\"2 minutes\" \/>\n<script type=\"application\/ld+json\" class=\"yoast-schema-graph\">{\"@context\":\"https:\/\/schema.org\",\"@graph\":[{\"@type\":\"WebPage\",\"@id\":\"https:\/\/sendnow.money\/blog\/fr\/a-propos-du-service-de-transfert-dargent-sendnow\/\",\"url\":\"https:\/\/sendnow.money\/blog\/fr\/a-propos-du-service-de-transfert-dargent-sendnow\/\",\"name\":\"\u00c0 propos du service de transfert d\u2019argent SendNOW - Help &amp; Guides \u2014 SendNOW\",\"isPartOf\":{\"@id\":\"https:\/\/sendnow.money\/blog\/#website\"},\"datePublished\":\"2025-09-05T11:29:36+00:00\",\"dateModified\":\"2025-09-05T12:55:11+00:00\",\"breadcrumb\":{\"@id\":\"https:\/\/sendnow.money\/blog\/fr\/a-propos-du-service-de-transfert-dargent-sendnow\/#breadcrumb\"},\"inLanguage\":\"en-US\",\"potentialAction\":[{\"@type\":\"ReadAction\",\"target\":[\"https:\/\/sendnow.money\/blog\/fr\/a-propos-du-service-de-transfert-dargent-sendnow\/\"]}]},{\"@type\":\"BreadcrumbList\",\"@id\":\"https:\/\/sendnow.money\/blog\/fr\/a-propos-du-service-de-transfert-dargent-sendnow\/#breadcrumb\",\"itemListElement\":[{\"@type\":\"ListItem\",\"position\":1,\"name\":\"Home\",\"item\":\"https:\/\/sendnow.money\/blog\/\"},{\"@type\":\"ListItem\",\"position\":2,\"name\":\"\u00c0 propos du service de transfert d\u2019argent SendNOW\"}]},{\"@type\":\"WebSite\",\"@id\":\"https:\/\/sendnow.money\/blog\/#website\",\"url\":\"https:\/\/sendnow.money\/blog\/\",\"name\":\"SendNOW Blog\",\"description\":\"Guides and tips on international money transfers with SendNOW\",\"publisher\":{\"@id\":\"https:\/\/sendnow.money\/blog\/#organization\"},\"potentialAction\":[{\"@type\":\"SearchAction\",\"target\":{\"@type\":\"EntryPoint\",\"urlTemplate\":\"https:\/\/sendnow.money\/blog\/?s={search_term_string}\"},\"query-input\":{\"@type\":\"PropertyValueSpecification\",\"valueRequired\":true,\"valueName\":\"search_term_string\"}}],\"inLanguage\":\"en-US\"},{\"@type\":\"Organization\",\"@id\":\"https:\/\/sendnow.money\/blog\/#organization\",\"name\":\"SendNOW Blog\",\"url\":\"https:\/\/sendnow.money\/blog\/\",\"logo\":{\"@type\":\"ImageObject\",\"inLanguage\":\"en-US\",\"@id\":\"https:\/\/sendnow.money\/blog\/#\/schema\/logo\/image\/\",\"url\":\"https:\/\/storage.googleapis.com\/sendnow-blog-prod-statless-media\/wp-content\/uploads\/28db9941-cropped-23ef375b-logo_min-scaled-1.png\",\"contentUrl\":\"https:\/\/storage.googleapis.com\/sendnow-blog-prod-statless-media\/wp-content\/uploads\/28db9941-cropped-23ef375b-logo_min-scaled-1.png\",\"width\":512,\"height\":512,\"caption\":\"SendNOW Blog\"},\"image\":{\"@id\":\"https:\/\/sendnow.money\/blog\/#\/schema\/logo\/image\/\"},\"sameAs\":[\"https:\/\/www.facebook.com\/profile.php?id=100093676399740#\",\"https:\/\/x.com\/Send__NOW\"]}]}<\/script>\n<!-- \/ Yoast SEO plugin. -->","yoast_head_json":{"title":"\u00c0 propos du service de transfert d\u2019argent SendNOW - Help &amp; Guides \u2014 SendNOW","robots":{"index":"index","follow":"follow","max-snippet":"max-snippet:-1","max-image-preview":"max-image-preview:large","max-video-preview":"max-video-preview:-1"},"canonical":"https:\/\/sendnow.money\/blog\/fr\/a-propos-du-service-de-transfert-dargent-sendnow\/","og_locale":"en_US","og_type":"article","og_title":"\u00c0 propos du service de transfert d\u2019argent SendNOW - Help &amp; Guides \u2014 SendNOW","og_description":"SendNOW est un service de transfert d\u2019argent disponible sous forme d\u2019application web et d\u2019applications mobiles pour Android et iOS. Avec SendNOW, vous pouvez envoyer de l\u2019argent vers l\u2019un des 193 pays en utilisant des moyens de paiement familiers tels que les cartes bancaires, les comptes bancaires ou les cryptomonnaies. \u00c0 quoi sert SendNOW Les utilisateurs [&hellip;]","og_url":"https:\/\/sendnow.money\/blog\/fr\/a-propos-du-service-de-transfert-dargent-sendnow\/","og_site_name":"Help &amp; Guides \u2014 SendNOW","article_publisher":"https:\/\/www.facebook.com\/profile.php?id=100093676399740#","article_modified_time":"2025-09-05T12:55:11+00:00","twitter_card":"summary_large_image","twitter_site":"@Send__NOW","twitter_misc":{"Est. reading time":"2 minutes"},"schema":{"@context":"https:\/\/schema.org","@graph":[{"@type":"WebPage","@id":"https:\/\/sendnow.money\/blog\/fr\/a-propos-du-service-de-transfert-dargent-sendnow\/","url":"https:\/\/sendnow.money\/blog\/fr\/a-propos-du-service-de-transfert-dargent-sendnow\/","name":"\u00c0 propos du service de transfert d\u2019argent SendNOW - Help &amp; Guides \u2014 SendNOW","isPartOf":{"@id":"https:\/\/sendnow.money\/blog\/#website"},"datePublished":"2025-09-05T11:29:36+00:00","dateModified":"2025-09-05T12:55:11+00:00","breadcrumb":{"@id":"https:\/\/sendnow.money\/blog\/fr\/a-propos-du-service-de-transfert-dargent-sendnow\/#breadcrumb"},"inLanguage":"en-US","potentialAction":[{"@type":"ReadAction","target":["https:\/\/sendnow.money\/blog\/fr\/a-propos-du-service-de-transfert-dargent-sendnow\/"]}]},{"@type":"BreadcrumbList","@id":"https:\/\/sendnow.money\/blog\/fr\/a-propos-du-service-de-transfert-dargent-sendnow\/#breadcrumb","itemListElement":[{"@type":"ListItem","position":1,"name":"Home","item":"https:\/\/sendnow.money\/blog\/"},{"@type":"ListItem","position":2,"name":"\u00c0 propos du service de transfert d\u2019argent SendNOW"}]},{"@type":"WebSite","@id":"https:\/\/sendnow.money\/blog\/#website","url":"https:\/\/sendnow.money\/blog\/","name":"SendNOW Blog","description":"Guides and tips on international money transfers with SendNOW","publisher":{"@id":"https:\/\/sendnow.money\/blog\/#organization"},"potentialAction":[{"@type":"SearchAction","target":{"@type":"EntryPoint","urlTemplate":"https:\/\/sendnow.money\/blog\/?s={search_term_string}"},"query-input":{"@type":"PropertyValueSpecification","valueRequired":true,"valueName":"search_term_string"}}],"inLanguage":"en-US"},{"@type":"Organization","@id":"https:\/\/sendnow.money\/blog\/#organization","name":"SendNOW Blog","url":"https:\/\/sendnow.money\/blog\/","logo":{"@type":"ImageObject","inLanguage":"en-US","@id":"https:\/\/sendnow.money\/blog\/#\/schema\/logo\/image\/","url":"https:\/\/storage.googleapis.com\/sendnow-blog-prod-statless-media\/wp-content\/uploads\/28db9941-cropped-23ef375b-logo_min-scaled-1.png","contentUrl":"https:\/\/storage.googleapis.com\/sendnow-blog-prod-statless-media\/wp-content\/uploads\/28db9941-cropped-23ef375b-logo_min-scaled-1.png","width":512,"height":512,"caption":"SendNOW Blog"},"image":{"@id":"https:\/\/sendnow.money\/blog\/#\/schema\/logo\/image\/"},"sameAs":["https:\/\/www.facebook.com\/profile.php?id=100093676399740#","https:\/\/x.com\/Send__NOW"]}]}},"_links":{"self":[{"href":"https:\/\/sendnow.money\/blog\/wp-json\/wp\/v2\/pages\/287","targetHints":{"allow":["GET"]}}],"collection":[{"href":"https:\/\/sendnow.money\/blog\/wp-json\/wp\/v2\/pages"}],"about":[{"href":"https:\/\/sendnow.money\/blog\/wp-json\/wp\/v2\/types\/page"}],"author":[{"embeddable":true,"href":"https:\/\/sendnow.money\/blog\/wp-json\/wp\/v2\/users\/3"}],"replies":[{"embeddable":true,"href":"https:\/\/sendnow.money\/blog\/wp-json\/wp\/v2\/comments?post=287"}],"version-history":[{"count":5,"href":"https:\/\/sendnow.money\/blog\/wp-json\/wp\/v2\/pages\/287\/revisions"}],"predecessor-version":[{"id":335,"href":"https:\/\/sendnow.money\/blog\/wp-json\/wp\/v2\/pages\/287\/revisions\/335"}],"wp:attachment":[{"href":"https:\/\/sendnow.money\/blog\/wp-json\/wp\/v2\/media?parent=287"}],"curies":[{"name":"wp","href":"https:\/\/api.w.org\/{rel}","templated":true}]}}