{"id":235,"date":"2025-09-04T17:26:41","date_gmt":"2025-09-04T15:26:41","guid":{"rendered":"https:\/\/sendnow.money\/blog\/?page_id=235"},"modified":"2025-09-04T18:02:21","modified_gmt":"2025-09-04T16:02:21","slug":"so-senden-sie-geld-per-kryptowaehrung-in-der-sendnow-app-schritt-fuer-schritt-anleitung","status":"publish","type":"page","link":"https:\/\/sendnow.money\/blog\/de\/so-senden-sie-geld-per-kryptowaehrung-in-der-sendnow-app-schritt-fuer-schritt-anleitung\/","title":{"rendered":"So senden Sie Geld per Kryptow\u00e4hrung in der SendNOW-App: Schritt-f\u00fcr-Schritt-Anleitung"},"content":{"rendered":"\n<p>Internationale Geldtransfers k\u00f6nnen schnell und kosteng\u00fcnstig sein, wenn Sie Kryptow\u00e4hrungen nutzen. In diesem Artikel erfahren Sie Schritt f\u00fcr Schritt, wie Sie mit der <a href=\"https:\/\/sendnow.money\/de?utm_source=blog_sendnow&amp;utm_campaign=blog_sendnow_promo&amp;utm_content=blog_sendnow_promo_through_crypto_de\" target=\"_blank\" rel=\"noreferrer noopener\">SendNOW-App Geld per Kryptow\u00e4hrung senden<\/a> \u2013 von der Vorbereitung Ihrer Wallet bis zur Zahlungsbest\u00e4tigung.<\/p>\n\n\n\n<p>Warum Geld per Kryptow\u00e4hrung mit SendNOW senden?<\/p>\n\n\n\n<ul class=\"wp-block-list\">\n<li><strong>Geschwindigkeit<\/strong> \u2013 Gelder treffen in der Regel innerhalb von 24 Stunden ein.<\/li>\n\n\n\n<li><strong>Niedrige Geb\u00fchren<\/strong> \u2013 ab 0 %, wenn Sie direkt \u00fcber SendNOW bezahlen.<\/li>\n\n\n\n<li><strong>Flexibilit\u00e4t<\/strong> \u2013 zahlen Sie in USDT oder USDC aus jeder Krypto-Wallet oder von jeder B\u00f6rse.<\/li>\n<\/ul>\n\n\n\n<p>Wenn Sie neu im Umgang mit Kryptow\u00e4hrungen sind, lesen Sie unsere Anleitung \u201aWie man Kryptow\u00e4hrungen f\u00fcr Transfers nutzt\u2018, in der wir erkl\u00e4ren, wie Sie eine Wallet erstellen, aufladen und verwenden.<\/p>\n\n\n\n<figure class=\"wp-block-embed is-type-video is-provider-youtube wp-block-embed-youtube wp-embed-aspect-16-9 wp-has-aspect-ratio\"><div class=\"wp-block-embed__wrapper\">\n<iframe loading=\"lazy\" title=\"Kryptow\u00e4hrungen in Geld transferieren | SendNOW Geldtransfer-App\" width=\"500\" height=\"281\" src=\"https:\/\/www.youtube.com\/embed\/J8NMSP-JcCY?feature=oembed\" frameborder=\"0\" allow=\"accelerometer; autoplay; clipboard-write; encrypted-media; gyroscope; picture-in-picture; web-share\" referrerpolicy=\"strict-origin-when-cross-origin\" allowfullscreen><\/iframe>\n<\/div><\/figure>\n\n\n\n<p><\/p>\n\n\n\n<h2 class=\"wp-block-heading\">Vorbereitung vor der \u00dcberweisung<\/h2>\n\n\n\n<p>Schritt 1. Pr\u00fcfen Sie Ihre Wallet oder B\u00f6rse:<\/p>\n\n\n\n<ul class=\"wp-block-list\">\n<li>Stellen Sie sicher, dass Sie USDT oder USDC besitzen \u2013 die einzigen Coins, die in SendNOW unterst\u00fctzt werden.<\/li>\n\n\n\n<li>Achten Sie darauf, dass Ihr Guthaben sowohl den \u00dcberweisungsbetrag als auch eventuelle Auszahlungsgeb\u00fchren abdeckt.<\/li>\n\n\n\n<li>Lassen Sie Ihre Wallet- oder B\u00f6rsenoberfl\u00e4che ge\u00f6ffnet, um w\u00e4hrend des Prozesses schnellen Zugriff zu haben.<\/li>\n<\/ul>\n\n\n\n<p>Schritt 2. Pr\u00fcfen Sie die Empf\u00e4ngerdaten:<\/p>\n\n\n\n<ul class=\"wp-block-list\">\n<li>Erstellen Sie in SendNOW eine \u00dcberweisung im Entwurf, um die genauen Zahlungsdaten f\u00fcr das Zielland zu sehen.<\/li>\n\n\n\n<li>Stellen Sie sicher, dass auf dem Empf\u00e4ngerkonto keine Einschr\u00e4nkungen bestehen.<\/li>\n\n\n\n<li>Best\u00e4tigen Sie die Telefonnummer oder andere erforderliche Angaben.<\/li>\n<\/ul>\n\n\n\n<p><\/p>\n\n\n\n<h2 class=\"wp-block-heading\">2. So senden Sie Geld per Kryptow\u00e4hrung in der SendNOW-App<\/h2>\n\n\n\n<ol class=\"wp-block-list\">\n<li>So senden Sie Geld per Kryptow\u00e4hrung in der SendNOW-App.<\/li>\n\n\n\n<li>Ausw\u00e4hlen:\n<ul class=\"wp-block-list\">\n<li>Zahlungsmethode \u2014 \u201aKrypto-\u00dcberweisung\u2018. Standardm\u00e4\u00dfig ist USDT ausgew\u00e4hlt. Bei Bedarf auf USDC \u00e4ndern.<\/li>\n\n\n\n<li>Die Empfangsw\u00e4hrung und der Betrag. Der Wechselkurs wird automatisch berechnet.<\/li>\n<\/ul>\n<\/li>\n\n\n\n<li>Tippen Sie auf \u201aWeiter zur Zahlung\u2018.<\/li>\n\n\n\n<li>Geben Sie die Empf\u00e4ngerdaten ein.<\/li>\n\n\n\n<li>Tippen Sie erneut auf \u201aWeiter zur Zahlung\u2018, um die Zahlungsmethode auszuw\u00e4hlen.<\/li>\n<\/ol>\n\n\n\n<p><\/p>\n\n\n\n<h2 class=\"wp-block-heading\">3. Auswahl einer Krypto-Zahlungsmethode<\/h2>\n\n\n\n<p>Derzeit bietet SendNOW zwei Optionen an:<\/p>\n\n\n\n<ul class=\"wp-block-list\">\n<li>Krypto-\u00dcberweisung \u00fcber SendNOW \u2014 geb\u00fchrenfrei, aber mit weniger Netzwerkoptionen.<\/li>\n\n\n\n<li>Krypto-\u00dcberweisung \u00fcber Volet \u2014 0,5 % Geb\u00fchr, daf\u00fcr mehr Netzwerkoptionen.<\/li>\n<\/ul>\n\n\n\n<blockquote class=\"wp-block-quote is-layout-flow wp-block-quote-is-layout-flow\">\n<p>Die verf\u00fcgbaren Netzwerke k\u00f6nnen Sie nur in Ihrer Wallet- oder B\u00f6rsenoberfl\u00e4che pr\u00fcfen.<\/p>\n<\/blockquote>\n\n\n\n<p>Nachdem Sie Ihre Zahlungsmethode ausgew\u00e4hlt haben, sehen Sie:<\/p>\n\n\n\n<ul class=\"wp-block-list\">\n<li>die Wallet-Adresse, an die Sie Ihre Zahlung senden sollen<\/li>\n\n\n\n<li>den Typ des Blockchain-Netzwerks<\/li>\n\n\n\n<li>den genauen zu sendenden Betrag (einschlie\u00dflich der Auszahlungsgeb\u00fchr Ihrer Plattform)<\/li>\n<\/ul>\n\n\n\n<p><\/p>\n\n\n\n<h2 class=\"wp-block-heading\">4. Die Zahlung \u00fcber Ihre Wallet oder B\u00f6rse durchf\u00fchren<\/h2>\n\n\n\n<p>Um Geld per Kryptow\u00e4hrung zu senden:<\/p>\n\n\n\n<ol class=\"wp-block-list\">\n<li>\u00d6ffnen Sie Ihre Wallet oder Ihr B\u00f6rsenkonto.<\/li>\n\n\n\n<li>W\u00e4hlen Sie dieselbe Coin (USDT oder USDC) und dasselbe Netzwerk aus, die in Ihren SendNOW-Zahlungsdetails angezeigt werden.<\/li>\n\n\n\n<li>Geben Sie den exakten Betrag von der Zahlungsseite ein.<\/li>\n\n\n\n<li>Senden Sie die Zahlung.<\/li>\n\n\n\n<li>Suchen Sie den Transaktions-Hash (TXID) in Ihrem Auszahlungshistorie und kopieren Sie ihn.<\/li>\n<\/ol>\n\n\n\n<p><\/p>\n\n\n\n<h2 class=\"wp-block-heading\">5. Best\u00e4tigung Ihrer Zahlung in SendNOW<\/h2>\n\n\n\n<p>Wenn Sie <strong>Krypto-\u00dcberweisung \u00fcber SendNOW<\/strong> gew\u00e4hlt haben:<\/p>\n\n\n\n<ol class=\"wp-block-list\">\n<li>Gehen Sie zur\u00fcck zur SendNOW-App.<\/li>\n\n\n\n<li>Tippen Sie auf <strong>\u201eBest\u00e4tigen\u201c<\/strong>.<\/li>\n\n\n\n<li>F\u00fcgen Sie Ihren Transaktions-Hash (TXID) ein und best\u00e4tigen Sie erneut.<\/li>\n<\/ol>\n\n\n\n<p><\/p>\n\n\n\n<h2 class=\"wp-block-heading\">6. Nachverfolgung Ihrer \u00dcberweisung<\/h2>\n\n\n\n<ul class=\"wp-block-list\">\n<li>Sie k\u00f6nnen den Status Ihrer \u00dcberweisung im \u00dcberweisungsverlauf der App pr\u00fcfen.<\/li>\n\n\n\n<li>Sobald die Zahlung zugestellt ist, \u00e4ndert sich der Status zu <strong>\u201eZugestellt\u201c<\/strong>, und Sie erhalten eine Benachrichtigung in der App sowie per E-Mail.<\/li>\n<\/ul>\n\n\n\n<p><\/p>\n\n\n\n<h2 class=\"wp-block-heading\">Abschlie\u00dfende Gedanken<\/h2>\n\n\n\n<p>Jetzt wissen Sie, wie Sie mit der SendNOW-App Geld per Kryptow\u00e4hrung senden \u2013 schnell, sicher und mit minimalen Geb\u00fchren.<br>Probieren Sie es noch heute aus: <a href=\"https:\/\/sendnow.money\/de?utm_source=blog_sendnow&amp;utm_campaign=blog_sendnow_promo&amp;utm_content=blog_sendnow_promo_through_crypto_de\" target=\"_blank\" rel=\"noreferrer noopener\"><strong>\u00d6ffnen Sie SendNOW und erstellen Sie Ihre erste \u00dcberweisung.<\/strong><\/a><\/p>\n\n\n\n<p><\/p>\n\n\n\n<h4 class=\"wp-block-heading\"><strong>Weitere n\u00fctzliche Beitr\u00e4ge und Anleitungen, die f\u00fcr Sie hilfreich sein k\u00f6nnen:<\/strong><\/h4>\n\n\n\n<p>Artikel dar\u00fcber, wie sich \u00c4nderungen im russischen Recht auf \u00dcberweisungen nach Russland \u00fcber SendNOW auswirken: [<a href=\"https:\/\/sendnow.money\/blog\/de\/wie-kann-man-2025-geld-nach-russland-ueberweisen\/\"><strong>Wie kann man 2025 Geld nach Russland \u00fcberweisen?<\/strong><\/a>]<\/p>\n\n\n\n<p>Erfahren Sie mehr \u00fcber den Geldtransfer-Dienst SendNOW: [<a href=\"https:\/\/sendnow.money\/blog\/de\/ueber-den-geldtransfer-dienst-sendnow\/\"><strong>\u00dcber den Geldtransfer-Dienst SendNOW<\/strong><\/a>]<\/p>\n\n\n\n<p><\/p>\n","protected":false},"excerpt":{"rendered":"<p>Internationale Geldtransfers k\u00f6nnen schnell und kosteng\u00fcnstig sein, wenn Sie Kryptow\u00e4hrungen nutzen. In diesem Artikel erfahren Sie Schritt f\u00fcr Schritt, wie Sie mit der SendNOW-App Geld per Kryptow\u00e4hrung senden \u2013 von der Vorbereitung Ihrer Wallet bis zur Zahlungsbest\u00e4tigung. Warum Geld per Kryptow\u00e4hrung mit SendNOW senden? Wenn Sie neu im Umgang mit Kryptow\u00e4hrungen sind, lesen Sie unsere [&hellip;]<\/p>\n","protected":false},"author":3,"featured_media":0,"parent":0,"menu_order":0,"comment_status":"closed","ping_status":"closed","template":"","meta":{"footnotes":""},"class_list":["post-235","page","type-page","status-publish","hentry"],"yoast_head":"<!-- This site is optimized with the Yoast SEO plugin v25.9 - https:\/\/yoast.com\/wordpress\/plugins\/seo\/ -->\n<title>So senden Sie Geld per Kryptow\u00e4hrung in der SendNOW-App: Schritt-f\u00fcr-Schritt-Anleitung - Help &amp; Guides \u2014 SendNOW<\/title>\n<meta name=\"robots\" content=\"index, follow, max-snippet:-1, max-image-preview:large, max-video-preview:-1\" \/>\n<link rel=\"canonical\" href=\"https:\/\/sendnow.money\/blog\/de\/so-senden-sie-geld-per-kryptowaehrung-in-der-sendnow-app-schritt-fuer-schritt-anleitung\/\" \/>\n<meta property=\"og:locale\" content=\"en_US\" \/>\n<meta property=\"og:type\" content=\"article\" \/>\n<meta property=\"og:title\" content=\"So senden Sie Geld per Kryptow\u00e4hrung in der SendNOW-App: Schritt-f\u00fcr-Schritt-Anleitung - Help &amp; Guides \u2014 SendNOW\" \/>\n<meta property=\"og:description\" content=\"Internationale Geldtransfers k\u00f6nnen schnell und kosteng\u00fcnstig sein, wenn Sie Kryptow\u00e4hrungen nutzen. In diesem Artikel erfahren Sie Schritt f\u00fcr Schritt, wie Sie mit der SendNOW-App Geld per Kryptow\u00e4hrung senden \u2013 von der Vorbereitung Ihrer Wallet bis zur Zahlungsbest\u00e4tigung. Warum Geld per Kryptow\u00e4hrung mit SendNOW senden? Wenn Sie neu im Umgang mit Kryptow\u00e4hrungen sind, lesen Sie unsere [&hellip;]\" \/>\n<meta property=\"og:url\" content=\"https:\/\/sendnow.money\/blog\/de\/so-senden-sie-geld-per-kryptowaehrung-in-der-sendnow-app-schritt-fuer-schritt-anleitung\/\" \/>\n<meta property=\"og:site_name\" content=\"Help &amp; Guides \u2014 SendNOW\" \/>\n<meta property=\"article:publisher\" content=\"https:\/\/www.facebook.com\/profile.php?id=100093676399740#\" \/>\n<meta property=\"article:modified_time\" content=\"2025-09-04T16:02:21+00:00\" \/>\n<meta name=\"twitter:card\" content=\"summary_large_image\" \/>\n<meta name=\"twitter:site\" content=\"@Send__NOW\" \/>\n<meta name=\"twitter:label1\" content=\"Est. reading time\" \/>\n\t<meta name=\"twitter:data1\" content=\"3 minutes\" \/>\n<script type=\"application\/ld+json\" class=\"yoast-schema-graph\">{\"@context\":\"https:\/\/schema.org\",\"@graph\":[{\"@type\":\"WebPage\",\"@id\":\"https:\/\/sendnow.money\/blog\/de\/so-senden-sie-geld-per-kryptowaehrung-in-der-sendnow-app-schritt-fuer-schritt-anleitung\/\",\"url\":\"https:\/\/sendnow.money\/blog\/de\/so-senden-sie-geld-per-kryptowaehrung-in-der-sendnow-app-schritt-fuer-schritt-anleitung\/\",\"name\":\"So senden Sie Geld per Kryptow\u00e4hrung in der SendNOW-App: Schritt-f\u00fcr-Schritt-Anleitung - Help &amp; Guides \u2014 SendNOW\",\"isPartOf\":{\"@id\":\"https:\/\/sendnow.money\/blog\/#website\"},\"datePublished\":\"2025-09-04T15:26:41+00:00\",\"dateModified\":\"2025-09-04T16:02:21+00:00\",\"breadcrumb\":{\"@id\":\"https:\/\/sendnow.money\/blog\/de\/so-senden-sie-geld-per-kryptowaehrung-in-der-sendnow-app-schritt-fuer-schritt-anleitung\/#breadcrumb\"},\"inLanguage\":\"en-US\",\"potentialAction\":[{\"@type\":\"ReadAction\",\"target\":[\"https:\/\/sendnow.money\/blog\/de\/so-senden-sie-geld-per-kryptowaehrung-in-der-sendnow-app-schritt-fuer-schritt-anleitung\/\"]}]},{\"@type\":\"BreadcrumbList\",\"@id\":\"https:\/\/sendnow.money\/blog\/de\/so-senden-sie-geld-per-kryptowaehrung-in-der-sendnow-app-schritt-fuer-schritt-anleitung\/#breadcrumb\",\"itemListElement\":[{\"@type\":\"ListItem\",\"position\":1,\"name\":\"Home\",\"item\":\"https:\/\/sendnow.money\/blog\/\"},{\"@type\":\"ListItem\",\"position\":2,\"name\":\"So senden Sie Geld per Kryptow\u00e4hrung in der SendNOW-App: Schritt-f\u00fcr-Schritt-Anleitung\"}]},{\"@type\":\"WebSite\",\"@id\":\"https:\/\/sendnow.money\/blog\/#website\",\"url\":\"https:\/\/sendnow.money\/blog\/\",\"name\":\"SendNOW Blog\",\"description\":\"Guides and tips on international money transfers with SendNOW\",\"publisher\":{\"@id\":\"https:\/\/sendnow.money\/blog\/#organization\"},\"potentialAction\":[{\"@type\":\"SearchAction\",\"target\":{\"@type\":\"EntryPoint\",\"urlTemplate\":\"https:\/\/sendnow.money\/blog\/?s={search_term_string}\"},\"query-input\":{\"@type\":\"PropertyValueSpecification\",\"valueRequired\":true,\"valueName\":\"search_term_string\"}}],\"inLanguage\":\"en-US\"},{\"@type\":\"Organization\",\"@id\":\"https:\/\/sendnow.money\/blog\/#organization\",\"name\":\"SendNOW Blog\",\"url\":\"https:\/\/sendnow.money\/blog\/\",\"logo\":{\"@type\":\"ImageObject\",\"inLanguage\":\"en-US\",\"@id\":\"https:\/\/sendnow.money\/blog\/#\/schema\/logo\/image\/\",\"url\":\"https:\/\/storage.googleapis.com\/sendnow-blog-prod-statless-media\/wp-content\/uploads\/28db9941-cropped-23ef375b-logo_min-scaled-1.png\",\"contentUrl\":\"https:\/\/storage.googleapis.com\/sendnow-blog-prod-statless-media\/wp-content\/uploads\/28db9941-cropped-23ef375b-logo_min-scaled-1.png\",\"width\":512,\"height\":512,\"caption\":\"SendNOW Blog\"},\"image\":{\"@id\":\"https:\/\/sendnow.money\/blog\/#\/schema\/logo\/image\/\"},\"sameAs\":[\"https:\/\/www.facebook.com\/profile.php?id=100093676399740#\",\"https:\/\/x.com\/Send__NOW\"]}]}<\/script>\n<!-- \/ Yoast SEO plugin. -->","yoast_head_json":{"title":"So senden Sie Geld per Kryptow\u00e4hrung in der SendNOW-App: Schritt-f\u00fcr-Schritt-Anleitung - Help &amp; Guides \u2014 SendNOW","robots":{"index":"index","follow":"follow","max-snippet":"max-snippet:-1","max-image-preview":"max-image-preview:large","max-video-preview":"max-video-preview:-1"},"canonical":"https:\/\/sendnow.money\/blog\/de\/so-senden-sie-geld-per-kryptowaehrung-in-der-sendnow-app-schritt-fuer-schritt-anleitung\/","og_locale":"en_US","og_type":"article","og_title":"So senden Sie Geld per Kryptow\u00e4hrung in der SendNOW-App: Schritt-f\u00fcr-Schritt-Anleitung - Help &amp; Guides \u2014 SendNOW","og_description":"Internationale Geldtransfers k\u00f6nnen schnell und kosteng\u00fcnstig sein, wenn Sie Kryptow\u00e4hrungen nutzen. In diesem Artikel erfahren Sie Schritt f\u00fcr Schritt, wie Sie mit der SendNOW-App Geld per Kryptow\u00e4hrung senden \u2013 von der Vorbereitung Ihrer Wallet bis zur Zahlungsbest\u00e4tigung. Warum Geld per Kryptow\u00e4hrung mit SendNOW senden? Wenn Sie neu im Umgang mit Kryptow\u00e4hrungen sind, lesen Sie unsere [&hellip;]","og_url":"https:\/\/sendnow.money\/blog\/de\/so-senden-sie-geld-per-kryptowaehrung-in-der-sendnow-app-schritt-fuer-schritt-anleitung\/","og_site_name":"Help &amp; Guides \u2014 SendNOW","article_publisher":"https:\/\/www.facebook.com\/profile.php?id=100093676399740#","article_modified_time":"2025-09-04T16:02:21+00:00","twitter_card":"summary_large_image","twitter_site":"@Send__NOW","twitter_misc":{"Est. reading time":"3 minutes"},"schema":{"@context":"https:\/\/schema.org","@graph":[{"@type":"WebPage","@id":"https:\/\/sendnow.money\/blog\/de\/so-senden-sie-geld-per-kryptowaehrung-in-der-sendnow-app-schritt-fuer-schritt-anleitung\/","url":"https:\/\/sendnow.money\/blog\/de\/so-senden-sie-geld-per-kryptowaehrung-in-der-sendnow-app-schritt-fuer-schritt-anleitung\/","name":"So senden Sie Geld per Kryptow\u00e4hrung in der SendNOW-App: Schritt-f\u00fcr-Schritt-Anleitung - Help &amp; Guides \u2014 SendNOW","isPartOf":{"@id":"https:\/\/sendnow.money\/blog\/#website"},"datePublished":"2025-09-04T15:26:41+00:00","dateModified":"2025-09-04T16:02:21+00:00","breadcrumb":{"@id":"https:\/\/sendnow.money\/blog\/de\/so-senden-sie-geld-per-kryptowaehrung-in-der-sendnow-app-schritt-fuer-schritt-anleitung\/#breadcrumb"},"inLanguage":"en-US","potentialAction":[{"@type":"ReadAction","target":["https:\/\/sendnow.money\/blog\/de\/so-senden-sie-geld-per-kryptowaehrung-in-der-sendnow-app-schritt-fuer-schritt-anleitung\/"]}]},{"@type":"BreadcrumbList","@id":"https:\/\/sendnow.money\/blog\/de\/so-senden-sie-geld-per-kryptowaehrung-in-der-sendnow-app-schritt-fuer-schritt-anleitung\/#breadcrumb","itemListElement":[{"@type":"ListItem","position":1,"name":"Home","item":"https:\/\/sendnow.money\/blog\/"},{"@type":"ListItem","position":2,"name":"So senden Sie Geld per Kryptow\u00e4hrung in der SendNOW-App: Schritt-f\u00fcr-Schritt-Anleitung"}]},{"@type":"WebSite","@id":"https:\/\/sendnow.money\/blog\/#website","url":"https:\/\/sendnow.money\/blog\/","name":"SendNOW Blog","description":"Guides and tips on international money transfers with SendNOW","publisher":{"@id":"https:\/\/sendnow.money\/blog\/#organization"},"potentialAction":[{"@type":"SearchAction","target":{"@type":"EntryPoint","urlTemplate":"https:\/\/sendnow.money\/blog\/?s={search_term_string}"},"query-input":{"@type":"PropertyValueSpecification","valueRequired":true,"valueName":"search_term_string"}}],"inLanguage":"en-US"},{"@type":"Organization","@id":"https:\/\/sendnow.money\/blog\/#organization","name":"SendNOW Blog","url":"https:\/\/sendnow.money\/blog\/","logo":{"@type":"ImageObject","inLanguage":"en-US","@id":"https:\/\/sendnow.money\/blog\/#\/schema\/logo\/image\/","url":"https:\/\/storage.googleapis.com\/sendnow-blog-prod-statless-media\/wp-content\/uploads\/28db9941-cropped-23ef375b-logo_min-scaled-1.png","contentUrl":"https:\/\/storage.googleapis.com\/sendnow-blog-prod-statless-media\/wp-content\/uploads\/28db9941-cropped-23ef375b-logo_min-scaled-1.png","width":512,"height":512,"caption":"SendNOW Blog"},"image":{"@id":"https:\/\/sendnow.money\/blog\/#\/schema\/logo\/image\/"},"sameAs":["https:\/\/www.facebook.com\/profile.php?id=100093676399740#","https:\/\/x.com\/Send__NOW"]}]}},"_links":{"self":[{"href":"https:\/\/sendnow.money\/blog\/wp-json\/wp\/v2\/pages\/235","targetHints":{"allow":["GET"]}}],"collection":[{"href":"https:\/\/sendnow.money\/blog\/wp-json\/wp\/v2\/pages"}],"about":[{"href":"https:\/\/sendnow.money\/blog\/wp-json\/wp\/v2\/types\/page"}],"author":[{"embeddable":true,"href":"https:\/\/sendnow.money\/blog\/wp-json\/wp\/v2\/users\/3"}],"replies":[{"embeddable":true,"href":"https:\/\/sendnow.money\/blog\/wp-json\/wp\/v2\/comments?post=235"}],"version-history":[{"count":4,"href":"https:\/\/sendnow.money\/blog\/wp-json\/wp\/v2\/pages\/235\/revisions"}],"predecessor-version":[{"id":253,"href":"https:\/\/sendnow.money\/blog\/wp-json\/wp\/v2\/pages\/235\/revisions\/253"}],"wp:attachment":[{"href":"https:\/\/sendnow.money\/blog\/wp-json\/wp\/v2\/media?parent=235"}],"curies":[{"name":"wp","href":"https:\/\/api.w.org\/{rel}","templated":true}]}}