{"id":230,"date":"2025-09-04T16:04:49","date_gmt":"2025-09-04T14:04:49","guid":{"rendered":"https:\/\/sendnow.money\/blog\/?page_id=230"},"modified":"2026-04-21T19:59:44","modified_gmt":"2026-04-21T17:59:44","slug":"anleitungen-fuer-sendnow-kunden","status":"publish","type":"page","link":"https:\/\/sendnow.money\/blog\/de\/anleitungen-fuer-sendnow-kunden\/","title":{"rendered":"Anleitungen f\u00fcr SendNOW-Kunden"},"content":{"rendered":"\n<div class=\"wp-block-media-text is-stacked-on-mobile\"><figure class=\"wp-block-media-text__media\"><a href=\"https:\/\/sendnow.money\/blog\/de\/sendnow-empfehlungsprogramm-so-funktioniert-es-und-so-funktionieren-points\/\"><img loading=\"lazy\" decoding=\"async\" width=\"1024\" height=\"769\" src=\"https:\/\/storage.googleapis.com\/sendnow-blog-prod-statless-media\/wp-content\/uploads\/18928185-iphone-15-pro-1024x769.png\" alt=\"\" class=\"wp-image-55 size-full\" srcset=\"https:\/\/storage.googleapis.com\/sendnow-blog-prod-statless-media\/wp-content\/uploads\/18928185-iphone-15-pro-1024x769.png 1024w, https:\/\/storage.googleapis.com\/sendnow-blog-prod-statless-media\/wp-content\/uploads\/18928185-iphone-15-pro-300x225.png 300w, https:\/\/storage.googleapis.com\/sendnow-blog-prod-statless-media\/wp-content\/uploads\/18928185-iphone-15-pro-768x577.png 768w, https:\/\/storage.googleapis.com\/sendnow-blog-prod-statless-media\/wp-content\/uploads\/18928185-iphone-15-pro-1536x1153.png 1536w, https:\/\/storage.googleapis.com\/sendnow-blog-prod-statless-media\/wp-content\/uploads\/18928185-iphone-15-pro-2048x1538.png 2048w\" sizes=\"auto, (max-width: 1024px) 100vw, 1024px\" \/><\/a><\/figure><div class=\"wp-block-media-text__content\">\n<p><strong><a href=\"https:\/\/sendnow.money\/blog\/de\/sendnow-empfehlungsprogramm-so-funktioniert-es-und-so-funktionieren-points\/\" target=\"_blank\" rel=\"noreferrer noopener\">SendNOW Empfehlungsprogramm: So funktioniert es und so funktionieren Points<\/a><\/strong><\/p>\n<\/div><\/div>\n\n\n\n<div class=\"wp-block-media-text is-stacked-on-mobile\"><figure class=\"wp-block-media-text__media\"><a href=\"https:\/\/sendnow.money\/blog\/de\/kartenzahlung-bei-einer-uberweisung-abgelehnt-was-tun\/\"><img loading=\"lazy\" decoding=\"async\" width=\"1024\" height=\"769\" src=\"https:\/\/storage.googleapis.com\/sendnow-blog-prod-statless-media\/wp-content\/uploads\/18928185-iphone-15-pro-1024x769.png\" alt=\"\" class=\"wp-image-55 size-full\" srcset=\"https:\/\/storage.googleapis.com\/sendnow-blog-prod-statless-media\/wp-content\/uploads\/18928185-iphone-15-pro-1024x769.png 1024w, https:\/\/storage.googleapis.com\/sendnow-blog-prod-statless-media\/wp-content\/uploads\/18928185-iphone-15-pro-300x225.png 300w, https:\/\/storage.googleapis.com\/sendnow-blog-prod-statless-media\/wp-content\/uploads\/18928185-iphone-15-pro-768x577.png 768w, https:\/\/storage.googleapis.com\/sendnow-blog-prod-statless-media\/wp-content\/uploads\/18928185-iphone-15-pro-1536x1153.png 1536w, https:\/\/storage.googleapis.com\/sendnow-blog-prod-statless-media\/wp-content\/uploads\/18928185-iphone-15-pro-2048x1538.png 2048w\" sizes=\"auto, (max-width: 1024px) 100vw, 1024px\" \/><\/a><\/figure><div class=\"wp-block-media-text__content\">\n<p><strong><a href=\"https:\/\/sendnow.money\/blog\/de\/kartenzahlung-bei-einer-uberweisung-abgelehnt-was-tun\/\">Kartenzahlung bei einer \u00dcberweisung abgelehnt. Was tun?<\/a><\/strong><\/p>\n<\/div><\/div>\n\n\n\n<div class=\"wp-block-media-text is-stacked-on-mobile\"><figure class=\"wp-block-media-text__media\"><a href=\"https:\/\/sendnow.money\/blog\/de\/so-senden-sie-geld-per-kryptowaehrung-in-der-sendnow-app-schritt-fuer-schritt-anleitung\/\"><img loading=\"lazy\" decoding=\"async\" width=\"1024\" height=\"769\" src=\"https:\/\/storage.googleapis.com\/sendnow-blog-prod-statless-media\/wp-content\/uploads\/18928185-iphone-15-pro-1024x769.png\" alt=\"\" class=\"wp-image-55 size-full\" srcset=\"https:\/\/storage.googleapis.com\/sendnow-blog-prod-statless-media\/wp-content\/uploads\/18928185-iphone-15-pro-1024x769.png 1024w, https:\/\/storage.googleapis.com\/sendnow-blog-prod-statless-media\/wp-content\/uploads\/18928185-iphone-15-pro-300x225.png 300w, https:\/\/storage.googleapis.com\/sendnow-blog-prod-statless-media\/wp-content\/uploads\/18928185-iphone-15-pro-768x577.png 768w, https:\/\/storage.googleapis.com\/sendnow-blog-prod-statless-media\/wp-content\/uploads\/18928185-iphone-15-pro-1536x1153.png 1536w, https:\/\/storage.googleapis.com\/sendnow-blog-prod-statless-media\/wp-content\/uploads\/18928185-iphone-15-pro-2048x1538.png 2048w\" sizes=\"auto, (max-width: 1024px) 100vw, 1024px\" \/><\/a><\/figure><div class=\"wp-block-media-text__content\">\n<p><strong><a href=\"https:\/\/sendnow.money\/blog\/de\/so-senden-sie-geld-per-kryptowaehrung-in-der-sendnow-app-schritt-fuer-schritt-anleitung\/\">So senden Sie Geld per Kryptow\u00e4hrung in der SendNOW-App: Schritt-f\u00fcr-Schritt-Anleitung<\/a><\/strong>&#8230;<\/p>\n<\/div><\/div>\n\n\n\n<p><\/p>\n","protected":false},"excerpt":{"rendered":"<p>SendNOW Empfehlungsprogramm: So funktioniert es und so funktionieren Points Kartenzahlung bei einer \u00dcberweisung abgelehnt. Was tun? So senden Sie Geld per Kryptow\u00e4hrung in der SendNOW-App: Schritt-f\u00fcr-Schritt-Anleitung&#8230;<\/p>\n","protected":false},"author":3,"featured_media":0,"parent":0,"menu_order":0,"comment_status":"closed","ping_status":"closed","template":"","meta":{"footnotes":""},"class_list":["post-230","page","type-page","status-publish","hentry"],"yoast_head":"<!-- This site is optimized with the Yoast SEO plugin v25.9 - https:\/\/yoast.com\/wordpress\/plugins\/seo\/ -->\n<title>Anleitungen f\u00fcr SendNOW-Kunden - Help &amp; Guides \u2014 SendNOW<\/title>\n<meta name=\"robots\" content=\"index, follow, max-snippet:-1, max-image-preview:large, max-video-preview:-1\" \/>\n<link rel=\"canonical\" href=\"https:\/\/sendnow.money\/blog\/de\/anleitungen-fuer-sendnow-kunden\/\" \/>\n<meta property=\"og:locale\" content=\"en_US\" \/>\n<meta property=\"og:type\" content=\"article\" \/>\n<meta property=\"og:title\" content=\"Anleitungen f\u00fcr SendNOW-Kunden - Help &amp; Guides \u2014 SendNOW\" \/>\n<meta property=\"og:description\" content=\"SendNOW Empfehlungsprogramm: So funktioniert es und so funktionieren Points Kartenzahlung bei einer \u00dcberweisung abgelehnt. Was tun? So senden Sie Geld per Kryptow\u00e4hrung in der SendNOW-App: Schritt-f\u00fcr-Schritt-Anleitung&#8230;\" \/>\n<meta property=\"og:url\" content=\"https:\/\/sendnow.money\/blog\/de\/anleitungen-fuer-sendnow-kunden\/\" \/>\n<meta property=\"og:site_name\" content=\"Help &amp; Guides \u2014 SendNOW\" \/>\n<meta property=\"article:publisher\" content=\"https:\/\/www.facebook.com\/profile.php?id=100093676399740#\" \/>\n<meta property=\"article:modified_time\" content=\"2026-04-21T17:59:44+00:00\" \/>\n<meta property=\"og:image\" content=\"https:\/\/storage.googleapis.com\/sendnow-blog-prod-statless-media\/wp-content\/uploads\/18928185-iphone-15-pro.png\" \/>\n\t<meta property=\"og:image:width\" content=\"2312\" \/>\n\t<meta property=\"og:image:height\" content=\"1736\" \/>\n\t<meta property=\"og:image:type\" content=\"image\/png\" \/>\n<meta name=\"twitter:card\" content=\"summary_large_image\" \/>\n<meta name=\"twitter:site\" content=\"@Send__NOW\" \/>\n<meta name=\"twitter:label1\" content=\"Est. reading time\" \/>\n\t<meta name=\"twitter:data1\" content=\"1 minute\" \/>\n<script type=\"application\/ld+json\" class=\"yoast-schema-graph\">{\"@context\":\"https:\/\/schema.org\",\"@graph\":[{\"@type\":\"WebPage\",\"@id\":\"https:\/\/sendnow.money\/blog\/de\/anleitungen-fuer-sendnow-kunden\/\",\"url\":\"https:\/\/sendnow.money\/blog\/de\/anleitungen-fuer-sendnow-kunden\/\",\"name\":\"Anleitungen f\u00fcr SendNOW-Kunden - Help &amp; Guides \u2014 SendNOW\",\"isPartOf\":{\"@id\":\"https:\/\/sendnow.money\/blog\/#website\"},\"primaryImageOfPage\":{\"@id\":\"https:\/\/sendnow.money\/blog\/de\/anleitungen-fuer-sendnow-kunden\/#primaryimage\"},\"image\":{\"@id\":\"https:\/\/sendnow.money\/blog\/de\/anleitungen-fuer-sendnow-kunden\/#primaryimage\"},\"thumbnailUrl\":\"https:\/\/storage.googleapis.com\/sendnow-blog-prod-statless-media\/wp-content\/uploads\/18928185-iphone-15-pro-1024x769.png\",\"datePublished\":\"2025-09-04T14:04:49+00:00\",\"dateModified\":\"2026-04-21T17:59:44+00:00\",\"breadcrumb\":{\"@id\":\"https:\/\/sendnow.money\/blog\/de\/anleitungen-fuer-sendnow-kunden\/#breadcrumb\"},\"inLanguage\":\"en-US\",\"potentialAction\":[{\"@type\":\"ReadAction\",\"target\":[\"https:\/\/sendnow.money\/blog\/de\/anleitungen-fuer-sendnow-kunden\/\"]}]},{\"@type\":\"ImageObject\",\"inLanguage\":\"en-US\",\"@id\":\"https:\/\/sendnow.money\/blog\/de\/anleitungen-fuer-sendnow-kunden\/#primaryimage\",\"url\":\"https:\/\/storage.googleapis.com\/sendnow-blog-prod-statless-media\/wp-content\/uploads\/18928185-iphone-15-pro-1024x769.png\",\"contentUrl\":\"https:\/\/storage.googleapis.com\/sendnow-blog-prod-statless-media\/wp-content\/uploads\/18928185-iphone-15-pro-1024x769.png\"},{\"@type\":\"BreadcrumbList\",\"@id\":\"https:\/\/sendnow.money\/blog\/de\/anleitungen-fuer-sendnow-kunden\/#breadcrumb\",\"itemListElement\":[{\"@type\":\"ListItem\",\"position\":1,\"name\":\"Home\",\"item\":\"https:\/\/sendnow.money\/blog\/\"},{\"@type\":\"ListItem\",\"position\":2,\"name\":\"Anleitungen f\u00fcr SendNOW-Kunden\"}]},{\"@type\":\"WebSite\",\"@id\":\"https:\/\/sendnow.money\/blog\/#website\",\"url\":\"https:\/\/sendnow.money\/blog\/\",\"name\":\"SendNOW Blog\",\"description\":\"Guides and tips on international money transfers with SendNOW\",\"publisher\":{\"@id\":\"https:\/\/sendnow.money\/blog\/#organization\"},\"potentialAction\":[{\"@type\":\"SearchAction\",\"target\":{\"@type\":\"EntryPoint\",\"urlTemplate\":\"https:\/\/sendnow.money\/blog\/?s={search_term_string}\"},\"query-input\":{\"@type\":\"PropertyValueSpecification\",\"valueRequired\":true,\"valueName\":\"search_term_string\"}}],\"inLanguage\":\"en-US\"},{\"@type\":\"Organization\",\"@id\":\"https:\/\/sendnow.money\/blog\/#organization\",\"name\":\"SendNOW Blog\",\"url\":\"https:\/\/sendnow.money\/blog\/\",\"logo\":{\"@type\":\"ImageObject\",\"inLanguage\":\"en-US\",\"@id\":\"https:\/\/sendnow.money\/blog\/#\/schema\/logo\/image\/\",\"url\":\"https:\/\/storage.googleapis.com\/sendnow-blog-prod-statless-media\/wp-content\/uploads\/28db9941-cropped-23ef375b-logo_min-scaled-1.png\",\"contentUrl\":\"https:\/\/storage.googleapis.com\/sendnow-blog-prod-statless-media\/wp-content\/uploads\/28db9941-cropped-23ef375b-logo_min-scaled-1.png\",\"width\":512,\"height\":512,\"caption\":\"SendNOW Blog\"},\"image\":{\"@id\":\"https:\/\/sendnow.money\/blog\/#\/schema\/logo\/image\/\"},\"sameAs\":[\"https:\/\/www.facebook.com\/profile.php?id=100093676399740#\",\"https:\/\/x.com\/Send__NOW\"]}]}<\/script>\n<!-- \/ Yoast SEO plugin. -->","yoast_head_json":{"title":"Anleitungen f\u00fcr SendNOW-Kunden - Help &amp; Guides \u2014 SendNOW","robots":{"index":"index","follow":"follow","max-snippet":"max-snippet:-1","max-image-preview":"max-image-preview:large","max-video-preview":"max-video-preview:-1"},"canonical":"https:\/\/sendnow.money\/blog\/de\/anleitungen-fuer-sendnow-kunden\/","og_locale":"en_US","og_type":"article","og_title":"Anleitungen f\u00fcr SendNOW-Kunden - Help &amp; Guides \u2014 SendNOW","og_description":"SendNOW Empfehlungsprogramm: So funktioniert es und so funktionieren Points Kartenzahlung bei einer \u00dcberweisung abgelehnt. Was tun? So senden Sie Geld per Kryptow\u00e4hrung in der SendNOW-App: Schritt-f\u00fcr-Schritt-Anleitung&#8230;","og_url":"https:\/\/sendnow.money\/blog\/de\/anleitungen-fuer-sendnow-kunden\/","og_site_name":"Help &amp; Guides \u2014 SendNOW","article_publisher":"https:\/\/www.facebook.com\/profile.php?id=100093676399740#","article_modified_time":"2026-04-21T17:59:44+00:00","og_image":[{"width":2312,"height":1736,"url":"https:\/\/storage.googleapis.com\/sendnow-blog-prod-statless-media\/wp-content\/uploads\/18928185-iphone-15-pro.png","type":"image\/png"}],"twitter_card":"summary_large_image","twitter_site":"@Send__NOW","twitter_misc":{"Est. reading time":"1 minute"},"schema":{"@context":"https:\/\/schema.org","@graph":[{"@type":"WebPage","@id":"https:\/\/sendnow.money\/blog\/de\/anleitungen-fuer-sendnow-kunden\/","url":"https:\/\/sendnow.money\/blog\/de\/anleitungen-fuer-sendnow-kunden\/","name":"Anleitungen f\u00fcr SendNOW-Kunden - Help &amp; Guides \u2014 SendNOW","isPartOf":{"@id":"https:\/\/sendnow.money\/blog\/#website"},"primaryImageOfPage":{"@id":"https:\/\/sendnow.money\/blog\/de\/anleitungen-fuer-sendnow-kunden\/#primaryimage"},"image":{"@id":"https:\/\/sendnow.money\/blog\/de\/anleitungen-fuer-sendnow-kunden\/#primaryimage"},"thumbnailUrl":"https:\/\/storage.googleapis.com\/sendnow-blog-prod-statless-media\/wp-content\/uploads\/18928185-iphone-15-pro-1024x769.png","datePublished":"2025-09-04T14:04:49+00:00","dateModified":"2026-04-21T17:59:44+00:00","breadcrumb":{"@id":"https:\/\/sendnow.money\/blog\/de\/anleitungen-fuer-sendnow-kunden\/#breadcrumb"},"inLanguage":"en-US","potentialAction":[{"@type":"ReadAction","target":["https:\/\/sendnow.money\/blog\/de\/anleitungen-fuer-sendnow-kunden\/"]}]},{"@type":"ImageObject","inLanguage":"en-US","@id":"https:\/\/sendnow.money\/blog\/de\/anleitungen-fuer-sendnow-kunden\/#primaryimage","url":"https:\/\/storage.googleapis.com\/sendnow-blog-prod-statless-media\/wp-content\/uploads\/18928185-iphone-15-pro-1024x769.png","contentUrl":"https:\/\/storage.googleapis.com\/sendnow-blog-prod-statless-media\/wp-content\/uploads\/18928185-iphone-15-pro-1024x769.png"},{"@type":"BreadcrumbList","@id":"https:\/\/sendnow.money\/blog\/de\/anleitungen-fuer-sendnow-kunden\/#breadcrumb","itemListElement":[{"@type":"ListItem","position":1,"name":"Home","item":"https:\/\/sendnow.money\/blog\/"},{"@type":"ListItem","position":2,"name":"Anleitungen f\u00fcr SendNOW-Kunden"}]},{"@type":"WebSite","@id":"https:\/\/sendnow.money\/blog\/#website","url":"https:\/\/sendnow.money\/blog\/","name":"SendNOW Blog","description":"Guides and tips on international money transfers with SendNOW","publisher":{"@id":"https:\/\/sendnow.money\/blog\/#organization"},"potentialAction":[{"@type":"SearchAction","target":{"@type":"EntryPoint","urlTemplate":"https:\/\/sendnow.money\/blog\/?s={search_term_string}"},"query-input":{"@type":"PropertyValueSpecification","valueRequired":true,"valueName":"search_term_string"}}],"inLanguage":"en-US"},{"@type":"Organization","@id":"https:\/\/sendnow.money\/blog\/#organization","name":"SendNOW Blog","url":"https:\/\/sendnow.money\/blog\/","logo":{"@type":"ImageObject","inLanguage":"en-US","@id":"https:\/\/sendnow.money\/blog\/#\/schema\/logo\/image\/","url":"https:\/\/storage.googleapis.com\/sendnow-blog-prod-statless-media\/wp-content\/uploads\/28db9941-cropped-23ef375b-logo_min-scaled-1.png","contentUrl":"https:\/\/storage.googleapis.com\/sendnow-blog-prod-statless-media\/wp-content\/uploads\/28db9941-cropped-23ef375b-logo_min-scaled-1.png","width":512,"height":512,"caption":"SendNOW Blog"},"image":{"@id":"https:\/\/sendnow.money\/blog\/#\/schema\/logo\/image\/"},"sameAs":["https:\/\/www.facebook.com\/profile.php?id=100093676399740#","https:\/\/x.com\/Send__NOW"]}]}},"_links":{"self":[{"href":"https:\/\/sendnow.money\/blog\/wp-json\/wp\/v2\/pages\/230","targetHints":{"allow":["GET"]}}],"collection":[{"href":"https:\/\/sendnow.money\/blog\/wp-json\/wp\/v2\/pages"}],"about":[{"href":"https:\/\/sendnow.money\/blog\/wp-json\/wp\/v2\/types\/page"}],"author":[{"embeddable":true,"href":"https:\/\/sendnow.money\/blog\/wp-json\/wp\/v2\/users\/3"}],"replies":[{"embeddable":true,"href":"https:\/\/sendnow.money\/blog\/wp-json\/wp\/v2\/comments?post=230"}],"version-history":[{"count":7,"href":"https:\/\/sendnow.money\/blog\/wp-json\/wp\/v2\/pages\/230\/revisions"}],"predecessor-version":[{"id":748,"href":"https:\/\/sendnow.money\/blog\/wp-json\/wp\/v2\/pages\/230\/revisions\/748"}],"wp:attachment":[{"href":"https:\/\/sendnow.money\/blog\/wp-json\/wp\/v2\/media?parent=230"}],"curies":[{"name":"wp","href":"https:\/\/api.w.org\/{rel}","templated":true}]}}